{"id":71774,"date":"2026-04-10T07:02:55","date_gmt":"2026-04-10T07:02:55","guid":{"rendered":"https:\/\/veloop.se\/?post_type=product&#038;p=71774"},"modified":"2026-04-10T07:04:21","modified_gmt":"2026-04-10T07:04:21","slug":"extra-frakt-hamtas-hos-ombud","status":"publish","type":"product","link":"https:\/\/veloop.se\/sv\/produkt\/extra-frakt-hamtas-hos-ombud\/","title":{"rendered":"Extra Frakt H\u00e4mtas hos ombud"},"content":{"rendered":"<p><a class=\"GI370e\" href=\"https:\/\/www.google.com\/search?q=PostNord+MyPack+Home&amp;oq=postnord+mypack+home&amp;gs_lcrp=EgZjaHJvbWUyCQgAEEUYORiABDIHCAEQABiABDIHCAIQABiABDIHCAMQABiABDIHCAQQABiABDIHCAUQABiABDIHCAYQABiABDIHCAcQABiABDIHCAgQABiABDIHCAkQABiABNIBCjE3NTMzajBqMTWoAgiwAgHxBRj51g0mg_xg8QUY-dYNJoP8YA&amp;sourceid=chrome&amp;ie=UTF-8&amp;ved=2ahUKEwjbxKCd1KGSAxXJHRAIHVNhOAIQgK4QegYIAQgAEAM\" data-ved=\"2ahUKEwjbxKCd1KGSAxXJHRAIHVNhOAIQgK4QegYIAQgAEAM\" data-hveid=\"CAEIABAD\" target=\"_blank\" rel=\"noopener\">PostNord MyPack Home<\/a>\u00a0\u00e4r\u00a0<mark class=\"HxTRcb\">en hemleveranstj\u00e4nst f\u00f6r paket inom Sverige (och \u00e4ven Norden\/Europa)<\/mark>, d\u00e4r mottagaren aviseras (via SMS, mejl, eller PostNord App) och f\u00e5r sj\u00e4lv v\u00e4lja dag och tid f\u00f6r leverans direkt till d\u00f6rren, \u00e4ven om man inte \u00e4r hemma och kan v\u00e4lja plats i t.ex. en villa, ofta mellan kl 10-17, med alternativ att \u00e4ndra till ombud eller h\u00e4mta ut, f\u00f6r paket upp till 20 kg (eller 35 kg beroende p\u00e5 avtal).<\/p>","protected":false},"excerpt":{"rendered":"<p><a class=\"GI370e\" href=\"https:\/\/www.google.com\/search?q=PostNord+MyPack+Home&amp;oq=postnord+mypack+home&amp;gs_lcrp=EgZjaHJvbWUyCQgAEEUYORiABDIHCAEQABiABDIHCAIQABiABDIHCAMQABiABDIHCAQQABiABDIHCAUQABiABDIHCAYQABiABDIHCAcQABiABDIHCAgQABiABDIHCAkQABiABNIBCjE3NTMzajBqMTWoAgiwAgHxBRj51g0mg_xg8QUY-dYNJoP8YA&amp;sourceid=chrome&amp;ie=UTF-8&amp;ved=2ahUKEwjbxKCd1KGSAxXJHRAIHVNhOAIQgK4QegYIAQgAEAM\" data-ved=\"2ahUKEwjbxKCd1KGSAxXJHRAIHVNhOAIQgK4QegYIAQgAEAM\" data-hveid=\"CAEIABAD\">PostNord MyPack Home<\/a>\u00a0\u00e4r\u00a0<mark class=\"HxTRcb\">en hemleveranstj\u00e4nst f\u00f6r paket inom Sverige (och \u00e4ven Norden\/Europa)<\/mark>, d\u00e4r mottagaren avis &#8230;eras (via SMS, mejl, eller PostNord App) och f\u00e5r sj\u00e4lv v\u00e4lja dag och tid f\u00f6r leverans direkt till d\u00f6rren, \u00e4ven om man inte \u00e4r hemma och kan v\u00e4lja plats i t.ex. en villa, ofta mellan kl 10-17, med alternativ att \u00e4ndra till ombud eller h\u00e4mta ut, f\u00f6r paket upp till 20 kg (eller 35 kg beroende p\u00e5 avtal<\/p>","protected":false},"featured_media":71325,"comment_status":"open","ping_status":"closed","template":"","meta":[],"product_brand":[],"product_cat":[146],"product_tag":[],"class_list":{"0":"post-71774","1":"product","2":"type-product","3":"status-publish","4":"has-post-thumbnail","6":"product_cat-tillbehor","8":"first","9":"instock","10":"taxable","11":"shipping-taxable","12":"purchasable","13":"product-type-simple"},"_links":{"self":[{"href":"https:\/\/veloop.se\/sv\/wp-json\/wp\/v2\/product\/71774","targetHints":{"allow":["GET"]}}],"collection":[{"href":"https:\/\/veloop.se\/sv\/wp-json\/wp\/v2\/product"}],"about":[{"href":"https:\/\/veloop.se\/sv\/wp-json\/wp\/v2\/types\/product"}],"replies":[{"embeddable":true,"href":"https:\/\/veloop.se\/sv\/wp-json\/wp\/v2\/comments?post=71774"}],"version-history":[{"count":0,"href":"https:\/\/veloop.se\/sv\/wp-json\/wp\/v2\/product\/71774\/revisions"}],"wp:featuredmedia":[{"embeddable":true,"href":"https:\/\/veloop.se\/sv\/wp-json\/wp\/v2\/media\/71325"}],"wp:attachment":[{"href":"https:\/\/veloop.se\/sv\/wp-json\/wp\/v2\/media?parent=71774"}],"wp:term":[{"taxonomy":"product_brand","embeddable":true,"href":"https:\/\/veloop.se\/sv\/wp-json\/wp\/v2\/product_brand?post=71774"},{"taxonomy":"product_cat","embeddable":true,"href":"https:\/\/veloop.se\/sv\/wp-json\/wp\/v2\/product_cat?post=71774"},{"taxonomy":"product_tag","embeddable":true,"href":"https:\/\/veloop.se\/sv\/wp-json\/wp\/v2\/product_tag?post=71774"}],"curies":[{"name":"wp","href":"https:\/\/api.w.org\/{rel}","templated":true}]}}