{"id":71615,"date":"2026-02-24T13:41:12","date_gmt":"2026-02-24T13:41:12","guid":{"rendered":"https:\/\/veloop.se\/?post_type=product&#038;p=71615"},"modified":"2026-02-24T13:48:42","modified_gmt":"2026-02-24T13:48:42","slug":"stingfree-strong-blue-mint","status":"publish","type":"product","link":"https:\/\/veloop.se\/sv\/produkt\/stingfree-strong-blue-mint\/","title":{"rendered":"Stingfree Strong Blue Mint"},"content":{"rendered":"<h1><img decoding=\"async\" src=\"https:\/\/v3-media-se.snusbolaget.se\/sesnusbo\/files\/warninglabels\/NicotineWarningLabel_ProductListPage_Desktop.svg\" alt=\"18 \u00e5rsgr\u00e4ns\" \/><\/h1>\n<article class=\"text-token-text-primary w-full focus:outline-none [--shadow-height:45px] has-data-writing-block:pointer-events-none has-data-writing-block:-mt-(--shadow-height) has-data-writing-block:pt-(--shadow-height) [&amp;:has([data-writing-block])&gt;*]:pointer-events-auto scroll-mt-(--header-height)\" dir=\"auto\" tabindex=\"-1\" data-turn-id=\"26458748-6416-4ab3-9288-855b3cbe3b66\" data-testid=\"conversation-turn-35\" data-scroll-anchor=\"false\" data-turn=\"user\"><\/article>\n<article class=\"text-token-text-primary w-full focus:outline-none [--shadow-height:45px] has-data-writing-block:pointer-events-none has-data-writing-block:-mt-(--shadow-height) has-data-writing-block:pt-(--shadow-height) [&amp;:has([data-writing-block])&gt;*]:pointer-events-auto scroll-mt-[calc(var(--header-height)+min(200px,max(70px,20svh)))]\" dir=\"auto\" tabindex=\"-1\" data-turn-id=\"request-WEB:1b5e9b3e-dcb9-45f5-a199-41dd36805484-17\" data-testid=\"conversation-turn-36\" data-scroll-anchor=\"true\" data-turn=\"assistant\">\n<div class=\"text-base my-auto mx-auto pb-10 [--thread-content-margin:--spacing(4)] @w-sm\/main:[--thread-content-margin:--spacing(6)] @w-lg\/main:[--thread-content-margin:--spacing(16)] px-(--thread-content-margin)\">\n<div class=\"[--thread-content-max-width:40rem] @w-lg\/main:[--thread-content-max-width:48rem] mx-auto max-w-(--thread-content-max-width) flex-1 group\/turn-messages focus-visible:outline-hidden relative flex w-full min-w-0 flex-col agent-turn\" tabindex=\"-1\">\n<div class=\"flex max-w-full flex-col grow\">\n<div class=\"min-h-8 text-message relative flex w-full flex-col items-end gap-2 text-start break-words whitespace-normal [.text-message+&amp;]:mt-1\" dir=\"auto\" data-message-author-role=\"assistant\" data-message-id=\"690e5a94-3b3c-49ac-a93d-8dbad7cad388\" data-message-model-slug=\"gpt-5-mini\">\n<div class=\"flex w-full flex-col gap-1 empty:hidden first:pt-[1px]\">\n<div class=\"markdown prose dark:prose-invert w-full wrap-break-word light markdown-new-styling\">\n<h1 data-start=\"0\" data-end=\"73\">Stingfree Strong Blue Mint<\/h1>\n<h2 data-start=\"0\" data-end=\"73\">Stingfree Strong Blue Mint \u2013 Tobaksfritt vitt snus med frisk bl\u00e5mint<\/h2>\n<p data-start=\"75\" data-end=\"337\">Uppt\u00e4ck <strong data-start=\"83\" data-end=\"113\">Stingfree Strong Blue Mint<\/strong>, ett modernt och <strong data-start=\"131\" data-end=\"156\">tobaksfritt vitt snus<\/strong> med <strong data-start=\"161\" data-end=\"199\">frisk och uppfriskande bl\u00e5mintsmak<\/strong>. Denna variant kombinerar kraftfull mint med bekv\u00e4m nikotinleverans \u2013 perfekt f\u00f6r dig som vill ha <strong data-start=\"298\" data-end=\"334\">starkt vitt snus utan irritation<\/strong>.<\/p>\n<p data-start=\"339\" data-end=\"597\">Produkten inneh\u00e5ller <strong data-start=\"360\" data-end=\"388\">11 mg nikotin per prilla<\/strong>, vilket ger en stark men behaglig nikotinupplevelse. Tack vare <strong data-start=\"452\" data-end=\"483\">patenterad Protex-teknologi<\/strong> skyddas tandk\u00f6ttet och direktkontakt minimeras, vilket g\u00f6r anv\u00e4ndningen bekv\u00e4m \u00e4ven vid regelbunden konsumtion.<\/p>\n<hr data-start=\"599\" data-end=\"602\" \/>\n<h3 data-start=\"604\" data-end=\"648\">Varf\u00f6r v\u00e4lja Stingfree Strong Blue Mint?<\/h3>\n<ul data-start=\"650\" data-end=\"933\">\n<li data-start=\"650\" data-end=\"695\">\n<p data-start=\"652\" data-end=\"695\">\u2744\ufe0f <strong data-start=\"655\" data-end=\"693\">Frisk och uppfriskande bl\u00e5mintsmak<\/strong><\/p>\n<\/li>\n<li data-start=\"696\" data-end=\"746\">\n<p data-start=\"698\" data-end=\"746\">\u26a1 <strong data-start=\"700\" data-end=\"744\">Stark nikotinhalt \u2013 11 mg\/prilla (2,0 %)<\/strong><\/p>\n<\/li>\n<li data-start=\"747\" data-end=\"805\">\n<p data-start=\"749\" data-end=\"805\">\ud83d\udc5d <strong data-start=\"752\" data-end=\"803\">Slim-format f\u00f6r diskret anv\u00e4ndning under l\u00e4ppen<\/strong><\/p>\n<\/li>\n<li data-start=\"806\" data-end=\"870\">\n<p data-start=\"808\" data-end=\"870\">\ud83c\udf31 <strong data-start=\"811\" data-end=\"868\">100 % tobaksfri \u2013 ingen missf\u00e4rgning eller tobaksdoft<\/strong><\/p>\n<\/li>\n<li data-start=\"871\" data-end=\"933\">\n<p data-start=\"873\" data-end=\"933\">\ud83e\uddea <strong data-start=\"876\" data-end=\"896\">Protex-teknologi<\/strong> \u2013 skyddande membran mot irritation<\/p>\n<\/li>\n<\/ul>\n<p data-start=\"935\" data-end=\"1056\">Smaken utvecklas gradvis och ger <strong data-start=\"968\" data-end=\"1009\">l\u00e5ngvarig smak och nikotinfris\u00e4ttning<\/strong>, vilket g\u00f6r den perfekt f\u00f6r daglig anv\u00e4ndning.<\/p>\n<hr data-start=\"1058\" data-end=\"1061\" \/>\n<h3 data-start=\"1063\" data-end=\"1114\">Produktinformation \u2013 Stingfree Strong Blue Mint<\/h3>\n<div class=\"TyagGW_tableContainer\">\n<div class=\"group TyagGW_tableWrapper flex flex-col-reverse w-fit\" tabindex=\"-1\">\n<table class=\"w-fit min-w-(--thread-content-width)\" data-start=\"1116\" data-end=\"1633\">\n<thead data-start=\"1116\" data-end=\"1142\">\n<tr data-start=\"1116\" data-end=\"1142\">\n<th class=\"\" data-start=\"1116\" data-end=\"1127\" data-col-size=\"sm\">Egenskap<\/th>\n<th class=\"\" data-start=\"1127\" data-end=\"1142\" data-col-size=\"xl\">Information<\/th>\n<\/tr>\n<\/thead>\n<tbody data-start=\"1170\" data-end=\"1633\">\n<tr data-start=\"1170\" data-end=\"1209\">\n<td data-start=\"1170\" data-end=\"1176\" data-col-size=\"sm\">Typ<\/td>\n<td data-col-size=\"xl\" data-start=\"1176\" data-end=\"1209\">Vitt snus, helt tobaksfritt<\/td>\n<\/tr>\n<tr data-start=\"1210\" data-end=\"1249\">\n<td data-start=\"1210\" data-end=\"1217\" data-col-size=\"sm\">Smak<\/td>\n<td data-col-size=\"xl\" data-start=\"1217\" data-end=\"1249\">Bl\u00e5mint, frisk och kylande<\/td>\n<\/tr>\n<tr data-start=\"1250\" data-end=\"1300\">\n<td data-start=\"1250\" data-end=\"1266\" data-col-size=\"sm\">Nikotinstyrka<\/td>\n<td data-col-size=\"xl\" data-start=\"1266\" data-end=\"1300\">Stark \u2013 11 mg\/prilla (2,0 %)<\/td>\n<\/tr>\n<tr data-start=\"1301\" data-end=\"1343\">\n<td data-start=\"1301\" data-end=\"1310\" data-col-size=\"sm\">Format<\/td>\n<td data-col-size=\"xl\" data-start=\"1310\" data-end=\"1343\">Slim \u2013 diskret under l\u00e4ppen<\/td>\n<\/tr>\n<tr data-start=\"1344\" data-end=\"1376\">\n<td data-start=\"1344\" data-end=\"1365\" data-col-size=\"sm\">Antal prillor\/dosa<\/td>\n<td data-col-size=\"xl\" data-start=\"1365\" data-end=\"1376\">20 st<\/td>\n<\/tr>\n<tr data-start=\"1377\" data-end=\"1401\">\n<td data-start=\"1377\" data-end=\"1389\" data-col-size=\"sm\">Prillvikt<\/td>\n<td data-col-size=\"xl\" data-start=\"1389\" data-end=\"1401\">0,55 g<\/td>\n<\/tr>\n<tr data-start=\"1402\" data-end=\"1424\">\n<td data-start=\"1402\" data-end=\"1414\" data-col-size=\"sm\">Totalvikt<\/td>\n<td data-col-size=\"xl\" data-start=\"1414\" data-end=\"1424\">11 g<\/td>\n<\/tr>\n<tr data-start=\"1425\" data-end=\"1633\">\n<td data-start=\"1425\" data-end=\"1440\" data-col-size=\"sm\">Ingredienser<\/td>\n<td data-col-size=\"xl\" data-start=\"1440\" data-end=\"1633\">V\u00e4xtfiber, nikotin, aromer, stabiliseringsmedel (E415), f\u00f6rtjockningsmedel (E401, natriumalginat), fyllnadsmedel (E460), salt, surhetsreglerande medel (E501), s\u00f6tningsmedel (E950), vatten<\/td>\n<\/tr>\n<\/tbody>\n<\/table>\n<\/div>\n<\/div>\n<hr data-start=\"1635\" data-end=\"1638\" \/>\n<h3 data-start=\"1640\" data-end=\"1697\">Stingfree \u2013 Tobaksfritt snus med skydd f\u00f6r tandk\u00f6ttet<\/h3>\n<p data-start=\"1699\" data-end=\"2008\">Stingfree \u00e4r ett <strong data-start=\"1716\" data-end=\"1737\">svenskt varum\u00e4rke<\/strong> som har revolutionerat snusmarknaden med sina <strong data-start=\"1784\" data-end=\"1853\">slim-formade, tobaksfria prillor med inbyggt skydd mot irritation<\/strong>. Produkten \u00e4r utvecklad av innovat\u00f6ren Bengt Wiberg och levereras i <strong data-start=\"1922\" data-end=\"1957\">milj\u00f6v\u00e4nliga v\u00e4xtbaserade dosor<\/strong>, vilket g\u00f6r det till ett klimatsmart alternativ.<\/p>\n<hr data-start=\"2010\" data-end=\"2013\" \/>\n<h3 data-start=\"2015\" data-end=\"2055\">Andra popul\u00e4ra smaker fr\u00e5n Stingfree<\/h3>\n<ul data-start=\"2057\" data-end=\"2356\">\n<li data-start=\"2057\" data-end=\"2124\">\n<p data-start=\"2059\" data-end=\"2124\"><strong data-start=\"2059\" data-end=\"2095\">Stingfree Ocean Mint Strong Slim<\/strong> \u2013 Frisk och kraftfull mint<\/p>\n<\/li>\n<li data-start=\"2125\" data-end=\"2179\">\n<p data-start=\"2127\" data-end=\"2179\"><strong data-start=\"2127\" data-end=\"2153\">Stingfree Swedish Cola<\/strong> \u2013 S\u00f6t klassisk colasmak<\/p>\n<\/li>\n<li data-start=\"2180\" data-end=\"2240\">\n<p data-start=\"2182\" data-end=\"2240\"><strong data-start=\"2182\" data-end=\"2212\">Stingfree California Peach<\/strong> \u2013 S\u00f6t och fruktig persika<\/p>\n<\/li>\n<li data-start=\"2241\" data-end=\"2298\">\n<p data-start=\"2243\" data-end=\"2298\"><strong data-start=\"2243\" data-end=\"2272\">Stingfree Caribbean Mango<\/strong> \u2013 Tropisk och s\u00f6t mango<\/p>\n<\/li>\n<li data-start=\"2299\" data-end=\"2356\">\n<p data-start=\"2301\" data-end=\"2356\"><strong data-start=\"2301\" data-end=\"2328\">Stingfree Maltese Lemon<\/strong> \u2013 Frisk och syrlig citrus<\/p>\n<\/li>\n<\/ul>\n<hr data-start=\"2358\" data-end=\"2361\" \/>\n<h3 data-start=\"2363\" data-end=\"2418\">K\u00f6p Stingfree Strong Blue Mint online hos Veloop.se<\/h3>\n<p data-start=\"2420\" data-end=\"2656\">Best\u00e4ll <strong data-start=\"2428\" data-end=\"2458\">Stingfree Strong Blue Mint<\/strong> tryggt och snabbt hos <strong data-start=\"2481\" data-end=\"2494\">Veloop.se<\/strong> \u2013 din specialist p\u00e5 tobaksfritt snus. Vi erbjuder <strong data-start=\"2545\" data-end=\"2582\">snabb leverans, s\u00e4kra betalningar<\/strong> och ett brett sortiment av vita snusprillor i flera smaker och styrkor.<\/p>\n<p data-start=\"2660\" data-end=\"2752\">\ud83d\udc49 <strong data-start=\"2663\" data-end=\"2701\">Handla Stingfree Swedish Cola h\u00e4r:<\/strong> <a class=\"decorated-link\" href=\"http:\/\/veloop.se\/sv\/loop\/\" target=\"_new\" rel=\"noopener\" data-start=\"2702\" data-end=\"2750\">http:\/\/veloop.se\/stingfree\/<\/a><\/p>\n<p data-start=\"2754\" data-end=\"2897\" data-is-last-node=\"\" data-is-only-node=\"\">Uppt\u00e4ck hela <strong data-start=\"2767\" data-end=\"2792\">Stingfree-sortimentet<\/strong> hos Veloop.se och hitta din favorit bland tobaksfria snusprillor med frukt, mint eller klassiska smaker.<\/p>\n<\/div>\n<\/div>\n<\/div>\n<\/div>\n<\/div>\n<\/div>\n<\/article>\n<p data-start=\"3167\" data-end=\"3358\">\ud83d\udc49 <a class=\"\" href=\"https:\/\/veloop.se\/sv\/produkt-kategori\/sting-free\/\" target=\"_new\" rel=\"noopener\" data-start=\"77\" data-end=\"188\">Utforska hela sortimentet av Sting Free hos veloop.se<\/a><\/p>\n<p data-start=\"3167\" data-end=\"3358\">","protected":false},"excerpt":{"rendered":"<h1 data-start=\"0\" data-end=\"73\">Stingfree Strong Blue Mint<\/h1>\n<h2 data-start=\"0\" data-end=\"73\">Stingfree Strong Blue Mint \u2013 Tobaksfritt vitt snus med frisk bl\u00e5mint<\/h2>\n<p data-start=\"75\" data-end=\"337\">Uppt\u00e4ck <strong data-start=\"83\" data-end=\"113\">Stingfree Strong Blue Mint<\/strong>, ett modernt och <strong data-start=\"131\" data-end=\"156\">tobaksfritt vitt snus<\/strong> med <strong data-start=\"161\" data-end=\"199\">frisk och uppfriskande bl\u00e5mintsmak<\/strong>. Denna variant kombinerar kraftfull mint med bekv\u00e4m nikotinleverans \u2013 perfekt f\u00f6r dig som vill ha <strong data-start=\"298\" data-end=\"334\">starkt vitt snus utan irritation<\/strong>.<\/p>\n<p data-start=\"339\" data-end=\"597\">Produkten inneh\u00e5ller <strong data-start=\"360\" data-end=\"388\">11 mg nikotin per prilla<\/strong>, vilket ger en stark men behaglig nikotinupplevelse. Tack vare <strong data-start=\"452\" data-end=\"483\">patenterad Protex-teknologi<\/strong> skyddas tandk\u00f6ttet och direktkontakt minimeras, vilket g\u00f6r anv\u00e4ndningen bekv\u00e4m \u00e4ven vid regelbunden konsumtion.<\/p>\n<p>\ud83d\udc49 <a class=\"\" href=\"https:\/\/veloop.se\/sv\/produkt-kategori\/sting-free\/\" target=\"_new\" rel=\"noopener\" data-start=\"77\" data-end=\"188\">Utforska hela sortimentet av Sting Free hos veloop.se<\/a><\/p>\n<p>&nbsp;<\/p>","protected":false},"featured_media":71620,"comment_status":"open","ping_status":"closed","template":"","meta":[],"product_brand":[431],"product_cat":[145,136,355,137,354],"product_tag":[],"class_list":{"0":"post-71615","1":"product","2":"type-product","3":"status-publish","4":"has-post-thumbnail","6":"product_brand-stingfree","7":"product_cat-stingfree","8":"product_cat-all-whites","9":"product_cat-extra-strongextra-stark","10":"product_cat-slim","11":"product_cat-strongstark","13":"first","14":"instock","15":"taxable","16":"shipping-taxable","17":"purchasable","18":"product-type-variable"},"_links":{"self":[{"href":"https:\/\/veloop.se\/sv\/wp-json\/wp\/v2\/product\/71615","targetHints":{"allow":["GET"]}}],"collection":[{"href":"https:\/\/veloop.se\/sv\/wp-json\/wp\/v2\/product"}],"about":[{"href":"https:\/\/veloop.se\/sv\/wp-json\/wp\/v2\/types\/product"}],"replies":[{"embeddable":true,"href":"https:\/\/veloop.se\/sv\/wp-json\/wp\/v2\/comments?post=71615"}],"version-history":[{"count":0,"href":"https:\/\/veloop.se\/sv\/wp-json\/wp\/v2\/product\/71615\/revisions"}],"wp:featuredmedia":[{"embeddable":true,"href":"https:\/\/veloop.se\/sv\/wp-json\/wp\/v2\/media\/71620"}],"wp:attachment":[{"href":"https:\/\/veloop.se\/sv\/wp-json\/wp\/v2\/media?parent=71615"}],"wp:term":[{"taxonomy":"product_brand","embeddable":true,"href":"https:\/\/veloop.se\/sv\/wp-json\/wp\/v2\/product_brand?post=71615"},{"taxonomy":"product_cat","embeddable":true,"href":"https:\/\/veloop.se\/sv\/wp-json\/wp\/v2\/product_cat?post=71615"},{"taxonomy":"product_tag","embeddable":true,"href":"https:\/\/veloop.se\/sv\/wp-json\/wp\/v2\/product_tag?post=71615"}],"curies":[{"name":"wp","href":"https:\/\/api.w.org\/{rel}","templated":true}]}}