{"id":71609,"date":"2026-02-24T13:13:37","date_gmt":"2026-02-24T13:13:37","guid":{"rendered":"https:\/\/veloop.se\/?post_type=product&#038;p=71609"},"modified":"2026-02-24T13:40:29","modified_gmt":"2026-02-24T13:40:29","slug":"stingfree-swedish-cola","status":"publish","type":"product","link":"https:\/\/veloop.se\/sv\/produkt\/stingfree-swedish-cola\/","title":{"rendered":"Stingfree Swedish Cola"},"content":{"rendered":"<h1><img decoding=\"async\" src=\"https:\/\/v3-media-se.snusbolaget.se\/sesnusbo\/files\/warninglabels\/NicotineWarningLabel_ProductListPage_Desktop.svg\" alt=\"18 \u00e5rsgr\u00e4ns\" \/><\/h1>\n<article class=\"text-token-text-primary w-full focus:outline-none [--shadow-height:45px] has-data-writing-block:pointer-events-none has-data-writing-block:-mt-(--shadow-height) has-data-writing-block:pt-(--shadow-height) [&amp;:has([data-writing-block])&gt;*]:pointer-events-auto scroll-mt-(--header-height)\" dir=\"auto\" tabindex=\"-1\" data-turn-id=\"26458748-6416-4ab3-9288-855b3cbe3b66\" data-testid=\"conversation-turn-35\" data-scroll-anchor=\"false\" data-turn=\"user\"><\/article>\n<article class=\"text-token-text-primary w-full focus:outline-none [--shadow-height:45px] has-data-writing-block:pointer-events-none has-data-writing-block:-mt-(--shadow-height) has-data-writing-block:pt-(--shadow-height) [&amp;:has([data-writing-block])&gt;*]:pointer-events-auto scroll-mt-[calc(var(--header-height)+min(200px,max(70px,20svh)))]\" dir=\"auto\" tabindex=\"-1\" data-turn-id=\"request-WEB:1b5e9b3e-dcb9-45f5-a199-41dd36805484-17\" data-testid=\"conversation-turn-36\" data-scroll-anchor=\"true\" data-turn=\"assistant\">\n<div class=\"text-base my-auto mx-auto pb-10 [--thread-content-margin:--spacing(4)] @w-sm\/main:[--thread-content-margin:--spacing(6)] @w-lg\/main:[--thread-content-margin:--spacing(16)] px-(--thread-content-margin)\">\n<div class=\"[--thread-content-max-width:40rem] @w-lg\/main:[--thread-content-max-width:48rem] mx-auto max-w-(--thread-content-max-width) flex-1 group\/turn-messages focus-visible:outline-hidden relative flex w-full min-w-0 flex-col agent-turn\" tabindex=\"-1\">\n<div class=\"flex max-w-full flex-col grow\">\n<div class=\"min-h-8 text-message relative flex w-full flex-col items-end gap-2 text-start break-words whitespace-normal [.text-message+&amp;]:mt-1\" dir=\"auto\" data-message-author-role=\"assistant\" data-message-id=\"690e5a94-3b3c-49ac-a93d-8dbad7cad388\" data-message-model-slug=\"gpt-5-mini\">\n<div class=\"flex w-full flex-col gap-1 empty:hidden first:pt-[1px]\">\n<div class=\"markdown prose dark:prose-invert w-full wrap-break-word light markdown-new-styling\">\n<h1 data-start=\"0\" data-end=\"73\">Stingfree Swedish Cola \u2013 Tobaksfritt vitt snus med klassisk colasmak<\/h1>\n<p data-start=\"75\" data-end=\"343\">Uppt\u00e4ck <strong data-start=\"83\" data-end=\"109\">Stingfree Swedish Cola<\/strong>, ett modernt och <strong data-start=\"127\" data-end=\"152\">tobaksfritt vitt snus<\/strong> med <strong data-start=\"157\" data-end=\"186\">s\u00f6t och klassisk colasmak<\/strong>. Denna variant kombinerar en v\u00e4lk\u00e4nd l\u00e4skliknande smak med en bekv\u00e4m nikotinupplevelse \u2013 perfekt f\u00f6r dig som vill ha <strong data-start=\"304\" data-end=\"340\">starkt vitt snus utan irritation<\/strong>.<\/p>\n<p data-start=\"345\" data-end=\"605\">Produkten inneh\u00e5ller <strong data-start=\"366\" data-end=\"394\">11 mg nikotin per prilla<\/strong>, vilket ger en kraftfull men behaglig nikotinleverans. Tack vare <strong data-start=\"460\" data-end=\"491\">patenterad Protex-teknologi<\/strong> skyddas tandk\u00f6ttet och direktkontakt minimeras, vilket g\u00f6r anv\u00e4ndningen bekv\u00e4m \u00e4ven vid regelbunden konsumtion.<\/p>\n<hr data-start=\"607\" data-end=\"610\" \/>\n<h3 data-start=\"612\" data-end=\"652\">Varf\u00f6r v\u00e4lja Stingfree Swedish Cola?<\/h3>\n<ul data-start=\"654\" data-end=\"927\">\n<li data-start=\"654\" data-end=\"690\">\n<p data-start=\"656\" data-end=\"690\">\ud83e\udd64 <strong data-start=\"659\" data-end=\"688\">S\u00f6t och klassisk colasmak<\/strong><\/p>\n<\/li>\n<li data-start=\"691\" data-end=\"741\">\n<p data-start=\"693\" data-end=\"741\">\u26a1 <strong data-start=\"695\" data-end=\"739\">Stark nikotinhalt \u2013 11 mg\/prilla (2,0 %)<\/strong><\/p>\n<\/li>\n<li data-start=\"742\" data-end=\"799\">\n<p data-start=\"744\" data-end=\"799\">\ud83d\udc5d <strong data-start=\"747\" data-end=\"797\">Slim-format f\u00f6r diskret placering under l\u00e4ppen<\/strong><\/p>\n<\/li>\n<li data-start=\"800\" data-end=\"864\">\n<p data-start=\"802\" data-end=\"864\">\ud83c\udf31 <strong data-start=\"805\" data-end=\"862\">100 % tobaksfri \u2013 ingen missf\u00e4rgning eller tobaksdoft<\/strong><\/p>\n<\/li>\n<li data-start=\"865\" data-end=\"927\">\n<p data-start=\"867\" data-end=\"927\">\ud83e\uddea <strong data-start=\"870\" data-end=\"890\">Protex-teknologi<\/strong> \u2013 skyddande membran mot irritation<\/p>\n<\/li>\n<\/ul>\n<p data-start=\"929\" data-end=\"1063\">Smaken utvecklas gradvis och ger <strong data-start=\"962\" data-end=\"1003\">l\u00e5ngvarig smak och nikotinfris\u00e4ttning<\/strong>, vilket g\u00f6r den till ett perfekt val f\u00f6r daglig anv\u00e4ndning.<\/p>\n<hr data-start=\"1065\" data-end=\"1068\" \/>\n<h3 data-start=\"1070\" data-end=\"1117\">Produktinformation \u2013 Stingfree Swedish Cola<\/h3>\n<div class=\"TyagGW_tableContainer\">\n<div class=\"group TyagGW_tableWrapper flex flex-col-reverse w-fit\" tabindex=\"-1\">\n<table class=\"w-fit min-w-(--thread-content-width)\" data-start=\"1119\" data-end=\"1643\">\n<thead data-start=\"1119\" data-end=\"1145\">\n<tr data-start=\"1119\" data-end=\"1145\">\n<th class=\"\" data-start=\"1119\" data-end=\"1130\" data-col-size=\"sm\">Egenskap<\/th>\n<th class=\"\" data-start=\"1130\" data-end=\"1145\" data-col-size=\"xl\">Information<\/th>\n<\/tr>\n<\/thead>\n<tbody data-start=\"1173\" data-end=\"1643\">\n<tr data-start=\"1173\" data-end=\"1212\">\n<td data-start=\"1173\" data-end=\"1179\" data-col-size=\"sm\">Typ<\/td>\n<td data-col-size=\"xl\" data-start=\"1179\" data-end=\"1212\">Vitt snus, helt tobaksfritt<\/td>\n<\/tr>\n<tr data-start=\"1213\" data-end=\"1259\">\n<td data-start=\"1213\" data-end=\"1220\" data-col-size=\"sm\">Smak<\/td>\n<td data-start=\"1220\" data-end=\"1259\" data-col-size=\"xl\">Klassisk cola, s\u00f6t och balanserad<\/td>\n<\/tr>\n<tr data-start=\"1260\" data-end=\"1310\">\n<td data-start=\"1260\" data-end=\"1276\" data-col-size=\"sm\">Nikotinstyrka<\/td>\n<td data-start=\"1276\" data-end=\"1310\" data-col-size=\"xl\">Stark \u2013 11 mg\/prilla (2,0 %)<\/td>\n<\/tr>\n<tr data-start=\"1311\" data-end=\"1353\">\n<td data-start=\"1311\" data-end=\"1320\" data-col-size=\"sm\">Format<\/td>\n<td data-start=\"1320\" data-end=\"1353\" data-col-size=\"xl\">Slim \u2013 diskret under l\u00e4ppen<\/td>\n<\/tr>\n<tr data-start=\"1354\" data-end=\"1386\">\n<td data-start=\"1354\" data-end=\"1375\" data-col-size=\"sm\">Antal prillor\/dosa<\/td>\n<td data-start=\"1375\" data-end=\"1386\" data-col-size=\"xl\">20 st<\/td>\n<\/tr>\n<tr data-start=\"1387\" data-end=\"1411\">\n<td data-start=\"1387\" data-end=\"1399\" data-col-size=\"sm\">Prillvikt<\/td>\n<td data-start=\"1399\" data-end=\"1411\" data-col-size=\"xl\">0,55 g<\/td>\n<\/tr>\n<tr data-start=\"1412\" data-end=\"1434\">\n<td data-start=\"1412\" data-end=\"1424\" data-col-size=\"sm\">Totalvikt<\/td>\n<td data-start=\"1424\" data-end=\"1434\" data-col-size=\"xl\">11 g<\/td>\n<\/tr>\n<tr data-start=\"1435\" data-end=\"1643\">\n<td data-start=\"1435\" data-end=\"1450\" data-col-size=\"sm\">Ingredienser<\/td>\n<td data-start=\"1450\" data-end=\"1643\" data-col-size=\"xl\">V\u00e4xtfiber, nikotin, aromer, stabiliseringsmedel (E415), f\u00f6rtjockningsmedel (E401, natriumalginat), fyllnadsmedel (E460), salt, surhetsreglerande medel (E501), s\u00f6tningsmedel (E950), vatten<\/td>\n<\/tr>\n<\/tbody>\n<\/table>\n<\/div>\n<\/div>\n<hr data-start=\"1645\" data-end=\"1648\" \/>\n<h3 data-start=\"1650\" data-end=\"1707\">Stingfree \u2013 Tobaksfritt snus med skydd f\u00f6r tandk\u00f6ttet<\/h3>\n<p data-start=\"1709\" data-end=\"2014\">Stingfree \u00e4r ett <strong data-start=\"1726\" data-end=\"1747\">svenskt varum\u00e4rke<\/strong> som revolutionerat snusmarknaden med sina <strong data-start=\"1790\" data-end=\"1859\">slim-formade, tobaksfria prillor med inbyggt skydd mot irritation<\/strong>. Produkten \u00e4r utvecklad av innovat\u00f6ren Bengt Wiberg och levereras i <strong data-start=\"1928\" data-end=\"1963\">milj\u00f6v\u00e4nliga v\u00e4xtbaserade dosor<\/strong>, vilket g\u00f6r det till ett klimatsmart alternativ.<\/p>\n<hr data-start=\"2016\" data-end=\"2019\" \/>\n<h3 data-start=\"2021\" data-end=\"2061\">Andra popul\u00e4ra smaker fr\u00e5n Stingfree<\/h3>\n<ul data-start=\"2063\" data-end=\"2366\">\n<li data-start=\"2063\" data-end=\"2130\">\n<p data-start=\"2065\" data-end=\"2130\"><strong data-start=\"2065\" data-end=\"2101\">Stingfree Ocean Mint Strong Slim<\/strong> \u2013 Frisk och kraftfull mint<\/p>\n<\/li>\n<li data-start=\"2131\" data-end=\"2189\">\n<p data-start=\"2133\" data-end=\"2189\"><strong data-start=\"2133\" data-end=\"2156\">Stingfree Blue Mint<\/strong> \u2013 Frisk och balanserad bl\u00e5mint<\/p>\n<\/li>\n<li data-start=\"2190\" data-end=\"2250\">\n<p data-start=\"2192\" data-end=\"2250\"><strong data-start=\"2192\" data-end=\"2222\">Stingfree California Peach<\/strong> \u2013 S\u00f6t och fruktig persika<\/p>\n<\/li>\n<li data-start=\"2251\" data-end=\"2308\">\n<p data-start=\"2253\" data-end=\"2308\"><strong data-start=\"2253\" data-end=\"2282\">Stingfree Caribbean Mango<\/strong> \u2013 Tropisk och s\u00f6t mango<\/p>\n<\/li>\n<li data-start=\"2309\" data-end=\"2366\">\n<p data-start=\"2311\" data-end=\"2366\"><strong data-start=\"2311\" data-end=\"2338\">Stingfree Maltese Lemon<\/strong> \u2013 Frisk och syrlig citrus<\/p>\n<\/li>\n<\/ul>\n<hr data-start=\"2368\" data-end=\"2371\" \/>\n<h3 data-start=\"2373\" data-end=\"2424\">K\u00f6p Stingfree Swedish Cola online hos Veloop.se<\/h3>\n<p data-start=\"2426\" data-end=\"2658\">Best\u00e4ll <strong data-start=\"2434\" data-end=\"2460\">Stingfree Swedish Cola<\/strong> tryggt och snabbt hos <strong data-start=\"2483\" data-end=\"2496\">Veloop.se<\/strong> \u2013 din specialist p\u00e5 tobaksfritt snus. Vi erbjuder <strong data-start=\"2547\" data-end=\"2584\">snabb leverans, s\u00e4kra betalningar<\/strong> och ett brett sortiment av vita snusprillor i flera smaker och styrkor.<\/p>\n<p data-start=\"2660\" data-end=\"2752\">\ud83d\udc49 <strong data-start=\"2663\" data-end=\"2701\">Handla Stingfree Swedish Cola h\u00e4r:<\/strong> <a class=\"decorated-link\" href=\"http:\/\/veloop.se\/sv\/loop\/\" target=\"_new\" rel=\"noopener\" data-start=\"2702\" data-end=\"2750\">http:\/\/veloop.se\/stingfree\/<\/a><\/p>\n<p data-start=\"2754\" data-end=\"2897\" data-is-last-node=\"\" data-is-only-node=\"\">Uppt\u00e4ck hela <strong data-start=\"2767\" data-end=\"2792\">Stingfree-sortimentet<\/strong> hos Veloop.se och hitta din favorit bland tobaksfria snusprillor med frukt, mint eller klassiska smaker.<\/p>\n<\/div>\n<\/div>\n<\/div>\n<\/div>\n<\/div>\n<\/div>\n<\/article>\n<p data-start=\"3167\" data-end=\"3358\">\ud83d\udc49 <a class=\"\" href=\"https:\/\/veloop.se\/sv\/produkt-kategori\/sting-free\/\" target=\"_new\" rel=\"noopener\" data-start=\"77\" data-end=\"188\">Utforska hela sortimentet av Sting Free hos veloop.se<\/a><\/p>\n<p data-start=\"3167\" data-end=\"3358\">","protected":false},"excerpt":{"rendered":"<h1 data-start=\"0\" data-end=\"73\">Stingfree Swedish Cola<\/h1>\n<h2 data-start=\"0\" data-end=\"73\">Stingfree Swedish Cola \u2013 Tobaksfritt vitt snus med klassisk colasmak<\/h2>\n<p data-start=\"75\" data-end=\"343\">Uppt\u00e4ck <strong data-start=\"83\" data-end=\"109\">Stingfree Swedish Cola<\/strong>, ett modernt och <strong data-start=\"127\" data-end=\"152\">tobaksfritt vitt snus<\/strong> med <strong data-start=\"157\" data-end=\"186\">s\u00f6t och klassisk colasmak<\/strong>. Denna variant kombinerar en v\u00e4lk\u00e4nd l\u00e4skliknande smak med en bekv\u00e4m nikotinupplevelse \u2013 perfekt f\u00f6r dig som vill ha <strong data-start=\"304\" data-end=\"340\">starkt vitt snus utan irritation<\/strong>.<\/p>\n<p data-start=\"345\" data-end=\"605\">Produkten inneh\u00e5ller <strong data-start=\"366\" data-end=\"394\">11 mg nikotin per prilla<\/strong>, vilket ger en kraftfull men behaglig nikotinleverans. Tack vare <strong data-start=\"460\" data-end=\"491\">patenterad Protex-teknologi<\/strong> skyddas tandk\u00f6ttet och direktkontakt minimeras, vilket g\u00f6r anv\u00e4ndningen bekv\u00e4m \u00e4ven vid regelbunden konsumtion<\/p>\n<p>\ud83d\udc49 <a class=\"\" href=\"https:\/\/veloop.se\/sv\/produkt-kategori\/sting-free\/\" target=\"_new\" rel=\"noopener\" data-start=\"77\" data-end=\"188\">Utforska hela sortimentet av Sting Free hos veloop.se<\/a><\/p>\n<p>&nbsp;<\/p>","protected":false},"featured_media":71587,"comment_status":"open","ping_status":"closed","template":"","meta":[],"product_brand":[431],"product_cat":[145,136,355,137,354],"product_tag":[],"class_list":{"0":"post-71609","1":"product","2":"type-product","3":"status-publish","4":"has-post-thumbnail","6":"product_brand-stingfree","7":"product_cat-stingfree","8":"product_cat-all-whites","9":"product_cat-extra-strongextra-stark","10":"product_cat-slim","11":"product_cat-strongstark","13":"first","14":"instock","15":"taxable","16":"shipping-taxable","17":"purchasable","18":"product-type-variable"},"_links":{"self":[{"href":"https:\/\/veloop.se\/sv\/wp-json\/wp\/v2\/product\/71609","targetHints":{"allow":["GET"]}}],"collection":[{"href":"https:\/\/veloop.se\/sv\/wp-json\/wp\/v2\/product"}],"about":[{"href":"https:\/\/veloop.se\/sv\/wp-json\/wp\/v2\/types\/product"}],"replies":[{"embeddable":true,"href":"https:\/\/veloop.se\/sv\/wp-json\/wp\/v2\/comments?post=71609"}],"version-history":[{"count":0,"href":"https:\/\/veloop.se\/sv\/wp-json\/wp\/v2\/product\/71609\/revisions"}],"wp:featuredmedia":[{"embeddable":true,"href":"https:\/\/veloop.se\/sv\/wp-json\/wp\/v2\/media\/71587"}],"wp:attachment":[{"href":"https:\/\/veloop.se\/sv\/wp-json\/wp\/v2\/media?parent=71609"}],"wp:term":[{"taxonomy":"product_brand","embeddable":true,"href":"https:\/\/veloop.se\/sv\/wp-json\/wp\/v2\/product_brand?post=71609"},{"taxonomy":"product_cat","embeddable":true,"href":"https:\/\/veloop.se\/sv\/wp-json\/wp\/v2\/product_cat?post=71609"},{"taxonomy":"product_tag","embeddable":true,"href":"https:\/\/veloop.se\/sv\/wp-json\/wp\/v2\/product_tag?post=71609"}],"curies":[{"name":"wp","href":"https:\/\/api.w.org\/{rel}","templated":true}]}}