{"id":71558,"date":"2026-02-24T11:44:09","date_gmt":"2026-02-24T11:44:09","guid":{"rendered":"https:\/\/veloop.se\/?post_type=product&#038;p=71558"},"modified":"2026-02-24T11:55:36","modified_gmt":"2026-02-24T11:55:36","slug":"loop-blueberry-ice-strong","status":"publish","type":"product","link":"https:\/\/veloop.se\/sv\/produkt\/loop-blueberry-ice-strong\/","title":{"rendered":"LOOP Blueberry Ice Strong"},"content":{"rendered":"<h2><img decoding=\"async\" src=\"https:\/\/v3-media-se.snusbolaget.se\/sesnusbo\/files\/warninglabels\/NicotineWarningLabel_ProductListPage_Desktop.svg\" alt=\"18 \u00e5rsgr\u00e4ns\" \/><\/h2>\n<div class=\"flex flex-col text-sm pb-25\">\n<article class=\"text-token-text-primary w-full focus:outline-none [--shadow-height:45px] has-data-writing-block:pointer-events-none has-data-writing-block:-mt-(--shadow-height) has-data-writing-block:pt-(--shadow-height) [&amp;:has([data-writing-block])&gt;*]:pointer-events-auto scroll-mt-[calc(var(--header-height)+min(200px,max(70px,20svh)))]\" dir=\"auto\" tabindex=\"-1\" data-turn-id=\"request-WEB:1b5e9b3e-dcb9-45f5-a199-41dd36805484-1\" data-testid=\"conversation-turn-4\" data-scroll-anchor=\"true\" data-turn=\"assistant\">\n<div class=\"text-base my-auto mx-auto pb-10 [--thread-content-margin:--spacing(4)] @w-sm\/main:[--thread-content-margin:--spacing(6)] @w-lg\/main:[--thread-content-margin:--spacing(16)] px-(--thread-content-margin)\">\n<div class=\"[--thread-content-max-width:40rem] @w-lg\/main:[--thread-content-max-width:48rem] mx-auto max-w-(--thread-content-max-width) flex-1 group\/turn-messages focus-visible:outline-hidden relative flex w-full min-w-0 flex-col agent-turn\" tabindex=\"-1\">\n<div class=\"flex max-w-full flex-col grow\">\n<div class=\"min-h-8 text-message relative flex w-full flex-col items-end gap-2 text-start break-words whitespace-normal [.text-message+&amp;]:mt-1\" dir=\"auto\" data-message-author-role=\"assistant\" data-message-id=\"3c375630-3aab-4a27-8c30-a60c83047b86\" data-message-model-slug=\"gpt-5-2\">\n<div class=\"flex w-full flex-col gap-1 empty:hidden first:pt-[1px]\">\n<div class=\"markdown prose dark:prose-invert w-full wrap-break-word light markdown-new-styling\">\n<div class=\"flex flex-col text-sm pb-25\">\n<article class=\"text-token-text-primary w-full focus:outline-none [--shadow-height:45px] has-data-writing-block:pointer-events-none has-data-writing-block:-mt-(--shadow-height) has-data-writing-block:pt-(--shadow-height) [&amp;:has([data-writing-block])&gt;*]:pointer-events-auto scroll-mt-[calc(var(--header-height)+min(200px,max(70px,20svh)))]\" dir=\"auto\" tabindex=\"-1\" data-turn-id=\"request-WEB:1b5e9b3e-dcb9-45f5-a199-41dd36805484-1\" data-testid=\"conversation-turn-4\" data-scroll-anchor=\"true\" data-turn=\"assistant\">\n<div class=\"text-base my-auto mx-auto pb-10 [--thread-content-margin:--spacing(4)] @w-sm\/main:[--thread-content-margin:--spacing(6)] @w-lg\/main:[--thread-content-margin:--spacing(16)] px-(--thread-content-margin)\">\n<div class=\"[--thread-content-max-width:40rem] @w-lg\/main:[--thread-content-max-width:48rem] mx-auto max-w-(--thread-content-max-width) flex-1 group\/turn-messages focus-visible:outline-hidden relative flex w-full min-w-0 flex-col agent-turn\" tabindex=\"-1\">\n<div class=\"flex max-w-full flex-col grow\">\n<div class=\"min-h-8 text-message relative flex w-full flex-col items-end gap-2 text-start break-words whitespace-normal [.text-message+&amp;]:mt-1\" dir=\"auto\" data-message-author-role=\"assistant\" data-message-id=\"3c375630-3aab-4a27-8c30-a60c83047b86\" data-message-model-slug=\"gpt-5-2\">\n<div class=\"flex w-full flex-col gap-1 empty:hidden first:pt-[1px]\">\n<div class=\"markdown prose dark:prose-invert w-full wrap-break-word light markdown-new-styling\">\n<h1 data-start=\"0\" data-end=\"76\">LOOP Blueberry Ice Strong \u2013 Tobaksfria nikotinp\u00e5sar med frisk bl\u00e5b\u00e4rssmak<\/h1>\n<p data-start=\"78\" data-end=\"367\"><strong data-start=\"78\" data-end=\"107\">LOOP Blueberry Ice Strong<\/strong> \u00e4r ett tobaksfritt all white-snus f\u00f6r dig som vill ha <strong data-start=\"162\" data-end=\"253\">en fruktig bl\u00e5b\u00e4rssmak kombinerad med en kylande mint-touch och stark nikotinupplevelse<\/strong>. Den friska bl\u00e5b\u00e4rssmaken och svalkande isk\u00e4nslan g\u00f6r produkten till ett sp\u00e4nnande alternativ i LOOP:s sortiment.<\/p>\n<p data-start=\"369\" data-end=\"558\">Tillverkad av <span class=\"hover:entity-accent entity-underline inline cursor-pointer align-baseline\"><span class=\"whitespace-normal\">Another Snus Factory<\/span><\/span> och ing\u00e5r i sortimentet fr\u00e5n <span class=\"hover:entity-accent entity-underline inline cursor-pointer align-baseline\"><span class=\"whitespace-normal\">Loop<\/span><\/span> \u2013 ett svenskt varum\u00e4rke k\u00e4nt f\u00f6r innovativa smaker och h\u00e5llbara dosor.<\/p>\n<hr data-start=\"560\" data-end=\"563\" \/>\n<h3 data-start=\"565\" data-end=\"600\">Fr\u00e4sch bl\u00e5b\u00e4r med isande k\u00e4nsla<\/h3>\n<p data-start=\"602\" data-end=\"637\">LOOP Blueberry Ice Strong erbjuder:<\/p>\n<ul data-start=\"639\" data-end=\"859\">\n<li data-start=\"639\" data-end=\"683\">\n<p data-start=\"641\" data-end=\"683\">\ud83e\uded0 <strong data-start=\"644\" data-end=\"681\">Intensiv bl\u00e5b\u00e4rssmak med friskhet<\/strong><\/p>\n<\/li>\n<li data-start=\"684\" data-end=\"729\">\n<p data-start=\"686\" data-end=\"729\">\u2744\ufe0f <strong data-start=\"689\" data-end=\"727\">Kylande mintk\u00e4nsla som varar l\u00e4nge<\/strong><\/p>\n<\/li>\n<li data-start=\"730\" data-end=\"776\">\n<p data-start=\"732\" data-end=\"776\">\u26a1 <strong data-start=\"734\" data-end=\"774\">Stark nikotinhalt f\u00f6r vana anv\u00e4ndare<\/strong><\/p>\n<\/li>\n<li data-start=\"777\" data-end=\"820\">\n<p data-start=\"779\" data-end=\"820\">\ud83d\udc5d <strong data-start=\"782\" data-end=\"818\">Slim-format f\u00f6r diskret passform<\/strong><\/p>\n<\/li>\n<li data-start=\"821\" data-end=\"859\">\n<p data-start=\"823\" data-end=\"859\">\ud83c\udf31 <strong data-start=\"826\" data-end=\"857\">Tobaksfri all white-portion<\/strong><\/p>\n<\/li>\n<\/ul>\n<p data-start=\"861\" data-end=\"947\">Smaken utvecklas gradvis och ger en <strong data-start=\"897\" data-end=\"946\">l\u00e5ngvarig, fr\u00e4sch och uppfriskande upplevelse<\/strong>.<\/p>\n<hr data-start=\"949\" data-end=\"952\" \/>\n<h3 data-start=\"954\" data-end=\"983\">Stark nikotinstyrka \u2013 3\/4<\/h3>\n<p data-start=\"985\" data-end=\"1155\">LOOP Blueberry Ice Strong klassificeras som <strong data-start=\"1029\" data-end=\"1045\">Strong (3\/4)<\/strong> och \u00e4r anpassad f\u00f6r vana anv\u00e4ndare som vill ha en tydlig nikotineffekt utan att g\u00e5 upp till hyper stark niv\u00e5.<\/p>\n<p data-start=\"1157\" data-end=\"1195\">Den tobaksfria all white-formulan ger:<\/p>\n<ul data-start=\"1197\" data-end=\"1269\">\n<li data-start=\"1197\" data-end=\"1219\">\n<p data-start=\"1199\" data-end=\"1219\">Diskret anv\u00e4ndning<\/p>\n<\/li>\n<li data-start=\"1220\" data-end=\"1244\">\n<p data-start=\"1222\" data-end=\"1244\">J\u00e4mn nikotinleverans<\/p>\n<\/li>\n<li data-start=\"1245\" data-end=\"1269\">\n<p data-start=\"1247\" data-end=\"1269\">Minimal missf\u00e4rgning<\/p>\n<\/li>\n<\/ul>\n<hr data-start=\"1271\" data-end=\"1274\" \/>\n<h3 data-start=\"1276\" data-end=\"1313\">Slim-format \u2013 Bekv\u00e4mt och diskret<\/h3>\n<p data-start=\"1315\" data-end=\"1369\">Prillorna levereras i <strong data-start=\"1337\" data-end=\"1352\">slim-format<\/strong>, vilket inneb\u00e4r:<\/p>\n<ul data-start=\"1371\" data-end=\"1505\">\n<li data-start=\"1371\" data-end=\"1412\">\n<p data-start=\"1373\" data-end=\"1412\">Smalare portioner f\u00f6r b\u00e4ttre passform<\/p>\n<\/li>\n<li data-start=\"1413\" data-end=\"1447\">\n<p data-start=\"1415\" data-end=\"1447\">Diskret placering under l\u00e4ppen<\/p>\n<\/li>\n<li data-start=\"1448\" data-end=\"1465\">\n<p data-start=\"1450\" data-end=\"1465\">L\u00e5g rinnighet<\/p>\n<\/li>\n<li data-start=\"1466\" data-end=\"1505\">\n<p data-start=\"1468\" data-end=\"1505\">Stabil smak- och nikotinfris\u00e4ttning<\/p>\n<\/li>\n<\/ul>\n<p data-start=\"1507\" data-end=\"1584\">Varje dosa inneh\u00e5ller <strong data-start=\"1529\" data-end=\"1545\">22 portioner<\/strong> och en totalvikt p\u00e5 cirka <strong data-start=\"1572\" data-end=\"1583\">13,75 g<\/strong>.<\/p>\n<hr data-start=\"1586\" data-end=\"1589\" \/>\n<h3 data-start=\"1591\" data-end=\"1617\">H\u00e5llbar dosa fr\u00e5n LOOP<\/h3>\n<p data-start=\"1619\" data-end=\"1856\">LOOP arbetar med milj\u00f6v\u00e4nliga l\u00f6sningar. Dosan \u00e4r tillverkad av <strong data-start=\"1683\" data-end=\"1704\">v\u00e4xtbaserad plast<\/strong>, vilket minskar klimatp\u00e5verkan j\u00e4mf\u00f6rt med traditionella plastdosor. Produktionen sker i Sverige med h\u00f6ga kvalitetskrav och modern tillverkningsteknik.<\/p>\n<hr data-start=\"1858\" data-end=\"1861\" \/>\n<h2 data-start=\"1863\" data-end=\"1906\">Produktfakta \u2013 LOOP Blueberry Ice Strong<\/h2>\n<div class=\"TyagGW_tableContainer\">\n<div class=\"group TyagGW_tableWrapper flex flex-col-reverse w-fit\" tabindex=\"-1\">\n<table class=\"w-fit min-w-(--thread-content-width)\" data-start=\"1908\" data-end=\"2184\">\n<thead data-start=\"1908\" data-end=\"1934\">\n<tr data-start=\"1908\" data-end=\"1934\">\n<th class=\"\" data-start=\"1908\" data-end=\"1919\" data-col-size=\"sm\">Egenskap<\/th>\n<th class=\"\" data-start=\"1919\" data-end=\"1934\" data-col-size=\"sm\">Information<\/th>\n<\/tr>\n<\/thead>\n<tbody data-start=\"1962\" data-end=\"2184\">\n<tr data-start=\"1962\" data-end=\"1982\">\n<td data-start=\"1962\" data-end=\"1974\" data-col-size=\"sm\">Varum\u00e4rke<\/td>\n<td data-start=\"1974\" data-end=\"1982\" data-col-size=\"sm\">LOOP<\/td>\n<\/tr>\n<tr data-start=\"1983\" data-end=\"2017\">\n<td data-start=\"1983\" data-end=\"1996\" data-col-size=\"sm\">Produkttyp<\/td>\n<td data-start=\"1996\" data-end=\"2017\" data-col-size=\"sm\">All White Portion<\/td>\n<\/tr>\n<tr data-start=\"2018\" data-end=\"2035\">\n<td data-start=\"2018\" data-end=\"2027\" data-col-size=\"sm\">Format<\/td>\n<td data-start=\"2027\" data-end=\"2035\" data-col-size=\"sm\">Slim<\/td>\n<\/tr>\n<tr data-start=\"2036\" data-end=\"2060\">\n<td data-start=\"2036\" data-end=\"2043\" data-col-size=\"sm\">Smak<\/td>\n<td data-start=\"2043\" data-end=\"2060\" data-col-size=\"sm\">Blueberry Ice<\/td>\n<\/tr>\n<tr data-start=\"2061\" data-end=\"2093\">\n<td data-start=\"2061\" data-end=\"2077\" data-col-size=\"sm\">Nikotinstyrka<\/td>\n<td data-start=\"2077\" data-end=\"2093\" data-col-size=\"sm\">Strong (3\/4)<\/td>\n<\/tr>\n<tr data-start=\"2094\" data-end=\"2121\">\n<td data-start=\"2094\" data-end=\"2112\" data-col-size=\"sm\">Antal portioner<\/td>\n<td data-start=\"2112\" data-end=\"2121\" data-col-size=\"sm\">22 st<\/td>\n<\/tr>\n<tr data-start=\"2122\" data-end=\"2147\">\n<td data-start=\"2122\" data-end=\"2133\" data-col-size=\"sm\">Inneh\u00e5ll<\/td>\n<td data-start=\"2133\" data-end=\"2147\" data-col-size=\"sm\">ca 13,75 g<\/td>\n<\/tr>\n<tr data-start=\"2148\" data-end=\"2184\">\n<td data-start=\"2148\" data-end=\"2160\" data-col-size=\"sm\">Producent<\/td>\n<td data-start=\"2160\" data-end=\"2184\" data-col-size=\"sm\">Another Snus Factory<\/td>\n<\/tr>\n<\/tbody>\n<\/table>\n<\/div>\n<\/div>\n<hr data-start=\"2186\" data-end=\"2189\" \/>\n<h3 data-start=\"2191\" data-end=\"2231\">K\u00f6p LOOP Blueberry Ice Strong online<\/h3>\n<p data-start=\"2233\" data-end=\"2333\">Best\u00e4ll <strong data-start=\"2241\" data-end=\"2270\">LOOP Blueberry Ice Strong<\/strong> enkelt hos VELOOP \u2013 din specialist p\u00e5 tobaksfria nikotinp\u00e5sar.<\/p>\n<p data-start=\"2335\" data-end=\"2376\">\ud83d\udc49 <strong data-start=\"2338\" data-end=\"2353\">Handla h\u00e4r:<\/strong> <a class=\"decorated-link\" href=\"http:\/\/veloop.se\/sv\/loop\/\" target=\"_new\" rel=\"noopener\" data-start=\"2354\" data-end=\"2376\">http:\/\/veloop.se\/loop\/<\/a><\/p>\n<p data-start=\"2378\" data-end=\"2473\" data-is-last-node=\"\" data-is-only-node=\"\">Hos veloop.se hittar du hela LOOP-sortimentet med snabb leverans och konkurrenskraftiga priser.<\/p>\n<\/div>\n<\/div>\n<\/div>\n<\/div>\n<\/div>\n<\/div>\n<\/article>\n<\/div>\n<\/div>\n<\/div>\n<\/div>\n<\/div>\n<\/div>\n<\/div>\n<\/article>\n<\/div>","protected":false},"excerpt":{"rendered":"<h1 data-start=\"0\" data-end=\"76\">LOOP Blueberry Ice Strong \u2013 Tobaksfria nikotinp\u00e5sar med frisk bl\u00e5b\u00e4rssmak<\/h1>\n<p data-start=\"78\" data-end=\"367\"><strong data-start=\"78\" data-end=\"107\">LOOP Blueberry Ice Strong<\/strong> \u00e4r ett tobaksfritt all white-snus f\u00f6r dig som vill ha <strong data-start=\"162\" data-end=\"253\">en fruktig bl\u00e5b\u00e4rssmak kombinerad med en kylande mint-touch och stark nikotinupplevelse<\/strong>. Den friska bl\u00e5b\u00e4rssmaken och svalkande isk\u00e4nslan g\u00f6r produkten till ett sp\u00e4nnande alternativ i LOOP:s sortiment.<\/p>\n<p data-start=\"369\" data-end=\"558\">Tillverkad av <span class=\"hover:entity-accent entity-underline inline cursor-pointer align-baseline\"><span class=\"whitespace-normal\">Another Snus Factory<\/span><\/span> och ing\u00e5r i sortimentet fr\u00e5n <span class=\"hover:entity-accent entity-underline inline cursor-pointer align-baseline\"><span class=\"whitespace-normal\">Loop<\/span><\/span> \u2013 ett svenskt varum\u00e4rke k\u00e4nt f\u00f6r innovativa smaker och h\u00e5llbara dosor.<\/p>\n<p data-start=\"2588\" data-end=\"2626\">\ud83d\udc49 <strong data-start=\"2591\" data-end=\"2603\">K\u00f6p h\u00e4r:<\/strong> <a class=\"decorated-link\" href=\"http:\/\/veloop.se\/sv\/loop\/\" target=\"_new\" rel=\"noopener\" data-start=\"2604\" data-end=\"2626\">http:\/\/veloop.se\/loop\/<\/a><\/p>\n<p data-start=\"2628\" data-end=\"2767\" data-is-last-node=\"\" data-is-only-node=\"\">Hos veloop.se hittar du ett brett sortiment av tobaksfria nikotinp\u00e5sar fr\u00e5n LOOP \u2013 alltid med snabb leverans och konkurrenskraftiga priser.<\/p>","protected":false},"featured_media":71485,"comment_status":"open","ping_status":"closed","template":"","meta":[],"product_brand":[],"product_cat":[136,388,103,137],"product_tag":[],"class_list":{"0":"post-71558","1":"product","2":"type-product","3":"status-publish","4":"has-post-thumbnail","6":"product_cat-all-whites","7":"product_cat-hyper-strong","8":"product_cat-loop","9":"product_cat-slim","11":"first","12":"instock","13":"taxable","14":"shipping-taxable","15":"purchasable","16":"product-type-variable"},"_links":{"self":[{"href":"https:\/\/veloop.se\/sv\/wp-json\/wp\/v2\/product\/71558","targetHints":{"allow":["GET"]}}],"collection":[{"href":"https:\/\/veloop.se\/sv\/wp-json\/wp\/v2\/product"}],"about":[{"href":"https:\/\/veloop.se\/sv\/wp-json\/wp\/v2\/types\/product"}],"replies":[{"embeddable":true,"href":"https:\/\/veloop.se\/sv\/wp-json\/wp\/v2\/comments?post=71558"}],"version-history":[{"count":0,"href":"https:\/\/veloop.se\/sv\/wp-json\/wp\/v2\/product\/71558\/revisions"}],"wp:featuredmedia":[{"embeddable":true,"href":"https:\/\/veloop.se\/sv\/wp-json\/wp\/v2\/media\/71485"}],"wp:attachment":[{"href":"https:\/\/veloop.se\/sv\/wp-json\/wp\/v2\/media?parent=71558"}],"wp:term":[{"taxonomy":"product_brand","embeddable":true,"href":"https:\/\/veloop.se\/sv\/wp-json\/wp\/v2\/product_brand?post=71558"},{"taxonomy":"product_cat","embeddable":true,"href":"https:\/\/veloop.se\/sv\/wp-json\/wp\/v2\/product_cat?post=71558"},{"taxonomy":"product_tag","embeddable":true,"href":"https:\/\/veloop.se\/sv\/wp-json\/wp\/v2\/product_tag?post=71558"}],"curies":[{"name":"wp","href":"https:\/\/api.w.org\/{rel}","templated":true}]}}