{"id":71545,"date":"2026-02-24T11:37:06","date_gmt":"2026-02-24T11:37:06","guid":{"rendered":"https:\/\/veloop.se\/?post_type=product&#038;p=71545"},"modified":"2026-02-24T11:40:15","modified_gmt":"2026-02-24T11:40:15","slug":"loop-fresh-spearmint-mini-hyper-strong","status":"publish","type":"product","link":"https:\/\/veloop.se\/sv\/produkt\/loop-fresh-spearmint-mini-hyper-strong\/","title":{"rendered":"LOOP Fresh Spearmint Mini Hyper Strong"},"content":{"rendered":"<h2><img decoding=\"async\" src=\"https:\/\/v3-media-se.snusbolaget.se\/sesnusbo\/files\/warninglabels\/NicotineWarningLabel_ProductListPage_Desktop.svg\" alt=\"18 \u00e5rsgr\u00e4ns\" \/><\/h2>\n<div class=\"flex flex-col text-sm pb-25\">\n<article class=\"text-token-text-primary w-full focus:outline-none [--shadow-height:45px] has-data-writing-block:pointer-events-none has-data-writing-block:-mt-(--shadow-height) has-data-writing-block:pt-(--shadow-height) [&amp;:has([data-writing-block])&gt;*]:pointer-events-auto scroll-mt-[calc(var(--header-height)+min(200px,max(70px,20svh)))]\" dir=\"auto\" tabindex=\"-1\" data-turn-id=\"request-WEB:1b5e9b3e-dcb9-45f5-a199-41dd36805484-1\" data-testid=\"conversation-turn-4\" data-scroll-anchor=\"true\" data-turn=\"assistant\">\n<div class=\"text-base my-auto mx-auto pb-10 [--thread-content-margin:--spacing(4)] @w-sm\/main:[--thread-content-margin:--spacing(6)] @w-lg\/main:[--thread-content-margin:--spacing(16)] px-(--thread-content-margin)\">\n<div class=\"[--thread-content-max-width:40rem] @w-lg\/main:[--thread-content-max-width:48rem] mx-auto max-w-(--thread-content-max-width) flex-1 group\/turn-messages focus-visible:outline-hidden relative flex w-full min-w-0 flex-col agent-turn\" tabindex=\"-1\">\n<div class=\"flex max-w-full flex-col grow\">\n<div class=\"min-h-8 text-message relative flex w-full flex-col items-end gap-2 text-start break-words whitespace-normal [.text-message+&amp;]:mt-1\" dir=\"auto\" data-message-author-role=\"assistant\" data-message-id=\"3c375630-3aab-4a27-8c30-a60c83047b86\" data-message-model-slug=\"gpt-5-2\">\n<div class=\"flex w-full flex-col gap-1 empty:hidden first:pt-[1px]\">\n<div class=\"markdown prose dark:prose-invert w-full wrap-break-word light markdown-new-styling\">\n<div class=\"flex flex-col text-sm pb-25\">\n<article class=\"text-token-text-primary w-full focus:outline-none [--shadow-height:45px] has-data-writing-block:pointer-events-none has-data-writing-block:-mt-(--shadow-height) has-data-writing-block:pt-(--shadow-height) [&amp;:has([data-writing-block])&gt;*]:pointer-events-auto scroll-mt-[calc(var(--header-height)+min(200px,max(70px,20svh)))]\" dir=\"auto\" tabindex=\"-1\" data-turn-id=\"request-WEB:1b5e9b3e-dcb9-45f5-a199-41dd36805484-1\" data-testid=\"conversation-turn-4\" data-scroll-anchor=\"true\" data-turn=\"assistant\">\n<div class=\"text-base my-auto mx-auto pb-10 [--thread-content-margin:--spacing(4)] @w-sm\/main:[--thread-content-margin:--spacing(6)] @w-lg\/main:[--thread-content-margin:--spacing(16)] px-(--thread-content-margin)\">\n<div class=\"[--thread-content-max-width:40rem] @w-lg\/main:[--thread-content-max-width:48rem] mx-auto max-w-(--thread-content-max-width) flex-1 group\/turn-messages focus-visible:outline-hidden relative flex w-full min-w-0 flex-col agent-turn\" tabindex=\"-1\">\n<div class=\"flex max-w-full flex-col grow\">\n<div class=\"min-h-8 text-message relative flex w-full flex-col items-end gap-2 text-start break-words whitespace-normal [.text-message+&amp;]:mt-1\" dir=\"auto\" data-message-author-role=\"assistant\" data-message-id=\"3c375630-3aab-4a27-8c30-a60c83047b86\" data-message-model-slug=\"gpt-5-2\">\n<div class=\"flex w-full flex-col gap-1 empty:hidden first:pt-[1px]\">\n<div class=\"markdown prose dark:prose-invert w-full wrap-break-word light markdown-new-styling\">\n<h1 data-start=\"0\" data-end=\"89\">LOOP Fresh Spearmint Mini Hyper Strong \u2013 Extra starka nikotinp\u00e5sar med frisk spearmint<\/h1>\n<p data-start=\"91\" data-end=\"374\"><strong data-start=\"91\" data-end=\"133\">LOOP Fresh Spearmint Mini Hyper Strong<\/strong> \u00e4r ett tobaksfritt all white-snus f\u00f6r dig som vill ha <strong data-start=\"188\" data-end=\"239\">maximal nikotinstyrka i ett diskret mini-format<\/strong>. Den friska och n\u00e5got s\u00f6tare spearmintsmaken kombineras med en kraftfull nikotinhalt, vilket ger en intensiv och l\u00e5ngvarig upplevelse.<\/p>\n<p data-start=\"376\" data-end=\"583\">Produkten tillverkas av <span class=\"hover:entity-accent entity-underline inline cursor-pointer align-baseline\"><span class=\"whitespace-normal\">Another Snus Factory<\/span><\/span> och ing\u00e5r i sortimentet fr\u00e5n <span class=\"hover:entity-accent entity-underline inline cursor-pointer align-baseline\"><span class=\"whitespace-normal\">Loop<\/span><\/span> \u2013 ett svenskt varum\u00e4rke k\u00e4nt f\u00f6r innovativa smaker och h\u00e5llbara f\u00f6rpackningar.<\/p>\n<hr data-start=\"585\" data-end=\"588\" \/>\n<h3 data-start=\"590\" data-end=\"628\">Frisk spearmint med l\u00e5ngvarig kyla<\/h3>\n<p data-start=\"630\" data-end=\"678\">LOOP Fresh Spearmint Mini Hyper Strong erbjuder:<\/p>\n<ul data-start=\"680\" data-end=\"889\">\n<li data-start=\"680\" data-end=\"722\">\n<p data-start=\"682\" data-end=\"722\">\ud83c\udf3f <strong data-start=\"685\" data-end=\"722\">Fr\u00e4sch och l\u00e4tt s\u00f6t spearmintsmak<\/strong><\/p>\n<\/li>\n<li data-start=\"723\" data-end=\"762\">\n<p data-start=\"725\" data-end=\"762\">\u2744\ufe0f <strong data-start=\"728\" data-end=\"762\">Kylande effekt som varar l\u00e4nge<\/strong><\/p>\n<\/li>\n<li data-start=\"763\" data-end=\"804\">\n<p data-start=\"765\" data-end=\"804\">\u26a1 <strong data-start=\"767\" data-end=\"804\">Hyper stark nikotinhalt \u2013 25 mg\/g<\/strong><\/p>\n<\/li>\n<li data-start=\"805\" data-end=\"852\">\n<p data-start=\"807\" data-end=\"852\">\ud83d\udc5d <strong data-start=\"810\" data-end=\"852\">Mini-format f\u00f6r extra diskret passform<\/strong><\/p>\n<\/li>\n<li data-start=\"853\" data-end=\"889\">\n<p data-start=\"855\" data-end=\"889\">\ud83c\udf31 <strong data-start=\"858\" data-end=\"889\">Tobaksfri all white-portion<\/strong><\/p>\n<\/li>\n<\/ul>\n<p data-start=\"891\" data-end=\"1031\">Spearmint ger en n\u00e5got mjukare och rundare mintprofil \u00e4n klassisk peppermint, samtidigt som den levererar en tydlig och uppfriskande k\u00e4nsla.<\/p>\n<hr data-start=\"1033\" data-end=\"1036\" \/>\n<h3 data-start=\"1038\" data-end=\"1083\">Hyper stark nikotinstyrka \u2013 25 mg\/g (4\/4)<\/h3>\n<p data-start=\"1085\" data-end=\"1253\">Med en nikotinhalt p\u00e5 <strong data-start=\"1107\" data-end=\"1118\">25 mg\/g<\/strong> klassificeras LOOP Fresh Spearmint Mini Hyper Strong som <strong data-start=\"1176\" data-end=\"1197\">extra stark (4\/4)<\/strong>. Produkten \u00e4r anpassad f\u00f6r erfarna anv\u00e4ndare som s\u00f6ker:<\/p>\n<ul data-start=\"1255\" data-end=\"1340\">\n<li data-start=\"1255\" data-end=\"1294\">\n<p data-start=\"1257\" data-end=\"1294\">Snabb och kraftfull nikotinleverans<\/p>\n<\/li>\n<li data-start=\"1295\" data-end=\"1313\">\n<p data-start=\"1297\" data-end=\"1313\">H\u00f6g intensitet<\/p>\n<\/li>\n<li data-start=\"1314\" data-end=\"1340\">\n<p data-start=\"1316\" data-end=\"1340\">Stabil och j\u00e4mn effekt<\/p>\n<\/li>\n<\/ul>\n<p data-start=\"1342\" data-end=\"1433\">Den tobaksfria all white-formulan ger dessutom minimal missf\u00e4rgning och diskret anv\u00e4ndning.<\/p>\n<hr data-start=\"1435\" data-end=\"1438\" \/>\n<h3 data-start=\"1440\" data-end=\"1487\">Mini-format \u2013 Diskret och bekv\u00e4m anv\u00e4ndning<\/h3>\n<p data-start=\"1489\" data-end=\"1546\">Mini-formatet inneb\u00e4r mindre prillor \u00e4n slim, vilket ger:<\/p>\n<ul data-start=\"1548\" data-end=\"1647\">\n<li data-start=\"1548\" data-end=\"1588\">\n<p data-start=\"1550\" data-end=\"1588\">Extra diskret placering under l\u00e4ppen<\/p>\n<\/li>\n<li data-start=\"1589\" data-end=\"1608\">\n<p data-start=\"1591\" data-end=\"1608\">Bekv\u00e4m passform<\/p>\n<\/li>\n<li data-start=\"1609\" data-end=\"1629\">\n<p data-start=\"1611\" data-end=\"1629\">Mindre synlighet<\/p>\n<\/li>\n<li data-start=\"1630\" data-end=\"1647\">\n<p data-start=\"1632\" data-end=\"1647\">L\u00e5g rinnighet<\/p>\n<\/li>\n<\/ul>\n<p data-start=\"1649\" data-end=\"1730\">Varje dosa inneh\u00e5ller <strong data-start=\"1671\" data-end=\"1687\">22 portioner<\/strong> och har en totalvikt p\u00e5 cirka <strong data-start=\"1718\" data-end=\"1729\">13,75 g<\/strong>.<\/p>\n<hr data-start=\"1732\" data-end=\"1735\" \/>\n<h3 data-start=\"1737\" data-end=\"1767\">Klimatsmart dosa fr\u00e5n LOOP<\/h3>\n<p data-start=\"1769\" data-end=\"1998\">LOOP \u00e4r k\u00e4nt f\u00f6r sitt h\u00e5llbarhetsfokus. Dosan \u00e4r tillverkad av <strong data-start=\"1832\" data-end=\"1859\">100 % v\u00e4xtbaserad plast<\/strong>, vilket minskar klimatp\u00e5verkan j\u00e4mf\u00f6rt med traditionella plastdosor. Produktionen sker i Sverige med h\u00f6ga kvalitetskrav och modern teknik.<\/p>\n<hr data-start=\"2000\" data-end=\"2003\" \/>\n<h2 data-start=\"2005\" data-end=\"2061\">Produktfakta \u2013 LOOP Fresh Spearmint Mini Hyper Strong<\/h2>\n<div class=\"TyagGW_tableContainer\">\n<div class=\"group TyagGW_tableWrapper flex flex-col-reverse w-fit\" tabindex=\"-1\">\n<table class=\"w-fit min-w-(--thread-content-width)\" data-start=\"2063\" data-end=\"2372\">\n<thead data-start=\"2063\" data-end=\"2089\">\n<tr data-start=\"2063\" data-end=\"2089\">\n<th class=\"\" data-start=\"2063\" data-end=\"2074\" data-col-size=\"sm\">Egenskap<\/th>\n<th class=\"\" data-start=\"2074\" data-end=\"2089\" data-col-size=\"sm\">Information<\/th>\n<\/tr>\n<\/thead>\n<tbody data-start=\"2117\" data-end=\"2372\">\n<tr data-start=\"2117\" data-end=\"2137\">\n<td data-start=\"2117\" data-end=\"2129\" data-col-size=\"sm\">Varum\u00e4rke<\/td>\n<td data-col-size=\"sm\" data-start=\"2129\" data-end=\"2137\">LOOP<\/td>\n<\/tr>\n<tr data-start=\"2138\" data-end=\"2172\">\n<td data-start=\"2138\" data-end=\"2151\" data-col-size=\"sm\">Produkttyp<\/td>\n<td data-col-size=\"sm\" data-start=\"2151\" data-end=\"2172\">All White Portion<\/td>\n<\/tr>\n<tr data-start=\"2173\" data-end=\"2190\">\n<td data-start=\"2173\" data-end=\"2182\" data-col-size=\"sm\">Format<\/td>\n<td data-col-size=\"sm\" data-start=\"2182\" data-end=\"2190\">Mini<\/td>\n<\/tr>\n<tr data-start=\"2191\" data-end=\"2217\">\n<td data-start=\"2191\" data-end=\"2198\" data-col-size=\"sm\">Smak<\/td>\n<td data-col-size=\"sm\" data-start=\"2198\" data-end=\"2217\">Fresh Spearmint<\/td>\n<\/tr>\n<tr data-start=\"2218\" data-end=\"2255\">\n<td data-start=\"2218\" data-end=\"2234\" data-col-size=\"sm\">Nikotinstyrka<\/td>\n<td data-col-size=\"sm\" data-start=\"2234\" data-end=\"2255\">Hyper stark (4\/4)<\/td>\n<\/tr>\n<tr data-start=\"2256\" data-end=\"2281\">\n<td data-start=\"2256\" data-end=\"2270\" data-col-size=\"sm\">Nikotinhalt<\/td>\n<td data-col-size=\"sm\" data-start=\"2270\" data-end=\"2281\">25 mg\/g<\/td>\n<\/tr>\n<tr data-start=\"2282\" data-end=\"2309\">\n<td data-start=\"2282\" data-end=\"2300\" data-col-size=\"sm\">Antal portioner<\/td>\n<td data-col-size=\"sm\" data-start=\"2300\" data-end=\"2309\">22 st<\/td>\n<\/tr>\n<tr data-start=\"2310\" data-end=\"2335\">\n<td data-start=\"2310\" data-end=\"2321\" data-col-size=\"sm\">Inneh\u00e5ll<\/td>\n<td data-start=\"2321\" data-end=\"2335\" data-col-size=\"sm\">ca 13,75 g<\/td>\n<\/tr>\n<tr data-start=\"2336\" data-end=\"2372\">\n<td data-start=\"2336\" data-end=\"2348\" data-col-size=\"sm\">Producent<\/td>\n<td data-start=\"2348\" data-end=\"2372\" data-col-size=\"sm\">Another Snus Factory<\/td>\n<\/tr>\n<\/tbody>\n<\/table>\n<\/div>\n<\/div>\n<hr data-start=\"2374\" data-end=\"2377\" \/>\n<h3 data-start=\"2379\" data-end=\"2432\">K\u00f6p LOOP Fresh Spearmint Mini Hyper Strong online<\/h3>\n<p data-start=\"2434\" data-end=\"2559\">Best\u00e4ll <strong data-start=\"2442\" data-end=\"2484\">LOOP Fresh Spearmint Mini Hyper Strong<\/strong> snabbt och smidigt hos VELOOP \u2013 din specialist p\u00e5 tobaksfria nikotinp\u00e5sar.<\/p>\n<p data-start=\"2561\" data-end=\"2602\">\ud83d\udc49 <strong data-start=\"2564\" data-end=\"2579\">Handla h\u00e4r:<\/strong> <a class=\"decorated-link\" href=\"http:\/\/veloop.se\/sv\/loop\/\" target=\"_new\" rel=\"noopener\" data-start=\"2580\" data-end=\"2602\">http:\/\/veloop.se\/loop\/<\/a><\/p>\n<p data-start=\"2604\" data-end=\"2699\" data-is-last-node=\"\" data-is-only-node=\"\">Hos veloop.se hittar du hela LOOP-sortimentet med konkurrenskraftiga priser och snabb leverans.<\/p>\n<\/div>\n<\/div>\n<\/div>\n<\/div>\n<\/div>\n<\/div>\n<\/article>\n<\/div>\n<\/div>\n<\/div>\n<\/div>\n<\/div>\n<\/div>\n<\/div>\n<\/article>\n<\/div>","protected":false},"excerpt":{"rendered":"<h1 data-start=\"0\" data-end=\"89\">LOOP Fresh Spearmint Mini Hyper Strong \u2013 Extra starka nikotinp\u00e5sar med frisk spearmint<\/h1>\n<p data-start=\"91\" data-end=\"374\"><strong data-start=\"91\" data-end=\"133\">LOOP Fresh Spearmint Mini Hyper Strong<\/strong> \u00e4r ett tobaksfritt all white-snus f\u00f6r dig som vill ha <strong data-start=\"188\" data-end=\"239\">maximal nikotinstyrka i ett diskret mini-format<\/strong>. Den friska och n\u00e5got s\u00f6tare spearmintsmaken kombineras med en kraftfull nikotinhalt, vilket ger en intensiv och l\u00e5ngvarig upplevelse.<\/p>\n<p data-start=\"376\" data-end=\"583\">Produkten tillverkas av <span class=\"hover:entity-accent entity-underline inline cursor-pointer align-baseline\"><span class=\"whitespace-normal\">Another Snus Factory<\/span><\/span> och ing\u00e5r i sortimentet fr\u00e5n <span class=\"hover:entity-accent entity-underline inline cursor-pointer align-baseline\"><span class=\"whitespace-normal\">Loop<\/span><\/span> \u2013 ett svenskt varum\u00e4rke k\u00e4nt f\u00f6r innovativa smaker och h\u00e5llbara f\u00f6rpackningar.<\/p>\n<p data-start=\"2588\" data-end=\"2626\">\ud83d\udc49 <strong data-start=\"2591\" data-end=\"2603\">K\u00f6p h\u00e4r:<\/strong> <a class=\"decorated-link\" href=\"http:\/\/veloop.se\/sv\/loop\/\" target=\"_new\" rel=\"noopener\" data-start=\"2604\" data-end=\"2626\">http:\/\/veloop.se\/loop\/<\/a><\/p>\n<p data-start=\"2628\" data-end=\"2767\" data-is-last-node=\"\" data-is-only-node=\"\">Hos veloop.se hittar du ett brett sortiment av tobaksfria nikotinp\u00e5sar fr\u00e5n LOOP \u2013 alltid med snabb leverans och konkurrenskraftiga priser.<\/p>","protected":false},"featured_media":71491,"comment_status":"open","ping_status":"closed","template":"","meta":[],"product_brand":[],"product_cat":[136,388,103,137],"product_tag":[],"class_list":{"0":"post-71545","1":"product","2":"type-product","3":"status-publish","4":"has-post-thumbnail","6":"product_cat-all-whites","7":"product_cat-hyper-strong","8":"product_cat-loop","9":"product_cat-slim","11":"first","12":"instock","13":"taxable","14":"shipping-taxable","15":"purchasable","16":"product-type-variable"},"_links":{"self":[{"href":"https:\/\/veloop.se\/sv\/wp-json\/wp\/v2\/product\/71545","targetHints":{"allow":["GET"]}}],"collection":[{"href":"https:\/\/veloop.se\/sv\/wp-json\/wp\/v2\/product"}],"about":[{"href":"https:\/\/veloop.se\/sv\/wp-json\/wp\/v2\/types\/product"}],"replies":[{"embeddable":true,"href":"https:\/\/veloop.se\/sv\/wp-json\/wp\/v2\/comments?post=71545"}],"version-history":[{"count":0,"href":"https:\/\/veloop.se\/sv\/wp-json\/wp\/v2\/product\/71545\/revisions"}],"wp:featuredmedia":[{"embeddable":true,"href":"https:\/\/veloop.se\/sv\/wp-json\/wp\/v2\/media\/71491"}],"wp:attachment":[{"href":"https:\/\/veloop.se\/sv\/wp-json\/wp\/v2\/media?parent=71545"}],"wp:term":[{"taxonomy":"product_brand","embeddable":true,"href":"https:\/\/veloop.se\/sv\/wp-json\/wp\/v2\/product_brand?post=71545"},{"taxonomy":"product_cat","embeddable":true,"href":"https:\/\/veloop.se\/sv\/wp-json\/wp\/v2\/product_cat?post=71545"},{"taxonomy":"product_tag","embeddable":true,"href":"https:\/\/veloop.se\/sv\/wp-json\/wp\/v2\/product_tag?post=71545"}],"curies":[{"name":"wp","href":"https:\/\/api.w.org\/{rel}","templated":true}]}}