{"id":71525,"date":"2026-02-24T11:22:38","date_gmt":"2026-02-24T11:22:38","guid":{"rendered":"https:\/\/veloop.se\/?post_type=product&#038;p=71525"},"modified":"2026-02-24T11:26:20","modified_gmt":"2026-02-24T11:26:20","slug":"loop-cool-mint-zero","status":"publish","type":"product","link":"https:\/\/veloop.se\/sv\/produkt\/loop-cool-mint-zero\/","title":{"rendered":"LOOP Cool Mint Zero"},"content":{"rendered":"<h2><img decoding=\"async\" src=\"https:\/\/v3-media-se.snusbolaget.se\/sesnusbo\/files\/warninglabels\/NicotineWarningLabel_ProductListPage_Desktop.svg\" alt=\"18 \u00e5rsgr\u00e4ns\" \/><\/h2>\n<h1 data-start=\"0\" data-end=\"80\">LOOP Cool Mint Zero \u2013 Tobaksfria nikotinp\u00e5sar utan nikotin med frisk mintsmak<\/h1>\n<p data-start=\"82\" data-end=\"390\"><strong data-start=\"82\" data-end=\"105\">LOOP Cool Mint Zero<\/strong> \u00e4r ett tobaksfritt och nikotinfritt all white-alternativ f\u00f6r dig som vill njuta av <strong data-start=\"189\" data-end=\"245\">en intensiv och kylande mintsmak \u2013 helt utan nikotin<\/strong>. Produkten passar perfekt f\u00f6r dig som vill trappa ner eller helt undvika nikotin men \u00e4nd\u00e5 beh\u00e5lla k\u00e4nslan och smaken av en klassisk mintportion.<\/p>\n<p data-start=\"392\" data-end=\"600\">Produkten tillverkas av <span class=\"hover:entity-accent entity-underline inline cursor-pointer align-baseline\"><span class=\"whitespace-normal\">Another Snus Factory<\/span><\/span> och ing\u00e5r i sortimentet fr\u00e5n <span class=\"hover:entity-accent entity-underline inline cursor-pointer align-baseline\"><span class=\"whitespace-normal\">Loop<\/span><\/span> \u2013 ett svenskt varum\u00e4rke med fokus p\u00e5 smakinnovation och h\u00e5llbara f\u00f6rpackningar.<\/p>\n<hr data-start=\"602\" data-end=\"605\" \/>\n<h3 data-start=\"607\" data-end=\"643\">Frisk och kylande Cool Mint-smak<\/h3>\n<p data-start=\"645\" data-end=\"674\">LOOP Cool Mint Zero erbjuder:<\/p>\n<ul data-start=\"676\" data-end=\"887\">\n<li data-start=\"676\" data-end=\"719\">\n<p data-start=\"678\" data-end=\"719\">\u2744\ufe0f <strong data-start=\"681\" data-end=\"719\">Intensiv och uppfriskande mintsmak<\/strong><\/p>\n<\/li>\n<li data-start=\"720\" data-end=\"766\">\n<p data-start=\"722\" data-end=\"766\">\ud83c\udf3f <strong data-start=\"725\" data-end=\"766\">Kylande effekt med l\u00e5ngvarig fr\u00e4sch\u00f6r<\/strong><\/p>\n<\/li>\n<li data-start=\"767\" data-end=\"808\">\n<p data-start=\"769\" data-end=\"808\">\ud83d\udeab <strong data-start=\"772\" data-end=\"808\">0 mg\/g nikotin \u2013 helt nikotinfri<\/strong><\/p>\n<\/li>\n<li data-start=\"809\" data-end=\"850\">\n<p data-start=\"811\" data-end=\"850\">\ud83d\udc5d <strong data-start=\"814\" data-end=\"850\">Slim-format f\u00f6r diskret passform<\/strong><\/p>\n<\/li>\n<li data-start=\"851\" data-end=\"887\">\n<p data-start=\"853\" data-end=\"887\">\ud83c\udf31 <strong data-start=\"856\" data-end=\"887\">Tobaksfri all white-portion<\/strong><\/p>\n<\/li>\n<\/ul>\n<p data-start=\"889\" data-end=\"986\">Smaken frig\u00f6rs gradvis och ger en <strong data-start=\"923\" data-end=\"965\">ren och fr\u00e4sch k\u00e4nsla under l\u00e4ngre tid<\/strong>, utan nikotineffekt.<\/p>\n<hr data-start=\"988\" data-end=\"991\" \/>\n<h3 data-start=\"993\" data-end=\"1023\">Helt utan nikotin \u2013 0 mg\/g<\/h3>\n<p data-start=\"1025\" data-end=\"1109\">LOOP Cool Mint Zero inneh\u00e5ller <strong data-start=\"1056\" data-end=\"1074\">0 mg\/g nikotin<\/strong> och \u00e4r ett utm\u00e4rkt alternativ f\u00f6r:<\/p>\n<ul data-start=\"1111\" data-end=\"1257\">\n<li data-start=\"1111\" data-end=\"1152\">\n<p data-start=\"1113\" data-end=\"1152\">Dig som vill minska ditt nikotinintag<\/p>\n<\/li>\n<li data-start=\"1153\" data-end=\"1187\">\n<p data-start=\"1155\" data-end=\"1187\">Dig som vill sluta med nikotin<\/p>\n<\/li>\n<li data-start=\"1188\" data-end=\"1257\">\n<p data-start=\"1190\" data-end=\"1257\">Dig som uppskattar smaken och k\u00e4nslan av all white \u2013 utan nikotin<\/p>\n<\/li>\n<\/ul>\n<p data-start=\"1259\" data-end=\"1386\">Den moderna all white-formulan ger samma diskreta anv\u00e4ndning och minimala missf\u00e4rgning som \u00f6vriga produkter i LOOP-sortimentet.<\/p>\n<hr data-start=\"1388\" data-end=\"1391\" \/>\n<h3 data-start=\"1393\" data-end=\"1430\">Slim-format \u2013 Diskret och bekv\u00e4mt<\/h3>\n<p data-start=\"1432\" data-end=\"1483\">Prillorna kommer i <strong data-start=\"1451\" data-end=\"1466\">slim-format<\/strong>, vilket inneb\u00e4r:<\/p>\n<ul data-start=\"1485\" data-end=\"1580\">\n<li data-start=\"1485\" data-end=\"1506\">\n<p data-start=\"1487\" data-end=\"1506\">Smalare portioner<\/p>\n<\/li>\n<li data-start=\"1507\" data-end=\"1539\">\n<p data-start=\"1509\" data-end=\"1539\">Bekv\u00e4m passform under l\u00e4ppen<\/p>\n<\/li>\n<li data-start=\"1540\" data-end=\"1562\">\n<p data-start=\"1542\" data-end=\"1562\">Diskret anv\u00e4ndning<\/p>\n<\/li>\n<li data-start=\"1563\" data-end=\"1580\">\n<p data-start=\"1565\" data-end=\"1580\">L\u00e5g rinnighet<\/p>\n<\/li>\n<\/ul>\n<p data-start=\"1582\" data-end=\"1663\">Varje dosa inneh\u00e5ller <strong data-start=\"1604\" data-end=\"1620\">22 portioner<\/strong> och har en totalvikt p\u00e5 cirka <strong data-start=\"1651\" data-end=\"1662\">13,75 g<\/strong>.<\/p>\n<hr data-start=\"1665\" data-end=\"1668\" \/>\n<h3 data-start=\"1670\" data-end=\"1700\">Klimatsmart dosa fr\u00e5n LOOP<\/h3>\n<p data-start=\"1702\" data-end=\"1932\">LOOP \u00e4r k\u00e4nt f\u00f6r sitt h\u00e5llbarhetsarbete. Dosan \u00e4r tillverkad av <strong data-start=\"1766\" data-end=\"1787\">v\u00e4xtbaserad plast<\/strong>, vilket minskar klimatp\u00e5verkan j\u00e4mf\u00f6rt med traditionella plastdosor. Produktionen sker i Sverige med h\u00f6ga kvalitetskrav och modern tillverkning.<\/p>\n<hr data-start=\"1934\" data-end=\"1937\" \/>\n<h2 data-start=\"1939\" data-end=\"1976\">Produktfakta \u2013 LOOP Cool Mint Zero<\/h2>\n<div class=\"TyagGW_tableContainer\">\n<div class=\"group TyagGW_tableWrapper flex flex-col-reverse w-fit\" tabindex=\"-1\">\n<table class=\"w-fit min-w-(--thread-content-width)\" data-start=\"1978\" data-end=\"2255\">\n<thead data-start=\"1978\" data-end=\"2004\">\n<tr data-start=\"1978\" data-end=\"2004\">\n<th class=\"\" data-start=\"1978\" data-end=\"1989\" data-col-size=\"sm\">Egenskap<\/th>\n<th class=\"\" data-start=\"1989\" data-end=\"2004\" data-col-size=\"sm\">Information<\/th>\n<\/tr>\n<\/thead>\n<tbody data-start=\"2032\" data-end=\"2255\">\n<tr data-start=\"2032\" data-end=\"2052\">\n<td data-start=\"2032\" data-end=\"2044\" data-col-size=\"sm\">Varum\u00e4rke<\/td>\n<td data-start=\"2044\" data-end=\"2052\" data-col-size=\"sm\">LOOP<\/td>\n<\/tr>\n<tr data-start=\"2053\" data-end=\"2100\">\n<td data-start=\"2053\" data-end=\"2066\" data-col-size=\"sm\">Produkttyp<\/td>\n<td data-start=\"2066\" data-end=\"2100\" data-col-size=\"sm\">All White Portion (nikotinfri)<\/td>\n<\/tr>\n<tr data-start=\"2101\" data-end=\"2118\">\n<td data-start=\"2101\" data-end=\"2110\" data-col-size=\"sm\">Format<\/td>\n<td data-start=\"2110\" data-end=\"2118\" data-col-size=\"sm\">Slim<\/td>\n<\/tr>\n<tr data-start=\"2119\" data-end=\"2139\">\n<td data-start=\"2119\" data-end=\"2126\" data-col-size=\"sm\">Smak<\/td>\n<td data-start=\"2126\" data-end=\"2139\" data-col-size=\"sm\">Cool Mint<\/td>\n<\/tr>\n<tr data-start=\"2140\" data-end=\"2164\">\n<td data-start=\"2140\" data-end=\"2154\" data-col-size=\"sm\">Nikotinhalt<\/td>\n<td data-start=\"2154\" data-end=\"2164\" data-col-size=\"sm\">0 mg\/g<\/td>\n<\/tr>\n<tr data-start=\"2165\" data-end=\"2192\">\n<td data-start=\"2165\" data-end=\"2183\" data-col-size=\"sm\">Antal portioner<\/td>\n<td data-start=\"2183\" data-end=\"2192\" data-col-size=\"sm\">22 st<\/td>\n<\/tr>\n<tr data-start=\"2193\" data-end=\"2218\">\n<td data-start=\"2193\" data-end=\"2204\" data-col-size=\"sm\">Inneh\u00e5ll<\/td>\n<td data-start=\"2204\" data-end=\"2218\" data-col-size=\"sm\">ca 13,75 g<\/td>\n<\/tr>\n<tr data-start=\"2219\" data-end=\"2255\">\n<td data-start=\"2219\" data-end=\"2231\" data-col-size=\"sm\">Producent<\/td>\n<td data-start=\"2231\" data-end=\"2255\" data-col-size=\"sm\">Another Snus Factory<\/td>\n<\/tr>\n<\/tbody>\n<\/table>\n<\/div>\n<\/div>\n<hr data-start=\"2257\" data-end=\"2260\" \/>\n<h3 data-start=\"2262\" data-end=\"2296\">K\u00f6p LOOP Cool Mint Zero online<\/h3>\n<p data-start=\"2298\" data-end=\"2403\">Best\u00e4ll <strong data-start=\"2306\" data-end=\"2329\">LOOP Cool Mint Zero<\/strong> snabbt och enkelt hos VELOOP \u2013 din specialist p\u00e5 tobaksfria nikotinp\u00e5sar.<\/p>\n<p data-start=\"2405\" data-end=\"2461\">\ud83d\udc49 <strong data-start=\"2408\" data-end=\"2438\">Klicka h\u00e4r f\u00f6r att handla:<\/strong> <a class=\"decorated-link\" href=\"http:\/\/veloop.se\/sv\/loop\/\" target=\"_new\" rel=\"noopener\" data-start=\"2439\" data-end=\"2461\">http:\/\/veloop.se\/loop\/<\/a><\/p>\n<p data-start=\"2463\" data-end=\"2612\" data-is-last-node=\"\" data-is-only-node=\"\">Hos veloop.se hittar du ett brett sortiment av LOOP nikotinp\u00e5sar \u2013 b\u00e5de med och utan nikotin \u2013 till konkurrenskraftiga priser och med snabb leverans.<\/p>","protected":false},"excerpt":{"rendered":"<h1 data-start=\"0\" data-end=\"80\">LOOP Cool Mint Zero \u2013 Tobaksfria nikotinp\u00e5sar utan nikotin med frisk mintsmak<\/h1>\n<p data-start=\"82\" data-end=\"390\"><strong data-start=\"82\" data-end=\"105\">LOOP Cool Mint Zero<\/strong> \u00e4r ett tobaksfritt och nikotinfritt all white-alternativ f\u00f6r dig som vill njuta av <strong data-start=\"189\" data-end=\"245\">en intensiv och kylande mintsmak \u2013 helt utan nikotin<\/strong>. Produkten passar perfekt f\u00f6r dig som vill trappa ner eller helt undvika nikotin men \u00e4nd\u00e5 beh\u00e5lla k\u00e4nslan och smaken av en klassisk mintportion.<\/p>\n<p data-start=\"392\" data-end=\"600\">Produkten tillverkas av <span class=\"hover:entity-accent entity-underline inline cursor-pointer align-baseline\"><span class=\"whitespace-normal\">Another Snus Factory<\/span><\/span> och ing\u00e5r i sortimentet fr\u00e5n <span class=\"hover:entity-accent entity-underline inline cursor-pointer align-baseline\"><span class=\"whitespace-normal\">Loop<\/span><\/span> \u2013 ett svenskt varum\u00e4rke med fokus p\u00e5 smakinnovation och h\u00e5llbara f\u00f6rpackningar.<\/p>\n<p data-start=\"2588\" data-end=\"2626\">\ud83d\udc49 <strong data-start=\"2591\" data-end=\"2603\">K\u00f6p h\u00e4r:<\/strong> <a class=\"decorated-link\" href=\"http:\/\/veloop.se\/sv\/loop\/\" target=\"_new\" rel=\"noopener\" data-start=\"2604\" data-end=\"2626\">http:\/\/veloop.se\/loop\/<\/a><\/p>\n<p data-start=\"2628\" data-end=\"2767\" data-is-last-node=\"\" data-is-only-node=\"\">Hos veloop.se hittar du ett brett sortiment av tobaksfria nikotinp\u00e5sar fr\u00e5n LOOP \u2013 alltid med snabb leverans och konkurrenskraftiga priser.<\/p>","protected":false},"featured_media":71480,"comment_status":"open","ping_status":"closed","template":"","meta":[],"product_brand":[],"product_cat":[136,388,103,137],"product_tag":[],"class_list":{"0":"post-71525","1":"product","2":"type-product","3":"status-publish","4":"has-post-thumbnail","6":"product_cat-all-whites","7":"product_cat-hyper-strong","8":"product_cat-loop","9":"product_cat-slim","11":"first","12":"instock","13":"taxable","14":"shipping-taxable","15":"purchasable","16":"product-type-variable"},"_links":{"self":[{"href":"https:\/\/veloop.se\/sv\/wp-json\/wp\/v2\/product\/71525","targetHints":{"allow":["GET"]}}],"collection":[{"href":"https:\/\/veloop.se\/sv\/wp-json\/wp\/v2\/product"}],"about":[{"href":"https:\/\/veloop.se\/sv\/wp-json\/wp\/v2\/types\/product"}],"replies":[{"embeddable":true,"href":"https:\/\/veloop.se\/sv\/wp-json\/wp\/v2\/comments?post=71525"}],"version-history":[{"count":0,"href":"https:\/\/veloop.se\/sv\/wp-json\/wp\/v2\/product\/71525\/revisions"}],"wp:featuredmedia":[{"embeddable":true,"href":"https:\/\/veloop.se\/sv\/wp-json\/wp\/v2\/media\/71480"}],"wp:attachment":[{"href":"https:\/\/veloop.se\/sv\/wp-json\/wp\/v2\/media?parent=71525"}],"wp:term":[{"taxonomy":"product_brand","embeddable":true,"href":"https:\/\/veloop.se\/sv\/wp-json\/wp\/v2\/product_brand?post=71525"},{"taxonomy":"product_cat","embeddable":true,"href":"https:\/\/veloop.se\/sv\/wp-json\/wp\/v2\/product_cat?post=71525"},{"taxonomy":"product_tag","embeddable":true,"href":"https:\/\/veloop.se\/sv\/wp-json\/wp\/v2\/product_tag?post=71525"}],"curies":[{"name":"wp","href":"https:\/\/api.w.org\/{rel}","templated":true}]}}