{"id":71519,"date":"2026-02-24T11:12:42","date_gmt":"2026-02-24T11:12:42","guid":{"rendered":"https:\/\/veloop.se\/?post_type=product&#038;p=71519"},"modified":"2026-02-24T11:21:35","modified_gmt":"2026-02-24T11:21:35","slug":"loop-creamy-cappuccino-mini","status":"publish","type":"product","link":"https:\/\/veloop.se\/sv\/produkt\/loop-creamy-cappuccino-mini\/","title":{"rendered":"LOOP Creamy Cappuccino Mini"},"content":{"rendered":"<h2><img decoding=\"async\" src=\"https:\/\/v3-media-se.snusbolaget.se\/sesnusbo\/files\/warninglabels\/NicotineWarningLabel_ProductListPage_Desktop.svg\" alt=\"18 \u00e5rsgr\u00e4ns\" \/><\/h2>\n<div class=\"flex flex-col text-sm pb-25\">\n<article class=\"text-token-text-primary w-full focus:outline-none [--shadow-height:45px] has-data-writing-block:pointer-events-none has-data-writing-block:-mt-(--shadow-height) has-data-writing-block:pt-(--shadow-height) [&amp;:has([data-writing-block])&gt;*]:pointer-events-auto scroll-mt-[calc(var(--header-height)+min(200px,max(70px,20svh)))]\" dir=\"auto\" tabindex=\"-1\" data-turn-id=\"request-WEB:1b5e9b3e-dcb9-45f5-a199-41dd36805484-1\" data-testid=\"conversation-turn-4\" data-scroll-anchor=\"true\" data-turn=\"assistant\">\n<div class=\"text-base my-auto mx-auto pb-10 [--thread-content-margin:--spacing(4)] @w-sm\/main:[--thread-content-margin:--spacing(6)] @w-lg\/main:[--thread-content-margin:--spacing(16)] px-(--thread-content-margin)\">\n<div class=\"[--thread-content-max-width:40rem] @w-lg\/main:[--thread-content-max-width:48rem] mx-auto max-w-(--thread-content-max-width) flex-1 group\/turn-messages focus-visible:outline-hidden relative flex w-full min-w-0 flex-col agent-turn\" tabindex=\"-1\">\n<div class=\"flex max-w-full flex-col grow\">\n<div class=\"min-h-8 text-message relative flex w-full flex-col items-end gap-2 text-start break-words whitespace-normal [.text-message+&amp;]:mt-1\" dir=\"auto\" data-message-author-role=\"assistant\" data-message-id=\"3c375630-3aab-4a27-8c30-a60c83047b86\" data-message-model-slug=\"gpt-5-2\">\n<div class=\"flex w-full flex-col gap-1 empty:hidden first:pt-[1px]\">\n<div class=\"markdown prose dark:prose-invert w-full wrap-break-word light markdown-new-styling\">\n<div class=\"flex flex-col text-sm pb-25\">\n<article class=\"text-token-text-primary w-full focus:outline-none [--shadow-height:45px] has-data-writing-block:pointer-events-none has-data-writing-block:-mt-(--shadow-height) has-data-writing-block:pt-(--shadow-height) [&amp;:has([data-writing-block])&gt;*]:pointer-events-auto scroll-mt-[calc(var(--header-height)+min(200px,max(70px,20svh)))]\" dir=\"auto\" tabindex=\"-1\" data-turn-id=\"request-WEB:1b5e9b3e-dcb9-45f5-a199-41dd36805484-1\" data-testid=\"conversation-turn-4\" data-scroll-anchor=\"true\" data-turn=\"assistant\">\n<div class=\"text-base my-auto mx-auto pb-10 [--thread-content-margin:--spacing(4)] @w-sm\/main:[--thread-content-margin:--spacing(6)] @w-lg\/main:[--thread-content-margin:--spacing(16)] px-(--thread-content-margin)\">\n<div class=\"[--thread-content-max-width:40rem] @w-lg\/main:[--thread-content-max-width:48rem] mx-auto max-w-(--thread-content-max-width) flex-1 group\/turn-messages focus-visible:outline-hidden relative flex w-full min-w-0 flex-col agent-turn\" tabindex=\"-1\">\n<div class=\"flex max-w-full flex-col grow\">\n<div class=\"min-h-8 text-message relative flex w-full flex-col items-end gap-2 text-start break-words whitespace-normal [.text-message+&amp;]:mt-1\" dir=\"auto\" data-message-author-role=\"assistant\" data-message-id=\"3c375630-3aab-4a27-8c30-a60c83047b86\" data-message-model-slug=\"gpt-5-2\">\n<div class=\"flex w-full flex-col gap-1 empty:hidden first:pt-[1px]\">\n<div class=\"markdown prose dark:prose-invert w-full wrap-break-word light markdown-new-styling\">\n<div class=\"flex flex-col text-sm pb-25\">\n<article class=\"text-token-text-primary w-full focus:outline-none [--shadow-height:45px] has-data-writing-block:pointer-events-none has-data-writing-block:-mt-(--shadow-height) has-data-writing-block:pt-(--shadow-height) [&amp;:has([data-writing-block])&gt;*]:pointer-events-auto scroll-mt-[calc(var(--header-height)+min(200px,max(70px,20svh)))]\" dir=\"auto\" tabindex=\"-1\" data-turn-id=\"request-WEB:1b5e9b3e-dcb9-45f5-a199-41dd36805484-3\" data-testid=\"conversation-turn-8\" data-scroll-anchor=\"true\" data-turn=\"assistant\">\n<div class=\"text-base my-auto mx-auto pb-10 [--thread-content-margin:--spacing(4)] @w-sm\/main:[--thread-content-margin:--spacing(6)] @w-lg\/main:[--thread-content-margin:--spacing(16)] px-(--thread-content-margin)\">\n<div class=\"[--thread-content-max-width:40rem] @w-lg\/main:[--thread-content-max-width:48rem] mx-auto max-w-(--thread-content-max-width) flex-1 group\/turn-messages focus-visible:outline-hidden relative flex w-full min-w-0 flex-col agent-turn\" tabindex=\"-1\">\n<div class=\"flex max-w-full flex-col grow\">\n<div class=\"min-h-8 text-message relative flex w-full flex-col items-end gap-2 text-start break-words whitespace-normal [.text-message+&amp;]:mt-1\" dir=\"auto\" data-message-author-role=\"assistant\" data-message-id=\"acd882d0-8001-4494-9deb-2b739eae3718\" data-message-model-slug=\"gpt-5-2\">\n<div class=\"flex w-full flex-col gap-1 empty:hidden first:pt-[1px]\">\n<div class=\"markdown prose dark:prose-invert w-full wrap-break-word light markdown-new-styling\">\n<div class=\"flex flex-col text-sm pb-25\">\n<article class=\"text-token-text-primary w-full focus:outline-none [--shadow-height:45px] has-data-writing-block:pointer-events-none has-data-writing-block:-mt-(--shadow-height) has-data-writing-block:pt-(--shadow-height) [&amp;:has([data-writing-block])&gt;*]:pointer-events-auto scroll-mt-[calc(var(--header-height)+min(200px,max(70px,20svh)))]\" dir=\"auto\" tabindex=\"-1\" data-turn-id=\"request-WEB:1b5e9b3e-dcb9-45f5-a199-41dd36805484-4\" data-testid=\"conversation-turn-10\" data-scroll-anchor=\"true\" data-turn=\"assistant\">\n<div class=\"text-base my-auto mx-auto pb-10 [--thread-content-margin:--spacing(4)] @w-sm\/main:[--thread-content-margin:--spacing(6)] @w-lg\/main:[--thread-content-margin:--spacing(16)] px-(--thread-content-margin)\">\n<div class=\"[--thread-content-max-width:40rem] @w-lg\/main:[--thread-content-max-width:48rem] mx-auto max-w-(--thread-content-max-width) flex-1 group\/turn-messages focus-visible:outline-hidden relative flex w-full min-w-0 flex-col agent-turn\" tabindex=\"-1\">\n<div class=\"flex max-w-full flex-col grow\">\n<div class=\"min-h-8 text-message relative flex w-full flex-col items-end gap-2 text-start break-words whitespace-normal [.text-message+&amp;]:mt-1\" dir=\"auto\" data-message-author-role=\"assistant\" data-message-id=\"fb38a0d1-f9b0-4ca0-8476-6d8c811de0b3\" data-message-model-slug=\"gpt-5-2\">\n<div class=\"flex w-full flex-col gap-1 empty:hidden first:pt-[1px]\">\n<div class=\"markdown prose dark:prose-invert w-full wrap-break-word light markdown-new-styling\">\n<article class=\"text-token-text-primary w-full focus:outline-none [--shadow-height:45px] has-data-writing-block:pointer-events-none has-data-writing-block:-mt-(--shadow-height) has-data-writing-block:pt-(--shadow-height) [&amp;:has([data-writing-block])&gt;*]:pointer-events-auto scroll-mt-(--header-height)\" dir=\"auto\" tabindex=\"-1\" data-turn-id=\"66c52806-a132-4c56-8185-403693156a6e\" data-testid=\"conversation-turn-11\" data-scroll-anchor=\"false\" data-turn=\"user\"><\/article>\n<article class=\"text-token-text-primary w-full focus:outline-none [--shadow-height:45px] has-data-writing-block:pointer-events-none has-data-writing-block:-mt-(--shadow-height) has-data-writing-block:pt-(--shadow-height) [&amp;:has([data-writing-block])&gt;*]:pointer-events-auto scroll-mt-[calc(var(--header-height)+min(200px,max(70px,20svh)))]\" dir=\"auto\" tabindex=\"-1\" data-turn-id=\"request-WEB:1b5e9b3e-dcb9-45f5-a199-41dd36805484-5\" data-testid=\"conversation-turn-12\" data-scroll-anchor=\"true\" data-turn=\"assistant\">\n<div class=\"text-base my-auto mx-auto pb-10 [--thread-content-margin:--spacing(4)] @w-sm\/main:[--thread-content-margin:--spacing(6)] @w-lg\/main:[--thread-content-margin:--spacing(16)] px-(--thread-content-margin)\">\n<div class=\"[--thread-content-max-width:40rem] @w-lg\/main:[--thread-content-max-width:48rem] mx-auto max-w-(--thread-content-max-width) flex-1 group\/turn-messages focus-visible:outline-hidden relative flex w-full min-w-0 flex-col agent-turn\" tabindex=\"-1\">\n<div class=\"flex max-w-full flex-col grow\">\n<div class=\"min-h-8 text-message relative flex w-full flex-col items-end gap-2 text-start break-words whitespace-normal [.text-message+&amp;]:mt-1\" dir=\"auto\" data-message-author-role=\"assistant\" data-message-id=\"67a26e6f-cf52-4bba-84d3-275dbe8e7701\" data-message-model-slug=\"gpt-5-2\">\n<div class=\"flex w-full flex-col gap-1 empty:hidden first:pt-[1px]\">\n<div class=\"markdown prose dark:prose-invert w-full wrap-break-word light markdown-new-styling\">\n<h1 data-start=\"0\" data-end=\"96\">LOOP Creamy Cappuccino Mini \u2013 Tobaksfria nikotinp\u00e5sar med kr\u00e4mig cappuccinosmak i mini-format<\/h1>\n<p data-start=\"98\" data-end=\"383\"><strong data-start=\"98\" data-end=\"129\">LOOP Creamy Cappuccino Mini<\/strong> \u00e4r ett tobaksfritt all white-snus f\u00f6r dig som vill ha <strong data-start=\"184\" data-end=\"255\">mildare styrka kombinerat med en rund och kr\u00e4mig smak av cappuccino<\/strong>. Denna variant passar perfekt f\u00f6r anv\u00e4ndare som f\u00f6redrar ett mindre format med diskret passform och balanserad nikotinleverans.<\/p>\n<p data-start=\"385\" data-end=\"592\">Produkten tillverkas av <span class=\"hover:entity-accent entity-underline inline cursor-pointer align-baseline\"><span class=\"whitespace-normal\">Another Snus Factory<\/span><\/span> och ing\u00e5r i sortimentet fr\u00e5n <span class=\"hover:entity-accent entity-underline inline cursor-pointer align-baseline\"><span class=\"whitespace-normal\">Loop<\/span><\/span> \u2013 ett svenskt varum\u00e4rke k\u00e4nt f\u00f6r innovativa smaker och h\u00e5llbara f\u00f6rpackningar.<\/p>\n<hr data-start=\"594\" data-end=\"597\" \/>\n<h3 data-start=\"599\" data-end=\"641\">Kr\u00e4mig cappuccino med mjuka kaffetoner<\/h3>\n<p data-start=\"643\" data-end=\"680\">LOOP Creamy Cappuccino Mini erbjuder:<\/p>\n<ul data-start=\"682\" data-end=\"887\">\n<li data-start=\"682\" data-end=\"724\">\n<p data-start=\"684\" data-end=\"724\">\u2615 <strong data-start=\"686\" data-end=\"724\">Fyllig och rund smak av cappuccino<\/strong><\/p>\n<\/li>\n<li data-start=\"725\" data-end=\"767\">\n<p data-start=\"727\" data-end=\"767\">\ud83e\udd5b <strong data-start=\"730\" data-end=\"767\">Kr\u00e4miga undertoner med l\u00e4tt s\u00f6tma<\/strong><\/p>\n<\/li>\n<li data-start=\"768\" data-end=\"800\">\n<p data-start=\"770\" data-end=\"800\">\u26a1 <strong data-start=\"772\" data-end=\"800\">Balanserad nikotinstyrka<\/strong><\/p>\n<\/li>\n<li data-start=\"801\" data-end=\"850\">\n<p data-start=\"803\" data-end=\"850\">\ud83d\udc5d <strong data-start=\"806\" data-end=\"850\">Mini-format f\u00f6r extra diskret anv\u00e4ndning<\/strong><\/p>\n<\/li>\n<li data-start=\"851\" data-end=\"887\">\n<p data-start=\"853\" data-end=\"887\">\ud83c\udf31 <strong data-start=\"856\" data-end=\"887\">Tobaksfri all white-portion<\/strong><\/p>\n<\/li>\n<\/ul>\n<p data-start=\"889\" data-end=\"1051\">Smaken \u00e4r mjuk och v\u00e4lbalanserad, vilket g\u00f6r den till ett utm\u00e4rkt alternativ f\u00f6r dig som s\u00f6ker en <strong data-start=\"987\" data-end=\"1050\">kaffeinspirerad nikotinp\u00e5se utan mint eller fruktiga inslag<\/strong>.<\/p>\n<hr data-start=\"1053\" data-end=\"1056\" \/>\n<h3 data-start=\"1058\" data-end=\"1113\">Balanserad nikotinstyrka \u2013 Perfekt f\u00f6r dagligt bruk<\/h3>\n<p data-start=\"1115\" data-end=\"1320\">LOOP Creamy Cappuccino Mini klassificeras som <strong data-start=\"1161\" data-end=\"1209\">Normal till Strong (2\u20133\/4 beroende p\u00e5 batch)<\/strong> och passar b\u00e5de nya och vana anv\u00e4ndare som vill ha en stabil och j\u00e4mn nikotinleverans utan hyper stark effekt.<\/p>\n<p data-start=\"1322\" data-end=\"1360\">Den tobaksfria all white-formulan ger:<\/p>\n<ul data-start=\"1362\" data-end=\"1458\">\n<li data-start=\"1362\" data-end=\"1386\">\n<p data-start=\"1364\" data-end=\"1386\">Minimal missf\u00e4rgning<\/p>\n<\/li>\n<li data-start=\"1387\" data-end=\"1409\">\n<p data-start=\"1389\" data-end=\"1409\">Diskret anv\u00e4ndning<\/p>\n<\/li>\n<li data-start=\"1410\" data-end=\"1458\">\n<p data-start=\"1412\" data-end=\"1458\">J\u00e4mn och kontrollerad fris\u00e4ttning av nikotin<\/p>\n<\/li>\n<\/ul>\n<hr data-start=\"1460\" data-end=\"1463\" \/>\n<h3 data-start=\"1465\" data-end=\"1514\">Mini-format \u2013 Mindre prillor, maximal komfort<\/h3>\n<p data-start=\"1516\" data-end=\"1584\">Mini-formatet inneb\u00e4r mindre portioner j\u00e4mf\u00f6rt med slim, vilket ger:<\/p>\n<ul data-start=\"1586\" data-end=\"1685\">\n<li data-start=\"1586\" data-end=\"1626\">\n<p data-start=\"1588\" data-end=\"1626\">Extra diskret placering under l\u00e4ppen<\/p>\n<\/li>\n<li data-start=\"1627\" data-end=\"1646\">\n<p data-start=\"1629\" data-end=\"1646\">Bekv\u00e4m passform<\/p>\n<\/li>\n<li data-start=\"1647\" data-end=\"1667\">\n<p data-start=\"1649\" data-end=\"1667\">Mindre synlighet<\/p>\n<\/li>\n<li data-start=\"1668\" data-end=\"1685\">\n<p data-start=\"1670\" data-end=\"1685\">L\u00e5g rinnighet<\/p>\n<\/li>\n<\/ul>\n<p data-start=\"1687\" data-end=\"1768\">Varje dosa inneh\u00e5ller <strong data-start=\"1709\" data-end=\"1725\">22 portioner<\/strong> och har en totalvikt p\u00e5 cirka <strong data-start=\"1756\" data-end=\"1767\">13,75 g<\/strong>.<\/p>\n<hr data-start=\"1770\" data-end=\"1773\" \/>\n<h3 data-start=\"1775\" data-end=\"1811\">H\u00e5llbar dosa och svensk kvalitet<\/h3>\n<p data-start=\"1813\" data-end=\"2043\">LOOP \u00e4r k\u00e4nt f\u00f6r sitt klimatsmarta fokus. Dosan \u00e4r tillverkad av <strong data-start=\"1878\" data-end=\"1899\">v\u00e4xtbaserad plast<\/strong>, vilket minskar klimatp\u00e5verkan j\u00e4mf\u00f6rt med traditionella plastalternativ. Produktionen sker i Sverige med h\u00f6ga kvalitetskrav och modern teknik.<\/p>\n<hr data-start=\"2045\" data-end=\"2048\" \/>\n<h2 data-start=\"2050\" data-end=\"2095\">Produktfakta \u2013 LOOP Creamy Cappuccino Mini<\/h2>\n<div class=\"TyagGW_tableContainer\">\n<div class=\"group TyagGW_tableWrapper flex flex-col-reverse w-fit\" tabindex=\"-1\">\n<table class=\"w-fit min-w-(--thread-content-width)\" data-start=\"2097\" data-end=\"2380\">\n<thead data-start=\"2097\" data-end=\"2123\">\n<tr data-start=\"2097\" data-end=\"2123\">\n<th class=\"\" data-start=\"2097\" data-end=\"2108\" data-col-size=\"sm\">Egenskap<\/th>\n<th class=\"\" data-start=\"2108\" data-end=\"2123\" data-col-size=\"sm\">Information<\/th>\n<\/tr>\n<\/thead>\n<tbody data-start=\"2151\" data-end=\"2380\">\n<tr data-start=\"2151\" data-end=\"2171\">\n<td data-start=\"2151\" data-end=\"2163\" data-col-size=\"sm\">Varum\u00e4rke<\/td>\n<td data-col-size=\"sm\" data-start=\"2163\" data-end=\"2171\">LOOP<\/td>\n<\/tr>\n<tr data-start=\"2172\" data-end=\"2206\">\n<td data-start=\"2172\" data-end=\"2185\" data-col-size=\"sm\">Produkttyp<\/td>\n<td data-col-size=\"sm\" data-start=\"2185\" data-end=\"2206\">All White Portion<\/td>\n<\/tr>\n<tr data-start=\"2207\" data-end=\"2224\">\n<td data-start=\"2207\" data-end=\"2216\" data-col-size=\"sm\">Format<\/td>\n<td data-col-size=\"sm\" data-start=\"2216\" data-end=\"2224\">Mini<\/td>\n<\/tr>\n<tr data-start=\"2225\" data-end=\"2253\">\n<td data-start=\"2225\" data-end=\"2232\" data-col-size=\"sm\">Smak<\/td>\n<td data-start=\"2232\" data-end=\"2253\" data-col-size=\"sm\">Creamy Cappuccino<\/td>\n<\/tr>\n<tr data-start=\"2254\" data-end=\"2289\">\n<td data-start=\"2254\" data-end=\"2270\" data-col-size=\"sm\">Nikotinstyrka<\/td>\n<td data-col-size=\"sm\" data-start=\"2270\" data-end=\"2289\">Normal \/ Strong<\/td>\n<\/tr>\n<tr data-start=\"2290\" data-end=\"2317\">\n<td data-start=\"2290\" data-end=\"2308\" data-col-size=\"sm\">Antal portioner<\/td>\n<td data-col-size=\"sm\" data-start=\"2308\" data-end=\"2317\">22 st<\/td>\n<\/tr>\n<tr data-start=\"2318\" data-end=\"2343\">\n<td data-start=\"2318\" data-end=\"2329\" data-col-size=\"sm\">Inneh\u00e5ll<\/td>\n<td data-start=\"2329\" data-end=\"2343\" data-col-size=\"sm\">ca 13,75 g<\/td>\n<\/tr>\n<tr data-start=\"2344\" data-end=\"2380\">\n<td data-start=\"2344\" data-end=\"2356\" data-col-size=\"sm\">Producent<\/td>\n<td data-col-size=\"sm\" data-start=\"2356\" data-end=\"2380\">Another Snus Factory<\/td>\n<\/tr>\n<\/tbody>\n<\/table>\n<\/div>\n<\/div>\n<hr data-start=\"2382\" data-end=\"2385\" \/>\n<h3 data-start=\"2387\" data-end=\"2429\">K\u00f6p LOOP Creamy Cappuccino Mini online<\/h3>\n<p data-start=\"2431\" data-end=\"2544\">Best\u00e4ll <strong data-start=\"2439\" data-end=\"2470\">LOOP Creamy Cappuccino Mini<\/strong> enkelt och tryggt hos VELOOP \u2013 din specialist p\u00e5 tobaksfria nikotinp\u00e5sar.<\/p>\n<p data-start=\"2546\" data-end=\"2587\">\ud83d\udc49 <strong data-start=\"2549\" data-end=\"2564\">Handla h\u00e4r:<\/strong> <a class=\"decorated-link\" href=\"http:\/\/veloop.se\/sv\/loop\/\" target=\"_new\" rel=\"noopener\" data-start=\"2565\" data-end=\"2587\">http:\/\/veloop.se\/loop\/<\/a><\/p>\n<p data-start=\"2589\" data-end=\"2684\" data-is-last-node=\"\" data-is-only-node=\"\">Hos veloop.se hittar du hela LOOP-sortimentet med konkurrenskraftiga priser och snabb leverans.<\/p>\n<\/div>\n<\/div>\n<\/div>\n<\/div>\n<\/div>\n<\/div>\n<\/article>\n<\/div>\n<\/div>\n<\/div>\n<\/div>\n<\/div>\n<\/div>\n<\/article>\n<\/div>\n<div class=\"pointer-events-none h-px w-px absolute bottom-0\" aria-hidden=\"true\" data-edge=\"true\"><\/div>\n<\/div>\n<\/div>\n<\/div>\n<\/div>\n<\/div>\n<\/div>\n<\/article>\n<\/div>\n<\/div>\n<\/div>\n<\/div>\n<\/div>\n<\/div>\n<\/div>\n<\/article>\n<\/div>\n<\/div>\n<\/div>\n<\/div>\n<\/div>\n<\/div>\n<\/div>\n<\/article>\n<\/div>","protected":false},"excerpt":{"rendered":"<h1 data-start=\"0\" data-end=\"96\">LOOP Creamy Cappuccino Mini \u2013 Tobaksfria nikotinp\u00e5sar med kr\u00e4mig cappuccinosmak i mini-format<\/h1>\n<p data-start=\"98\" data-end=\"383\"><strong data-start=\"98\" data-end=\"129\">LOOP Creamy Cappuccino Mini<\/strong> \u00e4r ett tobaksfritt all white-snus f\u00f6r dig som vill ha <strong data-start=\"184\" data-end=\"255\">mildare styrka kombinerat med en rund och kr\u00e4mig smak av cappuccino<\/strong>. Denna variant passar perfekt f\u00f6r anv\u00e4ndare som f\u00f6redrar ett mindre format med diskret passform och balanserad nikotinleverans.<\/p>\n<p data-start=\"385\" data-end=\"592\">Produkten tillverkas av <span class=\"hover:entity-accent entity-underline inline cursor-pointer align-baseline\"><span class=\"whitespace-normal\">Another Snus Factory<\/span><\/span> och ing\u00e5r i sortimentet fr\u00e5n <span class=\"hover:entity-accent entity-underline inline cursor-pointer align-baseline\"><span class=\"whitespace-normal\">Loop<\/span><\/span> \u2013 ett svenskt varum\u00e4rke k\u00e4nt f\u00f6r innovativa smaker och h\u00e5llbara f\u00f6rpackningar.<\/p>\n<p data-start=\"2588\" data-end=\"2626\">\ud83d\udc49 <strong data-start=\"2591\" data-end=\"2603\">K\u00f6p h\u00e4r:<\/strong> <a class=\"decorated-link\" href=\"http:\/\/veloop.se\/sv\/loop\/\" target=\"_new\" rel=\"noopener\" data-start=\"2604\" data-end=\"2626\">http:\/\/veloop.se\/loop\/<\/a><\/p>\n<p data-start=\"2628\" data-end=\"2767\" data-is-last-node=\"\" data-is-only-node=\"\">Hos veloop.se hittar du ett brett sortiment av tobaksfria nikotinp\u00e5sar fr\u00e5n LOOP \u2013 alltid med snabb leverans och konkurrenskraftiga priser.<\/p>","protected":false},"featured_media":71483,"comment_status":"open","ping_status":"closed","template":"","meta":[],"product_brand":[],"product_cat":[136,388,103,137],"product_tag":[],"class_list":{"0":"post-71519","1":"product","2":"type-product","3":"status-publish","4":"has-post-thumbnail","6":"product_cat-all-whites","7":"product_cat-hyper-strong","8":"product_cat-loop","9":"product_cat-slim","11":"first","12":"instock","13":"taxable","14":"shipping-taxable","15":"purchasable","16":"product-type-variable"},"_links":{"self":[{"href":"https:\/\/veloop.se\/sv\/wp-json\/wp\/v2\/product\/71519","targetHints":{"allow":["GET"]}}],"collection":[{"href":"https:\/\/veloop.se\/sv\/wp-json\/wp\/v2\/product"}],"about":[{"href":"https:\/\/veloop.se\/sv\/wp-json\/wp\/v2\/types\/product"}],"replies":[{"embeddable":true,"href":"https:\/\/veloop.se\/sv\/wp-json\/wp\/v2\/comments?post=71519"}],"version-history":[{"count":0,"href":"https:\/\/veloop.se\/sv\/wp-json\/wp\/v2\/product\/71519\/revisions"}],"wp:featuredmedia":[{"embeddable":true,"href":"https:\/\/veloop.se\/sv\/wp-json\/wp\/v2\/media\/71483"}],"wp:attachment":[{"href":"https:\/\/veloop.se\/sv\/wp-json\/wp\/v2\/media?parent=71519"}],"wp:term":[{"taxonomy":"product_brand","embeddable":true,"href":"https:\/\/veloop.se\/sv\/wp-json\/wp\/v2\/product_brand?post=71519"},{"taxonomy":"product_cat","embeddable":true,"href":"https:\/\/veloop.se\/sv\/wp-json\/wp\/v2\/product_cat?post=71519"},{"taxonomy":"product_tag","embeddable":true,"href":"https:\/\/veloop.se\/sv\/wp-json\/wp\/v2\/product_tag?post=71519"}],"curies":[{"name":"wp","href":"https:\/\/api.w.org\/{rel}","templated":true}]}}