{"id":71513,"date":"2026-02-24T11:08:36","date_gmt":"2026-02-24T11:08:36","guid":{"rendered":"https:\/\/veloop.se\/?post_type=product&#038;p=71513"},"modified":"2026-02-24T11:12:20","modified_gmt":"2026-02-24T11:12:20","slug":"loop-studio-creamy-cappuccino-strong","status":"publish","type":"product","link":"https:\/\/veloop.se\/sv\/produkt\/loop-studio-creamy-cappuccino-strong\/","title":{"rendered":"LOOP Studio Creamy Cappuccino Strong"},"content":{"rendered":"<h2><img decoding=\"async\" src=\"https:\/\/v3-media-se.snusbolaget.se\/sesnusbo\/files\/warninglabels\/NicotineWarningLabel_ProductListPage_Desktop.svg\" alt=\"18 \u00e5rsgr\u00e4ns\" \/><\/h2>\n<div class=\"flex flex-col text-sm pb-25\">\n<article class=\"text-token-text-primary w-full focus:outline-none [--shadow-height:45px] has-data-writing-block:pointer-events-none has-data-writing-block:-mt-(--shadow-height) has-data-writing-block:pt-(--shadow-height) [&amp;:has([data-writing-block])&gt;*]:pointer-events-auto scroll-mt-[calc(var(--header-height)+min(200px,max(70px,20svh)))]\" dir=\"auto\" tabindex=\"-1\" data-turn-id=\"request-WEB:1b5e9b3e-dcb9-45f5-a199-41dd36805484-1\" data-testid=\"conversation-turn-4\" data-scroll-anchor=\"true\" data-turn=\"assistant\">\n<div class=\"text-base my-auto mx-auto pb-10 [--thread-content-margin:--spacing(4)] @w-sm\/main:[--thread-content-margin:--spacing(6)] @w-lg\/main:[--thread-content-margin:--spacing(16)] px-(--thread-content-margin)\">\n<div class=\"[--thread-content-max-width:40rem] @w-lg\/main:[--thread-content-max-width:48rem] mx-auto max-w-(--thread-content-max-width) flex-1 group\/turn-messages focus-visible:outline-hidden relative flex w-full min-w-0 flex-col agent-turn\" tabindex=\"-1\">\n<div class=\"flex max-w-full flex-col grow\">\n<div class=\"min-h-8 text-message relative flex w-full flex-col items-end gap-2 text-start break-words whitespace-normal [.text-message+&amp;]:mt-1\" dir=\"auto\" data-message-author-role=\"assistant\" data-message-id=\"3c375630-3aab-4a27-8c30-a60c83047b86\" data-message-model-slug=\"gpt-5-2\">\n<div class=\"flex w-full flex-col gap-1 empty:hidden first:pt-[1px]\">\n<div class=\"markdown prose dark:prose-invert w-full wrap-break-word light markdown-new-styling\">\n<div class=\"flex flex-col text-sm pb-25\">\n<article class=\"text-token-text-primary w-full focus:outline-none [--shadow-height:45px] has-data-writing-block:pointer-events-none has-data-writing-block:-mt-(--shadow-height) has-data-writing-block:pt-(--shadow-height) [&amp;:has([data-writing-block])&gt;*]:pointer-events-auto scroll-mt-[calc(var(--header-height)+min(200px,max(70px,20svh)))]\" dir=\"auto\" tabindex=\"-1\" data-turn-id=\"request-WEB:1b5e9b3e-dcb9-45f5-a199-41dd36805484-1\" data-testid=\"conversation-turn-4\" data-scroll-anchor=\"true\" data-turn=\"assistant\">\n<div class=\"text-base my-auto mx-auto pb-10 [--thread-content-margin:--spacing(4)] @w-sm\/main:[--thread-content-margin:--spacing(6)] @w-lg\/main:[--thread-content-margin:--spacing(16)] px-(--thread-content-margin)\">\n<div class=\"[--thread-content-max-width:40rem] @w-lg\/main:[--thread-content-max-width:48rem] mx-auto max-w-(--thread-content-max-width) flex-1 group\/turn-messages focus-visible:outline-hidden relative flex w-full min-w-0 flex-col agent-turn\" tabindex=\"-1\">\n<div class=\"flex max-w-full flex-col grow\">\n<div class=\"min-h-8 text-message relative flex w-full flex-col items-end gap-2 text-start break-words whitespace-normal [.text-message+&amp;]:mt-1\" dir=\"auto\" data-message-author-role=\"assistant\" data-message-id=\"3c375630-3aab-4a27-8c30-a60c83047b86\" data-message-model-slug=\"gpt-5-2\">\n<div class=\"flex w-full flex-col gap-1 empty:hidden first:pt-[1px]\">\n<div class=\"markdown prose dark:prose-invert w-full wrap-break-word light markdown-new-styling\">\n<div class=\"flex flex-col text-sm pb-25\">\n<article class=\"text-token-text-primary w-full focus:outline-none [--shadow-height:45px] has-data-writing-block:pointer-events-none has-data-writing-block:-mt-(--shadow-height) has-data-writing-block:pt-(--shadow-height) [&amp;:has([data-writing-block])&gt;*]:pointer-events-auto scroll-mt-[calc(var(--header-height)+min(200px,max(70px,20svh)))]\" dir=\"auto\" tabindex=\"-1\" data-turn-id=\"request-WEB:1b5e9b3e-dcb9-45f5-a199-41dd36805484-3\" data-testid=\"conversation-turn-8\" data-scroll-anchor=\"true\" data-turn=\"assistant\">\n<div class=\"text-base my-auto mx-auto pb-10 [--thread-content-margin:--spacing(4)] @w-sm\/main:[--thread-content-margin:--spacing(6)] @w-lg\/main:[--thread-content-margin:--spacing(16)] px-(--thread-content-margin)\">\n<div class=\"[--thread-content-max-width:40rem] @w-lg\/main:[--thread-content-max-width:48rem] mx-auto max-w-(--thread-content-max-width) flex-1 group\/turn-messages focus-visible:outline-hidden relative flex w-full min-w-0 flex-col agent-turn\" tabindex=\"-1\">\n<div class=\"flex max-w-full flex-col grow\">\n<div class=\"min-h-8 text-message relative flex w-full flex-col items-end gap-2 text-start break-words whitespace-normal [.text-message+&amp;]:mt-1\" dir=\"auto\" data-message-author-role=\"assistant\" data-message-id=\"acd882d0-8001-4494-9deb-2b739eae3718\" data-message-model-slug=\"gpt-5-2\">\n<div class=\"flex w-full flex-col gap-1 empty:hidden first:pt-[1px]\">\n<div class=\"markdown prose dark:prose-invert w-full wrap-break-word light markdown-new-styling\">\n<div class=\"flex flex-col text-sm pb-25\">\n<article class=\"text-token-text-primary w-full focus:outline-none [--shadow-height:45px] has-data-writing-block:pointer-events-none has-data-writing-block:-mt-(--shadow-height) has-data-writing-block:pt-(--shadow-height) [&amp;:has([data-writing-block])&gt;*]:pointer-events-auto scroll-mt-[calc(var(--header-height)+min(200px,max(70px,20svh)))]\" dir=\"auto\" tabindex=\"-1\" data-turn-id=\"request-WEB:1b5e9b3e-dcb9-45f5-a199-41dd36805484-4\" data-testid=\"conversation-turn-10\" data-scroll-anchor=\"true\" data-turn=\"assistant\">\n<div class=\"text-base my-auto mx-auto pb-10 [--thread-content-margin:--spacing(4)] @w-sm\/main:[--thread-content-margin:--spacing(6)] @w-lg\/main:[--thread-content-margin:--spacing(16)] px-(--thread-content-margin)\">\n<div class=\"[--thread-content-max-width:40rem] @w-lg\/main:[--thread-content-max-width:48rem] mx-auto max-w-(--thread-content-max-width) flex-1 group\/turn-messages focus-visible:outline-hidden relative flex w-full min-w-0 flex-col agent-turn\" tabindex=\"-1\">\n<div class=\"flex max-w-full flex-col grow\">\n<div class=\"min-h-8 text-message relative flex w-full flex-col items-end gap-2 text-start break-words whitespace-normal [.text-message+&amp;]:mt-1\" dir=\"auto\" data-message-author-role=\"assistant\" data-message-id=\"fb38a0d1-f9b0-4ca0-8476-6d8c811de0b3\" data-message-model-slug=\"gpt-5-2\">\n<div class=\"flex w-full flex-col gap-1 empty:hidden first:pt-[1px]\">\n<div class=\"markdown prose dark:prose-invert w-full wrap-break-word light markdown-new-styling\">\n<h1 data-start=\"0\" data-end=\"88\">LOOP Studio Creamy Cappuccino Strong \u2013 Tobaksfria nikotinp\u00e5sar med smak av cappuccino<\/h1>\n<p data-start=\"90\" data-end=\"368\"><strong data-start=\"90\" data-end=\"130\">LOOP Studio Creamy Cappuccino Strong<\/strong> \u00e4r tobaksfria nikotinp\u00e5sar f\u00f6r dig som s\u00f6ker en <strong data-start=\"179\" data-end=\"248\">balanserad nikotinstyrka och en fyllig, kr\u00e4mig smak av cappuccino<\/strong>. Kombinationen av mjuka kaffetoner och l\u00e4tt s\u00f6tma g\u00f6r denna variant till ett unikt alternativ inom all white-segmentet.<\/p>\n<p data-start=\"370\" data-end=\"570\">Produkten tillverkas av <span class=\"hover:entity-accent entity-underline inline cursor-pointer align-baseline\"><span class=\"whitespace-normal\">Another Snus Factory<\/span><\/span> och \u00e4r en del av sortimentet fr\u00e5n <span class=\"hover:entity-accent entity-underline inline cursor-pointer align-baseline\"><span class=\"whitespace-normal\">Loop<\/span><\/span> \u2013 ett varum\u00e4rke k\u00e4nt f\u00f6r innovativa smaker och klimatsmarta dosor.<\/p>\n<hr data-start=\"572\" data-end=\"575\" \/>\n<h3 data-start=\"577\" data-end=\"620\">Kr\u00e4mig cappuccinosmak med rund karakt\u00e4r<\/h3>\n<p data-start=\"622\" data-end=\"668\">LOOP Studio Creamy Cappuccino Strong erbjuder:<\/p>\n<ul data-start=\"670\" data-end=\"856\">\n<li data-start=\"670\" data-end=\"703\">\n<p data-start=\"672\" data-end=\"703\">\u2615 <strong data-start=\"674\" data-end=\"703\">Fyllig smak av cappuccino<\/strong><\/p>\n<\/li>\n<li data-start=\"704\" data-end=\"741\">\n<p data-start=\"706\" data-end=\"741\">\ud83e\udd5b <strong data-start=\"709\" data-end=\"741\">Kr\u00e4miga och mjuka undertoner<\/strong><\/p>\n<\/li>\n<li data-start=\"742\" data-end=\"775\">\n<p data-start=\"744\" data-end=\"775\">\u26a1 <strong data-start=\"746\" data-end=\"775\">Stark nikotinstyrka (3\/4)<\/strong><\/p>\n<\/li>\n<li data-start=\"776\" data-end=\"819\">\n<p data-start=\"778\" data-end=\"819\">\ud83d\udc5d <strong data-start=\"781\" data-end=\"819\">Slim-format f\u00f6r diskret anv\u00e4ndning<\/strong><\/p>\n<\/li>\n<li data-start=\"820\" data-end=\"856\">\n<p data-start=\"822\" data-end=\"856\">\ud83c\udf31 <strong data-start=\"825\" data-end=\"856\">Tobaksfri all white-portion<\/strong><\/p>\n<\/li>\n<\/ul>\n<p data-start=\"858\" data-end=\"1039\">Den lena kaffesmaken utvecklas gradvis och ger en <strong data-start=\"908\" data-end=\"951\">l\u00e5ngvarig och balanserad smakupplevelse<\/strong>, perfekt f\u00f6r dig som vill ha ett alternativ till traditionella mint- eller fruktsmaker.<\/p>\n<hr data-start=\"1041\" data-end=\"1044\" \/>\n<h3 data-start=\"1046\" data-end=\"1075\">Stark nikotinstyrka \u2013 3\/4<\/h3>\n<p data-start=\"1077\" data-end=\"1231\">LOOP Studio Creamy Cappuccino Strong klassificeras som <strong data-start=\"1132\" data-end=\"1148\">Strong (3\/4)<\/strong> och passar vana anv\u00e4ndare som vill ha en tydlig men inte \u00f6verdriven nikotineffekt.<\/p>\n<p data-start=\"1233\" data-end=\"1268\">Den moderna all white-formulan ger:<\/p>\n<ul data-start=\"1270\" data-end=\"1370\">\n<li data-start=\"1270\" data-end=\"1311\">\n<p data-start=\"1272\" data-end=\"1311\">J\u00e4mn och kontrollerad nikotinleverans<\/p>\n<\/li>\n<li data-start=\"1312\" data-end=\"1336\">\n<p data-start=\"1314\" data-end=\"1336\">Minimal missf\u00e4rgning<\/p>\n<\/li>\n<li data-start=\"1337\" data-end=\"1370\">\n<p data-start=\"1339\" data-end=\"1370\">Diskret och bekv\u00e4m anv\u00e4ndning<\/p>\n<\/li>\n<\/ul>\n<hr data-start=\"1372\" data-end=\"1375\" \/>\n<h3 data-start=\"1377\" data-end=\"1413\">Slim-format \u2013 Komfort hela dagen<\/h3>\n<p data-start=\"1415\" data-end=\"1469\">Prillorna levereras i <strong data-start=\"1437\" data-end=\"1452\">slim-format<\/strong>, vilket inneb\u00e4r:<\/p>\n<ul data-start=\"1471\" data-end=\"1609\">\n<li data-start=\"1471\" data-end=\"1512\">\n<p data-start=\"1473\" data-end=\"1512\">Smalare portioner f\u00f6r b\u00e4ttre passform<\/p>\n<\/li>\n<li data-start=\"1513\" data-end=\"1547\">\n<p data-start=\"1515\" data-end=\"1547\">Diskret placering under l\u00e4ppen<\/p>\n<\/li>\n<li data-start=\"1548\" data-end=\"1565\">\n<p data-start=\"1550\" data-end=\"1565\">L\u00e5g rinnighet<\/p>\n<\/li>\n<li data-start=\"1566\" data-end=\"1609\">\n<p data-start=\"1568\" data-end=\"1609\">Bekv\u00e4m anv\u00e4ndning under l\u00e4ngre perioder<\/p>\n<\/li>\n<\/ul>\n<p data-start=\"1611\" data-end=\"1688\">Varje dosa inneh\u00e5ller <strong data-start=\"1633\" data-end=\"1649\">22 portioner<\/strong> och en totalvikt p\u00e5 cirka <strong data-start=\"1676\" data-end=\"1687\">13,75 g<\/strong>.<\/p>\n<hr data-start=\"1690\" data-end=\"1693\" \/>\n<h3 data-start=\"1695\" data-end=\"1727\">H\u00e5llbar innovation fr\u00e5n LOOP<\/h3>\n<p data-start=\"1729\" data-end=\"1981\">LOOP arbetar aktivt med att minska sin klimatp\u00e5verkan. Dosan \u00e4r tillverkad av <strong data-start=\"1807\" data-end=\"1828\">v\u00e4xtbaserad plast<\/strong>, vilket g\u00f6r den till ett mer h\u00e5llbart alternativ j\u00e4mf\u00f6rt med traditionella plastdosor. Produktionen sker i Sverige med fokus p\u00e5 kvalitet och innovation.<\/p>\n<hr data-start=\"1983\" data-end=\"1986\" \/>\n<h2 data-start=\"1988\" data-end=\"2042\">Produktfakta \u2013 LOOP Studio Creamy Cappuccino Strong<\/h2>\n<div class=\"TyagGW_tableContainer\">\n<div class=\"group TyagGW_tableWrapper flex flex-col-reverse w-fit\" tabindex=\"-1\">\n<table class=\"w-fit min-w-(--thread-content-width)\" data-start=\"2044\" data-end=\"2324\">\n<thead data-start=\"2044\" data-end=\"2070\">\n<tr data-start=\"2044\" data-end=\"2070\">\n<th class=\"\" data-start=\"2044\" data-end=\"2055\" data-col-size=\"sm\">Egenskap<\/th>\n<th class=\"\" data-start=\"2055\" data-end=\"2070\" data-col-size=\"sm\">Information<\/th>\n<\/tr>\n<\/thead>\n<tbody data-start=\"2098\" data-end=\"2324\">\n<tr data-start=\"2098\" data-end=\"2118\">\n<td data-start=\"2098\" data-end=\"2110\" data-col-size=\"sm\">Varum\u00e4rke<\/td>\n<td data-col-size=\"sm\" data-start=\"2110\" data-end=\"2118\">LOOP<\/td>\n<\/tr>\n<tr data-start=\"2119\" data-end=\"2153\">\n<td data-start=\"2119\" data-end=\"2132\" data-col-size=\"sm\">Produkttyp<\/td>\n<td data-col-size=\"sm\" data-start=\"2132\" data-end=\"2153\">All White Portion<\/td>\n<\/tr>\n<tr data-start=\"2154\" data-end=\"2171\">\n<td data-start=\"2154\" data-end=\"2163\" data-col-size=\"sm\">Format<\/td>\n<td data-col-size=\"sm\" data-start=\"2163\" data-end=\"2171\">Slim<\/td>\n<\/tr>\n<tr data-start=\"2172\" data-end=\"2200\">\n<td data-start=\"2172\" data-end=\"2179\" data-col-size=\"sm\">Smak<\/td>\n<td data-col-size=\"sm\" data-start=\"2179\" data-end=\"2200\">Creamy Cappuccino<\/td>\n<\/tr>\n<tr data-start=\"2201\" data-end=\"2233\">\n<td data-start=\"2201\" data-end=\"2217\" data-col-size=\"sm\">Nikotinstyrka<\/td>\n<td data-col-size=\"sm\" data-start=\"2217\" data-end=\"2233\">Strong (3\/4)<\/td>\n<\/tr>\n<tr data-start=\"2234\" data-end=\"2261\">\n<td data-start=\"2234\" data-end=\"2252\" data-col-size=\"sm\">Antal portioner<\/td>\n<td data-col-size=\"sm\" data-start=\"2252\" data-end=\"2261\">22 st<\/td>\n<\/tr>\n<tr data-start=\"2262\" data-end=\"2287\">\n<td data-start=\"2262\" data-end=\"2273\" data-col-size=\"sm\">Inneh\u00e5ll<\/td>\n<td data-col-size=\"sm\" data-start=\"2273\" data-end=\"2287\">ca 13,75 g<\/td>\n<\/tr>\n<tr data-start=\"2288\" data-end=\"2324\">\n<td data-start=\"2288\" data-end=\"2300\" data-col-size=\"sm\">Producent<\/td>\n<td data-start=\"2300\" data-end=\"2324\" data-col-size=\"sm\">Another Snus Factory<\/td>\n<\/tr>\n<\/tbody>\n<\/table>\n<\/div>\n<\/div>\n<hr data-start=\"2326\" data-end=\"2329\" \/>\n<h3 data-start=\"2331\" data-end=\"2382\">K\u00f6p LOOP Studio Creamy Cappuccino Strong online<\/h3>\n<p data-start=\"2384\" data-end=\"2507\">Best\u00e4ll <strong data-start=\"2392\" data-end=\"2432\">LOOP Studio Creamy Cappuccino Strong<\/strong> snabbt och smidigt hos VELOOP \u2013 din specialist p\u00e5 tobaksfria nikotinp\u00e5sar.<\/p>\n<p data-start=\"2509\" data-end=\"2565\">\ud83d\udc49 <strong data-start=\"2512\" data-end=\"2542\">Klicka h\u00e4r f\u00f6r att handla:<\/strong> <a class=\"decorated-link\" href=\"http:\/\/veloop.se\/sv\/loop\/\" target=\"_new\" rel=\"noopener\" data-start=\"2543\" data-end=\"2565\">http:\/\/veloop.se\/loop\/<\/a><\/p>\n<p data-start=\"2567\" data-end=\"2677\" data-is-last-node=\"\" data-is-only-node=\"\">Hos veloop.se hittar du ett brett utbud av LOOP nikotinp\u00e5sar med konkurrenskraftiga priser och snabb leverans.<\/p>\n<\/div>\n<\/div>\n<\/div>\n<\/div>\n<div class=\"z-0 flex min-h-[46px] justify-start\"><\/div>\n<\/div>\n<\/div>\n<\/article>\n<\/div>\n<div class=\"pointer-events-none h-px w-px absolute bottom-0\" aria-hidden=\"true\" data-edge=\"true\"><\/div>\n<\/div>\n<\/div>\n<\/div>\n<\/div>\n<\/div>\n<\/div>\n<\/article>\n<\/div>\n<\/div>\n<\/div>\n<\/div>\n<\/div>\n<\/div>\n<\/div>\n<\/article>\n<\/div>\n<\/div>\n<\/div>\n<\/div>\n<\/div>\n<\/div>\n<\/div>\n<\/article>\n<\/div>","protected":false},"excerpt":{"rendered":"<h1 data-start=\"0\" data-end=\"88\">LOOP Studio Creamy Cappuccino Strong \u2013 Tobaksfria nikotinp\u00e5sar med smak av cappuccino<\/h1>\n<p data-start=\"90\" data-end=\"368\"><strong data-start=\"90\" data-end=\"130\">LOOP Studio Creamy Cappuccino Strong<\/strong> \u00e4r tobaksfria nikotinp\u00e5sar f\u00f6r dig som s\u00f6ker en <strong data-start=\"179\" data-end=\"248\">balanserad nikotinstyrka och en fyllig, kr\u00e4mig smak av cappuccino<\/strong>. Kombinationen av mjuka kaffetoner och l\u00e4tt s\u00f6tma g\u00f6r denna variant till ett unikt alternativ inom all white-segmentet.<\/p>\n<p data-start=\"370\" data-end=\"570\">Produkten tillverkas av <span class=\"hover:entity-accent entity-underline inline cursor-pointer align-baseline\"><span class=\"whitespace-normal\">Another Snus Factory<\/span><\/span> och \u00e4r en del av sortimentet fr\u00e5n <span class=\"hover:entity-accent entity-underline inline cursor-pointer align-baseline\"><span class=\"whitespace-normal\">Loop<\/span><\/span> \u2013 ett varum\u00e4rke k\u00e4nt f\u00f6r innovativa smaker och klimatsmarta dosor.<\/p>\n<p data-start=\"2588\" data-end=\"2626\">\ud83d\udc49 <strong data-start=\"2591\" data-end=\"2603\">K\u00f6p h\u00e4r:<\/strong> <a class=\"decorated-link\" href=\"http:\/\/veloop.se\/sv\/loop\/\" target=\"_new\" rel=\"noopener\" data-start=\"2604\" data-end=\"2626\">http:\/\/veloop.se\/loop\/<\/a><\/p>\n<p data-start=\"2628\" data-end=\"2767\" data-is-last-node=\"\" data-is-only-node=\"\">Hos veloop.se hittar du ett brett sortiment av tobaksfria nikotinp\u00e5sar fr\u00e5n LOOP \u2013 alltid med snabb leverans och konkurrenskraftiga priser.<\/p>","protected":false},"featured_media":71482,"comment_status":"open","ping_status":"closed","template":"","meta":[],"product_brand":[],"product_cat":[136,388,103,137],"product_tag":[],"class_list":{"0":"post-71513","1":"product","2":"type-product","3":"status-publish","4":"has-post-thumbnail","6":"product_cat-all-whites","7":"product_cat-hyper-strong","8":"product_cat-loop","9":"product_cat-slim","11":"first","12":"instock","13":"taxable","14":"shipping-taxable","15":"purchasable","16":"product-type-variable"},"_links":{"self":[{"href":"https:\/\/veloop.se\/sv\/wp-json\/wp\/v2\/product\/71513","targetHints":{"allow":["GET"]}}],"collection":[{"href":"https:\/\/veloop.se\/sv\/wp-json\/wp\/v2\/product"}],"about":[{"href":"https:\/\/veloop.se\/sv\/wp-json\/wp\/v2\/types\/product"}],"replies":[{"embeddable":true,"href":"https:\/\/veloop.se\/sv\/wp-json\/wp\/v2\/comments?post=71513"}],"version-history":[{"count":0,"href":"https:\/\/veloop.se\/sv\/wp-json\/wp\/v2\/product\/71513\/revisions"}],"wp:featuredmedia":[{"embeddable":true,"href":"https:\/\/veloop.se\/sv\/wp-json\/wp\/v2\/media\/71482"}],"wp:attachment":[{"href":"https:\/\/veloop.se\/sv\/wp-json\/wp\/v2\/media?parent=71513"}],"wp:term":[{"taxonomy":"product_brand","embeddable":true,"href":"https:\/\/veloop.se\/sv\/wp-json\/wp\/v2\/product_brand?post=71513"},{"taxonomy":"product_cat","embeddable":true,"href":"https:\/\/veloop.se\/sv\/wp-json\/wp\/v2\/product_cat?post=71513"},{"taxonomy":"product_tag","embeddable":true,"href":"https:\/\/veloop.se\/sv\/wp-json\/wp\/v2\/product_tag?post=71513"}],"curies":[{"name":"wp","href":"https:\/\/api.w.org\/{rel}","templated":true}]}}