{"id":71507,"date":"2026-02-24T10:31:53","date_gmt":"2026-02-24T10:31:53","guid":{"rendered":"https:\/\/veloop.se\/?post_type=product&#038;p=71507"},"modified":"2026-02-24T11:01:18","modified_gmt":"2026-02-24T11:01:18","slug":"loop-studio-spicy-apple-strong","status":"publish","type":"product","link":"https:\/\/veloop.se\/sv\/produkt\/loop-studio-spicy-apple-strong\/","title":{"rendered":"LOOP Studio Spicy Apple Strong"},"content":{"rendered":"<h2><img decoding=\"async\" src=\"https:\/\/v3-media-se.snusbolaget.se\/sesnusbo\/files\/warninglabels\/NicotineWarningLabel_ProductListPage_Desktop.svg\" alt=\"18 \u00e5rsgr\u00e4ns\" \/><\/h2>\n<div class=\"flex flex-col text-sm pb-25\">\n<article class=\"text-token-text-primary w-full focus:outline-none [--shadow-height:45px] has-data-writing-block:pointer-events-none has-data-writing-block:-mt-(--shadow-height) has-data-writing-block:pt-(--shadow-height) [&amp;:has([data-writing-block])&gt;*]:pointer-events-auto scroll-mt-[calc(var(--header-height)+min(200px,max(70px,20svh)))]\" dir=\"auto\" tabindex=\"-1\" data-turn-id=\"request-WEB:1b5e9b3e-dcb9-45f5-a199-41dd36805484-1\" data-testid=\"conversation-turn-4\" data-scroll-anchor=\"true\" data-turn=\"assistant\">\n<div class=\"text-base my-auto mx-auto pb-10 [--thread-content-margin:--spacing(4)] @w-sm\/main:[--thread-content-margin:--spacing(6)] @w-lg\/main:[--thread-content-margin:--spacing(16)] px-(--thread-content-margin)\">\n<div class=\"[--thread-content-max-width:40rem] @w-lg\/main:[--thread-content-max-width:48rem] mx-auto max-w-(--thread-content-max-width) flex-1 group\/turn-messages focus-visible:outline-hidden relative flex w-full min-w-0 flex-col agent-turn\" tabindex=\"-1\">\n<div class=\"flex max-w-full flex-col grow\">\n<div class=\"min-h-8 text-message relative flex w-full flex-col items-end gap-2 text-start break-words whitespace-normal [.text-message+&amp;]:mt-1\" dir=\"auto\" data-message-author-role=\"assistant\" data-message-id=\"3c375630-3aab-4a27-8c30-a60c83047b86\" data-message-model-slug=\"gpt-5-2\">\n<div class=\"flex w-full flex-col gap-1 empty:hidden first:pt-[1px]\">\n<div class=\"markdown prose dark:prose-invert w-full wrap-break-word light markdown-new-styling\">\n<div class=\"flex flex-col text-sm pb-25\">\n<article class=\"text-token-text-primary w-full focus:outline-none [--shadow-height:45px] has-data-writing-block:pointer-events-none has-data-writing-block:-mt-(--shadow-height) has-data-writing-block:pt-(--shadow-height) [&amp;:has([data-writing-block])&gt;*]:pointer-events-auto scroll-mt-[calc(var(--header-height)+min(200px,max(70px,20svh)))]\" dir=\"auto\" tabindex=\"-1\" data-turn-id=\"request-WEB:1b5e9b3e-dcb9-45f5-a199-41dd36805484-1\" data-testid=\"conversation-turn-4\" data-scroll-anchor=\"true\" data-turn=\"assistant\">\n<div class=\"text-base my-auto mx-auto pb-10 [--thread-content-margin:--spacing(4)] @w-sm\/main:[--thread-content-margin:--spacing(6)] @w-lg\/main:[--thread-content-margin:--spacing(16)] px-(--thread-content-margin)\">\n<div class=\"[--thread-content-max-width:40rem] @w-lg\/main:[--thread-content-max-width:48rem] mx-auto max-w-(--thread-content-max-width) flex-1 group\/turn-messages focus-visible:outline-hidden relative flex w-full min-w-0 flex-col agent-turn\" tabindex=\"-1\">\n<div class=\"flex max-w-full flex-col grow\">\n<div class=\"min-h-8 text-message relative flex w-full flex-col items-end gap-2 text-start break-words whitespace-normal [.text-message+&amp;]:mt-1\" dir=\"auto\" data-message-author-role=\"assistant\" data-message-id=\"3c375630-3aab-4a27-8c30-a60c83047b86\" data-message-model-slug=\"gpt-5-2\">\n<div class=\"flex w-full flex-col gap-1 empty:hidden first:pt-[1px]\">\n<div class=\"markdown prose dark:prose-invert w-full wrap-break-word light markdown-new-styling\">\n<div class=\"flex flex-col text-sm pb-25\">\n<article class=\"text-token-text-primary w-full focus:outline-none [--shadow-height:45px] has-data-writing-block:pointer-events-none has-data-writing-block:-mt-(--shadow-height) has-data-writing-block:pt-(--shadow-height) [&amp;:has([data-writing-block])&gt;*]:pointer-events-auto scroll-mt-[calc(var(--header-height)+min(200px,max(70px,20svh)))]\" dir=\"auto\" tabindex=\"-1\" data-turn-id=\"request-WEB:1b5e9b3e-dcb9-45f5-a199-41dd36805484-3\" data-testid=\"conversation-turn-8\" data-scroll-anchor=\"true\" data-turn=\"assistant\">\n<div class=\"text-base my-auto mx-auto pb-10 [--thread-content-margin:--spacing(4)] @w-sm\/main:[--thread-content-margin:--spacing(6)] @w-lg\/main:[--thread-content-margin:--spacing(16)] px-(--thread-content-margin)\">\n<div class=\"[--thread-content-max-width:40rem] @w-lg\/main:[--thread-content-max-width:48rem] mx-auto max-w-(--thread-content-max-width) flex-1 group\/turn-messages focus-visible:outline-hidden relative flex w-full min-w-0 flex-col agent-turn\" tabindex=\"-1\">\n<div class=\"flex max-w-full flex-col grow\">\n<div class=\"min-h-8 text-message relative flex w-full flex-col items-end gap-2 text-start break-words whitespace-normal [.text-message+&amp;]:mt-1\" dir=\"auto\" data-message-author-role=\"assistant\" data-message-id=\"acd882d0-8001-4494-9deb-2b739eae3718\" data-message-model-slug=\"gpt-5-2\">\n<div class=\"flex w-full flex-col gap-1 empty:hidden first:pt-[1px]\">\n<div class=\"markdown prose dark:prose-invert w-full wrap-break-word light markdown-new-styling\">\n<h1 data-start=\"0\" data-end=\"78\">LOOP Studio Spicy Apple Strong \u2013 Tobaksfria nikotinp\u00e5sar med kryddigt \u00e4pple<\/h1>\n<p data-start=\"80\" data-end=\"362\"><strong data-start=\"80\" data-end=\"114\">LOOP Studio Spicy Apple Strong<\/strong> \u00e4r ett tobaksfritt all white-snus f\u00f6r dig som s\u00f6ker en <strong data-start=\"170\" data-end=\"253\">balanserad styrka kombinerat med en unik smak av gr\u00f6nt \u00e4pple och kryddiga toner<\/strong>. Den fruktiga s\u00f6tman m\u00f6ter en l\u00e4tt kryddig hetta och skapar en smakprofil som sticker ut i LOOP:s sortiment.<\/p>\n<p data-start=\"364\" data-end=\"566\">Produkten tillverkas av <span class=\"hover:entity-accent entity-underline inline cursor-pointer align-baseline\"><span class=\"whitespace-normal\">Another Snus Factory<\/span><\/span> och \u00e4r en del av det innovativa varum\u00e4rket <span class=\"hover:entity-accent entity-underline inline cursor-pointer align-baseline\"><span class=\"whitespace-normal\">Loop<\/span><\/span>, k\u00e4nt f\u00f6r sina smakintensiva och klimatsmarta nikotinp\u00e5sar.<\/p>\n<hr data-start=\"568\" data-end=\"571\" \/>\n<h3 data-start=\"573\" data-end=\"628\">Smak av Spicy Apple \u2013 Friskt, fruktigt och kryddigt<\/h3>\n<p data-start=\"630\" data-end=\"670\">LOOP Studio Spicy Apple Strong erbjuder:<\/p>\n<ul data-start=\"672\" data-end=\"859\">\n<li data-start=\"672\" data-end=\"707\">\n<p data-start=\"674\" data-end=\"707\">\ud83c\udf4f <strong data-start=\"677\" data-end=\"707\">Tydlig smak av gr\u00f6nt \u00e4pple<\/strong><\/p>\n<\/li>\n<li data-start=\"708\" data-end=\"752\">\n<p data-start=\"710\" data-end=\"752\">\ud83c\udf36\ufe0f <strong data-start=\"714\" data-end=\"752\">Kryddiga undertoner med l\u00e4tt hetta<\/strong><\/p>\n<\/li>\n<li data-start=\"753\" data-end=\"780\">\n<p data-start=\"755\" data-end=\"780\">\u26a1 <strong data-start=\"757\" data-end=\"780\">Stark nikotinstyrka<\/strong><\/p>\n<\/li>\n<li data-start=\"781\" data-end=\"822\">\n<p data-start=\"783\" data-end=\"822\">\ud83d\udc5d <strong data-start=\"786\" data-end=\"822\">Slim-format f\u00f6r diskret passform<\/strong><\/p>\n<\/li>\n<li data-start=\"823\" data-end=\"859\">\n<p data-start=\"825\" data-end=\"859\">\ud83c\udf31 <strong data-start=\"828\" data-end=\"859\">Tobaksfri all white-portion<\/strong><\/p>\n<\/li>\n<\/ul>\n<p data-start=\"861\" data-end=\"986\">Smaken utvecklas gradvis och ger en <strong data-start=\"897\" data-end=\"936\">l\u00e5ngvarig och balanserad upplevelse<\/strong>, d\u00e4r s\u00f6tma och krydda samspelar utan att ta \u00f6ver.<\/p>\n<hr data-start=\"988\" data-end=\"991\" \/>\n<h3 data-start=\"993\" data-end=\"1037\">Stark nikotinstyrka \u2013 F\u00f6r vana anv\u00e4ndare<\/h3>\n<p data-start=\"1039\" data-end=\"1194\">LOOP Studio Spicy Apple Strong klassificeras som <strong data-start=\"1088\" data-end=\"1104\">Strong (3\/4)<\/strong> och passar dig som vill ha en tydlig nikotineffekt utan att g\u00e5 upp till hyper stark niv\u00e5.<\/p>\n<p data-start=\"1196\" data-end=\"1224\">Den tobaksfria formulan ger:<\/p>\n<ul data-start=\"1226\" data-end=\"1298\">\n<li data-start=\"1226\" data-end=\"1250\">\n<p data-start=\"1228\" data-end=\"1250\">Minimal missf\u00e4rgning<\/p>\n<\/li>\n<li data-start=\"1251\" data-end=\"1275\">\n<p data-start=\"1253\" data-end=\"1275\">J\u00e4mn nikotinleverans<\/p>\n<\/li>\n<li data-start=\"1276\" data-end=\"1298\">\n<p data-start=\"1278\" data-end=\"1298\">Diskret anv\u00e4ndning<\/p>\n<\/li>\n<\/ul>\n<hr data-start=\"1300\" data-end=\"1303\" \/>\n<h3 data-start=\"1305\" data-end=\"1345\">Slim-format \u2013 Komfort och diskretion<\/h3>\n<p data-start=\"1347\" data-end=\"1398\">Prillorna kommer i <strong data-start=\"1366\" data-end=\"1381\">slim-format<\/strong>, vilket inneb\u00e4r:<\/p>\n<ul data-start=\"1400\" data-end=\"1540\">\n<li data-start=\"1400\" data-end=\"1440\">\n<p data-start=\"1402\" data-end=\"1440\">Smalare portioner f\u00f6r b\u00e4ttre komfort<\/p>\n<\/li>\n<li data-start=\"1441\" data-end=\"1475\">\n<p data-start=\"1443\" data-end=\"1475\">Diskret placering under l\u00e4ppen<\/p>\n<\/li>\n<li data-start=\"1476\" data-end=\"1496\">\n<p data-start=\"1478\" data-end=\"1496\">Mindre rinnighet<\/p>\n<\/li>\n<li data-start=\"1497\" data-end=\"1540\">\n<p data-start=\"1499\" data-end=\"1540\">Bekv\u00e4m passform under l\u00e4ngre anv\u00e4ndning<\/p>\n<\/li>\n<\/ul>\n<p data-start=\"1542\" data-end=\"1623\">Varje dosa inneh\u00e5ller <strong data-start=\"1564\" data-end=\"1580\">22 portioner<\/strong> och har en totalvikt p\u00e5 cirka <strong data-start=\"1611\" data-end=\"1622\">13,75 g<\/strong>.<\/p>\n<hr data-start=\"1625\" data-end=\"1628\" \/>\n<h3 data-start=\"1630\" data-end=\"1666\">H\u00e5llbar dosa och svensk kvalitet<\/h3>\n<p data-start=\"1668\" data-end=\"1898\">LOOP \u00e4r k\u00e4nt f\u00f6r sitt milj\u00f6fokus. Dosan \u00e4r tillverkad av <strong data-start=\"1725\" data-end=\"1746\">v\u00e4xtbaserad plast<\/strong>, vilket minskar klimatp\u00e5verkan j\u00e4mf\u00f6rt med traditionella plastdosor. Produktionen sker i Sverige med h\u00f6ga kvalitetskrav och modern tillverkningsteknik.<\/p>\n<hr data-start=\"1900\" data-end=\"1903\" \/>\n<h2 data-start=\"1905\" data-end=\"1953\">Produktfakta \u2013 LOOP Studio Spicy Apple Strong<\/h2>\n<div class=\"TyagGW_tableContainer\">\n<div class=\"group TyagGW_tableWrapper flex flex-col-reverse w-fit\" tabindex=\"-1\">\n<table class=\"w-fit min-w-(--thread-content-width)\" data-start=\"1955\" data-end=\"2229\">\n<thead data-start=\"1955\" data-end=\"1981\">\n<tr data-start=\"1955\" data-end=\"1981\">\n<th class=\"\" data-start=\"1955\" data-end=\"1966\" data-col-size=\"sm\">Egenskap<\/th>\n<th class=\"\" data-start=\"1966\" data-end=\"1981\" data-col-size=\"sm\">Information<\/th>\n<\/tr>\n<\/thead>\n<tbody data-start=\"2009\" data-end=\"2229\">\n<tr data-start=\"2009\" data-end=\"2029\">\n<td data-start=\"2009\" data-end=\"2021\" data-col-size=\"sm\">Varum\u00e4rke<\/td>\n<td data-col-size=\"sm\" data-start=\"2021\" data-end=\"2029\">LOOP<\/td>\n<\/tr>\n<tr data-start=\"2030\" data-end=\"2064\">\n<td data-start=\"2030\" data-end=\"2043\" data-col-size=\"sm\">Produkttyp<\/td>\n<td data-col-size=\"sm\" data-start=\"2043\" data-end=\"2064\">All White Portion<\/td>\n<\/tr>\n<tr data-start=\"2065\" data-end=\"2082\">\n<td data-start=\"2065\" data-end=\"2074\" data-col-size=\"sm\">Format<\/td>\n<td data-start=\"2074\" data-end=\"2082\" data-col-size=\"sm\">Slim<\/td>\n<\/tr>\n<tr data-start=\"2083\" data-end=\"2105\">\n<td data-start=\"2083\" data-end=\"2090\" data-col-size=\"sm\">Smak<\/td>\n<td data-col-size=\"sm\" data-start=\"2090\" data-end=\"2105\">Spicy Apple<\/td>\n<\/tr>\n<tr data-start=\"2106\" data-end=\"2138\">\n<td data-start=\"2106\" data-end=\"2122\" data-col-size=\"sm\">Nikotinstyrka<\/td>\n<td data-col-size=\"sm\" data-start=\"2122\" data-end=\"2138\">Strong (3\/4)<\/td>\n<\/tr>\n<tr data-start=\"2139\" data-end=\"2166\">\n<td data-start=\"2139\" data-end=\"2157\" data-col-size=\"sm\">Antal portioner<\/td>\n<td data-col-size=\"sm\" data-start=\"2157\" data-end=\"2166\">22 st<\/td>\n<\/tr>\n<tr data-start=\"2167\" data-end=\"2192\">\n<td data-start=\"2167\" data-end=\"2178\" data-col-size=\"sm\">Inneh\u00e5ll<\/td>\n<td data-col-size=\"sm\" data-start=\"2178\" data-end=\"2192\">ca 13,75 g<\/td>\n<\/tr>\n<tr data-start=\"2193\" data-end=\"2229\">\n<td data-start=\"2193\" data-end=\"2205\" data-col-size=\"sm\">Producent<\/td>\n<td data-col-size=\"sm\" data-start=\"2205\" data-end=\"2229\">Another Snus Factory<\/td>\n<\/tr>\n<\/tbody>\n<\/table>\n<\/div>\n<\/div>\n<hr data-start=\"2231\" data-end=\"2234\" \/>\n<h3 data-start=\"2236\" data-end=\"2281\">K\u00f6p LOOP Studio Spicy Apple Strong online<\/h3>\n<p data-start=\"2283\" data-end=\"2399\">Best\u00e4ll <strong data-start=\"2291\" data-end=\"2325\">LOOP Studio Spicy Apple Strong<\/strong> snabbt och enkelt hos VELOOP \u2013 din specialist p\u00e5 tobaksfria nikotinp\u00e5sar.<\/p>\n<p data-start=\"2401\" data-end=\"2442\">\ud83d\udc49 <strong data-start=\"2404\" data-end=\"2419\">Handla h\u00e4r:<\/strong> <a class=\"decorated-link\" href=\"http:\/\/veloop.se\/sv\/loop\/\" target=\"_new\" rel=\"noopener\" data-start=\"2420\" data-end=\"2442\">http:\/\/veloop.se\/loop\/<\/a><\/p>\n<p data-start=\"2444\" data-end=\"2558\" data-is-last-node=\"\" data-is-only-node=\"\">Hos veloop.se hittar du ett brett sortiment av LOOP nikotinp\u00e5sar med konkurrenskraftiga priser och snabb leverans.<\/p>\n<\/div>\n<\/div>\n<\/div>\n<\/div>\n<div class=\"z-0 flex min-h-[46px] justify-start\"><\/div>\n<\/div>\n<\/div>\n<\/article>\n<\/div>\n<div class=\"pointer-events-none h-px w-px absolute bottom-0\" aria-hidden=\"true\" data-edge=\"true\"><\/div>\n<\/div>\n<\/div>\n<\/div>\n<\/div>\n<\/div>\n<\/div>\n<\/article>\n<\/div>\n<\/div>\n<\/div>\n<\/div>\n<\/div>\n<\/div>\n<\/div>\n<\/article>\n<\/div>","protected":false},"excerpt":{"rendered":"<h1 data-start=\"0\" data-end=\"78\">LOOP Studio Spicy Apple Strong \u2013 Tobaksfria nikotinp\u00e5sar med kryddigt \u00e4pple<\/h1>\n<p data-start=\"80\" data-end=\"362\"><strong data-start=\"80\" data-end=\"114\">LOOP Studio Spicy Apple Strong<\/strong> \u00e4r ett tobaksfritt all white-snus f\u00f6r dig som s\u00f6ker en <strong data-start=\"170\" data-end=\"253\">balanserad styrka kombinerat med en unik smak av gr\u00f6nt \u00e4pple och kryddiga toner<\/strong>. Den fruktiga s\u00f6tman m\u00f6ter en l\u00e4tt kryddig hetta och skapar en smakprofil som sticker ut i LOOP:s sortiment.<\/p>\n<p data-start=\"364\" data-end=\"566\">Produkten tillverkas av <span class=\"hover:entity-accent entity-underline inline cursor-pointer align-baseline\"><span class=\"whitespace-normal\">Another Snus Factory<\/span><\/span> och \u00e4r en del av det innovativa varum\u00e4rket <span class=\"hover:entity-accent entity-underline inline cursor-pointer align-baseline\"><span class=\"whitespace-normal\">Loop<\/span><\/span>, k\u00e4nt f\u00f6r sina smakintensiva och klimatsmarta nikotinp\u00e5sar.<\/p>\n<p data-start=\"2588\" data-end=\"2626\">\ud83d\udc49 <strong data-start=\"2591\" data-end=\"2603\">K\u00f6p h\u00e4r:<\/strong> <a class=\"decorated-link\" href=\"http:\/\/veloop.se\/sv\/loop\/\" target=\"_new\" rel=\"noopener\" data-start=\"2604\" data-end=\"2626\">http:\/\/veloop.se\/loop\/<\/a><\/p>\n<p data-start=\"2628\" data-end=\"2767\" data-is-last-node=\"\" data-is-only-node=\"\">Hos veloop.se hittar du ett brett sortiment av tobaksfria nikotinp\u00e5sar fr\u00e5n LOOP \u2013 alltid med snabb leverans och konkurrenskraftiga priser.<\/p>","protected":false},"featured_media":71477,"comment_status":"open","ping_status":"closed","template":"","meta":[],"product_brand":[],"product_cat":[136,388,103,137],"product_tag":[],"class_list":{"0":"post-71507","1":"product","2":"type-product","3":"status-publish","4":"has-post-thumbnail","6":"product_cat-all-whites","7":"product_cat-hyper-strong","8":"product_cat-loop","9":"product_cat-slim","11":"first","12":"instock","13":"taxable","14":"shipping-taxable","15":"purchasable","16":"product-type-variable"},"_links":{"self":[{"href":"https:\/\/veloop.se\/sv\/wp-json\/wp\/v2\/product\/71507","targetHints":{"allow":["GET"]}}],"collection":[{"href":"https:\/\/veloop.se\/sv\/wp-json\/wp\/v2\/product"}],"about":[{"href":"https:\/\/veloop.se\/sv\/wp-json\/wp\/v2\/types\/product"}],"replies":[{"embeddable":true,"href":"https:\/\/veloop.se\/sv\/wp-json\/wp\/v2\/comments?post=71507"}],"version-history":[{"count":0,"href":"https:\/\/veloop.se\/sv\/wp-json\/wp\/v2\/product\/71507\/revisions"}],"wp:featuredmedia":[{"embeddable":true,"href":"https:\/\/veloop.se\/sv\/wp-json\/wp\/v2\/media\/71477"}],"wp:attachment":[{"href":"https:\/\/veloop.se\/sv\/wp-json\/wp\/v2\/media?parent=71507"}],"wp:term":[{"taxonomy":"product_brand","embeddable":true,"href":"https:\/\/veloop.se\/sv\/wp-json\/wp\/v2\/product_brand?post=71507"},{"taxonomy":"product_cat","embeddable":true,"href":"https:\/\/veloop.se\/sv\/wp-json\/wp\/v2\/product_cat?post=71507"},{"taxonomy":"product_tag","embeddable":true,"href":"https:\/\/veloop.se\/sv\/wp-json\/wp\/v2\/product_tag?post=71507"}],"curies":[{"name":"wp","href":"https:\/\/api.w.org\/{rel}","templated":true}]}}