{"id":71501,"date":"2026-02-24T10:28:17","date_gmt":"2026-02-24T10:28:17","guid":{"rendered":"https:\/\/veloop.se\/?post_type=product&#038;p=71501"},"modified":"2026-02-24T10:31:24","modified_gmt":"2026-02-24T10:31:24","slug":"loop-smooth-mint-mini-hyper-strong","status":"publish","type":"product","link":"https:\/\/veloop.se\/sv\/produkt\/loop-smooth-mint-mini-hyper-strong\/","title":{"rendered":"LOOP Smooth Mint Mini Hyper Strong"},"content":{"rendered":"<h2><img decoding=\"async\" src=\"https:\/\/v3-media-se.snusbolaget.se\/sesnusbo\/files\/warninglabels\/NicotineWarningLabel_ProductListPage_Desktop.svg\" alt=\"18 \u00e5rsgr\u00e4ns\" \/><\/h2>\n<div class=\"flex flex-col text-sm pb-25\">\n<article class=\"text-token-text-primary w-full focus:outline-none [--shadow-height:45px] has-data-writing-block:pointer-events-none has-data-writing-block:-mt-(--shadow-height) has-data-writing-block:pt-(--shadow-height) [&amp;:has([data-writing-block])&gt;*]:pointer-events-auto scroll-mt-[calc(var(--header-height)+min(200px,max(70px,20svh)))]\" dir=\"auto\" tabindex=\"-1\" data-turn-id=\"request-WEB:1b5e9b3e-dcb9-45f5-a199-41dd36805484-1\" data-testid=\"conversation-turn-4\" data-scroll-anchor=\"true\" data-turn=\"assistant\">\n<div class=\"text-base my-auto mx-auto pb-10 [--thread-content-margin:--spacing(4)] @w-sm\/main:[--thread-content-margin:--spacing(6)] @w-lg\/main:[--thread-content-margin:--spacing(16)] px-(--thread-content-margin)\">\n<div class=\"[--thread-content-max-width:40rem] @w-lg\/main:[--thread-content-max-width:48rem] mx-auto max-w-(--thread-content-max-width) flex-1 group\/turn-messages focus-visible:outline-hidden relative flex w-full min-w-0 flex-col agent-turn\" tabindex=\"-1\">\n<div class=\"flex max-w-full flex-col grow\">\n<div class=\"min-h-8 text-message relative flex w-full flex-col items-end gap-2 text-start break-words whitespace-normal [.text-message+&amp;]:mt-1\" dir=\"auto\" data-message-author-role=\"assistant\" data-message-id=\"3c375630-3aab-4a27-8c30-a60c83047b86\" data-message-model-slug=\"gpt-5-2\">\n<div class=\"flex w-full flex-col gap-1 empty:hidden first:pt-[1px]\">\n<div class=\"markdown prose dark:prose-invert w-full wrap-break-word light markdown-new-styling\">\n<div class=\"flex flex-col text-sm pb-25\">\n<article class=\"text-token-text-primary w-full focus:outline-none [--shadow-height:45px] has-data-writing-block:pointer-events-none has-data-writing-block:-mt-(--shadow-height) has-data-writing-block:pt-(--shadow-height) [&amp;:has([data-writing-block])&gt;*]:pointer-events-auto scroll-mt-[calc(var(--header-height)+min(200px,max(70px,20svh)))]\" dir=\"auto\" tabindex=\"-1\" data-turn-id=\"request-WEB:1b5e9b3e-dcb9-45f5-a199-41dd36805484-1\" data-testid=\"conversation-turn-4\" data-scroll-anchor=\"true\" data-turn=\"assistant\">\n<div class=\"text-base my-auto mx-auto pb-10 [--thread-content-margin:--spacing(4)] @w-sm\/main:[--thread-content-margin:--spacing(6)] @w-lg\/main:[--thread-content-margin:--spacing(16)] px-(--thread-content-margin)\">\n<div class=\"[--thread-content-max-width:40rem] @w-lg\/main:[--thread-content-max-width:48rem] mx-auto max-w-(--thread-content-max-width) flex-1 group\/turn-messages focus-visible:outline-hidden relative flex w-full min-w-0 flex-col agent-turn\" tabindex=\"-1\">\n<div class=\"flex max-w-full flex-col grow\">\n<div class=\"min-h-8 text-message relative flex w-full flex-col items-end gap-2 text-start break-words whitespace-normal [.text-message+&amp;]:mt-1\" dir=\"auto\" data-message-author-role=\"assistant\" data-message-id=\"3c375630-3aab-4a27-8c30-a60c83047b86\" data-message-model-slug=\"gpt-5-2\">\n<div class=\"flex w-full flex-col gap-1 empty:hidden first:pt-[1px]\">\n<div class=\"markdown prose dark:prose-invert w-full wrap-break-word light markdown-new-styling\">\n<h1 data-start=\"0\" data-end=\"87\">LOOP Smooth Mint Mini Hyper Strong \u2013 Extra starka nikotinp\u00e5sar i diskret mini-format<\/h1>\n<p data-start=\"89\" data-end=\"394\"><strong data-start=\"89\" data-end=\"127\">LOOP Smooth Mint Mini Hyper Strong<\/strong> \u00e4r tobaksfria nikotinp\u00e5sar f\u00f6r dig som vill ha <strong data-start=\"175\" data-end=\"236\">maximal nikotinstyrka i ett mindre och mer diskret format<\/strong>. Den lena mintsmaken kombineras med en kraftfull nikotinhalt, vilket g\u00f6r produkten till ett utm\u00e4rkt val f\u00f6r vana anv\u00e4ndare som s\u00f6ker b\u00e5de styrka och komfort.<\/p>\n<p data-start=\"396\" data-end=\"592\">Produkten tillverkas av <span class=\"hover:entity-accent entity-underline inline cursor-pointer align-baseline\"><span class=\"whitespace-normal\">Another Snus Factory<\/span><\/span> och ing\u00e5r i sortimentet fr\u00e5n <span class=\"hover:entity-accent entity-underline inline cursor-pointer align-baseline\"><span class=\"whitespace-normal\">Loop<\/span><\/span> \u2013 ett varum\u00e4rke k\u00e4nt f\u00f6r innovation, smakintensitet och h\u00e5llbarhet.<\/p>\n<hr data-start=\"594\" data-end=\"597\" \/>\n<h3 data-start=\"599\" data-end=\"630\">Len och balanserad mintsmak<\/h3>\n<p data-start=\"632\" data-end=\"676\">LOOP Smooth Mint Mini Hyper Strong erbjuder:<\/p>\n<ul data-start=\"678\" data-end=\"875\">\n<li data-start=\"678\" data-end=\"713\">\n<p data-start=\"680\" data-end=\"713\">\ud83c\udf3f <strong data-start=\"683\" data-end=\"713\">Mjuk och rund mintkarakt\u00e4r<\/strong><\/p>\n<\/li>\n<li data-start=\"714\" data-end=\"748\">\n<p data-start=\"716\" data-end=\"748\">\u2744\ufe0f <strong data-start=\"719\" data-end=\"748\">Fr\u00e4sch och kylande k\u00e4nsla<\/strong><\/p>\n<\/li>\n<li data-start=\"749\" data-end=\"790\">\n<p data-start=\"751\" data-end=\"790\">\u26a1 <strong data-start=\"753\" data-end=\"790\">Hyper stark nikotinhalt \u2013 25 mg\/g<\/strong><\/p>\n<\/li>\n<li data-start=\"791\" data-end=\"838\">\n<p data-start=\"793\" data-end=\"838\">\ud83d\udc5d <strong data-start=\"796\" data-end=\"838\">Mini-format f\u00f6r extra diskret passform<\/strong><\/p>\n<\/li>\n<li data-start=\"839\" data-end=\"875\">\n<p data-start=\"841\" data-end=\"875\">\ud83c\udf31 <strong data-start=\"844\" data-end=\"875\">Tobaksfri all white-portion<\/strong><\/p>\n<\/li>\n<\/ul>\n<p data-start=\"877\" data-end=\"1031\">Den smootha mintprofilen ger en <strong data-start=\"909\" data-end=\"950\">behaglig och l\u00e5ngvarig smakupplevelse<\/strong>, utan att bli f\u00f6r skarp \u2013 samtidigt som nikotineffekten \u00e4r tydlig och kraftfull.<\/p>\n<hr data-start=\"1033\" data-end=\"1036\" \/>\n<h3 data-start=\"1038\" data-end=\"1083\">Hyper stark nikotinstyrka \u2013 25 mg\/g (4\/4)<\/h3>\n<p data-start=\"1085\" data-end=\"1298\">Med en nikotinhalt p\u00e5 <strong data-start=\"1107\" data-end=\"1118\">25 mg\/g<\/strong> klassificeras LOOP Smooth Mint Mini Hyper Strong som <strong data-start=\"1172\" data-end=\"1193\">extra stark (4\/4)<\/strong>. Produkten \u00e4r anpassad f\u00f6r erfarna anv\u00e4ndare som efterfr\u00e5gar intensiv och snabbverkande nikotinleverans.<\/p>\n<p data-start=\"1300\" data-end=\"1338\">Den tobaksfria all white-formulan ger:<\/p>\n<ul data-start=\"1340\" data-end=\"1436\">\n<li data-start=\"1340\" data-end=\"1364\">\n<p data-start=\"1342\" data-end=\"1364\">Minimal missf\u00e4rgning<\/p>\n<\/li>\n<li data-start=\"1365\" data-end=\"1387\">\n<p data-start=\"1367\" data-end=\"1387\">Diskret anv\u00e4ndning<\/p>\n<\/li>\n<li data-start=\"1388\" data-end=\"1436\">\n<p data-start=\"1390\" data-end=\"1436\">J\u00e4mn och kontrollerad fris\u00e4ttning av nikotin<\/p>\n<\/li>\n<\/ul>\n<hr data-start=\"1438\" data-end=\"1441\" \/>\n<h3 data-start=\"1443\" data-end=\"1495\">Mini-format \u2013 Mindre prillor, maximal diskretion<\/h3>\n<p data-start=\"1497\" data-end=\"1563\">Mini-formatet inneb\u00e4r att prillorna \u00e4r mindre \u00e4n slim, vilket ger:<\/p>\n<ul data-start=\"1565\" data-end=\"1664\">\n<li data-start=\"1565\" data-end=\"1605\">\n<p data-start=\"1567\" data-end=\"1605\">Extra diskret placering under l\u00e4ppen<\/p>\n<\/li>\n<li data-start=\"1606\" data-end=\"1625\">\n<p data-start=\"1608\" data-end=\"1625\">Bekv\u00e4m passform<\/p>\n<\/li>\n<li data-start=\"1626\" data-end=\"1646\">\n<p data-start=\"1628\" data-end=\"1646\">Mindre synlighet<\/p>\n<\/li>\n<li data-start=\"1647\" data-end=\"1664\">\n<p data-start=\"1649\" data-end=\"1664\">L\u00e5g rinnighet<\/p>\n<\/li>\n<\/ul>\n<p data-start=\"1666\" data-end=\"1737\">Varje dosa inneh\u00e5ller <strong data-start=\"1688\" data-end=\"1704\">22 portioner<\/strong> och totalt <strong data-start=\"1716\" data-end=\"1727\">13,75 g<\/strong> inneh\u00e5ll.<\/p>\n<hr data-start=\"1739\" data-end=\"1742\" \/>\n<h3 data-start=\"1744\" data-end=\"1774\">Klimatsmart dosa fr\u00e5n LOOP<\/h3>\n<p data-start=\"1776\" data-end=\"2017\">LOOP \u00e4r k\u00e4nt f\u00f6r sina h\u00e5llbara innovationer. Dosan \u00e4r tillverkad av <strong data-start=\"1844\" data-end=\"1871\">100 % v\u00e4xtbaserad plast<\/strong>, vilket minskar klimatp\u00e5verkan j\u00e4mf\u00f6rt med traditionella alternativ. Produktionen sker i Sverige med h\u00f6ga kvalitetskrav och fokus p\u00e5 milj\u00f6ansvar.<\/p>\n<hr data-start=\"2019\" data-end=\"2022\" \/>\n<h2 data-start=\"2024\" data-end=\"2076\">Produktfakta \u2013 LOOP Smooth Mint Mini Hyper Strong<\/h2>\n<div class=\"TyagGW_tableContainer\">\n<div class=\"group TyagGW_tableWrapper flex flex-col-reverse w-fit\" tabindex=\"-1\">\n<table class=\"w-fit min-w-(--thread-content-width)\" data-start=\"2078\" data-end=\"2380\">\n<thead data-start=\"2078\" data-end=\"2104\">\n<tr data-start=\"2078\" data-end=\"2104\">\n<th class=\"\" data-start=\"2078\" data-end=\"2089\" data-col-size=\"sm\">Egenskap<\/th>\n<th class=\"\" data-start=\"2089\" data-end=\"2104\" data-col-size=\"sm\">Information<\/th>\n<\/tr>\n<\/thead>\n<tbody data-start=\"2132\" data-end=\"2380\">\n<tr data-start=\"2132\" data-end=\"2152\">\n<td data-start=\"2132\" data-end=\"2144\" data-col-size=\"sm\">Varum\u00e4rke<\/td>\n<td data-col-size=\"sm\" data-start=\"2144\" data-end=\"2152\">LOOP<\/td>\n<\/tr>\n<tr data-start=\"2153\" data-end=\"2187\">\n<td data-start=\"2153\" data-end=\"2166\" data-col-size=\"sm\">Produkttyp<\/td>\n<td data-col-size=\"sm\" data-start=\"2166\" data-end=\"2187\">All White Portion<\/td>\n<\/tr>\n<tr data-start=\"2188\" data-end=\"2205\">\n<td data-start=\"2188\" data-end=\"2197\" data-col-size=\"sm\">Format<\/td>\n<td data-col-size=\"sm\" data-start=\"2197\" data-end=\"2205\">Mini<\/td>\n<\/tr>\n<tr data-start=\"2206\" data-end=\"2228\">\n<td data-start=\"2206\" data-end=\"2213\" data-col-size=\"sm\">Smak<\/td>\n<td data-col-size=\"sm\" data-start=\"2213\" data-end=\"2228\">Smooth Mint<\/td>\n<\/tr>\n<tr data-start=\"2229\" data-end=\"2266\">\n<td data-start=\"2229\" data-end=\"2245\" data-col-size=\"sm\">Nikotinstyrka<\/td>\n<td data-col-size=\"sm\" data-start=\"2245\" data-end=\"2266\">Hyper stark (4\/4)<\/td>\n<\/tr>\n<tr data-start=\"2267\" data-end=\"2292\">\n<td data-start=\"2267\" data-end=\"2281\" data-col-size=\"sm\">Nikotinhalt<\/td>\n<td data-col-size=\"sm\" data-start=\"2281\" data-end=\"2292\">25 mg\/g<\/td>\n<\/tr>\n<tr data-start=\"2293\" data-end=\"2320\">\n<td data-start=\"2293\" data-end=\"2311\" data-col-size=\"sm\">Antal portioner<\/td>\n<td data-col-size=\"sm\" data-start=\"2311\" data-end=\"2320\">22 st<\/td>\n<\/tr>\n<tr data-start=\"2321\" data-end=\"2343\">\n<td data-start=\"2321\" data-end=\"2332\" data-col-size=\"sm\">Inneh\u00e5ll<\/td>\n<td data-col-size=\"sm\" data-start=\"2332\" data-end=\"2343\">13,75 g<\/td>\n<\/tr>\n<tr data-start=\"2344\" data-end=\"2380\">\n<td data-start=\"2344\" data-end=\"2356\" data-col-size=\"sm\">Producent<\/td>\n<td data-col-size=\"sm\" data-start=\"2356\" data-end=\"2380\">Another Snus Factory<\/td>\n<\/tr>\n<\/tbody>\n<\/table>\n<\/div>\n<\/div>\n<hr data-start=\"2382\" data-end=\"2385\" \/>\n<h3 data-start=\"2387\" data-end=\"2436\">K\u00f6p LOOP Smooth Mint Mini Hyper Strong online<\/h3>\n<p data-start=\"2438\" data-end=\"2558\">Best\u00e4ll <strong data-start=\"2446\" data-end=\"2484\">LOOP Smooth Mint Mini Hyper Strong<\/strong> enkelt och tryggt hos VELOOP \u2013 din specialist p\u00e5 tobaksfria nikotinp\u00e5sar.<\/p>\n<p data-start=\"2560\" data-end=\"2616\">\ud83d\udc49 <strong data-start=\"2563\" data-end=\"2593\">Klicka h\u00e4r f\u00f6r att handla:<\/strong> <a class=\"decorated-link\" href=\"http:\/\/veloop.se\/sv\/loop\/\" target=\"_new\" rel=\"noopener\" data-start=\"2594\" data-end=\"2616\">http:\/\/veloop.se\/loop\/<\/a><\/p>\n<p data-start=\"2618\" data-end=\"2716\" data-is-last-node=\"\" data-is-only-node=\"\">Hos veloop.se hittar du hela LOOP-sortimentet med snabba leveranser och konkurrenskraftiga priser.<\/p>\n<\/div>\n<\/div>\n<\/div>\n<\/div>\n<\/div>\n<\/div>\n<\/article>\n<\/div>\n<\/div>\n<\/div>\n<\/div>\n<\/div>\n<\/div>\n<\/div>\n<\/article>\n<\/div>","protected":false},"excerpt":{"rendered":"<h1 data-start=\"0\" data-end=\"87\">LOOP Smooth Mint Mini Hyper Strong \u2013 Extra starka nikotinp\u00e5sar i diskret mini-format<\/h1>\n<p data-start=\"89\" data-end=\"394\"><strong data-start=\"89\" data-end=\"127\">LOOP Smooth Mint Mini Hyper Strong<\/strong> \u00e4r tobaksfria nikotinp\u00e5sar f\u00f6r dig som vill ha <strong data-start=\"175\" data-end=\"236\">maximal nikotinstyrka i ett mindre och mer diskret format<\/strong>. Den lena mintsmaken kombineras med en kraftfull nikotinhalt, vilket g\u00f6r produkten till ett utm\u00e4rkt val f\u00f6r vana anv\u00e4ndare som s\u00f6ker b\u00e5de styrka och komfort.<\/p>\n<p data-start=\"396\" data-end=\"592\">Produkten tillverkas av <span class=\"hover:entity-accent entity-underline inline cursor-pointer align-baseline\"><span class=\"whitespace-normal\">Another Snus Factory<\/span><\/span> och ing\u00e5r i sortimentet fr\u00e5n <span class=\"hover:entity-accent entity-underline inline cursor-pointer align-baseline\"><span class=\"whitespace-normal\">Loop<\/span><\/span> \u2013 ett varum\u00e4rke k\u00e4nt f\u00f6r innovation, smakintensitet och h\u00e5llbarhet.<\/p>\n<p data-start=\"2588\" data-end=\"2626\">\ud83d\udc49 <strong data-start=\"2591\" data-end=\"2603\">K\u00f6p h\u00e4r:<\/strong> <a class=\"decorated-link\" href=\"http:\/\/veloop.se\/sv\/loop\/\" target=\"_new\" rel=\"noopener\" data-start=\"2604\" data-end=\"2626\">http:\/\/veloop.se\/loop\/<\/a><\/p>\n<p data-start=\"2628\" data-end=\"2767\" data-is-last-node=\"\" data-is-only-node=\"\">Hos veloop.se hittar du ett brett sortiment av tobaksfria nikotinp\u00e5sar fr\u00e5n LOOP \u2013 alltid med snabb leverans och konkurrenskraftiga priser.<\/p>","protected":false},"featured_media":71487,"comment_status":"open","ping_status":"closed","template":"","meta":[],"product_brand":[],"product_cat":[136,388,103,137],"product_tag":[],"class_list":{"0":"post-71501","1":"product","2":"type-product","3":"status-publish","4":"has-post-thumbnail","6":"product_cat-all-whites","7":"product_cat-hyper-strong","8":"product_cat-loop","9":"product_cat-slim","11":"first","12":"instock","13":"taxable","14":"shipping-taxable","15":"purchasable","16":"product-type-variable"},"_links":{"self":[{"href":"https:\/\/veloop.se\/sv\/wp-json\/wp\/v2\/product\/71501","targetHints":{"allow":["GET"]}}],"collection":[{"href":"https:\/\/veloop.se\/sv\/wp-json\/wp\/v2\/product"}],"about":[{"href":"https:\/\/veloop.se\/sv\/wp-json\/wp\/v2\/types\/product"}],"replies":[{"embeddable":true,"href":"https:\/\/veloop.se\/sv\/wp-json\/wp\/v2\/comments?post=71501"}],"version-history":[{"count":0,"href":"https:\/\/veloop.se\/sv\/wp-json\/wp\/v2\/product\/71501\/revisions"}],"wp:featuredmedia":[{"embeddable":true,"href":"https:\/\/veloop.se\/sv\/wp-json\/wp\/v2\/media\/71487"}],"wp:attachment":[{"href":"https:\/\/veloop.se\/sv\/wp-json\/wp\/v2\/media?parent=71501"}],"wp:term":[{"taxonomy":"product_brand","embeddable":true,"href":"https:\/\/veloop.se\/sv\/wp-json\/wp\/v2\/product_brand?post=71501"},{"taxonomy":"product_cat","embeddable":true,"href":"https:\/\/veloop.se\/sv\/wp-json\/wp\/v2\/product_cat?post=71501"},{"taxonomy":"product_tag","embeddable":true,"href":"https:\/\/veloop.se\/sv\/wp-json\/wp\/v2\/product_tag?post=71501"}],"curies":[{"name":"wp","href":"https:\/\/api.w.org\/{rel}","templated":true}]}}