{"id":71494,"date":"2026-02-24T10:22:12","date_gmt":"2026-02-24T10:22:12","guid":{"rendered":"https:\/\/veloop.se\/?post_type=product&#038;p=71494"},"modified":"2026-02-24T10:25:37","modified_gmt":"2026-02-24T10:25:37","slug":"loop-smooth-mint-hyper-strong","status":"publish","type":"product","link":"https:\/\/veloop.se\/sv\/produkt\/loop-smooth-mint-hyper-strong\/","title":{"rendered":"LOOP Smooth Mint Hyper Strong"},"content":{"rendered":"<h2><img decoding=\"async\" src=\"https:\/\/v3-media-se.snusbolaget.se\/sesnusbo\/files\/warninglabels\/NicotineWarningLabel_ProductListPage_Desktop.svg\" alt=\"18 \u00e5rsgr\u00e4ns\" \/><\/h2>\n<div class=\"flex flex-col text-sm pb-25\">\n<article class=\"text-token-text-primary w-full focus:outline-none [--shadow-height:45px] has-data-writing-block:pointer-events-none has-data-writing-block:-mt-(--shadow-height) has-data-writing-block:pt-(--shadow-height) [&amp;:has([data-writing-block])&gt;*]:pointer-events-auto scroll-mt-[calc(var(--header-height)+min(200px,max(70px,20svh)))]\" dir=\"auto\" tabindex=\"-1\" data-turn-id=\"request-WEB:1b5e9b3e-dcb9-45f5-a199-41dd36805484-1\" data-testid=\"conversation-turn-4\" data-scroll-anchor=\"true\" data-turn=\"assistant\">\n<div class=\"text-base my-auto mx-auto pb-10 [--thread-content-margin:--spacing(4)] @w-sm\/main:[--thread-content-margin:--spacing(6)] @w-lg\/main:[--thread-content-margin:--spacing(16)] px-(--thread-content-margin)\">\n<div class=\"[--thread-content-max-width:40rem] @w-lg\/main:[--thread-content-max-width:48rem] mx-auto max-w-(--thread-content-max-width) flex-1 group\/turn-messages focus-visible:outline-hidden relative flex w-full min-w-0 flex-col agent-turn\" tabindex=\"-1\">\n<div class=\"flex max-w-full flex-col grow\">\n<div class=\"min-h-8 text-message relative flex w-full flex-col items-end gap-2 text-start break-words whitespace-normal [.text-message+&amp;]:mt-1\" dir=\"auto\" data-message-author-role=\"assistant\" data-message-id=\"3c375630-3aab-4a27-8c30-a60c83047b86\" data-message-model-slug=\"gpt-5-2\">\n<div class=\"flex w-full flex-col gap-1 empty:hidden first:pt-[1px]\">\n<div class=\"markdown prose dark:prose-invert w-full wrap-break-word light markdown-new-styling\">\n<div class=\"flex flex-col text-sm pb-25\">\n<article class=\"text-token-text-primary w-full focus:outline-none [--shadow-height:45px] has-data-writing-block:pointer-events-none has-data-writing-block:-mt-(--shadow-height) has-data-writing-block:pt-(--shadow-height) [&amp;:has([data-writing-block])&gt;*]:pointer-events-auto scroll-mt-[calc(var(--header-height)+min(200px,max(70px,20svh)))]\" dir=\"auto\" tabindex=\"-1\" data-turn-id=\"request-WEB:1b5e9b3e-dcb9-45f5-a199-41dd36805484-1\" data-testid=\"conversation-turn-4\" data-scroll-anchor=\"true\" data-turn=\"assistant\">\n<div class=\"text-base my-auto mx-auto pb-10 [--thread-content-margin:--spacing(4)] @w-sm\/main:[--thread-content-margin:--spacing(6)] @w-lg\/main:[--thread-content-margin:--spacing(16)] px-(--thread-content-margin)\">\n<div class=\"[--thread-content-max-width:40rem] @w-lg\/main:[--thread-content-max-width:48rem] mx-auto max-w-(--thread-content-max-width) flex-1 group\/turn-messages focus-visible:outline-hidden relative flex w-full min-w-0 flex-col agent-turn\" tabindex=\"-1\">\n<div class=\"flex max-w-full flex-col grow\">\n<div class=\"min-h-8 text-message relative flex w-full flex-col items-end gap-2 text-start break-words whitespace-normal [.text-message+&amp;]:mt-1\" dir=\"auto\" data-message-author-role=\"assistant\" data-message-id=\"3c375630-3aab-4a27-8c30-a60c83047b86\" data-message-model-slug=\"gpt-5-2\">\n<div class=\"flex w-full flex-col gap-1 empty:hidden first:pt-[1px]\">\n<div class=\"markdown prose dark:prose-invert w-full wrap-break-word light markdown-new-styling\">\n<h1 data-start=\"0\" data-end=\"85\">LOOP Smooth Mint Hyper Strong \u2013 Extra starka nikotinp\u00e5sar med len och kylande mint<\/h1>\n<p data-start=\"87\" data-end=\"370\"><strong data-start=\"87\" data-end=\"120\">LOOP Smooth Mint Hyper Strong<\/strong> \u00e4r ett tobaksfritt all white-snus f\u00f6r dig som s\u00f6ker <strong data-start=\"173\" data-end=\"250\">kraftfull nikotinstyrka i kombination med en mjuk och balanserad mintsmak<\/strong>. Produkten \u00e4r framtagen f\u00f6r att ge en intensiv nikotinupplevelse utan att kompromissa med smakens rundhet och fr\u00e4sch\u00f6r.<\/p>\n<p data-start=\"372\" data-end=\"562\">Tillverkad av <span class=\"hover:entity-accent entity-underline inline cursor-pointer align-baseline\"><span class=\"whitespace-normal\">Another Snus Factory<\/span><\/span> och utvecklad under varum\u00e4rket <span class=\"hover:entity-accent entity-underline inline cursor-pointer align-baseline\"><span class=\"whitespace-normal\">Loop<\/span><\/span>, kombinerar denna produkt svensk kvalitet, innovation och h\u00e5llbarhet.<\/p>\n<hr data-start=\"564\" data-end=\"567\" \/>\n<h3 data-start=\"569\" data-end=\"608\">Len mintsmak med l\u00e5ngvarig fr\u00e4sch\u00f6r<\/h3>\n<p data-start=\"610\" data-end=\"649\">LOOP Smooth Mint Hyper Strong erbjuder:<\/p>\n<ul data-start=\"651\" data-end=\"850\">\n<li data-start=\"651\" data-end=\"682\">\n<p data-start=\"653\" data-end=\"682\">\ud83c\udf3f <strong data-start=\"656\" data-end=\"682\">Mjuk och rund mintsmak<\/strong><\/p>\n<\/li>\n<li data-start=\"683\" data-end=\"729\">\n<p data-start=\"685\" data-end=\"729\">\u2744\ufe0f <strong data-start=\"688\" data-end=\"729\">Kylande effekt utan \u00f6verdriven sk\u00e4rpa<\/strong><\/p>\n<\/li>\n<li data-start=\"730\" data-end=\"771\">\n<p data-start=\"732\" data-end=\"771\">\u26a1 <strong data-start=\"734\" data-end=\"771\">Hyper stark nikotinhalt \u2013 25 mg\/g<\/strong><\/p>\n<\/li>\n<li data-start=\"772\" data-end=\"813\">\n<p data-start=\"774\" data-end=\"813\">\ud83d\udc5d <strong data-start=\"777\" data-end=\"813\">Slim-format f\u00f6r optimal passform<\/strong><\/p>\n<\/li>\n<li data-start=\"814\" data-end=\"850\">\n<p data-start=\"816\" data-end=\"850\">\ud83c\udf31 <strong data-start=\"819\" data-end=\"850\">Tobaksfri all white-portion<\/strong><\/p>\n<\/li>\n<\/ul>\n<p data-start=\"852\" data-end=\"1018\">Den lena mintprofilen g\u00f6r denna variant idealisk f\u00f6r dig som vill ha <strong data-start=\"921\" data-end=\"978\">en stark nikotinupplevelse med en mer balanserad smak<\/strong> j\u00e4mf\u00f6rt med intensivare mintalternativ.<\/p>\n<hr data-start=\"1020\" data-end=\"1023\" \/>\n<h3 data-start=\"1025\" data-end=\"1070\">Hyper stark nikotinstyrka \u2013 25 mg\/g (4\/4)<\/h3>\n<p data-start=\"1072\" data-end=\"1263\">Med en nikotinhalt p\u00e5 <strong data-start=\"1094\" data-end=\"1105\">25 mg\/g<\/strong> klassificeras LOOP Smooth Mint Hyper Strong som <strong data-start=\"1154\" data-end=\"1175\">extra stark (4\/4)<\/strong>. Den passar fr\u00e4mst vana anv\u00e4ndare som efterfr\u00e5gar h\u00f6g effekt och snabb nikotinleverans.<\/p>\n<p data-start=\"1265\" data-end=\"1387\">Den moderna all white-formulan s\u00e4kerst\u00e4ller en j\u00e4mn fris\u00e4ttning av nikotin samtidigt som missf\u00e4rgning av t\u00e4nder minimeras.<\/p>\n<hr data-start=\"1389\" data-end=\"1392\" \/>\n<h3 data-start=\"1394\" data-end=\"1441\">Slim-format \u2013 Diskret och bekv\u00e4m anv\u00e4ndning<\/h3>\n<p data-start=\"1443\" data-end=\"1521\">LOOP Smooth Mint Hyper Strong levereras i ett <strong data-start=\"1489\" data-end=\"1504\">slim-format<\/strong>, vilket inneb\u00e4r:<\/p>\n<ul data-start=\"1523\" data-end=\"1643\">\n<li data-start=\"1523\" data-end=\"1561\">\n<p data-start=\"1525\" data-end=\"1561\">Smalare prillor f\u00f6r b\u00e4ttre komfort<\/p>\n<\/li>\n<li data-start=\"1562\" data-end=\"1595\">\n<p data-start=\"1564\" data-end=\"1595\">Diskret passform under l\u00e4ppen<\/p>\n<\/li>\n<li data-start=\"1596\" data-end=\"1617\">\n<p data-start=\"1598\" data-end=\"1617\">Minimal rinnighet<\/p>\n<\/li>\n<li data-start=\"1618\" data-end=\"1643\">\n<p data-start=\"1620\" data-end=\"1643\">L\u00e5ngvarig smakrelease<\/p>\n<\/li>\n<\/ul>\n<p data-start=\"1645\" data-end=\"1731\">Varje dosa inneh\u00e5ller <strong data-start=\"1667\" data-end=\"1683\">22 portioner<\/strong>, vilket ger en praktisk och h\u00e5llbar anv\u00e4ndning.<\/p>\n<hr data-start=\"1733\" data-end=\"1736\" \/>\n<h3 data-start=\"1738\" data-end=\"1780\">Klimatsmart dosa och svensk produktion<\/h3>\n<p data-start=\"1782\" data-end=\"2030\">LOOP \u00e4r k\u00e4nt f\u00f6r sitt h\u00e5llbarhetsfokus. Dosan \u00e4r tillverkad av <strong data-start=\"1845\" data-end=\"1875\">100 % v\u00e4xtbaserat material<\/strong>, vilket minskar klimatavtrycket j\u00e4mf\u00f6rt med traditionella plastdosor. Produktionen sker i Sverige med h\u00f6ga kvalitetskrav och moderna tillverkningsmetoder.<\/p>\n<hr data-start=\"2032\" data-end=\"2035\" \/>\n<h2 data-start=\"2037\" data-end=\"2084\">Produktfakta \u2013 LOOP Smooth Mint Hyper Strong<\/h2>\n<div class=\"TyagGW_tableContainer\">\n<div class=\"group TyagGW_tableWrapper flex flex-col-reverse w-fit\" tabindex=\"-1\">\n<table class=\"w-fit min-w-(--thread-content-width)\" data-start=\"2086\" data-end=\"2388\">\n<thead data-start=\"2086\" data-end=\"2112\">\n<tr data-start=\"2086\" data-end=\"2112\">\n<th class=\"\" data-start=\"2086\" data-end=\"2097\" data-col-size=\"sm\">Egenskap<\/th>\n<th class=\"\" data-start=\"2097\" data-end=\"2112\" data-col-size=\"sm\">Information<\/th>\n<\/tr>\n<\/thead>\n<tbody data-start=\"2140\" data-end=\"2388\">\n<tr data-start=\"2140\" data-end=\"2160\">\n<td data-start=\"2140\" data-end=\"2152\" data-col-size=\"sm\">Varum\u00e4rke<\/td>\n<td data-col-size=\"sm\" data-start=\"2152\" data-end=\"2160\">LOOP<\/td>\n<\/tr>\n<tr data-start=\"2161\" data-end=\"2195\">\n<td data-start=\"2161\" data-end=\"2174\" data-col-size=\"sm\">Produkttyp<\/td>\n<td data-col-size=\"sm\" data-start=\"2174\" data-end=\"2195\">All White Portion<\/td>\n<\/tr>\n<tr data-start=\"2196\" data-end=\"2213\">\n<td data-start=\"2196\" data-end=\"2205\" data-col-size=\"sm\">Format<\/td>\n<td data-col-size=\"sm\" data-start=\"2205\" data-end=\"2213\">Slim<\/td>\n<\/tr>\n<tr data-start=\"2214\" data-end=\"2236\">\n<td data-start=\"2214\" data-end=\"2221\" data-col-size=\"sm\">Smak<\/td>\n<td data-col-size=\"sm\" data-start=\"2221\" data-end=\"2236\">Smooth Mint<\/td>\n<\/tr>\n<tr data-start=\"2237\" data-end=\"2274\">\n<td data-start=\"2237\" data-end=\"2253\" data-col-size=\"sm\">Nikotinstyrka<\/td>\n<td data-col-size=\"sm\" data-start=\"2253\" data-end=\"2274\">Hyper stark (4\/4)<\/td>\n<\/tr>\n<tr data-start=\"2275\" data-end=\"2300\">\n<td data-start=\"2275\" data-end=\"2289\" data-col-size=\"sm\">Nikotinhalt<\/td>\n<td data-col-size=\"sm\" data-start=\"2289\" data-end=\"2300\">25 mg\/g<\/td>\n<\/tr>\n<tr data-start=\"2301\" data-end=\"2328\">\n<td data-start=\"2301\" data-end=\"2319\" data-col-size=\"sm\">Antal portioner<\/td>\n<td data-col-size=\"sm\" data-start=\"2319\" data-end=\"2328\">22 st<\/td>\n<\/tr>\n<tr data-start=\"2329\" data-end=\"2351\">\n<td data-start=\"2329\" data-end=\"2340\" data-col-size=\"sm\">Inneh\u00e5ll<\/td>\n<td data-col-size=\"sm\" data-start=\"2340\" data-end=\"2351\">13,75 g<\/td>\n<\/tr>\n<tr data-start=\"2352\" data-end=\"2388\">\n<td data-start=\"2352\" data-end=\"2364\" data-col-size=\"sm\">Producent<\/td>\n<td data-col-size=\"sm\" data-start=\"2364\" data-end=\"2388\">Another Snus Factory<\/td>\n<\/tr>\n<\/tbody>\n<\/table>\n<\/div>\n<\/div>\n<hr data-start=\"2390\" data-end=\"2393\" \/>\n<h3 data-start=\"2395\" data-end=\"2439\">K\u00f6p LOOP Smooth Mint Hyper Strong online<\/h3>\n<p data-start=\"2441\" data-end=\"2557\">Best\u00e4ll <strong data-start=\"2449\" data-end=\"2482\">LOOP Smooth Mint Hyper Strong<\/strong> snabbt och smidigt hos VELOOP \u2013 din specialist p\u00e5 tobaksfria nikotinp\u00e5sar.<\/p>\n<p data-start=\"2559\" data-end=\"2600\">\ud83d\udc49 <strong data-start=\"2562\" data-end=\"2577\">Handla h\u00e4r:<\/strong> <a class=\"decorated-link\" href=\"http:\/\/veloop.se\/sv\/loop\/\" target=\"_new\" rel=\"noopener\" data-start=\"2578\" data-end=\"2600\">http:\/\/veloop.se\/loop\/<\/a><\/p>\n<p data-start=\"2602\" data-end=\"2702\" data-is-last-node=\"\" data-is-only-node=\"\">Hos veloop.se hittar du hela sortimentet fr\u00e5n LOOP med konkurrenskraftiga priser och snabb leverans.<\/p>\n<\/div>\n<\/div>\n<\/div>\n<\/div>\n<div class=\"z-0 flex min-h-[46px] justify-start\"><\/div>\n<\/div>\n<\/div>\n<\/article>\n<\/div>\n<div class=\"pointer-events-none h-px w-px absolute bottom-0\" aria-hidden=\"true\" data-edge=\"true\"><\/div>\n<\/div>\n<\/div>\n<\/div>\n<\/div>\n<\/div>\n<\/div>\n<\/article>\n<\/div>\n<div class=\"pointer-events-none h-px w-px absolute bottom-0\" aria-hidden=\"true\" data-edge=\"true\"><\/div>","protected":false},"excerpt":{"rendered":"<h1 data-start=\"0\" data-end=\"85\">LOOP Smooth Mint Hyper Strong \u2013 Extra starka nikotinp\u00e5sar med len och kylande mint<\/h1>\n<p data-start=\"87\" data-end=\"370\"><strong data-start=\"87\" data-end=\"120\">LOOP Smooth Mint Hyper Strong<\/strong> \u00e4r ett tobaksfritt all white-snus f\u00f6r dig som s\u00f6ker <strong data-start=\"173\" data-end=\"250\">kraftfull nikotinstyrka i kombination med en mjuk och balanserad mintsmak<\/strong>. Produkten \u00e4r framtagen f\u00f6r att ge en intensiv nikotinupplevelse utan att kompromissa med smakens rundhet och fr\u00e4sch\u00f6r.<\/p>\n<p data-start=\"372\" data-end=\"562\">Tillverkad av <span class=\"hover:entity-accent entity-underline inline cursor-pointer align-baseline\"><span class=\"whitespace-normal\">Another Snus Factory<\/span><\/span> och utvecklad under varum\u00e4rket <span class=\"hover:entity-accent entity-underline inline cursor-pointer align-baseline\"><span class=\"whitespace-normal\">Loop<\/span><\/span>, kombinerar denna produkt svensk kvalitet, innovation och h\u00e5llbarhet.<\/p>\n<p data-start=\"2588\" data-end=\"2626\">\ud83d\udc49 <strong data-start=\"2591\" data-end=\"2603\">K\u00f6p h\u00e4r:<\/strong> <a class=\"decorated-link\" href=\"http:\/\/veloop.se\/sv\/loop\/\" target=\"_new\" rel=\"noopener\" data-start=\"2604\" data-end=\"2626\">http:\/\/veloop.se\/loop\/<\/a><\/p>\n<p data-start=\"2628\" data-end=\"2767\" data-is-last-node=\"\" data-is-only-node=\"\">Hos veloop.se hittar du ett brett sortiment av tobaksfria nikotinp\u00e5sar fr\u00e5n LOOP \u2013 alltid med snabb leverans och konkurrenskraftiga priser.<\/p>","protected":false},"featured_media":71476,"comment_status":"open","ping_status":"closed","template":"","meta":[],"product_brand":[],"product_cat":[136,388,103,137],"product_tag":[],"class_list":{"0":"post-71494","1":"product","2":"type-product","3":"status-publish","4":"has-post-thumbnail","6":"product_cat-all-whites","7":"product_cat-hyper-strong","8":"product_cat-loop","9":"product_cat-slim","11":"first","12":"instock","13":"taxable","14":"shipping-taxable","15":"purchasable","16":"product-type-variable"},"_links":{"self":[{"href":"https:\/\/veloop.se\/sv\/wp-json\/wp\/v2\/product\/71494","targetHints":{"allow":["GET"]}}],"collection":[{"href":"https:\/\/veloop.se\/sv\/wp-json\/wp\/v2\/product"}],"about":[{"href":"https:\/\/veloop.se\/sv\/wp-json\/wp\/v2\/types\/product"}],"replies":[{"embeddable":true,"href":"https:\/\/veloop.se\/sv\/wp-json\/wp\/v2\/comments?post=71494"}],"version-history":[{"count":0,"href":"https:\/\/veloop.se\/sv\/wp-json\/wp\/v2\/product\/71494\/revisions"}],"wp:featuredmedia":[{"embeddable":true,"href":"https:\/\/veloop.se\/sv\/wp-json\/wp\/v2\/media\/71476"}],"wp:attachment":[{"href":"https:\/\/veloop.se\/sv\/wp-json\/wp\/v2\/media?parent=71494"}],"wp:term":[{"taxonomy":"product_brand","embeddable":true,"href":"https:\/\/veloop.se\/sv\/wp-json\/wp\/v2\/product_brand?post=71494"},{"taxonomy":"product_cat","embeddable":true,"href":"https:\/\/veloop.se\/sv\/wp-json\/wp\/v2\/product_cat?post=71494"},{"taxonomy":"product_tag","embeddable":true,"href":"https:\/\/veloop.se\/sv\/wp-json\/wp\/v2\/product_tag?post=71494"}],"curies":[{"name":"wp","href":"https:\/\/api.w.org\/{rel}","templated":true}]}}