{"id":71470,"date":"2026-02-24T10:13:21","date_gmt":"2026-02-24T10:13:21","guid":{"rendered":"https:\/\/veloop.se\/?post_type=product&#038;p=71470"},"modified":"2026-02-24T10:21:26","modified_gmt":"2026-02-24T10:21:26","slug":"loop-fresh-peppermint-mini-hyper-strong","status":"publish","type":"product","link":"https:\/\/veloop.se\/sv\/produkt\/loop-fresh-peppermint-mini-hyper-strong\/","title":{"rendered":"LOOP Fresh Peppermint Mini Hyper Strong"},"content":{"rendered":"<h2><img decoding=\"async\" src=\"https:\/\/v3-media-se.snusbolaget.se\/sesnusbo\/files\/warninglabels\/NicotineWarningLabel_ProductListPage_Desktop.svg\" alt=\"18 \u00e5rsgr\u00e4ns\" \/><\/h2>\n<h1 data-start=\"0\" data-end=\"92\">LOOP Fresh Peppermint Mini Hyper Strong \u2013 Extra starka nikotinp\u00e5sar med intensiv mintsmak<\/h1>\n<p data-start=\"94\" data-end=\"445\"><strong data-start=\"94\" data-end=\"137\">LOOP Fresh Peppermint Mini Hyper Strong<\/strong> \u00e4r ett tobaksfritt all white-snusalternativ f\u00f6r dig som s\u00f6ker <strong data-start=\"200\" data-end=\"283\">maximal nikotinstyrka kombinerat med en frisk och l\u00e5ngvarig smak av pepparmynta<\/strong>. Produkten \u00e4r utvecklad f\u00f6r att leverera en kraftfull nikotinupplevelse i ett diskret mini-format \u2013 perfekt f\u00f6r dig som vill ha stark effekt i ett mindre format.<\/p>\n<p data-start=\"447\" data-end=\"646\">Tillverkad av <span class=\"hover:entity-accent entity-underline inline cursor-pointer align-baseline\"><span class=\"whitespace-normal\">Another Snus Factory<\/span><\/span> och en del av det innovativa varum\u00e4rket <span class=\"hover:entity-accent entity-underline inline cursor-pointer align-baseline\"><span class=\"whitespace-normal\">Loop<\/span><\/span>, kombinerar denna produkt h\u00f6g kvalitet, h\u00e5llbarhet och intensiv smak.<\/p>\n<hr data-start=\"648\" data-end=\"651\" \/>\n<h2 data-start=\"653\" data-end=\"702\">Intensiv peppermint-smak med l\u00e5ngvarig effekt<\/h2>\n<p data-start=\"704\" data-end=\"753\">LOOP Fresh Peppermint Mini Hyper Strong erbjuder:<\/p>\n<ul data-start=\"755\" data-end=\"989\">\n<li data-start=\"755\" data-end=\"798\">\n<p data-start=\"757\" data-end=\"798\">\u2744\ufe0f <strong data-start=\"760\" data-end=\"798\">Fr\u00e4sch och kylande pepparmyntasmak<\/strong><\/p>\n<\/li>\n<li data-start=\"799\" data-end=\"840\">\n<p data-start=\"801\" data-end=\"840\">\u26a1 <strong data-start=\"803\" data-end=\"840\">Hyper stark nikotinhalt \u2013 25 mg\/g<\/strong><\/p>\n<\/li>\n<li data-start=\"841\" data-end=\"889\">\n<p data-start=\"843\" data-end=\"889\">\ud83d\udc5d <strong data-start=\"846\" data-end=\"889\">Diskret mini-format f\u00f6r bekv\u00e4m passform<\/strong><\/p>\n<\/li>\n<li data-start=\"890\" data-end=\"928\">\n<p data-start=\"892\" data-end=\"928\">\ud83c\udf31 <strong data-start=\"895\" data-end=\"928\">Tobaksfri formula (All White)<\/strong><\/p>\n<\/li>\n<li data-start=\"929\" data-end=\"989\">\n<p data-start=\"931\" data-end=\"989\">\u267b\ufe0f <strong data-start=\"934\" data-end=\"989\">Milj\u00f6v\u00e4nlig dosa tillverkad av v\u00e4xtbaserat material<\/strong><\/p>\n<\/li>\n<\/ul>\n<p data-start=\"991\" data-end=\"1107\">Den kraftfulla mintsmaken frig\u00f6rs gradvis och ger en <strong data-start=\"1044\" data-end=\"1078\">l\u00e5ngvarig, uppfriskande k\u00e4nsla<\/strong> under hela anv\u00e4ndningstiden.<\/p>\n<hr data-start=\"1109\" data-end=\"1112\" \/>\n<h3 data-start=\"1114\" data-end=\"1153\">Hyper stark nikotinstyrka \u2013 25 mg\/g<\/h3>\n<p data-start=\"1155\" data-end=\"1360\">Med en nikotinhalt p\u00e5 <strong data-start=\"1177\" data-end=\"1188\">25 mg\/g<\/strong> klassificeras LOOP Fresh Peppermint Mini Hyper Strong som <strong data-start=\"1247\" data-end=\"1268\">extra stark (4\/4)<\/strong>. Produkten passar vana anv\u00e4ndare som s\u00f6ker en intensiv och snabbverkande nikotinupplevelse.<\/p>\n<p data-start=\"1362\" data-end=\"1468\">Trots sin h\u00f6ga styrka levereras nikotinet j\u00e4mnt och balanserat tack vare den moderna all white-teknologin.<\/p>\n<hr data-start=\"1470\" data-end=\"1473\" \/>\n<h3 data-start=\"1475\" data-end=\"1511\">Mini-format \u2013 Diskret och bekv\u00e4m<\/h3>\n<p data-start=\"1513\" data-end=\"1584\">Det smidiga <strong data-start=\"1525\" data-end=\"1542\">mini-formatet<\/strong> g\u00f6r prillorna mindre \u00e4n slim, vilket ger:<\/p>\n<ul data-start=\"1586\" data-end=\"1685\">\n<li data-start=\"1586\" data-end=\"1619\">\n<p data-start=\"1588\" data-end=\"1619\">Diskret passform under l\u00e4ppen<\/p>\n<\/li>\n<li data-start=\"1620\" data-end=\"1641\">\n<p data-start=\"1622\" data-end=\"1641\">Minimal rinnighet<\/p>\n<\/li>\n<li data-start=\"1642\" data-end=\"1685\">\n<p data-start=\"1644\" data-end=\"1685\">Bekv\u00e4m anv\u00e4ndning under l\u00e4ngre perioder<\/p>\n<\/li>\n<\/ul>\n<p data-start=\"1687\" data-end=\"1769\">Varje dosa inneh\u00e5ller <strong data-start=\"1709\" data-end=\"1725\">22 portioner<\/strong>, vilket g\u00f6r den b\u00e5de praktisk och prisv\u00e4rd.<\/p>\n<hr data-start=\"1771\" data-end=\"1774\" \/>\n<h3 data-start=\"1776\" data-end=\"1808\">H\u00e5llbar innovation fr\u00e5n LOOP<\/h3>\n<p data-start=\"1810\" data-end=\"2047\">Varum\u00e4rket LOOP \u00e4r k\u00e4nt f\u00f6r sin klimatsmarta innovation. Dosan \u00e4r tillverkad av <strong data-start=\"1890\" data-end=\"1917\">100 % v\u00e4xtbaserad plast<\/strong>, vilket minskar klimatp\u00e5verkan j\u00e4mf\u00f6rt med traditionella dosor. Produktionen sker i Sverige med fokus p\u00e5 kvalitet och h\u00e5llbarhet.<\/p>\n<hr data-start=\"2049\" data-end=\"2052\" \/>\n<h2 data-start=\"2054\" data-end=\"2111\">Produktfakta \u2013 LOOP Fresh Peppermint Mini Hyper Strong<\/h2>\n<div class=\"TyagGW_tableContainer\">\n<div class=\"group TyagGW_tableWrapper flex flex-col-reverse w-fit\" tabindex=\"-1\">\n<table class=\"w-fit min-w-(--thread-content-width)\" data-start=\"2113\" data-end=\"2421\">\n<thead data-start=\"2113\" data-end=\"2139\">\n<tr data-start=\"2113\" data-end=\"2139\">\n<th class=\"\" data-start=\"2113\" data-end=\"2124\" data-col-size=\"sm\">Egenskap<\/th>\n<th class=\"\" data-start=\"2124\" data-end=\"2139\" data-col-size=\"sm\">Information<\/th>\n<\/tr>\n<\/thead>\n<tbody data-start=\"2167\" data-end=\"2421\">\n<tr data-start=\"2167\" data-end=\"2187\">\n<td data-start=\"2167\" data-end=\"2179\" data-col-size=\"sm\">Varum\u00e4rke<\/td>\n<td data-col-size=\"sm\" data-start=\"2179\" data-end=\"2187\">LOOP<\/td>\n<\/tr>\n<tr data-start=\"2188\" data-end=\"2222\">\n<td data-start=\"2188\" data-end=\"2201\" data-col-size=\"sm\">Produkttyp<\/td>\n<td data-col-size=\"sm\" data-start=\"2201\" data-end=\"2222\">All White Portion<\/td>\n<\/tr>\n<tr data-start=\"2223\" data-end=\"2240\">\n<td data-start=\"2223\" data-end=\"2232\" data-col-size=\"sm\">Format<\/td>\n<td data-col-size=\"sm\" data-start=\"2232\" data-end=\"2240\">Mini<\/td>\n<\/tr>\n<tr data-start=\"2241\" data-end=\"2269\">\n<td data-start=\"2241\" data-end=\"2248\" data-col-size=\"sm\">Smak<\/td>\n<td data-col-size=\"sm\" data-start=\"2248\" data-end=\"2269\">Peppermint \/ Mint<\/td>\n<\/tr>\n<tr data-start=\"2270\" data-end=\"2307\">\n<td data-start=\"2270\" data-end=\"2286\" data-col-size=\"sm\">Nikotinstyrka<\/td>\n<td data-col-size=\"sm\" data-start=\"2286\" data-end=\"2307\">Hyper stark (4\/4)<\/td>\n<\/tr>\n<tr data-start=\"2308\" data-end=\"2333\">\n<td data-start=\"2308\" data-end=\"2322\" data-col-size=\"sm\">Nikotinhalt<\/td>\n<td data-col-size=\"sm\" data-start=\"2322\" data-end=\"2333\">25 mg\/g<\/td>\n<\/tr>\n<tr data-start=\"2334\" data-end=\"2361\">\n<td data-start=\"2334\" data-end=\"2352\" data-col-size=\"sm\">Antal portioner<\/td>\n<td data-col-size=\"sm\" data-start=\"2352\" data-end=\"2361\">22 st<\/td>\n<\/tr>\n<tr data-start=\"2362\" data-end=\"2384\">\n<td data-start=\"2362\" data-end=\"2373\" data-col-size=\"sm\">Inneh\u00e5ll<\/td>\n<td data-col-size=\"sm\" data-start=\"2373\" data-end=\"2384\">13,75 g<\/td>\n<\/tr>\n<tr data-start=\"2385\" data-end=\"2421\">\n<td data-start=\"2385\" data-end=\"2397\" data-col-size=\"sm\">Producent<\/td>\n<td data-col-size=\"sm\" data-start=\"2397\" data-end=\"2421\">Another Snus Factory<\/td>\n<\/tr>\n<\/tbody>\n<\/table>\n<\/div>\n<\/div>\n<hr data-start=\"2423\" data-end=\"2426\" \/>\n<h3 data-start=\"2428\" data-end=\"2482\">K\u00f6p LOOP Fresh Peppermint Mini Hyper Strong online<\/h3>\n<p data-start=\"2484\" data-end=\"2586\">Vill du uppleva en av de starkaste mintprodukterna fr\u00e5n LOOP?<br data-start=\"2545\" data-end=\"2548\" \/>Best\u00e4ll enkelt och smidigt hos VELOOP:<\/p>\n<p data-start=\"2588\" data-end=\"2626\">\ud83d\udc49 <strong data-start=\"2591\" data-end=\"2603\">K\u00f6p h\u00e4r:<\/strong> <a class=\"decorated-link\" href=\"http:\/\/veloop.se\/sv\/loop\/\" target=\"_new\" rel=\"noopener\" data-start=\"2604\" data-end=\"2626\">http:\/\/veloop.se\/loop\/<\/a><\/p>\n<p data-start=\"2628\" data-end=\"2767\" data-is-last-node=\"\" data-is-only-node=\"\">Hos veloop.se hittar du ett brett sortiment av tobaksfria nikotinp\u00e5sar fr\u00e5n LOOP \u2013 alltid med snabb leverans och konkurrenskraftiga priser.<\/p>","protected":false},"excerpt":{"rendered":"<h1 data-start=\"0\" data-end=\"92\">LOOP Fresh Peppermint Mini Hyper Strong \u2013 Extra starka nikotinp\u00e5sar med intensiv mintsmak<\/h1>\n<p data-start=\"94\" data-end=\"445\"><strong data-start=\"94\" data-end=\"137\">LOOP Fresh Peppermint Mini Hyper Strong<\/strong> \u00e4r ett tobaksfritt all white-snusalternativ f\u00f6r dig som s\u00f6ker <strong data-start=\"200\" data-end=\"283\">maximal nikotinstyrka kombinerat med en frisk och l\u00e5ngvarig smak av pepparmynta<\/strong>. Produkten \u00e4r utvecklad f\u00f6r att leverera en kraftfull nikotinupplevelse i ett diskret mini-format \u2013 perfekt f\u00f6r dig som vill ha stark effekt i ett mindre format.<\/p>\n<p data-start=\"447\" data-end=\"646\">Tillverkad av <span class=\"hover:entity-accent entity-underline inline cursor-pointer align-baseline\"><span class=\"whitespace-normal\">Another Snus Factory<\/span><\/span> och en del av det innovativa varum\u00e4rket <span class=\"hover:entity-accent entity-underline inline cursor-pointer align-baseline\"><span class=\"whitespace-normal\">Loop<\/span><\/span>, kombinerar denna produkt h\u00f6g kvalitet, h\u00e5llbarhet och intensiv smak.<\/p>\n<p data-start=\"2588\" data-end=\"2626\">\ud83d\udc49 <strong data-start=\"2591\" data-end=\"2603\">K\u00f6p h\u00e4r:<\/strong> <a class=\"decorated-link\" href=\"http:\/\/veloop.se\/sv\/loop\/\" target=\"_new\" rel=\"noopener\" data-start=\"2604\" data-end=\"2626\">http:\/\/veloop.se\/loop\/<\/a><\/p>\n<p data-start=\"2628\" data-end=\"2767\" data-is-last-node=\"\" data-is-only-node=\"\">Hos veloop.se hittar du ett brett sortiment av tobaksfria nikotinp\u00e5sar fr\u00e5n LOOP \u2013 alltid med snabb leverans och konkurrenskraftiga priser.<\/p>","protected":false},"featured_media":71475,"comment_status":"open","ping_status":"closed","template":"","meta":[],"product_brand":[],"product_cat":[136,388,103,137],"product_tag":[],"class_list":{"0":"post-71470","1":"product","2":"type-product","3":"status-publish","4":"has-post-thumbnail","6":"product_cat-all-whites","7":"product_cat-hyper-strong","8":"product_cat-loop","9":"product_cat-slim","11":"first","12":"instock","13":"taxable","14":"shipping-taxable","15":"purchasable","16":"product-type-variable"},"_links":{"self":[{"href":"https:\/\/veloop.se\/sv\/wp-json\/wp\/v2\/product\/71470","targetHints":{"allow":["GET"]}}],"collection":[{"href":"https:\/\/veloop.se\/sv\/wp-json\/wp\/v2\/product"}],"about":[{"href":"https:\/\/veloop.se\/sv\/wp-json\/wp\/v2\/types\/product"}],"replies":[{"embeddable":true,"href":"https:\/\/veloop.se\/sv\/wp-json\/wp\/v2\/comments?post=71470"}],"version-history":[{"count":0,"href":"https:\/\/veloop.se\/sv\/wp-json\/wp\/v2\/product\/71470\/revisions"}],"wp:featuredmedia":[{"embeddable":true,"href":"https:\/\/veloop.se\/sv\/wp-json\/wp\/v2\/media\/71475"}],"wp:attachment":[{"href":"https:\/\/veloop.se\/sv\/wp-json\/wp\/v2\/media?parent=71470"}],"wp:term":[{"taxonomy":"product_brand","embeddable":true,"href":"https:\/\/veloop.se\/sv\/wp-json\/wp\/v2\/product_brand?post=71470"},{"taxonomy":"product_cat","embeddable":true,"href":"https:\/\/veloop.se\/sv\/wp-json\/wp\/v2\/product_cat?post=71470"},{"taxonomy":"product_tag","embeddable":true,"href":"https:\/\/veloop.se\/sv\/wp-json\/wp\/v2\/product_tag?post=71470"}],"curies":[{"name":"wp","href":"https:\/\/api.w.org\/{rel}","templated":true}]}}