{"id":71275,"date":"2026-01-13T20:50:18","date_gmt":"2026-01-13T20:50:18","guid":{"rendered":"https:\/\/veloop.se\/?post_type=product&#038;p=71275"},"modified":"2026-01-13T20:58:46","modified_gmt":"2026-01-13T20:58:46","slug":"snusdosa-plast-svart","status":"publish","type":"product","link":"https:\/\/veloop.se\/sv\/produkt\/snusdosa-plast-svart\/","title":{"rendered":"SNUSDOSA PLAST SVART"},"content":{"rendered":"<h1 data-start=\"125\" data-end=\"163\">Snusdosa \u2013 Svart (Standardstorlek)<\/h1>\n<p data-start=\"165\" data-end=\"383\">Praktisk och stilren snusdosa i svart plast fr\u00e5n <strong data-start=\"214\" data-end=\"227\">Veloop.se<\/strong>, designad i samma storlek som en vanlig snusdosa. Med en kapacitet p\u00e5 cirka <strong data-start=\"304\" data-end=\"320\">50 gram snus<\/strong> \u00e4r den ett utm\u00e4rkt val f\u00f6r dig som tillverkar eget snus hemma.<\/p>\n<p data-start=\"385\" data-end=\"628\">Snusdosan passar lika bra f\u00f6r <strong data-start=\"415\" data-end=\"442\">prillor som f\u00f6r l\u00f6ssnus<\/strong> och fungerar perfekt tillsammans med snussatser. Den t\u00e5liga plasten g\u00f6r dosan enkel att <strong data-start=\"531\" data-end=\"560\">tv\u00e4tta ur och \u00e5teranv\u00e4nda<\/strong>, vilket g\u00f6r den till ett h\u00e5llbart och kostnadseffektivt alternativ.<\/p>\n<p data-start=\"630\" data-end=\"761\">Den klassiska storleken g\u00f6r att dosan ligger bekv\u00e4mt i handen och smidigt f\u00e5r plats i fickan \u2013 precis som en traditionell snusdosa.<\/p>\n<h2 data-start=\"763\" data-end=\"786\"><strong data-start=\"763\" data-end=\"786\">Produktinformation:<\/strong><\/h2>\n<ul data-start=\"787\" data-end=\"968\">\n<li data-start=\"787\" data-end=\"802\">\n<p data-start=\"789\" data-end=\"802\">F\u00e4rg: Svart<\/p>\n<\/li>\n<li data-start=\"803\" data-end=\"822\">\n<p data-start=\"805\" data-end=\"822\">Material: Plast<\/p>\n<\/li>\n<li data-start=\"823\" data-end=\"853\">\n<p data-start=\"825\" data-end=\"853\">Kapacitet: ca 50 gram snus<\/p>\n<\/li>\n<li data-start=\"854\" data-end=\"889\">\n<p data-start=\"856\" data-end=\"889\">Passar f\u00f6r: Prillor och l\u00f6ssnus<\/p>\n<\/li>\n<li data-start=\"890\" data-end=\"928\">\n<p data-start=\"892\" data-end=\"928\">\u00c5teranv\u00e4ndbar och l\u00e4tt att reng\u00f6ra<\/p>\n<\/li>\n<li data-start=\"929\" data-end=\"968\">\n<p data-start=\"931\" data-end=\"968\">Samma storlek som vanliga snusdosor<\/p>\n<\/li>\n<\/ul>\n<h3 data-start=\"970\" data-end=\"979\"><strong data-start=\"970\" data-end=\"979\">M\u00e5tt:<\/strong><\/h3>\n<ul data-start=\"980\" data-end=\"1015\">\n<li data-start=\"980\" data-end=\"999\">\n<p data-start=\"982\" data-end=\"999\">Diameter: 70 mm<\/p>\n<\/li>\n<li data-start=\"1000\" data-end=\"1015\">\n<p data-start=\"1002\" data-end=\"1015\">H\u00f6jd: 24 mm<\/p>\n<\/li>\n<\/ul>\n<p data-start=\"1017\" data-end=\"1162\" data-is-last-node=\"\" data-is-only-node=\"\">Perfekt f\u00f6r dig som vill f\u00f6rvara ditt snus p\u00e5 ett enkelt, snyggt och funktionellt s\u00e4tt \u2013 oavsett om du g\u00f6r eget snus eller beh\u00f6ver en extra dosa.<\/p>","protected":false},"excerpt":{"rendered":"<h1 data-start=\"125\" data-end=\"163\">Snusdosa \u2013 Svart (Standardstorlek)<\/h1>\n<p data-start=\"165\" data-end=\"383\">Praktisk och stilren snusdosa i svart plast fr\u00e5n <strong data-start=\"214\" data-end=\"227\">Veloop.se<\/strong>, designad i samma storlek som en vanlig snusdosa. Med en kapacitet p\u00e5 cirka <strong data-start=\"304\" data-end=\"320\">50 gram snus<\/strong> \u00e4r den ett utm\u00e4rkt val f\u00f6r dig som tillverkar eget snus hemma.<\/p>\n<p data-start=\"385\" data-end=\"628\">Snusdosan passar lika bra f\u00f6r <strong data-start=\"415\" data-end=\"442\">prillor som f\u00f6r l\u00f6ssnus<\/strong> och fungerar perfekt tillsammans med snussatser. Den t\u00e5liga plasten g\u00f6r dosan enkel att <strong data-start=\"531\" data-end=\"560\">tv\u00e4tta ur och \u00e5teranv\u00e4nda<\/strong>, vilket g\u00f6r den till ett h\u00e5llbart och kostnadseffektivt alternativ.<\/p>\n<p data-start=\"630\" data-end=\"761\">Den klassiska storleken g\u00f6r att dosan ligger bekv\u00e4mt i handen och smidigt f\u00e5r plats i fickan \u2013 precis som en traditionell snusdosa.<\/p>","protected":false},"featured_media":71279,"comment_status":"open","ping_status":"closed","template":"","meta":[],"product_brand":[],"product_cat":[113,282,283],"product_tag":[],"class_list":{"0":"post-71275","1":"product","2":"type-product","3":"status-publish","4":"has-post-thumbnail","6":"product_cat-prillan","7":"product_cat-snustillbehor","8":"product_cat-tillbehor-gora-eget-snus","10":"first","11":"instock","12":"taxable","13":"shipping-taxable","14":"purchasable","15":"product-type-variable"},"_links":{"self":[{"href":"https:\/\/veloop.se\/sv\/wp-json\/wp\/v2\/product\/71275","targetHints":{"allow":["GET"]}}],"collection":[{"href":"https:\/\/veloop.se\/sv\/wp-json\/wp\/v2\/product"}],"about":[{"href":"https:\/\/veloop.se\/sv\/wp-json\/wp\/v2\/types\/product"}],"replies":[{"embeddable":true,"href":"https:\/\/veloop.se\/sv\/wp-json\/wp\/v2\/comments?post=71275"}],"version-history":[{"count":0,"href":"https:\/\/veloop.se\/sv\/wp-json\/wp\/v2\/product\/71275\/revisions"}],"wp:featuredmedia":[{"embeddable":true,"href":"https:\/\/veloop.se\/sv\/wp-json\/wp\/v2\/media\/71279"}],"wp:attachment":[{"href":"https:\/\/veloop.se\/sv\/wp-json\/wp\/v2\/media?parent=71275"}],"wp:term":[{"taxonomy":"product_brand","embeddable":true,"href":"https:\/\/veloop.se\/sv\/wp-json\/wp\/v2\/product_brand?post=71275"},{"taxonomy":"product_cat","embeddable":true,"href":"https:\/\/veloop.se\/sv\/wp-json\/wp\/v2\/product_cat?post=71275"},{"taxonomy":"product_tag","embeddable":true,"href":"https:\/\/veloop.se\/sv\/wp-json\/wp\/v2\/product_tag?post=71275"}],"curies":[{"name":"wp","href":"https:\/\/api.w.org\/{rel}","templated":true}]}}