{"id":71262,"date":"2026-01-13T10:17:28","date_gmt":"2026-01-13T10:17:28","guid":{"rendered":"https:\/\/veloop.se\/?post_type=product&#038;p=71262"},"modified":"2026-03-24T11:06:40","modified_gmt":"2026-03-24T11:06:40","slug":"apres-no-12-blueberry-hyper-strong","status":"publish","type":"product","link":"https:\/\/veloop.se\/sv\/produkt\/apres-no-12-blueberry-hyper-strong\/","title":{"rendered":"Apr\u00e8s No.12 Blueberry Hyp\u00e8r Strong"},"content":{"rendered":"<h1 data-start=\"641\" data-end=\"720\"><img decoding=\"async\" src=\"https:\/\/v3-media-se.snusbolaget.se\/sesnusbo\/files\/warninglabels\/NicotineWarningLabel_ProductListPage_Desktop.svg\" alt=\"18 \u00e5rsgr\u00e4ns\" \/><\/h1>\n<h1 class=\"pp-header\">Apr\u00e8s No.12 Blueberry Hyp\u00e8r Strong | 20 mg<\/h1>\n<h3 data-start=\"160\" data-end=\"242\">Apr\u00e8s No.12 Blueberry Hyper \u2013 Extra stark nikotinp\u00e5se med intensiv bl\u00e5b\u00e4rssmak<\/h3>\n<p data-start=\"244\" data-end=\"602\">S\u00f6ker du en kraftfull nikotinp\u00e5se med en fruktig och uppfriskande smakprofil? <strong data-start=\"322\" data-end=\"353\">Apr\u00e8s No.12 Blueberry Hyper<\/strong> kombinerar fyllig bl\u00e5b\u00e4rssmak med extra h\u00f6g styrka f\u00f6r en intensiv och l\u00e5ngvarig nikotinupplevelse. Med <strong data-start=\"458\" data-end=\"477\">20 mg\/g nikotin<\/strong> och styrkeniv\u00e5 <strong data-start=\"493\" data-end=\"509\">Extra Strong<\/strong> \u00e4r detta ett utm\u00e4rkt val f\u00f6r dig som vill ha maximal effekt utan att kompromissa med smaken.<\/p>\n<p data-start=\"604\" data-end=\"814\">Smaken pr\u00e4glas av mogna bl\u00e5b\u00e4r med en naturlig s\u00f6tma och l\u00e4tt friskhet, vilket ger en rund och balanserad smak som h\u00e5ller sig j\u00e4mn under hela anv\u00e4ndningen. En modern smakprofil som sticker ut i Apr\u00e8s sortiment.<\/p>\n<hr data-start=\"816\" data-end=\"819\" \/>\n<h3 data-start=\"821\" data-end=\"836\">Egenskaper:<\/h3>\n<ul data-start=\"838\" data-end=\"1100\">\n<li data-start=\"838\" data-end=\"863\">\n<p data-start=\"840\" data-end=\"863\"><strong data-start=\"840\" data-end=\"849\">Smak:<\/strong> Bl\u00e5b\u00e4r, b\u00e4r<\/p>\n<\/li>\n<li data-start=\"864\" data-end=\"900\">\n<p data-start=\"866\" data-end=\"900\"><strong data-start=\"866\" data-end=\"877\">Styrka:<\/strong> Extra Strong \/ Hyper<\/p>\n<\/li>\n<li data-start=\"901\" data-end=\"949\">\n<p data-start=\"903\" data-end=\"949\"><strong data-start=\"903\" data-end=\"919\">Nikotinhalt:<\/strong> 20 mg\/g (11 mg per portion)<\/p>\n<\/li>\n<li data-start=\"950\" data-end=\"970\">\n<p data-start=\"952\" data-end=\"970\"><strong data-start=\"952\" data-end=\"963\">Format:<\/strong> Slim<\/p>\n<\/li>\n<li data-start=\"971\" data-end=\"1008\">\n<p data-start=\"973\" data-end=\"1008\"><strong data-start=\"973\" data-end=\"991\">Antal prillor:<\/strong> 20 st per dosa<\/p>\n<\/li>\n<li data-start=\"1009\" data-end=\"1047\">\n<p data-start=\"1011\" data-end=\"1047\"><strong data-start=\"1011\" data-end=\"1027\">Tillverkare:<\/strong> Apr\u00e8s Nicotine AB<\/p>\n<\/li>\n<li data-start=\"1048\" data-end=\"1100\">\n<p data-start=\"1050\" data-end=\"1100\"><strong data-start=\"1050\" data-end=\"1058\">Typ:<\/strong> Tobaksfri nikotinp\u00e5se (All White Portion)<\/p>\n<\/li>\n<\/ul>\n<p data-start=\"1102\" data-end=\"1253\">Apr\u00e8s No.12 Blueberry Hyper \u00e4r perfekt f\u00f6r <strong data-start=\"1145\" data-end=\"1166\">erfarna anv\u00e4ndare<\/strong> som s\u00f6ker ett extra starkt vitt snus med en tydlig, fruktig smak och diskret passform.<\/p>\n<p data-start=\"1255\" data-end=\"1388\">\ud83d\udce6 <strong data-start=\"1258\" data-end=\"1312\">Best\u00e4ll Apr\u00e8s No.12 Blueberry Hyper fr\u00e5n veloop.se<\/strong> och upplev kraften i intensiv bl\u00e5b\u00e4rssmak kombinerat med h\u00f6g nikotinstyrka.<\/p>\n<p data-start=\"1390\" data-end=\"1438\">\ud83d\udc49 Se hela v\u00e5rt sortiment av Apr\u00e8s hos veloop.se<\/p>\n<hr data-start=\"1440\" data-end=\"1443\" \/>\n<h3 data-start=\"1445\" data-end=\"1511\">Om Apr\u00e8s \u2013 Premium nikotinp\u00e5sar med fokus p\u00e5 smak och design<\/h3>\n<p data-start=\"1512\" data-end=\"1748\">Apr\u00e8s \u00e4r ett svenskt varum\u00e4rke grundat 2020 som specialiserar sig p\u00e5 tobaksfria nikotinp\u00e5sar i premiumsegmentet. Med stilren design, innovativa smaker och flera styrkeniv\u00e5er erbjuder Apr\u00e8s ett modernt alternativ till traditionellt snus.<\/p>\n<p data-start=\"1750\" data-end=\"1984\">Varje produkt \u00e4r utvecklad med noggrant utvalda ingredienser och ett tydligt fokus p\u00e5 kvalitet, smakupplevelse och h\u00e5llbarhet. Oavsett om du f\u00f6redrar fruktiga, fr\u00e4scha eller klassiska smaker finns det n\u00e5got f\u00f6r alla i Apr\u00e8s sortiment.<\/p>\n<hr data-start=\"1986\" data-end=\"1989\" \/>\n<h3 data-start=\"1991\" data-end=\"2017\">\ud83c\udfaf Varf\u00f6r v\u00e4lja Apr\u00e8s?<\/h3>\n<p data-start=\"2019\" data-end=\"2289\">\u2705 Tobaksfri och diskret \u2013 vita prillor som inte missf\u00e4rgar<br data-start=\"2077\" data-end=\"2080\" \/>\u2705 Extra stark nikotinhalt \u2013 f\u00f6r vana anv\u00e4ndare<br data-start=\"2126\" data-end=\"2129\" \/>\u2705 Slim format \u2013 bekv\u00e4m och modern passform<br data-start=\"2171\" data-end=\"2174\" \/>\u2705 Svensktillverkad \u2013 h\u00f6g kvalitet och ansvarsfull produktion<br data-start=\"2234\" data-end=\"2237\" \/>\u2705 Milj\u00f6medveten design \u2013 dosor av \u00e5tervunnen plast<\/p>\n<p data-start=\"2291\" data-end=\"2379\">Apr\u00e8s kombinerar styrka, smak och estetik \u2013 f\u00f6r en nikotinupplevelse ut\u00f6ver det vanliga.<\/p>\n<p data-start=\"2381\" data-end=\"2462\" data-is-last-node=\"\" data-is-only-node=\"\">\ud83d\udce6 <strong data-start=\"2384\" data-end=\"2462\" data-is-last-node=\"\">Uppt\u00e4ck hela sortimentet fr\u00e5n Apr\u00e8s och best\u00e4ll enkelt online p\u00e5 veloop.se<\/strong><\/p>","protected":false},"excerpt":{"rendered":"<h1 class=\"pp-header\">Apr\u00e8s No.12 Blueberry Hyp\u00e8r Strong | 20 mg<\/h1>\n<h1 class=\"pp-header\">Apr\u00e8s No.12 Blueberry<strong data-start=\"347\" data-end=\"406\"> \u2013 Starka nikotinp\u00e5sar med s\u00f6t citronsmak<\/strong><\/h1>\n<p data-start=\"408\" data-end=\"582\">Apres Blueberry Hyper \u00e4r ett extra starkt vitt snus i slim format med tydlig och fruktig bl\u00e5b\u00e4rssmak. Tobaksfritt, diskret och kraftfullt \u2013 perfekt f\u00f6r dig som vill ha h\u00f6g nikotinhalt och fr\u00e4sch smak i varje prilla.<\/p>","protected":false},"featured_media":71267,"comment_status":"open","ping_status":"closed","template":"","meta":[],"product_brand":[384],"product_cat":[136,290,322,356,137],"product_tag":[],"class_list":{"0":"post-71262","1":"product","2":"type-product","3":"status-publish","4":"has-post-thumbnail","6":"product_brand-aprs","7":"product_cat-all-whites","8":"product_cat-apres","9":"product_cat-apres-alla-produkter","10":"product_cat-extreme","11":"product_cat-slim","13":"first","14":"instock","15":"taxable","16":"shipping-taxable","17":"purchasable","18":"product-type-variable"},"_links":{"self":[{"href":"https:\/\/veloop.se\/sv\/wp-json\/wp\/v2\/product\/71262","targetHints":{"allow":["GET"]}}],"collection":[{"href":"https:\/\/veloop.se\/sv\/wp-json\/wp\/v2\/product"}],"about":[{"href":"https:\/\/veloop.se\/sv\/wp-json\/wp\/v2\/types\/product"}],"replies":[{"embeddable":true,"href":"https:\/\/veloop.se\/sv\/wp-json\/wp\/v2\/comments?post=71262"}],"version-history":[{"count":0,"href":"https:\/\/veloop.se\/sv\/wp-json\/wp\/v2\/product\/71262\/revisions"}],"wp:featuredmedia":[{"embeddable":true,"href":"https:\/\/veloop.se\/sv\/wp-json\/wp\/v2\/media\/71267"}],"wp:attachment":[{"href":"https:\/\/veloop.se\/sv\/wp-json\/wp\/v2\/media?parent=71262"}],"wp:term":[{"taxonomy":"product_brand","embeddable":true,"href":"https:\/\/veloop.se\/sv\/wp-json\/wp\/v2\/product_brand?post=71262"},{"taxonomy":"product_cat","embeddable":true,"href":"https:\/\/veloop.se\/sv\/wp-json\/wp\/v2\/product_cat?post=71262"},{"taxonomy":"product_tag","embeddable":true,"href":"https:\/\/veloop.se\/sv\/wp-json\/wp\/v2\/product_tag?post=71262"}],"curies":[{"name":"wp","href":"https:\/\/api.w.org\/{rel}","templated":true}]}}