{"id":71076,"date":"2025-12-10T06:16:36","date_gmt":"2025-12-10T06:16:36","guid":{"rendered":"https:\/\/veloop.se\/?post_type=product&#038;p=71076"},"modified":"2025-12-10T06:26:46","modified_gmt":"2025-12-10T06:26:46","slug":"zone-no3-cool-mint-s3","status":"publish","type":"product","link":"https:\/\/veloop.se\/sv\/produkt\/zone-no3-cool-mint-s3\/","title":{"rendered":"ZONE No3 Cool Mint S3"},"content":{"rendered":"<h1 data-start=\"189\" data-end=\"256\">ZONE No3 Cool Mint S3<\/h1>\n<h2 data-start=\"321\" data-end=\"385\">ZONE No3 Cool Mint S3 \u2013 Vitt Snus i Slim-format hos VELOOP.se<\/h2>\n<p data-start=\"387\" data-end=\"755\"><strong data-start=\"387\" data-end=\"412\">ZONE No3 Cool Mint S3<\/strong> \u00e4r ett extra starkt vitt snus fr\u00e5n det svenska varum\u00e4rket <strong data-start=\"471\" data-end=\"479\">ZONE<\/strong>, utvecklat av <strong data-start=\"494\" data-end=\"511\">Skruf Snus AB<\/strong>. Serien \u00e4r k\u00e4nd f\u00f6r sin moderna design, sina intensiva smaker och sin urbana, energiska stil. ZONE riktar sig till anv\u00e4ndare som s\u00f6ker n\u00e5got mer trendigt och smakdrivet \u00e4n traditionellt snus \u2013 med fokus p\u00e5 tydlig karakt\u00e4r, upplevelse och stil.<\/p>\n<p data-start=\"757\" data-end=\"960\">Denna variant, Cool Mint S3, kombinerar en frisk och kylande mintsmak med en extra stark nikotinstyrka. Resultatet \u00e4r en ren, sval och uppiggande smakprofil som levererar b\u00e5de fr\u00e4sch\u00f6r och tydlig effekt.<\/p>\n<hr data-start=\"962\" data-end=\"965\" \/>\n<h2 data-start=\"967\" data-end=\"1007\">Smakprofil \u2013 Frisk och kylande mint<\/h2>\n<p data-start=\"1008\" data-end=\"1222\">ZONE No3 Cool Mint S3 erbjuder en klar och krispig mintsmak med en markerad kylig underton. Den friska mintkarakt\u00e4ren ger en ren smakupplevelse som passar dig som f\u00f6redrar tydliga mentol- och minttoner i vitt snus.<\/p>\n<hr data-start=\"1224\" data-end=\"1227\" \/>\n<h2 data-start=\"1229\" data-end=\"1261\">Nikotinstyrka \u2013 Extra stark<\/h2>\n<p data-start=\"1262\" data-end=\"1320\">Produkten \u00e4r klassad som <strong data-start=\"1287\" data-end=\"1302\">extra stark<\/strong> och inneh\u00e5ller:<\/p>\n<ul data-start=\"1321\" data-end=\"1370\">\n<li data-start=\"1321\" data-end=\"1338\">\n<p data-start=\"1323\" data-end=\"1338\"><strong data-start=\"1323\" data-end=\"1336\">14,2 mg\/g<\/strong><\/p>\n<\/li>\n<li data-start=\"1339\" data-end=\"1370\">\n<p data-start=\"1341\" data-end=\"1370\"><strong data-start=\"1341\" data-end=\"1370\">10 mg nikotin per portion<\/strong><\/p>\n<\/li>\n<\/ul>\n<p data-start=\"1372\" data-end=\"1449\">Niv\u00e5n ger en intensiv nikotink\u00e4nsla i kombination med den svala mintprofilen.<\/p>\n<hr data-start=\"1451\" data-end=\"1454\" \/>\n<h2 data-start=\"1456\" data-end=\"1494\">Slim-format \u2013 Diskret och bekv\u00e4mt<\/h2>\n<p data-start=\"1495\" data-end=\"1694\">ZONE No3 Cool Mint S3 kommer i <strong data-start=\"1526\" data-end=\"1541\">slim-format<\/strong>, vilket betyder smalare och mer diskreta portioner. Varje dosa inneh\u00e5ller <strong data-start=\"1616\" data-end=\"1630\">20 prillor<\/strong>, vardera med en vikt p\u00e5 <strong data-start=\"1655\" data-end=\"1665\">0,71 g<\/strong> och totalvikt p\u00e5 <strong data-start=\"1683\" data-end=\"1693\">14,1 g<\/strong>.<\/p>\n<hr data-start=\"1696\" data-end=\"1699\" \/>\n<h2 data-start=\"1701\" data-end=\"1748\">Produktinformation \u2013 ZONE No3 Cool Mint S3<\/h2>\n<ul data-start=\"1749\" data-end=\"2132\">\n<li data-start=\"1749\" data-end=\"1771\">\n<p data-start=\"1751\" data-end=\"1771\"><strong data-start=\"1751\" data-end=\"1759\">Typ:<\/strong> Vitt snus<\/p>\n<\/li>\n<li data-start=\"1772\" data-end=\"1792\">\n<p data-start=\"1774\" data-end=\"1792\"><strong data-start=\"1774\" data-end=\"1785\">Format:<\/strong> Slim<\/p>\n<\/li>\n<li data-start=\"1793\" data-end=\"1820\">\n<p data-start=\"1795\" data-end=\"1820\"><strong data-start=\"1795\" data-end=\"1806\">Styrka:<\/strong> Extra stark<\/p>\n<\/li>\n<li data-start=\"1821\" data-end=\"1839\">\n<p data-start=\"1823\" data-end=\"1839\"><strong data-start=\"1823\" data-end=\"1832\">Smak:<\/strong> Mint<\/p>\n<\/li>\n<li data-start=\"1840\" data-end=\"1867\">\n<p data-start=\"1842\" data-end=\"1867\"><strong data-start=\"1842\" data-end=\"1850\">Ton:<\/strong> Kylande mentol<\/p>\n<\/li>\n<li data-start=\"1868\" data-end=\"1898\">\n<p data-start=\"1870\" data-end=\"1898\"><strong data-start=\"1870\" data-end=\"1886\">Nikotinhalt:<\/strong> 14,2 mg\/g<\/p>\n<\/li>\n<li data-start=\"1899\" data-end=\"1937\">\n<p data-start=\"1901\" data-end=\"1937\"><strong data-start=\"1901\" data-end=\"1929\">Nikotinhalt per portion:<\/strong> 10 mg<\/p>\n<\/li>\n<li data-start=\"1938\" data-end=\"1966\">\n<p data-start=\"1940\" data-end=\"1966\"><strong data-start=\"1940\" data-end=\"1958\">Antal prillor:<\/strong> 20 st<\/p>\n<\/li>\n<li data-start=\"1967\" data-end=\"1998\">\n<p data-start=\"1969\" data-end=\"1998\"><strong data-start=\"1969\" data-end=\"1989\">Vikt per prilla:<\/strong> 0,71 g<\/p>\n<\/li>\n<li data-start=\"1999\" data-end=\"2024\">\n<p data-start=\"2001\" data-end=\"2024\"><strong data-start=\"2001\" data-end=\"2015\">Totalvikt:<\/strong> 14,1 g<\/p>\n<\/li>\n<li data-start=\"2025\" data-end=\"2060\">\n<p data-start=\"2027\" data-end=\"2060\"><strong data-start=\"2027\" data-end=\"2042\">H\u00e5llbarhet:<\/strong> Cirka 6 m\u00e5nader<\/p>\n<\/li>\n<li data-start=\"2061\" data-end=\"2095\">\n<p data-start=\"2063\" data-end=\"2095\"><strong data-start=\"2063\" data-end=\"2079\">Tillverkare:<\/strong> Skruf Snus AB<\/p>\n<\/li>\n<li data-start=\"2096\" data-end=\"2132\">\n<p data-start=\"2098\" data-end=\"2132\"><strong data-start=\"2098\" data-end=\"2108\">Serie:<\/strong> ZONE Nicotine Pouches<\/p>\n<\/li>\n<\/ul>\n<h3 data-start=\"2134\" data-end=\"2152\">Ingredienser<\/h3>\n<p data-start=\"2153\" data-end=\"2312\">V\u00e4xtfiber, vatten, nikotin, aromer, fuktighetsbevarande medel (E422), surhetsreglerande medel (E500), salmiak, smakf\u00f6rst\u00e4rkare (koksalt), s\u00f6tningsmedel (E950).<\/p>\n<hr data-start=\"2314\" data-end=\"2317\" \/>\n<h2 data-start=\"2319\" data-end=\"2331\">Om ZONE<\/h2>\n<p data-start=\"2332\" data-end=\"2724\">ZONE \u00e4r ett varum\u00e4rke utvecklat av <strong data-start=\"2367\" data-end=\"2384\">Skruf Snus AB<\/strong>, k\u00e4nt f\u00f6r sina kraftfulla smaker, moderna uttryck och trendiga design. Varum\u00e4rket h\u00e4mtar inspiration fr\u00e5n urbana milj\u00f6er och popul\u00e4rkultur, och riktar sig till anv\u00e4ndare som s\u00f6ker en tydlig smakupplevelse och ett stilmedvetet alternativ till traditionellt snus. Sortimentet best\u00e5r fr\u00e4mst av slim-portioner i olika styrkor och smakprofiler.<\/p>","protected":false},"excerpt":{"rendered":"<h1 data-start=\"189\" data-end=\"256\">ZONE No3 Cool Mint S3<\/h1>\n<p data-start=\"3165\" data-end=\"3291\"><strong data-start=\"3165\" data-end=\"3190\">ZONE No3 Cool Mint S3<\/strong> \u00e4r ett extra starkt vitt snus med en frisk, kylande mintsmak. Slim-portioner f\u00f6r diskret passform.<\/p>\n<ul data-start=\"3292\" data-end=\"3488\">\n<li data-start=\"3292\" data-end=\"3338\">\n<p data-start=\"3294\" data-end=\"3338\"><strong data-start=\"3294\" data-end=\"3310\">Nikotinhalt:<\/strong> 14,2 mg\/g (10 mg\/portion)<\/p>\n<\/li>\n<li data-start=\"3339\" data-end=\"3359\">\n<p data-start=\"3341\" data-end=\"3359\"><strong data-start=\"3341\" data-end=\"3352\">Format:<\/strong> Slim<\/p>\n<\/li>\n<li data-start=\"3360\" data-end=\"3378\">\n<p data-start=\"3362\" data-end=\"3378\"><strong data-start=\"3362\" data-end=\"3371\">Smak:<\/strong> Mint<\/p>\n<\/li>\n<li data-start=\"3379\" data-end=\"3488\">\n<p data-start=\"3381\" data-end=\"3488\"><strong data-start=\"3381\" data-end=\"3401\">Antal portioner:<\/strong> 20 st<br data-start=\"3407\" data-end=\"3410\" \/>Utvecklat av <strong data-start=\"3423\" data-end=\"3440\">Skruf Snus AB<\/strong>, k\u00e4nt f\u00f6r trendiga och smakstarka nikotinp\u00e5sar.<\/p>\n<\/li>\n<\/ul>","protected":false},"featured_media":71064,"comment_status":"open","ping_status":"closed","template":"","meta":[],"product_brand":[344],"product_cat":[274,136,137,130],"product_tag":[],"class_list":{"0":"post-71076","1":"product","2":"type-product","3":"status-publish","4":"has-post-thumbnail","6":"product_brand-zone-x","7":"product_cat-zone","8":"product_cat-all-whites","9":"product_cat-slim","10":"product_cat-zone-x","12":"first","13":"instock","14":"taxable","15":"shipping-taxable","16":"purchasable","17":"product-type-variable"},"_links":{"self":[{"href":"https:\/\/veloop.se\/sv\/wp-json\/wp\/v2\/product\/71076","targetHints":{"allow":["GET"]}}],"collection":[{"href":"https:\/\/veloop.se\/sv\/wp-json\/wp\/v2\/product"}],"about":[{"href":"https:\/\/veloop.se\/sv\/wp-json\/wp\/v2\/types\/product"}],"replies":[{"embeddable":true,"href":"https:\/\/veloop.se\/sv\/wp-json\/wp\/v2\/comments?post=71076"}],"version-history":[{"count":0,"href":"https:\/\/veloop.se\/sv\/wp-json\/wp\/v2\/product\/71076\/revisions"}],"wp:featuredmedia":[{"embeddable":true,"href":"https:\/\/veloop.se\/sv\/wp-json\/wp\/v2\/media\/71064"}],"wp:attachment":[{"href":"https:\/\/veloop.se\/sv\/wp-json\/wp\/v2\/media?parent=71076"}],"wp:term":[{"taxonomy":"product_brand","embeddable":true,"href":"https:\/\/veloop.se\/sv\/wp-json\/wp\/v2\/product_brand?post=71076"},{"taxonomy":"product_cat","embeddable":true,"href":"https:\/\/veloop.se\/sv\/wp-json\/wp\/v2\/product_cat?post=71076"},{"taxonomy":"product_tag","embeddable":true,"href":"https:\/\/veloop.se\/sv\/wp-json\/wp\/v2\/product_tag?post=71076"}],"curies":[{"name":"wp","href":"https:\/\/api.w.org\/{rel}","templated":true}]}}