{"id":69825,"date":"2025-11-12T20:28:21","date_gmt":"2025-11-12T20:28:21","guid":{"rendered":"https:\/\/veloop.se\/?post_type=product&#038;p=69825"},"modified":"2025-11-12T20:36:03","modified_gmt":"2025-11-12T20:36:03","slug":"geek-bar-elite-1000-watermelon-ice-20mg","status":"publish","type":"product","link":"https:\/\/veloop.se\/sv\/produkt\/geek-bar-elite-1000-watermelon-ice-20mg\/","title":{"rendered":"GEEK BAR Elite 1000 Watermelon Ice 20mg"},"content":{"rendered":"<h1 data-start=\"278\" data-end=\"737\">GEEK BAR Elite 1000 Watermelon Ice 20mg<\/h1>\n<p data-start=\"278\" data-end=\"737\">GEEK\u202fBAR\u202fElite\u202f1000\u202fWatermelon\u202fIce\u202f20\u202fmg levererar en klar frukt\u2011 och kylprofil med mogen vattenmelon i centrum och en kylig is\u2011ton som avslutning \u2013 idealisk f\u00f6r dig som s\u00f6ker smakrik enkelhet. Enheten kr\u00e4ver ingen laddning eller p\u00e5fyllning och ger upp till cirka 1000 puffar tack vare 20\u2009mg nikotinsalt och 2\u2009ml e\u2011v\u00e4tska. Den synliga v\u00e4tskeniv\u00e5n underl\u00e4ttar kontroll och designen g\u00f6r den perfekt att ta med. Produktspecifikationerna omfattar bland annat: synlig e\u2011v\u00e4tska, avtagbart batteri och mesh\u2011coil.<\/p>\n<article class=\"text-token-text-primary w-full focus:outline-none [--shadow-height:45px] has-data-writing-block:pointer-events-none has-data-writing-block:-mt-(--shadow-height) has-data-writing-block:pt-(--shadow-height) [&amp;:has([data-writing-block])&gt;*]:pointer-events-auto [content-visibility:auto] supports-[content-visibility:auto]:[contain-intrinsic-size:auto_100lvh] scroll-mt-[calc(var(--header-height)+min(200px,max(70px,20svh)))]\" dir=\"auto\" tabindex=\"-1\" data-turn-id=\"request-WEB:00bd71f9-8273-4046-a86f-b9658f970ebf-16\" data-testid=\"conversation-turn-34\" data-scroll-anchor=\"true\" data-turn=\"assistant\">\n<div class=\"text-base my-auto mx-auto pb-10 [--thread-content-margin:--spacing(4)] thread-sm:[--thread-content-margin:--spacing(6)] thread-lg:[--thread-content-margin:--spacing(16)] px-(--thread-content-margin)\">\n<div class=\"[--thread-content-max-width:40rem] thread-lg:[--thread-content-max-width:48rem] mx-auto max-w-(--thread-content-max-width) flex-1 group\/turn-messages focus-visible:outline-hidden relative flex w-full min-w-0 flex-col agent-turn\" tabindex=\"-1\">\n<div class=\"flex max-w-full flex-col grow\">\n<div class=\"min-h-8 text-message relative flex w-full flex-col items-end gap-2 text-start break-words whitespace-normal [.text-message+&amp;]:mt-1\" dir=\"auto\" data-message-author-role=\"assistant\" data-message-id=\"08919bf9-4463-4136-a848-c77d79a6d710\" data-message-model-slug=\"gpt-5\">\n<div class=\"flex w-full flex-col gap-1 empty:hidden first:pt-[1px]\">\n<div class=\"markdown prose dark:prose-invert w-full break-words light markdown-new-styling\">\n<h3 data-start=\"833\" data-end=\"887\"><a href=\"https:\/\/veloop.se\/sv\/produkt-kategori\/geek-bar-1000-puffar\/\">Tillg\u00e4ngliga smaker i GEEK BAR Elite 1000-serien<\/a><\/h3>\n<ul data-start=\"888\" data-end=\"1010\">\n<li data-start=\"888\" data-end=\"905\">Blueberry Ice<\/li>\n<li>Blueberry Soure Raspberry<\/li>\n<li>Citrus<\/li>\n<li>Cola Ice<\/li>\n<li>Fresh Mint<\/li>\n<li>Watermelon Ice<\/li>\n<li>Strawberry Ice Cream<\/li>\n<li>Mango Ice<\/li>\n<li>Grape Ice<\/li>\n<li>Peach Ice<\/li>\n<\/ul>\n<p data-start=\"835\" data-end=\"913\" data-is-last-node=\"\" data-is-only-node=\"\">\ud83d\udc49 L\u00e4s mer om <a class=\"decorated-link\" href=\"https:\/\/www.geekbar.com\/\" target=\"_new\" rel=\"noopener\" data-start=\"849\" data-end=\"912\">GEEK BAR:s officiella produkter h\u00e4r<\/a>.<\/p>\n<\/div>\n<\/div>\n<\/div>\n<\/div>\n<div class=\"z-0 flex min-h-[46px] justify-start\"><\/div>\n<\/div>\n<\/div>\n<\/article>\n<div class=\"pointer-events-none h-px w-px\" aria-hidden=\"true\" data-edge=\"true\"><\/div>","protected":false},"excerpt":{"rendered":"<h1 data-start=\"0\" data-end=\"34\">GEEK BAR Elite 1000 Watermelon Ice 20mg<\/h1>\n<h2 data-start=\"36\" data-end=\"264\">GEEK BAR Elite 1000 Watermelon Ice 20mg<\/h2>\n<p data-start=\"36\" data-end=\"264\">GEEK\u202fBAR\u202fElite\u202f1000\u202fWatermelon\u202fIce\u202f20\u202fmg \u00e4r en eng\u00e5ngs\u2011vape med cirka 1000 puffar, 2\u2009ml e\u2011v\u00e4tska och 20\u2009mg nikotinsalt. Smakprofilen kombinerar saftig vattenmelon med en frisk mentolfinish f\u00f6r en uppfriskande vapingupplevelse.<\/p>\n<p>\ud83d\udc49 <a href=\"https:\/\/veloop.se\/sv\/produkt-kategori\/geek-bar-1000-puffar\/\">H\u00e4r hittar du andra smaker<\/a><\/p>\n<p>&nbsp;<\/p>","protected":false},"featured_media":69834,"comment_status":"open","ping_status":"closed","template":"","meta":[],"product_brand":[],"product_cat":[42,156,449],"product_tag":[],"class_list":{"0":"post-69825","1":"product","2":"type-product","3":"status-publish","4":"has-post-thumbnail","6":"product_cat-e-cigg","7":"product_cat-engangs-vape","8":"product_cat-geek-bar-1000-puffar","10":"first","11":"instock","12":"taxable","13":"shipping-taxable","14":"purchasable","15":"product-type-variable"},"_links":{"self":[{"href":"https:\/\/veloop.se\/sv\/wp-json\/wp\/v2\/product\/69825","targetHints":{"allow":["GET"]}}],"collection":[{"href":"https:\/\/veloop.se\/sv\/wp-json\/wp\/v2\/product"}],"about":[{"href":"https:\/\/veloop.se\/sv\/wp-json\/wp\/v2\/types\/product"}],"replies":[{"embeddable":true,"href":"https:\/\/veloop.se\/sv\/wp-json\/wp\/v2\/comments?post=69825"}],"version-history":[{"count":0,"href":"https:\/\/veloop.se\/sv\/wp-json\/wp\/v2\/product\/69825\/revisions"}],"wp:featuredmedia":[{"embeddable":true,"href":"https:\/\/veloop.se\/sv\/wp-json\/wp\/v2\/media\/69834"}],"wp:attachment":[{"href":"https:\/\/veloop.se\/sv\/wp-json\/wp\/v2\/media?parent=69825"}],"wp:term":[{"taxonomy":"product_brand","embeddable":true,"href":"https:\/\/veloop.se\/sv\/wp-json\/wp\/v2\/product_brand?post=69825"},{"taxonomy":"product_cat","embeddable":true,"href":"https:\/\/veloop.se\/sv\/wp-json\/wp\/v2\/product_cat?post=69825"},{"taxonomy":"product_tag","embeddable":true,"href":"https:\/\/veloop.se\/sv\/wp-json\/wp\/v2\/product_tag?post=69825"}],"curies":[{"name":"wp","href":"https:\/\/api.w.org\/{rel}","templated":true}]}}