{"id":69749,"date":"2025-11-12T15:41:26","date_gmt":"2025-11-12T15:41:26","guid":{"rendered":"https:\/\/veloop.se\/?post_type=product&#038;p=69749"},"modified":"2025-11-12T18:36:48","modified_gmt":"2025-11-12T18:36:48","slug":"geek-bar-elite-1000-blueberry-ice-20mg","status":"publish","type":"product","link":"https:\/\/veloop.se\/sv\/produkt\/geek-bar-elite-1000-blueberry-ice-20mg\/","title":{"rendered":"GEEK BAR Elite 1000 Blueberry Ice 20mg"},"content":{"rendered":"<h1 data-start=\"278\" data-end=\"737\">GEEK BAR Elite 1000 Blueberry Ice 20mg<\/h1>\n<article class=\"text-token-text-primary w-full focus:outline-none [--shadow-height:45px] has-data-writing-block:pointer-events-none has-data-writing-block:-mt-(--shadow-height) has-data-writing-block:pt-(--shadow-height) [&amp;:has([data-writing-block])&gt;*]:pointer-events-auto [content-visibility:auto] supports-[content-visibility:auto]:[contain-intrinsic-size:auto_100lvh] scroll-mt-[calc(var(--header-height)+min(200px,max(70px,20svh)))]\" dir=\"auto\" tabindex=\"-1\" data-turn-id=\"request-WEB:00bd71f9-8273-4046-a86f-b9658f970ebf-16\" data-testid=\"conversation-turn-34\" data-scroll-anchor=\"true\" data-turn=\"assistant\">\n<div class=\"text-base my-auto mx-auto pb-10 [--thread-content-margin:--spacing(4)] thread-sm:[--thread-content-margin:--spacing(6)] thread-lg:[--thread-content-margin:--spacing(16)] px-(--thread-content-margin)\">\n<div class=\"[--thread-content-max-width:40rem] thread-lg:[--thread-content-max-width:48rem] mx-auto max-w-(--thread-content-max-width) flex-1 group\/turn-messages focus-visible:outline-hidden relative flex w-full min-w-0 flex-col agent-turn\" tabindex=\"-1\">\n<div class=\"flex max-w-full flex-col grow\">\n<div class=\"min-h-8 text-message relative flex w-full flex-col items-end gap-2 text-start break-words whitespace-normal [.text-message+&amp;]:mt-1\" dir=\"auto\" data-message-author-role=\"assistant\" data-message-id=\"08919bf9-4463-4136-a848-c77d79a6d710\" data-message-model-slug=\"gpt-5\">\n<div class=\"flex w-full flex-col gap-1 empty:hidden first:pt-[1px]\">\n<div class=\"markdown prose dark:prose-invert w-full break-words light markdown-new-styling\">\n<h2 data-start=\"278\" data-end=\"737\">GEEK BAR Elite 1000 Blueberry Ice 20mg<\/h2>\n<p data-start=\"278\" data-end=\"737\">erbjuder en perfekt balans mellan fruktig s\u00f6tma och uppfriskande kyla. Med 20 mg nikotinsalt ger den snabb nikotintillfredsst\u00e4llelse och en j\u00e4mn halsk\u00e4nsla. Det inbyggda 500 mAh-batteriet r\u00e4cker till cirka 1000 puffar, vilket g\u00f6r den idealisk f\u00f6r b\u00e5de nya och erfarna anv\u00e4ndare. Den kompakta designen och f\u00e4rdiga e-v\u00e4tskan g\u00f6r anv\u00e4ndningen enkel \u2013 ingen p\u00e5fyllning eller laddning beh\u00f6vs.<\/p>\n<p data-start=\"739\" data-end=\"833\">Upplev den fr\u00e4scha smaken av bl\u00e5b\u00e4r med varje drag och njut av GEEK BAR:s v\u00e4lk\u00e4nda kvalitet.<\/p>\n<h3 data-start=\"833\" data-end=\"887\"><a href=\"https:\/\/veloop.se\/sv\/produkt-kategori\/geek-bar-1000-puffar\/\">Tillg\u00e4ngliga smaker i GEEK BAR Elite 1000-serien<\/a><\/h3>\n<ul data-start=\"888\" data-end=\"1010\">\n<li data-start=\"888\" data-end=\"905\">Blueberry Ice<\/li>\n<li>Blueberry Soure Raspberry<\/li>\n<li>Citrus<\/li>\n<li>Cola Ice<\/li>\n<li>Fresh Mint<\/li>\n<li>Watermelon Ice<\/li>\n<li>Strawberry Ice Cream<\/li>\n<li>Mango Ice<\/li>\n<li>Grape Ice<\/li>\n<li>Peach Ice<\/li>\n<\/ul>\n<p data-start=\"835\" data-end=\"913\" data-is-last-node=\"\" data-is-only-node=\"\">\ud83d\udc49 L\u00e4s mer om <a class=\"decorated-link\" href=\"https:\/\/www.geekbar.com\/\" target=\"_new\" rel=\"noopener\" data-start=\"849\" data-end=\"912\">GEEK BAR:s officiella produkter h\u00e4r<\/a>.<\/p>\n<\/div>\n<\/div>\n<\/div>\n<\/div>\n<div class=\"z-0 flex min-h-[46px] justify-start\"><\/div>\n<\/div>\n<\/div>\n<\/article>\n<div class=\"pointer-events-none h-px w-px\" aria-hidden=\"true\" data-edge=\"true\"><\/div>","protected":false},"excerpt":{"rendered":"<h1>GEEK BAR Elite 1000 Blueberry Ice 20mg<\/h1>\n<p>\u00e4r en eng\u00e5ngs\u2013vape med upp till 1000 puffar. Den levererar en s\u00f6t och frisk smak av bl\u00e5b\u00e4r kombinerad med kylig mentol. Inneh\u00e5ller 2 ml e-v\u00e4tska och 20 mg nikotinsalt f\u00f6r en mjuk men kraftfull upplevelse.<\/p>\n<p>\ud83d\udc49 <a href=\"https:\/\/veloop.se\/sv\/produkt-kategori\/geek-bar-1000-puffar\/\">H\u00e4r hittar du andra smaker<\/a><\/p>\n<p>&nbsp;<\/p>","protected":false},"featured_media":69760,"comment_status":"open","ping_status":"closed","template":"","meta":[],"product_brand":[],"product_cat":[42,156,449],"product_tag":[],"class_list":{"0":"post-69749","1":"product","2":"type-product","3":"status-publish","4":"has-post-thumbnail","6":"product_cat-e-cigg","7":"product_cat-engangs-vape","8":"product_cat-geek-bar-1000-puffar","10":"first","11":"instock","12":"taxable","13":"shipping-taxable","14":"purchasable","15":"product-type-variable"},"_links":{"self":[{"href":"https:\/\/veloop.se\/sv\/wp-json\/wp\/v2\/product\/69749","targetHints":{"allow":["GET"]}}],"collection":[{"href":"https:\/\/veloop.se\/sv\/wp-json\/wp\/v2\/product"}],"about":[{"href":"https:\/\/veloop.se\/sv\/wp-json\/wp\/v2\/types\/product"}],"replies":[{"embeddable":true,"href":"https:\/\/veloop.se\/sv\/wp-json\/wp\/v2\/comments?post=69749"}],"version-history":[{"count":0,"href":"https:\/\/veloop.se\/sv\/wp-json\/wp\/v2\/product\/69749\/revisions"}],"wp:featuredmedia":[{"embeddable":true,"href":"https:\/\/veloop.se\/sv\/wp-json\/wp\/v2\/media\/69760"}],"wp:attachment":[{"href":"https:\/\/veloop.se\/sv\/wp-json\/wp\/v2\/media?parent=69749"}],"wp:term":[{"taxonomy":"product_brand","embeddable":true,"href":"https:\/\/veloop.se\/sv\/wp-json\/wp\/v2\/product_brand?post=69749"},{"taxonomy":"product_cat","embeddable":true,"href":"https:\/\/veloop.se\/sv\/wp-json\/wp\/v2\/product_cat?post=69749"},{"taxonomy":"product_tag","embeddable":true,"href":"https:\/\/veloop.se\/sv\/wp-json\/wp\/v2\/product_tag?post=69749"}],"curies":[{"name":"wp","href":"https:\/\/api.w.org\/{rel}","templated":true}]}}