{"id":69672,"date":"2025-11-06T22:33:10","date_gmt":"2025-11-06T22:33:10","guid":{"rendered":"https:\/\/veloop.se\/?post_type=product&#038;p=69672"},"modified":"2026-03-02T13:00:24","modified_gmt":"2026-03-02T13:00:24","slug":"77-cola-vanilla-slim-extra-strong-all-white-portion-2","status":"publish","type":"product","link":"https:\/\/veloop.se\/sv\/produkt\/77-cola-vanilla-slim-extra-strong-all-white-portion-2\/","title":{"rendered":"77 Cola &#038; Vanilla Slim Extra Strong All White Portion"},"content":{"rendered":"<p><img decoding=\"async\" src=\"https:\/\/v3-media-se.snusbolaget.se\/sesnusbo\/files\/warninglabels\/NicotineWarningLabel_ProductListPage_Desktop.svg\" alt=\"18 \u00e5rsgr\u00e4ns\" \/><\/p>\n<h1><span dir=\"auto\" style=\"vertical-align: inherit;\"><span dir=\"auto\" style=\"vertical-align: inherit;\">77 Cola &amp; Vanilj<\/span><\/span><\/h1>\n<p><span dir=\"auto\" style=\"vertical-align: inherit;\"><span dir=\"auto\" style=\"vertical-align: inherit;\">har en h\u00e4rlig smak av Cola och vanilj med en extra stark nikotinstyrka p\u00e5 20 mg per gram.<\/span><\/span><\/p>\n<p><span dir=\"auto\" style=\"vertical-align: inherit;\"><span dir=\"auto\" style=\"vertical-align: inherit;\">77 Cola &amp; Vanilla \u00e4r en Extra stark nikotinportion i formatet Slim med smak av vanilj och Cola.<\/span><\/span><\/p>\n<p><span dir=\"auto\" style=\"vertical-align: inherit;\"><span dir=\"auto\" style=\"vertical-align: inherit;\">77 \u00e4r ett nytt varum\u00e4rke d\u00e4r alla nikotinportioner har en extra stark nikotinstyrka och kommer i 10 st sp\u00e4nnande smaker.<\/span><\/span><\/p>\n<p>&nbsp;<\/p>\n<table class=\"product-specs\">\n<thead>\n<tr>\n<th><span dir=\"auto\" style=\"vertical-align: inherit;\"><span dir=\"auto\" style=\"vertical-align: inherit;\">Fakta om produkten<\/span><\/span><\/th>\n<th class=\"text-right\"><\/th>\n<\/tr>\n<\/thead>\n<tbody>\n<tr>\n<td class=\"spec-key\"><span dir=\"auto\" style=\"vertical-align: inherit;\"><span dir=\"auto\" style=\"vertical-align: inherit;\">Varum\u00e4rke<\/span><\/span><\/td>\n<td class=\"spec-value text-right\"><span dir=\"auto\" style=\"vertical-align: inherit;\"><span dir=\"auto\" style=\"vertical-align: inherit;\">77<\/span><\/span><\/td>\n<\/tr>\n<tr>\n<td class=\"spec-key\"><span dir=\"auto\" style=\"vertical-align: inherit;\"><span dir=\"auto\" style=\"vertical-align: inherit;\">Produkttyp<\/span><\/span><\/td>\n<td class=\"spec -value text-right\"><span dir=\"auto\" style=\"vertical-align: inherit;\"><span dir=\"auto\" style=\"vertical-align: inherit;\">helt vit del<\/span><\/span><\/td>\n<\/tr>\n<tr>\n<td class=\"spec-key\"><span dir=\"auto\" style=\"vertical-align: inherit;\"><span dir=\"auto\" style=\"vertical-align: inherit;\">Nikotinstyrka<\/span><\/span><\/td>\n<td class=\"spec -value text-right\"><span dir=\"auto\" style=\"vertical-align: inherit;\"><span dir=\"auto\" style=\"vertical-align: inherit;\">Extra Stark<\/span><\/span><\/td>\n<\/tr>\n<tr>\n<td class=\"spec-key\"><span dir=\"auto\" style=\"vertical-align: inherit;\"><span dir=\"auto\" style=\"vertical-align: inherit;\">Nikotinhalt<\/span><\/span><\/td>\n<td class=\"spec -value text-right\"><span dir=\"auto\" style=\"vertical-align: inherit;\"><span dir=\"auto\" style=\"vertical-align: inherit;\">20 mg\/g<\/span><\/span><\/td>\n<\/tr>\n<tr>\n<td class=\"spec-key\"><span dir=\"auto\" style=\"vertical-align: inherit;\"><span dir=\"auto\" style=\"vertical-align: inherit;\">Smak<\/span><\/span><\/td>\n<td class=\"spec -value text-right\"><span dir=\"auto\" style=\"vertical-align: inherit;\"><span dir=\"auto\" style=\"vertical-align: inherit;\">Vanilj<\/span><\/span><\/td>\n<\/tr>\n<tr>\n<td class=\"spec-key\"><span dir=\"auto\" style=\"vertical-align: inherit;\"><span dir=\"auto\" style=\"vertical-align: inherit;\">Inneh\u00e5ll\/f\u00f6rpackning<\/span><\/span><\/td>\n<td class=\"spec -value text-right\"><span dir=\"auto\" style=\"vertical-align: inherit;\"><span dir=\"auto\" style=\"vertical-align: inherit;\">10 gram<\/span><\/span><\/td>\n<\/tr>\n<tr>\n<td class=\"spec-key\"><span dir=\"auto\" style=\"vertical-align: inherit;\"><span dir=\"auto\" style=\"vertical-align: inherit;\">Snutyp<\/span><\/span><\/td>\n<td class=\"spec -value text-right\"><span dir=\"auto\" style=\"vertical-align: inherit;\"><span dir=\"auto\" style=\"vertical-align: inherit;\">Slim Helvit Extra Stark<\/span><\/span><\/td>\n<\/tr>\n<tr>\n<td class=\"spec-key\"><span dir=\"auto\" style=\"vertical-align: inherit;\"><span dir=\"auto\" style=\"vertical-align: inherit;\">Formatera<\/span><\/span><\/td>\n<td class=\"spec -value text-right\"><span dir=\"auto\" style=\"vertical-align: inherit;\"><span dir=\"auto\" style=\"vertical-align: inherit;\">Smal<\/span><\/span><\/td>\n<\/tr>\n<tr>\n<td class=\"spec-key\"><span dir=\"auto\" style=\"vertical-align: inherit;\"><span dir=\"auto\" style=\"vertical-align: inherit;\">Producent<\/span><\/span><\/td>\n<td class=\"spec-value text-right\"><span dir=\"auto\" style=\"vertical-align: inherit;\"><span dir=\"auto\" style=\"vertical-align: inherit;\">77 Grupp<\/span><\/span><\/td>\n<\/tr>\n<\/tbody>\n<\/table>","protected":false},"excerpt":{"rendered":"<p><span dir=\"auto\" style=\"vertical-align: inherit;\"><span dir=\"auto\" style=\"vertical-align: inherit;\">77 Cola &amp; Vanilla har en h\u00e4rlig smak av Cola och vanilj med en extra stark nikotinstyrka p\u00e5 20 mg per gram.<\/span><\/span><\/p>\n<p><span dir=\"auto\" style=\"vertical-align: inherit;\"><span dir=\"auto\" style=\"vertical-align: inherit;\">77 Cola &amp; Vanilla \u00e4r en Extra stark nikotinportion i formatet Slim med smak av vanilj och Cola.<\/span><\/span><\/p>\n<p><span dir=\"auto\" style=\"vertical-align: inherit;\"><span dir=\"auto\" style=\"vertical-align: inherit;\">77 \u00e4r ett nytt varum\u00e4rke d\u00e4r alla nikotinportioner har en extra stark nikotinstyrka och kommer i 10 st sp\u00e4nnande smaker.<\/span><\/span><\/p>","protected":false},"featured_media":59746,"comment_status":"open","ping_status":"closed","template":"","meta":[],"product_brand":[327],"product_cat":[170,136,355,137],"product_tag":[],"class_list":{"0":"post-69672","1":"product","2":"type-product","3":"status-publish","4":"has-post-thumbnail","6":"product_brand-327","7":"product_cat-170","8":"product_cat-all-whites","9":"product_cat-extra-strongextra-stark","10":"product_cat-slim","12":"first","13":"instock","14":"sale","15":"sold-individually","16":"taxable","17":"shipping-taxable","18":"purchasable","19":"product-type-simple"},"_links":{"self":[{"href":"https:\/\/veloop.se\/sv\/wp-json\/wp\/v2\/product\/69672","targetHints":{"allow":["GET"]}}],"collection":[{"href":"https:\/\/veloop.se\/sv\/wp-json\/wp\/v2\/product"}],"about":[{"href":"https:\/\/veloop.se\/sv\/wp-json\/wp\/v2\/types\/product"}],"replies":[{"embeddable":true,"href":"https:\/\/veloop.se\/sv\/wp-json\/wp\/v2\/comments?post=69672"}],"version-history":[{"count":0,"href":"https:\/\/veloop.se\/sv\/wp-json\/wp\/v2\/product\/69672\/revisions"}],"wp:featuredmedia":[{"embeddable":true,"href":"https:\/\/veloop.se\/sv\/wp-json\/wp\/v2\/media\/59746"}],"wp:attachment":[{"href":"https:\/\/veloop.se\/sv\/wp-json\/wp\/v2\/media?parent=69672"}],"wp:term":[{"taxonomy":"product_brand","embeddable":true,"href":"https:\/\/veloop.se\/sv\/wp-json\/wp\/v2\/product_brand?post=69672"},{"taxonomy":"product_cat","embeddable":true,"href":"https:\/\/veloop.se\/sv\/wp-json\/wp\/v2\/product_cat?post=69672"},{"taxonomy":"product_tag","embeddable":true,"href":"https:\/\/veloop.se\/sv\/wp-json\/wp\/v2\/product_tag?post=69672"}],"curies":[{"name":"wp","href":"https:\/\/api.w.org\/{rel}","templated":true}]}}