{"id":69393,"date":"2025-11-03T00:49:04","date_gmt":"2025-11-03T00:49:04","guid":{"rendered":"https:\/\/veloop.se\/?post_type=product&#038;p=69393"},"modified":"2025-11-03T00:54:41","modified_gmt":"2025-11-03T00:54:41","slug":"ske-crystal-max-batteri-vit","status":"publish","type":"product","link":"https:\/\/veloop.se\/sv\/produkt\/ske-crystal-max-batteri-vit\/","title":{"rendered":"SKE Crystal Max Batteri Vit"},"content":{"rendered":"<h1><strong>SKE Crystal Max Batteri Vit<\/strong><\/h1>\n<p>Detta pod kitsystem fr\u00e5n SKE Crystal Max \u00e4r deras senaste lansering och anv\u00e4nds tillsammans med SKE Crystal Plus Max poddar. Den \u00e4r l\u00e4ckagefri och kommer i fyra olika f\u00e4rger, samt \u00e4r laddbar med 850 mAh batteri.<\/p>\n<h2><strong>Specifikationer<\/strong><\/h2>\n<ul>\n<li>850mAh batteri.<\/li>\n<li>Barns\u00e4kerhetsl\u00e5s.<\/li>\n<\/ul>\n<h4><strong>Levereras med<\/strong><\/h4>\n<p>1 x SKE Crystal Max Batteri<br \/>\n1 x Manual.<\/p>","protected":false},"excerpt":{"rendered":"<h1><strong>SKE Crystal Max Batteri Vit<\/strong><\/h1>\n<p>Detta pod kitsystem fr\u00e5n SKE Crystal Max \u00e4r deras senaste lansering och anv\u00e4nds tillsammans med SKE Crystal Plus Max poddar. Den \u00e4r l\u00e4ckagefri och kommer i fyra olika f\u00e4rger, samt \u00e4r laddbar med 850 mAh batteri.<\/p>","protected":false},"featured_media":69257,"comment_status":"open","ping_status":"closed","template":"","meta":[],"product_brand":[447],"product_cat":[163,42,156,164,446],"product_tag":[],"class_list":{"0":"post-69393","1":"product","2":"type-product","3":"status-publish","4":"has-post-thumbnail","6":"product_brand-ske-crystal-pod","7":"product_cat-poddar","8":"product_cat-e-cigg","9":"product_cat-engangs-vape","10":"product_cat-pod-system","11":"product_cat-ske-crystal-pod","13":"first","14":"instock","15":"sale","16":"taxable","17":"shipping-taxable","18":"purchasable","19":"product-type-simple"},"_links":{"self":[{"href":"https:\/\/veloop.se\/sv\/wp-json\/wp\/v2\/product\/69393","targetHints":{"allow":["GET"]}}],"collection":[{"href":"https:\/\/veloop.se\/sv\/wp-json\/wp\/v2\/product"}],"about":[{"href":"https:\/\/veloop.se\/sv\/wp-json\/wp\/v2\/types\/product"}],"replies":[{"embeddable":true,"href":"https:\/\/veloop.se\/sv\/wp-json\/wp\/v2\/comments?post=69393"}],"version-history":[{"count":0,"href":"https:\/\/veloop.se\/sv\/wp-json\/wp\/v2\/product\/69393\/revisions"}],"wp:featuredmedia":[{"embeddable":true,"href":"https:\/\/veloop.se\/sv\/wp-json\/wp\/v2\/media\/69257"}],"wp:attachment":[{"href":"https:\/\/veloop.se\/sv\/wp-json\/wp\/v2\/media?parent=69393"}],"wp:term":[{"taxonomy":"product_brand","embeddable":true,"href":"https:\/\/veloop.se\/sv\/wp-json\/wp\/v2\/product_brand?post=69393"},{"taxonomy":"product_cat","embeddable":true,"href":"https:\/\/veloop.se\/sv\/wp-json\/wp\/v2\/product_cat?post=69393"},{"taxonomy":"product_tag","embeddable":true,"href":"https:\/\/veloop.se\/sv\/wp-json\/wp\/v2\/product_tag?post=69393"}],"curies":[{"name":"wp","href":"https:\/\/api.w.org\/{rel}","templated":true}]}}