{"id":68781,"date":"2025-10-20T01:21:26","date_gmt":"2025-10-20T01:21:26","guid":{"rendered":"https:\/\/veloop.se\/?post_type=product&#038;p=68781"},"modified":"2025-10-20T01:25:39","modified_gmt":"2025-10-20T01:25:39","slug":"frunk-bar-cube-blackcurrant-menthol-12-ml","status":"publish","type":"product","link":"https:\/\/veloop.se\/sv\/produkt\/frunk-bar-cube-blackcurrant-menthol-12-ml\/","title":{"rendered":"Frunk Bar Cube Blackcurrant Menthol 12 ml"},"content":{"rendered":"<h1 data-start=\"329\" data-end=\"455\"><strong data-start=\"332\" data-end=\"455\">Frunk Bar Cube Blackcurrant Menthol 12 ml \u2013 Nikotinfri Eng\u00e5ngsvape med Svartvinb\u00e4r och Menthol<\/strong><\/h1>\n<h2 data-start=\"457\" data-end=\"558\"><strong data-start=\"461\" data-end=\"558\">Frunk Bar Cube Blackcurrant Menthol 12 ml \u2013 En sval och fruktig vapingupplevelse utan nikotin<\/strong><\/h2>\n<p data-start=\"560\" data-end=\"943\"><strong data-start=\"560\" data-end=\"605\">Frunk Bar Cube Blackcurrant Menthol 12 ml<\/strong> \u00e4r den perfekta eng\u00e5ngsvapen f\u00f6r dig som s\u00f6ker en balanserad kombination av fruktig svartvinb\u00e4rssmak och en kylande mentholk\u00e4nsla \u2013 helt utan nikotin. Denna nikotinfria eng\u00e5ngsvape ger en uppfriskande och l\u00e5ngvarig smakupplevelse, som passar perfekt f\u00f6r b\u00e5de nya och erfarna anv\u00e4ndare som vill ha n\u00e5got enkelt och smakfullt utan nikotin.<\/p>\n<p data-start=\"945\" data-end=\"1230\">Med <strong data-start=\"949\" data-end=\"994\">Frunk Bar Cube Blackcurrant Menthol 12 ml<\/strong> f\u00e5r du 12 ml e-v\u00e4tska som r\u00e4cker l\u00e4nge, samtidigt som du slipper oroa dig f\u00f6r p\u00e5fyllning eller laddning. Enkel att anv\u00e4nda och bekv\u00e4m att ta med p\u00e5 spr\u00e5ng, denna eng\u00e5ngsvape levererar en fruktig och frisk vapingupplevelse i varje puff.<\/p>\n<hr data-start=\"1232\" data-end=\"1235\" \/>\n<h3 data-start=\"1237\" data-end=\"1300\"><strong data-start=\"1241\" data-end=\"1300\">Varf\u00f6r v\u00e4lja Frunk Bar Cube Blackcurrant Menthol 12 ml?<\/strong><\/h3>\n<ul data-start=\"1302\" data-end=\"1709\">\n<li data-start=\"1302\" data-end=\"1370\">\n<p data-start=\"1304\" data-end=\"1370\"><strong data-start=\"1304\" data-end=\"1318\">Nikotinfri<\/strong> \u2013 F\u00f6r en ren och smakrik upplevelse utan nikotin.<\/p>\n<\/li>\n<li data-start=\"1371\" data-end=\"1475\">\n<p data-start=\"1373\" data-end=\"1475\"><strong data-start=\"1373\" data-end=\"1408\">Smak av svartvinb\u00e4r och menthol<\/strong> \u2013 En frisk och s\u00f6t blandning av b\u00e4r och en kylande mentholtouch.<\/p>\n<\/li>\n<li data-start=\"1476\" data-end=\"1571\">\n<p data-start=\"1478\" data-end=\"1571\"><strong data-start=\"1478\" data-end=\"1493\">Eng\u00e5ngsvape<\/strong> \u2013 Kr\u00e4ver ingen laddning eller p\u00e5fyllning, anv\u00e4nd direkt fr\u00e5n f\u00f6rpackningen.<\/p>\n<\/li>\n<li data-start=\"1572\" data-end=\"1643\">\n<p data-start=\"1574\" data-end=\"1643\"><strong data-start=\"1574\" data-end=\"1597\">L\u00e5ng anv\u00e4ndningstid<\/strong> \u2013 12 ml e-v\u00e4tska f\u00f6r m\u00e5nga njutbara puffar.<\/p>\n<\/li>\n<li data-start=\"1644\" data-end=\"1709\">\n<p data-start=\"1646\" data-end=\"1709\"><strong data-start=\"1646\" data-end=\"1667\">Perfekt f\u00f6r resor<\/strong> \u2013 L\u00e4tt att b\u00e4ra med sig, praktisk design.<\/p>\n<\/li>\n<\/ul>\n<hr data-start=\"1711\" data-end=\"1714\" \/>\n<h3 data-start=\"1716\" data-end=\"1790\"><strong data-start=\"1720\" data-end=\"1790\">F\u00f6rdelarna med att v\u00e4lja Frunk Bar Cube Blackcurrant Menthol 12 ml<\/strong><\/h3>\n<p data-start=\"1792\" data-end=\"2130\"><strong data-start=\"1792\" data-end=\"1837\">Frunk Bar Cube Blackcurrant Menthol 12 ml<\/strong> erbjuder den perfekta blandningen av svartvinb\u00e4rens fruktighet och mentholens kyla. Denna nikotinfria eng\u00e5ngsvape ger en smakupplevelse som \u00e4r b\u00e5de uppfriskande och njutbar. Den l\u00e5ngvariga anv\u00e4ndningen och det praktiska formatet g\u00f6r den till ett bra val f\u00f6r b\u00e5de nyb\u00f6rjare och erfarna vapers.<\/p>\n<ul data-start=\"2132\" data-end=\"2425\">\n<li data-start=\"2132\" data-end=\"2218\">\n<p data-start=\"2134\" data-end=\"2218\"><strong data-start=\"2134\" data-end=\"2150\">Uppfriskande<\/strong> \u2013 Svalkande menthol blandat med den fruktiga smaken av svartvinb\u00e4r.<\/p>\n<\/li>\n<li data-start=\"2219\" data-end=\"2284\">\n<p data-start=\"2221\" data-end=\"2284\"><strong data-start=\"2221\" data-end=\"2239\">Eng\u00e5ngsl\u00f6sning<\/strong> \u2013 Enkel och bekv\u00e4m att anv\u00e4nda utan kr\u00e5ngel.<\/p>\n<\/li>\n<li data-start=\"2285\" data-end=\"2346\">\n<p data-start=\"2287\" data-end=\"2346\"><strong data-start=\"2287\" data-end=\"2311\">L\u00e5ngvarig anv\u00e4ndning<\/strong> \u2013 12 ml e-v\u00e4tska f\u00f6r m\u00e5nga puffar.<\/p>\n<\/li>\n<li data-start=\"2347\" data-end=\"2425\">\n<p data-start=\"2349\" data-end=\"2425\"><strong data-start=\"2349\" data-end=\"2373\">Kompakt och portabel<\/strong> \u2013 Enkel att ta med p\u00e5 spr\u00e5ng eller f\u00f6r vardagsbruk.<\/p>\n<\/li>\n<\/ul>\n<hr data-start=\"2427\" data-end=\"2430\" \/>\n<h3 data-start=\"2432\" data-end=\"2497\"><strong data-start=\"2436\" data-end=\"2497\">F\u00f6r vem passar Frunk Bar Cube Blackcurrant Menthol 12 ml?<\/strong><\/h3>\n<p data-start=\"2499\" data-end=\"2793\">Denna nikotinfria eng\u00e5ngsvape passar perfekt f\u00f6r alla som s\u00f6ker en fruktig och kylig vapingupplevelse utan nikotin. <strong data-start=\"2615\" data-end=\"2660\">Frunk Bar Cube Blackcurrant Menthol 12 ml<\/strong> \u00e4r idealisk f\u00f6r dem som f\u00f6redrar en frisk och sval smak och vill ha ett bekv\u00e4mt och enkelt alternativ f\u00f6r vaping utan extra kr\u00e5ngel.<\/p>","protected":false},"excerpt":{"rendered":"<h1 data-start=\"2800\" data-end=\"2926\"><strong data-start=\"2803\" data-end=\"2926\">Frunk Bar Cube Blackcurrant Menthol 12 ml \u2013 Nikotinfri Eng\u00e5ngsvape med Svartvinb\u00e4r och Menthol<\/strong><\/h1>\n<p data-start=\"2928\" data-end=\"3169\"><strong data-start=\"2928\" data-end=\"2973\">Frunk Bar Cube Blackcurrant Menthol 12 ml<\/strong> erbjuder en uppfriskande och fruktig blandning av svartvinb\u00e4r och menthol, helt utan nikotin. Enkel att anv\u00e4nda och perfekt f\u00f6r dig som s\u00f6ker en kylande och smakrik vapingupplevelse utan nikotin.<\/p>\n<hr data-start=\"3171\" data-end=\"3174\" \/>\n<p data-start=\"3176\" data-end=\"3322\"><strong data-start=\"3176\" data-end=\"3222\">Uppt\u00e4ck fler nikotinfria eng\u00e5ngsvapes h\u00e4r:<\/strong><br data-start=\"3222\" data-end=\"3225\" \/>\ud83d\udc49 <a class=\"decorated-link\" href=\"https:\/\/veloop.se\/sv\/produkt-kategori\/nikotinfria-vape\/\" target=\"_new\" rel=\"noopener\" data-start=\"3228\" data-end=\"3322\">Se v\u00e5rt sortiment av nikotinfria vapes<\/a><\/p>","protected":false},"featured_media":68787,"comment_status":"open","ping_status":"closed","template":"","meta":[],"product_brand":[333],"product_cat":[42,156,157,441,432],"product_tag":[],"class_list":{"0":"post-68781","1":"product","2":"type-product","3":"status-publish","4":"has-post-thumbnail","6":"product_brand-frunk-bar","7":"product_cat-e-cigg","8":"product_cat-engangs-vape","9":"product_cat-frunk-bar","10":"product_cat-nikotinfri","11":"product_cat-nikotinfria-vape","13":"first","14":"instock","15":"taxable","16":"shipping-taxable","17":"purchasable","18":"product-type-variable"},"_links":{"self":[{"href":"https:\/\/veloop.se\/sv\/wp-json\/wp\/v2\/product\/68781","targetHints":{"allow":["GET"]}}],"collection":[{"href":"https:\/\/veloop.se\/sv\/wp-json\/wp\/v2\/product"}],"about":[{"href":"https:\/\/veloop.se\/sv\/wp-json\/wp\/v2\/types\/product"}],"replies":[{"embeddable":true,"href":"https:\/\/veloop.se\/sv\/wp-json\/wp\/v2\/comments?post=68781"}],"version-history":[{"count":0,"href":"https:\/\/veloop.se\/sv\/wp-json\/wp\/v2\/product\/68781\/revisions"}],"wp:featuredmedia":[{"embeddable":true,"href":"https:\/\/veloop.se\/sv\/wp-json\/wp\/v2\/media\/68787"}],"wp:attachment":[{"href":"https:\/\/veloop.se\/sv\/wp-json\/wp\/v2\/media?parent=68781"}],"wp:term":[{"taxonomy":"product_brand","embeddable":true,"href":"https:\/\/veloop.se\/sv\/wp-json\/wp\/v2\/product_brand?post=68781"},{"taxonomy":"product_cat","embeddable":true,"href":"https:\/\/veloop.se\/sv\/wp-json\/wp\/v2\/product_cat?post=68781"},{"taxonomy":"product_tag","embeddable":true,"href":"https:\/\/veloop.se\/sv\/wp-json\/wp\/v2\/product_tag?post=68781"}],"curies":[{"name":"wp","href":"https:\/\/api.w.org\/{rel}","templated":true}]}}