{"id":68753,"date":"2025-10-20T00:51:58","date_gmt":"2025-10-20T00:51:58","guid":{"rendered":"https:\/\/veloop.se\/?post_type=product&#038;p=68753"},"modified":"2025-10-20T01:10:26","modified_gmt":"2025-10-20T01:10:26","slug":"frunk-bar-cube-watermelon-splash-12-ml","status":"publish","type":"product","link":"https:\/\/veloop.se\/sv\/produkt\/frunk-bar-cube-watermelon-splash-12-ml\/","title":{"rendered":"Frunk Bar Cube Watermelon Splash 12 ml"},"content":{"rendered":"<h1 data-start=\"410\" data-end=\"498\"><strong data-start=\"414\" data-end=\"498\">Frunk bar cube Watermelon Splash 12 ml \u2013 Nikotinfri eng\u00e5ngsvape med fruktig smak<\/strong><\/h1>\n<p data-start=\"500\" data-end=\"763\">Letar du efter en fr\u00e4sch och smakrik vapeupplevelse utan nikotin? <strong data-start=\"566\" data-end=\"608\">frunk bar cube Watermelon Splash 12 ml<\/strong> \u00e4r en nikotinfri eng\u00e5ngsvape med en s\u00f6t och saftig smak av vattenmelon \u2013 perfekt f\u00f6r dig som vill ha en enkel och bekv\u00e4m l\u00f6sning utan att tumma p\u00e5 smaken.<\/p>\n<hr data-start=\"765\" data-end=\"768\" \/>\n<h2 data-start=\"770\" data-end=\"830\"><strong data-start=\"774\" data-end=\"830\">Vad g\u00f6r frunk bar cube Watermelon Splash 12 ml unik?<\/strong><\/h2>\n<p data-start=\"832\" data-end=\"1097\">Med en gener\u00f6s volym p\u00e5 <strong data-start=\"856\" data-end=\"874\">12 ml e-v\u00e4tska<\/strong> och upp till <strong data-start=\"888\" data-end=\"903\">5000 puffar<\/strong> ger <strong data-start=\"908\" data-end=\"950\">frunk bar cube Watermelon Splash 12 ml<\/strong> en l\u00e5ngvarig och stabil anv\u00e4ndning. Dess f\u00e4rdiga eng\u00e5ngsdesign kr\u00e4ver ingen p\u00e5fyllning eller laddning \u2013 du anv\u00e4nder den direkt fr\u00e5n f\u00f6rpackningen.<\/p>\n<p data-start=\"1099\" data-end=\"1125\"><strong data-start=\"1099\" data-end=\"1125\">Produktens egenskaper:<\/strong><\/p>\n<ul data-start=\"1127\" data-end=\"1395\">\n<li data-start=\"1127\" data-end=\"1184\">\n<p data-start=\"1129\" data-end=\"1184\"><strong data-start=\"1129\" data-end=\"1138\">Smak:<\/strong> Vattenmelon \u2013 s\u00f6t, fruktig och uppfriskande<\/p>\n<\/li>\n<li data-start=\"1185\" data-end=\"1214\">\n<p data-start=\"1187\" data-end=\"1214\"><strong data-start=\"1187\" data-end=\"1197\">Volym:<\/strong> 12 ml e-v\u00e4tska<\/p>\n<\/li>\n<li data-start=\"1215\" data-end=\"1253\">\n<p data-start=\"1217\" data-end=\"1253\"><strong data-start=\"1217\" data-end=\"1233\">Nikotinhalt:<\/strong> 0 mg (nikotinfri)<\/p>\n<\/li>\n<li data-start=\"1254\" data-end=\"1289\">\n<p data-start=\"1256\" data-end=\"1289\"><strong data-start=\"1256\" data-end=\"1273\">Antal puffar:<\/strong> Upp till 5000<\/p>\n<\/li>\n<li data-start=\"1290\" data-end=\"1334\">\n<p data-start=\"1292\" data-end=\"1334\"><strong data-start=\"1292\" data-end=\"1300\">Typ:<\/strong> Eng\u00e5ngsvape \u2013 redo att anv\u00e4ndas<\/p>\n<\/li>\n<li data-start=\"1335\" data-end=\"1395\">\n<p data-start=\"1337\" data-end=\"1395\"><strong data-start=\"1337\" data-end=\"1351\">Anv\u00e4ndare:<\/strong> Passar b\u00e5de nyb\u00f6rjare och erfarna anv\u00e4ndare<\/p>\n<\/li>\n<\/ul>\n<hr data-start=\"1397\" data-end=\"1400\" \/>\n<h3 data-start=\"1402\" data-end=\"1473\"><strong data-start=\"1406\" data-end=\"1473\">F\u00f6rdelarna med att v\u00e4lja frunk bar cube Watermelon Splash 12 ml<\/strong><\/h3>\n<ul data-start=\"1475\" data-end=\"1715\">\n<li data-start=\"1475\" data-end=\"1571\">\n<p data-start=\"1477\" data-end=\"1571\">Fri fr\u00e5n nikotin \u2013 ett b\u00e4ttre alternativ f\u00f6r dig som vill undvika beroendeframkallande \u00e4mnen<\/p>\n<\/li>\n<li data-start=\"1572\" data-end=\"1626\">\n<p data-start=\"1574\" data-end=\"1626\">Bekv\u00e4m \u2013 kr\u00e4ver inga inst\u00e4llningar eller tillbeh\u00f6r<\/p>\n<\/li>\n<li data-start=\"1627\" data-end=\"1674\">\n<p data-start=\"1629\" data-end=\"1674\">Perfekt f\u00f6r resor, fester eller vardagsbruk<\/p>\n<\/li>\n<li data-start=\"1675\" data-end=\"1715\">\n<p data-start=\"1677\" data-end=\"1715\">Stilren design med smidig formfaktor<\/p>\n<\/li>\n<\/ul>\n<hr data-start=\"1717\" data-end=\"1720\" \/>\n<h3 data-start=\"1722\" data-end=\"1767\"><strong data-start=\"1726\" data-end=\"1767\">L\u00e4r dig mer om nikotinfria alternativ<\/strong><\/h3>\n<p data-start=\"1769\" data-end=\"2005\">Vill du f\u00f6rst\u00e5 mer om f\u00f6rdelarna med nikotinfria vapes? L\u00e4s g\u00e4rna den h\u00e4r <a class=\"decorated-link cursor-pointer\" target=\"_new\" rel=\"noopener\" data-start=\"1843\" data-end=\"1947\">externa guiden om nikotinfria eng\u00e5ngsvapes<\/a> som f\u00f6rklarar hur de fungerar och f\u00f6r vem de passar b\u00e4st.<\/p>","protected":false},"excerpt":{"rendered":"<h1 data-start=\"2251\" data-end=\"2321\"><strong data-start=\"2254\" data-end=\"2321\">Frunk Bar Cube Watermelon Splash 12 ml<\/strong><\/h1>\n<p data-start=\"2044\" data-end=\"2287\"><strong data-start=\"2044\" data-end=\"2086\">frunk bar cube Watermelon Splash 12 ml<\/strong> \u00e4r en nikotinfri eng\u00e5ngsvape med fr\u00e4sch vattenmelonsmak. Med 12 ml e-v\u00e4tska och upp till 5000 puffar \u00e4r den perfekt f\u00f6r dig som vill ha en smakrik, bekv\u00e4m och tobaksfri upplevelse \u2013 helt utan nikotin.<\/p>\n<hr data-start=\"2289\" data-end=\"2292\" \/>\n<p data-start=\"2294\" data-end=\"2399\">\ud83d\udc49 <a class=\"decorated-link\" href=\"https:\/\/veloop.se\/sv\/produkt-kategori\/nikotinfria-vape\/\" target=\"_new\" rel=\"noopener\" data-start=\"2297\" data-end=\"2399\">Se fler nikotinfria eng\u00e5ngsvapes hos veloop.se<\/a><\/p>","protected":false},"featured_media":68759,"comment_status":"open","ping_status":"closed","template":"","meta":[],"product_brand":[333],"product_cat":[42,156,157,441,432],"product_tag":[],"class_list":{"0":"post-68753","1":"product","2":"type-product","3":"status-publish","4":"has-post-thumbnail","6":"product_brand-frunk-bar","7":"product_cat-e-cigg","8":"product_cat-engangs-vape","9":"product_cat-frunk-bar","10":"product_cat-nikotinfri","11":"product_cat-nikotinfria-vape","13":"first","14":"instock","15":"taxable","16":"shipping-taxable","17":"purchasable","18":"product-type-variable"},"_links":{"self":[{"href":"https:\/\/veloop.se\/sv\/wp-json\/wp\/v2\/product\/68753","targetHints":{"allow":["GET"]}}],"collection":[{"href":"https:\/\/veloop.se\/sv\/wp-json\/wp\/v2\/product"}],"about":[{"href":"https:\/\/veloop.se\/sv\/wp-json\/wp\/v2\/types\/product"}],"replies":[{"embeddable":true,"href":"https:\/\/veloop.se\/sv\/wp-json\/wp\/v2\/comments?post=68753"}],"version-history":[{"count":0,"href":"https:\/\/veloop.se\/sv\/wp-json\/wp\/v2\/product\/68753\/revisions"}],"wp:featuredmedia":[{"embeddable":true,"href":"https:\/\/veloop.se\/sv\/wp-json\/wp\/v2\/media\/68759"}],"wp:attachment":[{"href":"https:\/\/veloop.se\/sv\/wp-json\/wp\/v2\/media?parent=68753"}],"wp:term":[{"taxonomy":"product_brand","embeddable":true,"href":"https:\/\/veloop.se\/sv\/wp-json\/wp\/v2\/product_brand?post=68753"},{"taxonomy":"product_cat","embeddable":true,"href":"https:\/\/veloop.se\/sv\/wp-json\/wp\/v2\/product_cat?post=68753"},{"taxonomy":"product_tag","embeddable":true,"href":"https:\/\/veloop.se\/sv\/wp-json\/wp\/v2\/product_tag?post=68753"}],"curies":[{"name":"wp","href":"https:\/\/api.w.org\/{rel}","templated":true}]}}