{"id":68525,"date":"2025-10-19T19:13:05","date_gmt":"2025-10-19T19:13:05","guid":{"rendered":"https:\/\/veloop.se\/?post_type=product&#038;p=68525"},"modified":"2025-10-19T23:13:18","modified_gmt":"2025-10-19T23:13:18","slug":"frunk-bar-cube-twisted-apple-12ml","status":"publish","type":"product","link":"https:\/\/veloop.se\/sv\/produkt\/frunk-bar-cube-twisted-apple-12ml\/","title":{"rendered":"Frunk Bar Cube Twisted Apple 12ml"},"content":{"rendered":"<article class=\"text-token-text-primary w-full focus:outline-none [--shadow-height:45px] has-data-writing-block:pointer-events-none has-data-writing-block:-mt-(--shadow-height) has-data-writing-block:pt-(--shadow-height) [&amp;:has([data-writing-block])&gt;*]:pointer-events-auto [content-visibility:auto] supports-[content-visibility:auto]:[contain-intrinsic-size:auto_100lvh] scroll-mt-[calc(var(--header-height)+min(200px,max(70px,20svh)))]\" dir=\"auto\" tabindex=\"-1\" data-turn-id=\"request-WEB:aae39e68-faac-4101-9832-fed5c5a20685-19\" data-testid=\"conversation-turn-40\" data-scroll-anchor=\"true\" data-turn=\"assistant\">\n<div class=\"text-base my-auto mx-auto pb-10 [--thread-content-margin:--spacing(4)] thread-sm:[--thread-content-margin:--spacing(6)] thread-lg:[--thread-content-margin:--spacing(16)] px-(--thread-content-margin)\">\n<div class=\"[--thread-content-max-width:40rem] thread-lg:[--thread-content-max-width:48rem] mx-auto max-w-(--thread-content-max-width) flex-1 group\/turn-messages focus-visible:outline-hidden relative flex w-full min-w-0 flex-col agent-turn\" tabindex=\"-1\">\n<div class=\"flex max-w-full flex-col grow\">\n<div class=\"min-h-8 text-message relative flex w-full flex-col items-end gap-2 text-start break-words whitespace-normal [.text-message+&amp;]:mt-1\" dir=\"auto\" data-message-author-role=\"assistant\" data-message-id=\"aa9c26ab-8c02-4b9c-8567-295b7971186f\" data-message-model-slug=\"gpt-4o\">\n<div class=\"flex w-full flex-col gap-1 empty:hidden first:pt-[1px]\">\n<div class=\"markdown prose dark:prose-invert w-full break-words light markdown-new-styling\">\n<h1 data-start=\"0\" data-end=\"118\">Frunk Bar Cube Twisted Apple 12ml \u2013 Nikotinfri Eng\u00e5ngsvape med Frisk och Fruktig \u00c4pplesmak<\/h1>\n<p data-start=\"120\" data-end=\"622\"><strong data-start=\"120\" data-end=\"157\">Frunk Bar Cube Twisted Apple 12ml<\/strong> \u00e4r den perfekta eng\u00e5ngsvapen f\u00f6r dig som s\u00f6ker en frisk och fruktig vapingupplevelse utan nikotin. Med en h\u00e4rlig blandning av syrligt och s\u00f6tt, ger <strong data-start=\"306\" data-end=\"343\">Frunk Bar Cube Twisted Apple 12ml<\/strong> en uppfriskande smak av \u00e4pple som k\u00e4nns b\u00e5de naturlig och livlig. Denna nikotinfria eng\u00e5ngsvape levererar l\u00e5ngvarig njutning och \u00e4r enkel att anv\u00e4nda \u2013 utan behov av p\u00e5fyllning eller extra utrustning. Perfekt f\u00f6r dig som s\u00f6ker en bekv\u00e4m, smakrik och nikotinfri vapingupplevelse.<\/p>\n<h2 data-start=\"624\" data-end=\"696\">Njut av Den Friska \u00c4pplesmaken med Frunk Bar Cube Twisted Apple 12ml<\/h2>\n<p data-start=\"698\" data-end=\"1126\">Med <strong data-start=\"702\" data-end=\"739\">Frunk Bar Cube Twisted Apple 12ml<\/strong> f\u00e5r du en intensiv \u00e4ppelsmak som kombinerar den s\u00f6ta fr\u00e4sch\u00f6ren av mogna \u00e4pplen med en syrlig twist. Denna nikotinfria eng\u00e5ngsvape ger en smakfull och uppfriskande upplevelse som passar perfekt f\u00f6r alla som \u00e4lskar fruktiga smaker. <strong data-start=\"971\" data-end=\"1008\">Frunk Bar Cube Twisted Apple 12ml<\/strong> \u00e4r designad f\u00f6r att ge en l\u00e5ngvarig och njutbar vapingupplevelse utan att beh\u00f6va t\u00e4nka p\u00e5 p\u00e5fyllning eller underh\u00e5ll.<\/p>\n<h3 data-start=\"1128\" data-end=\"1199\">Nyckelfunktioner och F\u00f6rdelar med Frunk Bar Cube Twisted Apple 12ml<\/h3>\n<ul data-start=\"1200\" data-end=\"1683\">\n<li data-start=\"1200\" data-end=\"1276\">\n<p data-start=\"1202\" data-end=\"1276\"><strong data-start=\"1202\" data-end=\"1216\">Nikotinfri<\/strong> \u2013 Njut av en ren och smakrik vapingupplevelse utan nikotin.<\/p>\n<\/li>\n<li data-start=\"1277\" data-end=\"1396\">\n<p data-start=\"1279\" data-end=\"1396\"><strong data-start=\"1279\" data-end=\"1310\">Frisk och fruktig \u00e4pplesmak<\/strong> \u2013 En balanserad blandning av s\u00f6t och syrlig \u00e4ppelsmak som ger en uppfriskande k\u00e4nsla.<\/p>\n<\/li>\n<li data-start=\"1397\" data-end=\"1485\">\n<p data-start=\"1399\" data-end=\"1485\"><strong data-start=\"1399\" data-end=\"1414\">Eng\u00e5ngsvape<\/strong> \u2013 Enkel att anv\u00e4nda utan att beh\u00f6va p\u00e5fyllning eller extra utrustning.<\/p>\n<\/li>\n<li data-start=\"1486\" data-end=\"1581\">\n<p data-start=\"1488\" data-end=\"1581\"><strong data-start=\"1488\" data-end=\"1512\">L\u00e5ngvarig anv\u00e4ndning<\/strong> \u2013 Med 12 ml v\u00e4tska f\u00e5r du en l\u00e5ngvarig och njutbar vapingupplevelse.<\/p>\n<\/li>\n<li data-start=\"1582\" data-end=\"1683\">\n<p data-start=\"1584\" data-end=\"1683\"><strong data-start=\"1584\" data-end=\"1615\">H\u00f6g kvalitet fr\u00e5n Frunk Bar<\/strong> \u2013 Frunk Bar Cube \u00e4r k\u00e4nt f\u00f6r sina p\u00e5litliga och smakrika produkter.<\/p>\n<\/li>\n<\/ul>\n<h3 data-start=\"1685\" data-end=\"1754\">Frunk Bar Cube Twisted Apple 12ml \u2013 Fr\u00e4sch \u00c4ppelsmak utan Nikotin<\/h3>\n<p data-start=\"1756\" data-end=\"2197\"><strong data-start=\"1756\" data-end=\"1793\">Frunk Bar Cube Twisted Apple 12ml<\/strong> \u00e4r det b\u00e4sta valet f\u00f6r dig som vill ha en fruktig och uppfriskande vapingupplevelse utan nikotin. Med sin naturliga \u00e4ppelsmak och l\u00e5ngvarig anv\u00e4ndning \u00e4r denna eng\u00e5ngsvape det perfekta valet f\u00f6r alla som vill njuta av en smakrik och bekv\u00e4m upplevelse. <strong data-start=\"2046\" data-end=\"2083\">Frunk Bar Cube Twisted Apple 12ml<\/strong> erbjuder en uppfriskande twist p\u00e5 den klassiska \u00e4ppelsmaken, vilket g\u00f6r den till ett utm\u00e4rkt val f\u00f6r varje vaper.<\/p>\n<h3 data-start=\"2199\" data-end=\"2250\">Varf\u00f6r V\u00e4lja Frunk Bar Cube Twisted Apple 12ml?<\/h3>\n<ul data-start=\"2251\" data-end=\"2741\">\n<li data-start=\"2251\" data-end=\"2374\">\n<p data-start=\"2253\" data-end=\"2374\"><strong data-start=\"2253\" data-end=\"2287\">Frisk och balanserad \u00e4pplesmak<\/strong> \u2013 En kombination av s\u00f6t och syrlig \u00e4ppelsmak som ger en uppfriskande vapingupplevelse.<\/p>\n<\/li>\n<li data-start=\"2375\" data-end=\"2440\">\n<p data-start=\"2377\" data-end=\"2440\"><strong data-start=\"2377\" data-end=\"2391\">Nikotinfri<\/strong> \u2013 F\u00f6r dig som vill njuta av vaping utan nikotin.<\/p>\n<\/li>\n<li data-start=\"2441\" data-end=\"2547\">\n<p data-start=\"2443\" data-end=\"2547\"><strong data-start=\"2443\" data-end=\"2458\">Eng\u00e5ngsvape<\/strong> \u2013 L\u00e4tt att anv\u00e4nda och perfekt f\u00f6r dem som vill ha en enkel och bekv\u00e4m vapingupplevelse.<\/p>\n<\/li>\n<li data-start=\"2548\" data-end=\"2616\">\n<p data-start=\"2550\" data-end=\"2616\"><strong data-start=\"2550\" data-end=\"2574\">L\u00e5ngvarig anv\u00e4ndning<\/strong> \u2013 12 ml v\u00e4tska ger m\u00e5nga njutbara puffar.<\/p>\n<\/li>\n<li data-start=\"2617\" data-end=\"2741\">\n<p data-start=\"2619\" data-end=\"2741\"><strong data-start=\"2619\" data-end=\"2638\">Premiumkvalitet<\/strong> \u2013 Frunk Bar Cube levererar h\u00f6gkvalitativa produkter som ger en p\u00e5litlig och smakfull vapingupplevelse.<\/p>\n<\/li>\n<\/ul>\n<h3 data-start=\"2743\" data-end=\"2773\">Vad Ing\u00e5r i F\u00f6rpackningen?<\/h3>\n<ul data-start=\"2774\" data-end=\"2898\">\n<li data-start=\"2774\" data-end=\"2828\">\n<p data-start=\"2776\" data-end=\"2828\">1 eng\u00e5ngsvape <strong data-start=\"2790\" data-end=\"2827\">Frunk Bar Cube Twisted Apple 12ml<\/strong>.<\/p>\n<\/li>\n<li data-start=\"2829\" data-end=\"2898\">\n<p data-start=\"2831\" data-end=\"2898\">Enkel och s\u00e4ker f\u00f6rpackning som bevarar v\u00e4tskans fr\u00e4sch\u00f6r och smak.<\/p>\n<\/li>\n<\/ul>\n<\/div>\n<\/div>\n<\/div>\n<\/div>\n<\/div>\n<\/div>\n<\/article>\n<div class=\"pointer-events-none h-px w-px\" aria-hidden=\"true\" data-edge=\"true\"><\/div>","protected":false},"excerpt":{"rendered":"<article class=\"text-token-text-primary w-full focus:outline-none [--shadow-height:45px] has-data-writing-block:pointer-events-none has-data-writing-block:-mt-(--shadow-height) has-data-writing-block:pt-(--shadow-height) [&amp;:has([data-writing-block])&gt;*]:pointer-events-auto [content-visibility:auto] supports-[content-visibility:auto]:[contain-intrinsic-size:auto_100lvh] scroll-mt-[calc(var(--header-height)+min(200px,max(70px,20svh)))]\" dir=\"auto\" tabindex=\"-1\" data-turn-id=\"request-WEB:aae39e68-faac-4101-9832-fed5c5a20685-19\" data-testid=\"conversation-turn-40\" data-scroll-anchor=\"true\" data-turn=\"assistant\">\n<div class=\"text-base my-auto mx-auto pb-10 [--thread-content-margin:--spacing(4)] thread-sm:[--thread-content-margin:--spacing(6)] thread-lg:[--thread-content-margin:--spacing(16)] px-(--thread-content-margin)\">\n<div class=\"[--thread-content-max-width:40rem] thread-lg:[--thread-content-max-width:48rem] mx-auto max-w-(--thread-content-max-width) flex-1 group\/turn-messages focus-visible:outline-hidden relative flex w-full min-w-0 flex-col agent-turn\" tabindex=\"-1\">\n<div class=\"flex max-w-full flex-col grow\">\n<div class=\"min-h-8 text-message relative flex w-full flex-col items-end gap-2 text-start break-words whitespace-normal [.text-message+&amp;]:mt-1\" dir=\"auto\" data-message-author-role=\"assistant\" data-message-id=\"aa9c26ab-8c02-4b9c-8567-295b7971186f\" data-message-model-slug=\"gpt-4o\">\n<div class=\"flex w-full flex-col gap-1 empty:hidden first:pt-[1px]\">\n<div class=\"markdown prose dark:prose-invert w-full break-words light markdown-new-styling\">\n<h1 data-start=\"2905\" data-end=\"3011\">Frunk Bar Cube Twisted Apple 12ml \u2013 Nikotinfri Eng\u00e5ngsvape med Frisk \u00c4pplesmak<\/h1>\n<p data-start=\"3013\" data-end=\"3265\"><strong data-start=\"3013\" data-end=\"3050\">Frunk Bar Cube Twisted Apple 12ml<\/strong> erbjuder en uppfriskande och fruktig \u00e4pplesmak utan nikotin. Denna eng\u00e5ngsvape med 12 ml v\u00e4tska ger en l\u00e5ngvarig och smakrik vapingupplevelse, perfekt f\u00f6r alla som s\u00f6ker en fr\u00e4sch och fruktig nikotinfri upplevelse.<\/p>\n<p data-start=\"3267\" data-end=\"3439\" data-is-last-node=\"\" data-is-only-node=\"\">Uppt\u00e4ck <strong data-start=\"3275\" data-end=\"3312\">Frunk Bar Cube Twisted Apple 12ml<\/strong> och fler produkter fr\u00e5n samma serie h\u00e4r: <a class=\"decorated-link\" href=\"https:\/\/veloop.se\/sv\/produkt-kategori\/nikotinfria-vape\/\" target=\"_new\" rel=\"noopener\" data-start=\"3354\" data-end=\"3439\" data-is-last-node=\"\">Nikotinfri Vaping \u2013 Veloop.se<\/a><\/p>\n<\/div>\n<\/div>\n<\/div>\n<\/div>\n<div class=\"z-0 flex min-h-[46px] justify-start\"><\/div>\n<\/div>\n<\/div>\n<\/article>\n<div class=\"pointer-events-none h-px w-px\" aria-hidden=\"true\" data-edge=\"true\"><\/div>","protected":false},"featured_media":68533,"comment_status":"open","ping_status":"closed","template":"","meta":[],"product_brand":[333],"product_cat":[42,156,157,441,432],"product_tag":[],"class_list":{"0":"post-68525","1":"product","2":"type-product","3":"status-publish","4":"has-post-thumbnail","6":"product_brand-frunk-bar","7":"product_cat-e-cigg","8":"product_cat-engangs-vape","9":"product_cat-frunk-bar","10":"product_cat-nikotinfri","11":"product_cat-nikotinfria-vape","13":"first","14":"instock","15":"taxable","16":"shipping-taxable","17":"purchasable","18":"product-type-variable"},"_links":{"self":[{"href":"https:\/\/veloop.se\/sv\/wp-json\/wp\/v2\/product\/68525","targetHints":{"allow":["GET"]}}],"collection":[{"href":"https:\/\/veloop.se\/sv\/wp-json\/wp\/v2\/product"}],"about":[{"href":"https:\/\/veloop.se\/sv\/wp-json\/wp\/v2\/types\/product"}],"replies":[{"embeddable":true,"href":"https:\/\/veloop.se\/sv\/wp-json\/wp\/v2\/comments?post=68525"}],"version-history":[{"count":0,"href":"https:\/\/veloop.se\/sv\/wp-json\/wp\/v2\/product\/68525\/revisions"}],"wp:featuredmedia":[{"embeddable":true,"href":"https:\/\/veloop.se\/sv\/wp-json\/wp\/v2\/media\/68533"}],"wp:attachment":[{"href":"https:\/\/veloop.se\/sv\/wp-json\/wp\/v2\/media?parent=68525"}],"wp:term":[{"taxonomy":"product_brand","embeddable":true,"href":"https:\/\/veloop.se\/sv\/wp-json\/wp\/v2\/product_brand?post=68525"},{"taxonomy":"product_cat","embeddable":true,"href":"https:\/\/veloop.se\/sv\/wp-json\/wp\/v2\/product_cat?post=68525"},{"taxonomy":"product_tag","embeddable":true,"href":"https:\/\/veloop.se\/sv\/wp-json\/wp\/v2\/product_tag?post=68525"}],"curies":[{"name":"wp","href":"https:\/\/api.w.org\/{rel}","templated":true}]}}