{"id":68515,"date":"2025-10-19T18:50:42","date_gmt":"2025-10-19T18:50:42","guid":{"rendered":"https:\/\/veloop.se\/?post_type=product&#038;p=68515"},"modified":"2025-10-19T23:23:27","modified_gmt":"2025-10-19T23:23:27","slug":"frunk-bar-cube-pineapple-lemonade-12ml","status":"publish","type":"product","link":"https:\/\/veloop.se\/sv\/produkt\/frunk-bar-cube-pineapple-lemonade-12ml\/","title":{"rendered":"Frunk Bar Cube Pineapple Lemonade 12ml"},"content":{"rendered":"<article class=\"text-token-text-primary w-full focus:outline-none [--shadow-height:45px] has-data-writing-block:pointer-events-none has-data-writing-block:-mt-(--shadow-height) has-data-writing-block:pt-(--shadow-height) [&amp;:has([data-writing-block])&gt;*]:pointer-events-auto [content-visibility:auto] supports-[content-visibility:auto]:[contain-intrinsic-size:auto_100lvh] scroll-mt-[calc(var(--header-height)+min(200px,max(70px,20svh)))]\" dir=\"auto\" tabindex=\"-1\" data-turn-id=\"request-WEB:aae39e68-faac-4101-9832-fed5c5a20685-17\" data-testid=\"conversation-turn-36\" data-scroll-anchor=\"true\" data-turn=\"assistant\">\n<div class=\"text-base my-auto mx-auto pb-10 [--thread-content-margin:--spacing(4)] thread-sm:[--thread-content-margin:--spacing(6)] thread-lg:[--thread-content-margin:--spacing(16)] px-(--thread-content-margin)\">\n<div class=\"[--thread-content-max-width:40rem] thread-lg:[--thread-content-max-width:48rem] mx-auto max-w-(--thread-content-max-width) flex-1 group\/turn-messages focus-visible:outline-hidden relative flex w-full min-w-0 flex-col agent-turn\" tabindex=\"-1\">\n<div class=\"flex max-w-full flex-col grow\">\n<div class=\"min-h-8 text-message relative flex w-full flex-col items-end gap-2 text-start break-words whitespace-normal [.text-message+&amp;]:mt-1\" dir=\"auto\" data-message-author-role=\"assistant\" data-message-id=\"acc02314-ae3b-4073-b218-6ae71150cd4e\" data-message-model-slug=\"gpt-4o\">\n<div class=\"flex w-full flex-col gap-1 empty:hidden first:pt-[1px]\">\n<div class=\"markdown prose dark:prose-invert w-full break-words light markdown-new-styling\">\n<h1 data-start=\"0\" data-end=\"126\">Frunk Bar Cube Pineapple Lemonade 12ml \u2013 Nikotinfri Eng\u00e5ngsvape med Fr\u00e4sch Ananas och Limonadssmak<\/h1>\n<p data-start=\"128\" data-end=\"691\"><strong data-start=\"128\" data-end=\"170\">Frunk Bar Cube Pineapple Lemonade 12ml<\/strong> \u00e4r den perfekta eng\u00e5ngsvapen f\u00f6r dig som s\u00f6ker en uppfriskande och tropisk vapingupplevelse utan nikotin. Med sin l\u00e4ckra blandning av ananas och lemonade erbjuder denna nikotinfria e-v\u00e4tska en s\u00f6t och syrlig smak som kommer att gl\u00e4dja dina smakl\u00f6kar med varje puff. <strong data-start=\"437\" data-end=\"479\">Frunk Bar Cube Pineapple Lemonade 12ml<\/strong> levererar en l\u00e5ngvarig och smakfull upplevelse, vilket g\u00f6r den till ett utm\u00e4rkt val f\u00f6r alla som s\u00f6ker en fr\u00e4sch och fruktig e-vape utan nikotin. Enkel att anv\u00e4nda, ingen p\u00e5fyllning beh\u00f6vs \u2013 bara \u00f6ppna och njut!<\/p>\n<h2 data-start=\"693\" data-end=\"776\">Frunk Bar Cube Pineapple Lemonade 12ml \u2013 En Tropisk och Syrlig Vapingupplevelse<\/h2>\n<p data-start=\"778\" data-end=\"1239\">Med <strong data-start=\"782\" data-end=\"824\">Frunk Bar Cube Pineapple Lemonade 12ml<\/strong> f\u00e5r du en unik kombination av s\u00f6t ananas och uppfriskande lemonade som skapar en balanserad och tropisk smakupplevelse. Denna nikotinfria eng\u00e5ngsvape ger en fr\u00e4sch och syrlig k\u00e4nsla utan att bli \u00f6verv\u00e4ldigande, vilket g\u00f6r den perfekt f\u00f6r daglig anv\u00e4ndning. <strong data-start=\"1082\" data-end=\"1124\">Frunk Bar Cube Pineapple Lemonade 12ml<\/strong> \u00e4r designad f\u00f6r att ge en enkel och njutbar vapingupplevelse utan nikotin, s\u00e5 du kan njuta av varje puff utan oro.<\/p>\n<h3 data-start=\"1241\" data-end=\"1317\">Nyckelfunktioner och F\u00f6rdelar med Frunk Bar Cube Pineapple Lemonade 12ml<\/h3>\n<ul data-start=\"1318\" data-end=\"1797\">\n<li data-start=\"1318\" data-end=\"1381\">\n<p data-start=\"1320\" data-end=\"1381\"><strong data-start=\"1320\" data-end=\"1334\">Nikotinfri<\/strong> \u2013 F\u00e5 en smakrik vapingupplevelse utan nikotin.<\/p>\n<\/li>\n<li data-start=\"1382\" data-end=\"1494\">\n<p data-start=\"1384\" data-end=\"1494\"><strong data-start=\"1384\" data-end=\"1400\">Tropisk smak<\/strong> \u2013 En h\u00e4rlig blandning av s\u00f6t ananas och syrlig lemonade ger en uppfriskande och fruktig smak.<\/p>\n<\/li>\n<li data-start=\"1495\" data-end=\"1599\">\n<p data-start=\"1497\" data-end=\"1599\"><strong data-start=\"1497\" data-end=\"1512\">Eng\u00e5ngsvape<\/strong> \u2013 Enkel att anv\u00e4nda och perfekt f\u00f6r dem som inte vill ha extra kr\u00e5ngel med p\u00e5fyllning.<\/p>\n<\/li>\n<li data-start=\"1600\" data-end=\"1695\">\n<p data-start=\"1602\" data-end=\"1695\"><strong data-start=\"1602\" data-end=\"1626\">L\u00e5ngvarig anv\u00e4ndning<\/strong> \u2013 Med 12 ml v\u00e4tska f\u00e5r du en l\u00e5ngvarig och njutbar vapingupplevelse.<\/p>\n<\/li>\n<li data-start=\"1696\" data-end=\"1797\">\n<p data-start=\"1698\" data-end=\"1797\"><strong data-start=\"1698\" data-end=\"1729\">H\u00f6g kvalitet fr\u00e5n Frunk Bar<\/strong> \u2013 Frunk Bar Cube \u00e4r k\u00e4nt f\u00f6r sina p\u00e5litliga och smakrika produkter.<\/p>\n<\/li>\n<\/ul>\n<h3 data-start=\"1799\" data-end=\"1892\">Frunk Bar Cube Pineapple Lemonade 12ml \u2013 Fr\u00e4sch och Smakrik Vapingupplevelse utan Nikotin<\/h3>\n<p data-start=\"1894\" data-end=\"2324\"><strong data-start=\"1894\" data-end=\"1936\">Frunk Bar Cube Pineapple Lemonade 12ml<\/strong> \u00e4r designad f\u00f6r att ge en uppfriskande vapingupplevelse med sin tropiska smak av ananas och lemonade. Denna eng\u00e5ngsvape \u00e4r idealisk f\u00f6r dig som s\u00f6ker en enkel och njutbar vapingupplevelse utan att beh\u00f6va t\u00e4nka p\u00e5 p\u00e5fyllning eller underh\u00e5ll. Med sin l\u00e5nga anv\u00e4ndningstid p\u00e5 12 ml v\u00e4tska \u00e4r <strong data-start=\"2226\" data-end=\"2268\">Frunk Bar Cube Pineapple Lemonade 12ml<\/strong> perfekt f\u00f6r dem som \u00e4lskar fruktiga och fr\u00e4scha smaker.<\/p>\n<h3 data-start=\"2326\" data-end=\"2382\">Varf\u00f6r V\u00e4lja Frunk Bar Cube Pineapple Lemonade 12ml?<\/h3>\n<ul data-start=\"2383\" data-end=\"2850\">\n<li data-start=\"2383\" data-end=\"2508\">\n<p data-start=\"2385\" data-end=\"2508\"><strong data-start=\"2385\" data-end=\"2426\">Uppfriskande ananas- och lemonadesmak<\/strong> \u2013 En perfekt balans mellan s\u00f6tma och syra som ger en tropisk k\u00e4nsla i varje puff.<\/p>\n<\/li>\n<li data-start=\"2509\" data-end=\"2583\">\n<p data-start=\"2511\" data-end=\"2583\"><strong data-start=\"2511\" data-end=\"2525\">Nikotinfri<\/strong> \u2013 F\u00f6r de som vill ha en smakfull upplevelse utan nikotin.<\/p>\n<\/li>\n<li data-start=\"2584\" data-end=\"2670\">\n<p data-start=\"2586\" data-end=\"2670\"><strong data-start=\"2586\" data-end=\"2601\">Eng\u00e5ngsvape<\/strong> \u2013 Enkel att anv\u00e4nda utan behov av p\u00e5fyllning eller extra utrustning.<\/p>\n<\/li>\n<li data-start=\"2671\" data-end=\"2762\">\n<p data-start=\"2673\" data-end=\"2762\"><strong data-start=\"2673\" data-end=\"2697\">L\u00e5ngvarig anv\u00e4ndning<\/strong> \u2013 12 ml v\u00e4tska ger en h\u00e5llbar vapingupplevelse som r\u00e4cker l\u00e4nge.<\/p>\n<\/li>\n<li data-start=\"2763\" data-end=\"2850\">\n<p data-start=\"2765\" data-end=\"2850\"><strong data-start=\"2765\" data-end=\"2781\">H\u00f6g kvalitet<\/strong> \u2013 Frunk Bar Cube levererar en p\u00e5litlig och smakrik vapingupplevelse.<\/p>\n<\/li>\n<\/ul>\n<h3 data-start=\"2852\" data-end=\"2882\">Vad Ing\u00e5r i F\u00f6rpackningen?<\/h3>\n<ul data-start=\"2883\" data-end=\"3012\">\n<li data-start=\"2883\" data-end=\"2942\">\n<p data-start=\"2885\" data-end=\"2942\">1 eng\u00e5ngsvape <strong data-start=\"2899\" data-end=\"2941\">Frunk Bar Cube Pineapple Lemonade 12ml<\/strong>.<\/p>\n<\/li>\n<li data-start=\"2943\" data-end=\"3012\">\n<p data-start=\"2945\" data-end=\"3012\">Enkel och s\u00e4ker f\u00f6rpackning som bevarar v\u00e4tskans fr\u00e4sch\u00f6r och smak.<\/p>\n<\/li>\n<\/ul>\n<\/div>\n<\/div>\n<\/div>\n<\/div>\n<\/div>\n<\/div>\n<\/article>","protected":false},"excerpt":{"rendered":"<div class=\"flex max-w-full flex-col grow\">\n<div class=\"min-h-8 text-message relative flex w-full flex-col items-end gap-2 text-start break-words whitespace-normal [.text-message+&amp;]:mt-1\" dir=\"auto\" data-message-author-role=\"assistant\" data-message-id=\"acc02314-ae3b-4073-b218-6ae71150cd4e\" data-message-model-slug=\"gpt-4o\">\n<div class=\"flex w-full flex-col gap-1 empty:hidden first:pt-[1px]\">\n<div class=\"markdown prose dark:prose-invert w-full break-words light markdown-new-styling\">\n<h1 data-start=\"3019\" data-end=\"3138\">Frunk Bar Cube Pineapple Lemonade 12ml \u2013 Nikotinfri Eng\u00e5ngsvape med Ananas och Limonadssmak<\/h1>\n<p data-start=\"3140\" data-end=\"3401\"><strong data-start=\"3140\" data-end=\"3182\">Frunk Bar Cube Pineapple Lemonade 12ml<\/strong> erbjuder en tropisk och uppfriskande smak av ananas och lemonade utan nikotin. Denna eng\u00e5ngsvape ger en l\u00e5ngvarig och njutbar vapingupplevelse, perfekt f\u00f6r alla som s\u00f6ker en fruktig och smakrik upplevelse utan nikotin.<\/p>\n<p data-start=\"3403\" data-end=\"3580\" data-is-last-node=\"\" data-is-only-node=\"\">Uppt\u00e4ck <strong data-start=\"3411\" data-end=\"3453\">Frunk Bar Cube Pineapple Lemonade 12ml<\/strong> och fler produkter fr\u00e5n samma serie h\u00e4r: <a class=\"decorated-link\" href=\"https:\/\/veloop.se\/sv\/produkt-kategori\/nikotinfria-vape\/\" target=\"_new\" rel=\"noopener\" data-start=\"3495\" data-end=\"3580\" data-is-last-node=\"\">Nikotinfri Vaping \u2013 Veloop.se<\/a><\/p>\n<\/div>\n<\/div>\n<\/div>\n<\/div>","protected":false},"featured_media":68523,"comment_status":"open","ping_status":"closed","template":"","meta":[],"product_brand":[333],"product_cat":[42,156,157,441,432],"product_tag":[],"class_list":{"0":"post-68515","1":"product","2":"type-product","3":"status-publish","4":"has-post-thumbnail","6":"product_brand-frunk-bar","7":"product_cat-e-cigg","8":"product_cat-engangs-vape","9":"product_cat-frunk-bar","10":"product_cat-nikotinfri","11":"product_cat-nikotinfria-vape","13":"first","14":"instock","15":"taxable","16":"shipping-taxable","17":"purchasable","18":"product-type-variable"},"_links":{"self":[{"href":"https:\/\/veloop.se\/sv\/wp-json\/wp\/v2\/product\/68515","targetHints":{"allow":["GET"]}}],"collection":[{"href":"https:\/\/veloop.se\/sv\/wp-json\/wp\/v2\/product"}],"about":[{"href":"https:\/\/veloop.se\/sv\/wp-json\/wp\/v2\/types\/product"}],"replies":[{"embeddable":true,"href":"https:\/\/veloop.se\/sv\/wp-json\/wp\/v2\/comments?post=68515"}],"version-history":[{"count":0,"href":"https:\/\/veloop.se\/sv\/wp-json\/wp\/v2\/product\/68515\/revisions"}],"wp:featuredmedia":[{"embeddable":true,"href":"https:\/\/veloop.se\/sv\/wp-json\/wp\/v2\/media\/68523"}],"wp:attachment":[{"href":"https:\/\/veloop.se\/sv\/wp-json\/wp\/v2\/media?parent=68515"}],"wp:term":[{"taxonomy":"product_brand","embeddable":true,"href":"https:\/\/veloop.se\/sv\/wp-json\/wp\/v2\/product_brand?post=68515"},{"taxonomy":"product_cat","embeddable":true,"href":"https:\/\/veloop.se\/sv\/wp-json\/wp\/v2\/product_cat?post=68515"},{"taxonomy":"product_tag","embeddable":true,"href":"https:\/\/veloop.se\/sv\/wp-json\/wp\/v2\/product_tag?post=68515"}],"curies":[{"name":"wp","href":"https:\/\/api.w.org\/{rel}","templated":true}]}}