{"id":68279,"date":"2025-10-19T03:36:17","date_gmt":"2025-10-19T03:36:17","guid":{"rendered":"https:\/\/veloop.se\/?post_type=product&#038;p=68279"},"modified":"2025-10-19T16:53:21","modified_gmt":"2025-10-19T16:53:21","slug":"n-one-crystal-doubleapple","status":"publish","type":"product","link":"https:\/\/veloop.se\/sv\/produkt\/n-one-crystal-doubleapple\/","title":{"rendered":"N One Crystal Zero Double Apple"},"content":{"rendered":"<h1 data-start=\"66\" data-end=\"135\"><strong data-start=\"70\" data-end=\"135\">N One Crystal Doubleapple<\/strong><\/h1>\n<h2 data-start=\"66\" data-end=\"135\"><strong data-start=\"70\" data-end=\"135\">N One Crystal Doubleapple \u2013 Den ultimata \u00e4ppelvapeupplevelsen<\/strong><\/h2>\n<p data-start=\"137\" data-end=\"630\"><strong data-start=\"137\" data-end=\"166\">N One Crystal Doubleapple<\/strong> \u00e4r den perfekta eng\u00e5ngsvapen f\u00f6r dig som \u00e4lskar fruktiga smaker, och s\u00e4rskilt \u00e4pple! Den h\u00e4r produkten kombinerar s\u00f6tman fr\u00e5n tv\u00e5 olika \u00e4ppelsorter f\u00f6r att ge en fyllig och smakrik vapingupplevelse. Med en smidig och kompakt design \u00e4r <strong data-start=\"402\" data-end=\"431\">N One Crystal Doubleapple<\/strong> l\u00e4tt att anv\u00e4nda och perfekt f\u00f6r b\u00e5de nyb\u00f6rjare och erfarna vapers. Den kr\u00e4ver ingen p\u00e5fyllning eller laddning, vilket g\u00f6r den till det sj\u00e4lvklara valet f\u00f6r alla som s\u00f6ker en enkel och njutbar vape.<\/p>\n<h4 data-start=\"632\" data-end=\"680\"><strong data-start=\"637\" data-end=\"680\">Vad g\u00f6r N One Crystal Doubleapple unik?<\/strong><\/h4>\n<p data-start=\"682\" data-end=\"992\"><strong data-start=\"682\" data-end=\"711\">N One Crystal Doubleapple<\/strong> erbjuder en intensiv och balanserad \u00e4ppelsmak som kommer fr\u00e5n en blandning av tv\u00e5 olika \u00e4ppelsorter. Varje puff ger en fyllig, fruktig smakupplevelse som \u00e4r b\u00e5de s\u00f6t och frisk. Detta g\u00f6r den h\u00e4r eng\u00e5ngsvapen till ett perfekt val f\u00f6r alla som vill ha en ren och naturlig \u00e4ppelsmak.<\/p>\n<ul data-start=\"994\" data-end=\"1339\">\n<li data-start=\"994\" data-end=\"1094\">\n<p data-start=\"996\" data-end=\"1094\"><strong data-start=\"996\" data-end=\"1015\">Tv\u00e5 \u00e4ppelsorter<\/strong>: En unik blandning av s\u00f6ta och friska \u00e4pplen f\u00f6r en balanserad smakupplevelse.<\/p>\n<\/li>\n<li data-start=\"1095\" data-end=\"1184\">\n<p data-start=\"1097\" data-end=\"1184\"><strong data-start=\"1097\" data-end=\"1112\">Eng\u00e5ngsvape<\/strong>: Ingen p\u00e5fyllning eller laddning beh\u00f6vs \u2013 bara \u00f6ppna och b\u00f6rja anv\u00e4nda.<\/p>\n<\/li>\n<li data-start=\"1185\" data-end=\"1252\">\n<p data-start=\"1187\" data-end=\"1252\"><strong data-start=\"1187\" data-end=\"1221\">Kompatibel och praktisk design<\/strong>: L\u00e4tt att ta med sig \u00f6verallt.<\/p>\n<\/li>\n<li data-start=\"1253\" data-end=\"1339\">\n<p data-start=\"1255\" data-end=\"1339\"><strong data-start=\"1255\" data-end=\"1273\">L\u00e5ngvarig smak<\/strong>: Smaken av \u00e4pple beh\u00e5ller sin intensitet under hela anv\u00e4ndningen.<\/p>\n<\/li>\n<\/ul>\n<h4 data-start=\"1341\" data-end=\"1388\"><strong data-start=\"1346\" data-end=\"1388\">F\u00f6rdelar med N One Crystal Doubleapple<\/strong><\/h4>\n<ul data-start=\"1390\" data-end=\"1780\">\n<li data-start=\"1390\" data-end=\"1518\">\n<p data-start=\"1392\" data-end=\"1518\"><strong data-start=\"1392\" data-end=\"1420\">Perfekt f\u00f6r \u00e4ppel\u00e4lskare<\/strong>: En intensiv och fyllig \u00e4ppelsmak som kommer att tillfredsst\u00e4lla din t\u00f6rst efter fruktiga smaker.<\/p>\n<\/li>\n<li data-start=\"1519\" data-end=\"1589\">\n<p data-start=\"1521\" data-end=\"1589\"><strong data-start=\"1521\" data-end=\"1539\">Anv\u00e4ndarv\u00e4nlig<\/strong>: Enkel att anv\u00e4nda \u2013 ingen kr\u00e5nglig setup beh\u00f6vs.<\/p>\n<\/li>\n<li data-start=\"1590\" data-end=\"1672\">\n<p data-start=\"1592\" data-end=\"1672\"><strong data-start=\"1592\" data-end=\"1617\">Portabel och praktisk<\/strong>: Kompakt design som g\u00f6r den l\u00e4tt att ta med p\u00e5 spr\u00e5ng.<\/p>\n<\/li>\n<li data-start=\"1673\" data-end=\"1780\">\n<p data-start=\"1675\" data-end=\"1780\"><strong data-start=\"1675\" data-end=\"1702\">Kvalitet och h\u00e5llbarhet<\/strong>: Tillverkad med premium ingredienser f\u00f6r en ren och njutbar vapingupplevelse.<\/p>\n<\/li>\n<\/ul>\n<h4 data-start=\"1782\" data-end=\"1834\"><strong data-start=\"1787\" data-end=\"1834\">Hur anv\u00e4nder man N One Crystal Doubleapple?<\/strong><\/h4>\n<p data-start=\"1836\" data-end=\"2115\">Att anv\u00e4nda <strong data-start=\"1848\" data-end=\"1877\">N One Crystal Doubleapple<\/strong> \u00e4r enkelt. Ta bort skyddet och b\u00f6rja ta drag f\u00f6r att njuta av den friska och fruktiga \u00e4ppelsmaken. N\u00e4r din vape \u00e4r slut kan du kassera den och anv\u00e4nda en ny. Den \u00e4r idealisk f\u00f6r den som vill ha en problemfri och njutbar vapingupplevelse.<\/p>\n<h4 data-start=\"2117\" data-end=\"2179\"><strong data-start=\"2122\" data-end=\"2179\">Varf\u00f6r k\u00f6pa N One Crystal Doubleapple fr\u00e5n Veloop.se?<\/strong><\/h4>\n<p data-start=\"2181\" data-end=\"2548\">N\u00e4r du handlar p\u00e5 Veloop.se f\u00e5r du tillg\u00e5ng till h\u00f6gkvalitativa vapingprodukter, snabb leverans och en p\u00e5litlig kundservice. <strong data-start=\"2306\" data-end=\"2335\">N One Crystal Doubleapple<\/strong> \u00e4r en av v\u00e5ra mest popul\u00e4ra eng\u00e5ngsvapes, och vi \u00e4r stolta \u00f6ver att erbjuda den till v\u00e5ra kunder. Oavsett om du \u00e4r nyb\u00f6rjare eller erfaren vaper, kommer denna produkt att ge dig en smakfull och bekv\u00e4m upplevelse.<\/p>\n<hr data-start=\"2550\" data-end=\"2553\" \/>\n<h3 data-start=\"2555\" data-end=\"2632\"><strong data-start=\"2559\" data-end=\"2632\">K\u00f6p N One Crystal Doubleapple idag och njut av den b\u00e4sta \u00e4ppelsmaken!<\/strong><\/h3>\n<p data-start=\"2634\" data-end=\"2856\">\u00c4r du ute efter en smakfull eng\u00e5ngsvape? <strong data-start=\"2675\" data-end=\"2704\">N One Crystal Doubleapple<\/strong> ger dig den ultimata \u00e4ppelsmaken \u2013 perfekt f\u00f6r alla som \u00e4lskar fruktiga och fr\u00e4scha smaker. Best\u00e4ll din idag och upplev den naturliga s\u00f6tman av \u00e4pplen.<\/p>\n<p data-start=\"2858\" data-end=\"2971\"><a class=\"decorated-link cursor-pointer\" href=\"https:\/\/veloop.se\/sv\/brand\/n-one-crystal\/\" target=\"_new\" rel=\"noopener\" data-start=\"2858\" data-end=\"2971\">Utforska hela sortimentet av N One Crystal produkter h\u00e4r<\/a><\/p>\n<hr data-start=\"2973\" data-end=\"2976\" \/>\n<h3 data-start=\"2978\" data-end=\"3048\"><\/h3>","protected":false},"excerpt":{"rendered":"<h3 data-start=\"3384\" data-end=\"3460\"><strong data-start=\"3388\" data-end=\"3460\">N One Crystal Doubleapple \u2013 Frisk och fruktig \u00e4ppelsmak i varje puff<\/strong><\/h3>\n<p data-start=\"3462\" data-end=\"3721\"><strong data-start=\"3462\" data-end=\"3491\">N One Crystal Doubleapple<\/strong> \u00e4r den perfekta eng\u00e5ngsvapen f\u00f6r alla som \u00e4lskar \u00e4ppelsmaker. Med en smakfull blandning av tv\u00e5 olika \u00e4pplen ger den en frisk och s\u00f6t vapingupplevelse. Enkel att anv\u00e4nda och perfekt f\u00f6r alla som s\u00f6ker en fruktig och intensiv smak.<\/p>\n<p data-start=\"3723\" data-end=\"3824\"><a class=\"decorated-link cursor-pointer\" href=\"https:\/\/veloop.se\/sv\/brand\/n-one-crystal\/\" target=\"_new\" rel=\"noopener\" data-start=\"3723\" data-end=\"3824\">Uppt\u00e4ck mer om N One Crystal Doubleapple h\u00e4r<\/a><\/p>\n<p data-start=\"3723\" data-end=\"3824\">","protected":false},"featured_media":68286,"comment_status":"open","ping_status":"closed","template":"","meta":[],"product_brand":[339],"product_cat":[42,156,169,168,432],"product_tag":[],"class_list":{"0":"post-68279","1":"product","2":"type-product","3":"status-publish","4":"has-post-thumbnail","6":"product_brand-n-one-crystal","7":"product_cat-e-cigg","8":"product_cat-engangs-vape","9":"product_cat-n-one","10":"product_cat-n-one-crystal","11":"product_cat-nikotinfria-vape","13":"first","14":"instock","15":"taxable","16":"shipping-taxable","17":"purchasable","18":"product-type-variable"},"_links":{"self":[{"href":"https:\/\/veloop.se\/sv\/wp-json\/wp\/v2\/product\/68279","targetHints":{"allow":["GET"]}}],"collection":[{"href":"https:\/\/veloop.se\/sv\/wp-json\/wp\/v2\/product"}],"about":[{"href":"https:\/\/veloop.se\/sv\/wp-json\/wp\/v2\/types\/product"}],"replies":[{"embeddable":true,"href":"https:\/\/veloop.se\/sv\/wp-json\/wp\/v2\/comments?post=68279"}],"version-history":[{"count":0,"href":"https:\/\/veloop.se\/sv\/wp-json\/wp\/v2\/product\/68279\/revisions"}],"wp:featuredmedia":[{"embeddable":true,"href":"https:\/\/veloop.se\/sv\/wp-json\/wp\/v2\/media\/68286"}],"wp:attachment":[{"href":"https:\/\/veloop.se\/sv\/wp-json\/wp\/v2\/media?parent=68279"}],"wp:term":[{"taxonomy":"product_brand","embeddable":true,"href":"https:\/\/veloop.se\/sv\/wp-json\/wp\/v2\/product_brand?post=68279"},{"taxonomy":"product_cat","embeddable":true,"href":"https:\/\/veloop.se\/sv\/wp-json\/wp\/v2\/product_cat?post=68279"},{"taxonomy":"product_tag","embeddable":true,"href":"https:\/\/veloop.se\/sv\/wp-json\/wp\/v2\/product_tag?post=68279"}],"curies":[{"name":"wp","href":"https:\/\/api.w.org\/{rel}","templated":true}]}}