{"id":68200,"date":"2025-10-17T05:09:17","date_gmt":"2025-10-17T05:09:17","guid":{"rendered":"https:\/\/veloop.se\/?post_type=product&#038;p=68200"},"modified":"2025-10-17T16:33:35","modified_gmt":"2025-10-17T16:33:35","slug":"senso-stormtandare","status":"publish","type":"product","link":"https:\/\/veloop.se\/sv\/produkt\/senso-stormtandare\/","title":{"rendered":"SENSO Stormt\u00e4ndare"},"content":{"rendered":"<h1><strong>Senso Stormt\u00e4ndare<\/strong><\/h1>\n<h2 class=\"ds-markdown-paragraph\"><strong>Senso Stormt\u00e4ndare: P\u00e5litlig Prestanda i Alla V\u00e4der<\/strong><\/h2>\n<p class=\"ds-markdown-paragraph\">\u00c4r du tr\u00f6tt p\u00e5 t\u00e4ndare som sviker dig precis n\u00e4r du beh\u00f6ver dem som mest? Denna specialdesignade\u00a0<strong>Senso Stormt\u00e4ndare<\/strong>\u00a0\u00e4r skapad f\u00f6r att \u00f6vervinna naturens element och leverera konsekvent prestanda oavsett f\u00f6rh\u00e5llanden.<\/p>\n<h4><strong>V\u00e4dert\u00e5lig Teknik och Innovation<\/strong><\/h4>\n<p class=\"ds-markdown-paragraph\">Denna unika\u00a0<strong>Senso Stormt\u00e4ndare<\/strong>\u00a0\u00e4r ingen vanlig t\u00e4ndare \u2013 den \u00e4r en tekniskt avancerad l\u00f6sning f\u00f6r utomhusentusiaster. Den speciella br\u00e4nnarkonstruktionen i denna\u00a0<strong>Senso Stormt\u00e4ndare<\/strong>\u00a0genererar en extra kraftfull och koncentrerad flamma som inte p\u00e5verkas av vind eller regn. Oavsett om du \u00e4r ute p\u00e5 camping, fiske eller andra utomhus\u00e4ventyr, f\u00f6rblir denna p\u00e5litliga partner funktionsduglig.<\/p>\n<h4><strong>Robust Byggkvalitet och Design<\/strong><\/h4>\n<p class=\"ds-markdown-paragraph\"><strong>Senso Stormt\u00e4ndare<\/strong>\u00a0\u00e4r skapad f\u00f6r att t\u00e5la tuffa f\u00f6rh\u00e5llanden och besitter en exceptionell h\u00e5llbarhet. Den ergonomiska formen p\u00e5 denna\u00a0<strong>Senso Stormt\u00e4ndare<\/strong>\u00a0ligger s\u00e4kert i handen \u00e4ven med handskar, och den t\u00e5liga konstruktionen klarar av tapp och st\u00f6tar. Den avtagbara t\u00e4ndstenen g\u00f6r den l\u00e4tt att underh\u00e5lla och f\u00f6rl\u00e4nger produktens livsl\u00e4ngd avsev\u00e4rt.<\/p>\n<h4><strong>\u00c5terfyllningsbar och Ekonomisk<\/strong><\/h4>\n<p class=\"ds-markdown-paragraph\">Precis som andra produkter i Senso-familjen \u00e4r denna\u00a0<strong>Senso Stormt\u00e4ndare<\/strong>\u00a0konstruerad f\u00f6r l\u00e5ngvarig anv\u00e4ndning. Ist\u00e4llet f\u00f6r att sl\u00e4ngas n\u00e4r gasen tar slut, kan du enkelt fylla p\u00e5 den med ny gas. Detta g\u00f6r\u00a0<strong>Senso Stormt\u00e4ndare<\/strong>\u00a0till ett kostnadseffektivt val som b\u00e5de sparar pengar och \u00e4r b\u00e4ttre f\u00f6r milj\u00f6n.<\/p>\n<h4><strong>M\u00e5ngsidig Anv\u00e4ndning<\/strong><\/h4>\n<p class=\"ds-markdown-paragraph\">Denna imponerande\u00a0<strong>Senso Stormt\u00e4ndare<\/strong>\u00a0passar perfekt f\u00f6r:<\/p>\n<ul>\n<li>\n<p class=\"ds-markdown-paragraph\"><strong>Utomhus\u00e4ventyr:<\/strong>\u00a0Camping, vandring och fiske<\/p>\n<\/li>\n<li>\n<p class=\"ds-markdown-paragraph\"><strong>Professionellt bruk:<\/strong>\u00a0Byggarbetsplatser och tr\u00e4dg\u00e5rdsarbete<\/p>\n<\/li>\n<li>\n<p class=\"ds-markdown-paragraph\"><strong>Hemtillbeh\u00f6r:<\/strong>\u00a0Grillning och eldning<\/p>\n<\/li>\n<li>\n<p class=\"ds-markdown-paragraph\"><strong>N\u00f6dsituationer:<\/strong>\u00a0P\u00e5litlig n\u00e4r konventionella t\u00e4ndare sviker<\/p>\n<\/li>\n<\/ul>\n<h4><strong>S\u00e4kerhet och Kontroll<\/strong><\/h4>\n<p class=\"ds-markdown-paragraph\">Med\u00a0<strong>Senso Stormt\u00e4ndare<\/strong>\u00a0och dess justerbara flamma kan du enkelt anpassa storleken efter dina specifika behov. Den s\u00e4kra konstruktionen medf\u00f6r att den inte kan t\u00e4ndas oavsiktligt, vilket ger dig extra trygghet under anv\u00e4ndning.<\/p>\n<h4><strong>Sammanfattning: Det Ultimata V\u00e4dervapnet<\/strong><\/h4>\n<p class=\"ds-markdown-paragraph\">Sammanfattningsvis erbjuder\u00a0<strong>Senso Stormt\u00e4ndare<\/strong>\u00a0en oslagbar kombination av styrka, p\u00e5litlighet och h\u00e5llbarhet. Den \u00e4r den perfekta f\u00f6ljeslagaren f\u00f6r alla som v\u00e4grar l\u00e5ta v\u00e4der och vind s\u00e4tta stopp f\u00f6r sina planer. Investera i en\u00a0<strong>Senso Stormt\u00e4ndare<\/strong>\u00a0som verkligen lever upp till sina l\u00f6ften.<\/p>\n<p class=\"ds-markdown-paragraph\"><strong>Uppt\u00e4ck fler fantastiska produkter!<\/strong><br \/>\n<a href=\"https:\/\/veloop.se\/sv\/produkt-kategori\/tandare\/\" target=\"_blank\" rel=\"noopener noreferrer\">\ud83d\udc49 Bes\u00f6k v\u00e5r tandarekategori h\u00e4r<\/a><\/p>","protected":false},"excerpt":{"rendered":"<h1 class=\"ds-markdown-paragraph\"><strong>Senso Stormt\u00e4ndare \u2013 Oslagbar i Vind och V\u00e4der<\/strong><\/h1>\n<p class=\"ds-markdown-paragraph\">M\u00f6t den ultimata v\u00e4dert\u00e5liga l\u00f6sningen med\u00a0<strong>Senso Stormt\u00e4ndare<\/strong>. Denna robusta produkt \u00e4r speciellt utformad f\u00f6r att fungera perfekt \u00e4ven under mest utmanande f\u00f6rh\u00e5llanden. Med sin innovativa design och extra starka flamma klarar den av kraftig vind och fuktighet. Den \u00e5terfyllningsbara konstruktionen g\u00f6r den till ett ekonomiskt och milj\u00f6v\u00e4nligt val f\u00f6r den aktiva anv\u00e4ndaren. Upplev p\u00e5litlighet n\u00e4r det verkligen g\u00e4ller med denna exceptionella t\u00e4ndare.<\/p>\n<p class=\"ds-markdown-paragraph\"><strong>Utforska hela v\u00e5rt sortiment!<\/strong><br \/>\n<a href=\"https:\/\/veloop.se\/sv\/produkt-kategori\/tandare\/\" target=\"_blank\" rel=\"noopener noreferrer\">\ud83d\udc49 Se alla v\u00e5ra t\u00e4nder i kategorin h\u00e4r<\/a><\/p>\n<p class=\"ds-markdown-paragraph\"><span style=\"color: red; font-size: 16px;\">OBS, f\u00e4rg\/motiv p\u00e5 t\u00e4ndaren kan variera, beroende p\u00e5 vilka vi har i lager vid ordertillf\u00e4llet.<\/span><\/p>","protected":false},"featured_media":0,"comment_status":"open","ping_status":"closed","template":"","meta":[],"product_brand":[],"product_cat":[273,146],"product_tag":[],"class_list":{"0":"post-68200","1":"product","2":"type-product","3":"status-publish","5":"product_cat-tandare","6":"product_cat-tillbehor","8":"first","9":"instock","10":"taxable","11":"shipping-taxable","12":"purchasable","13":"product-type-variable"},"_links":{"self":[{"href":"https:\/\/veloop.se\/sv\/wp-json\/wp\/v2\/product\/68200","targetHints":{"allow":["GET"]}}],"collection":[{"href":"https:\/\/veloop.se\/sv\/wp-json\/wp\/v2\/product"}],"about":[{"href":"https:\/\/veloop.se\/sv\/wp-json\/wp\/v2\/types\/product"}],"replies":[{"embeddable":true,"href":"https:\/\/veloop.se\/sv\/wp-json\/wp\/v2\/comments?post=68200"}],"version-history":[{"count":0,"href":"https:\/\/veloop.se\/sv\/wp-json\/wp\/v2\/product\/68200\/revisions"}],"wp:attachment":[{"href":"https:\/\/veloop.se\/sv\/wp-json\/wp\/v2\/media?parent=68200"}],"wp:term":[{"taxonomy":"product_brand","embeddable":true,"href":"https:\/\/veloop.se\/sv\/wp-json\/wp\/v2\/product_brand?post=68200"},{"taxonomy":"product_cat","embeddable":true,"href":"https:\/\/veloop.se\/sv\/wp-json\/wp\/v2\/product_cat?post=68200"},{"taxonomy":"product_tag","embeddable":true,"href":"https:\/\/veloop.se\/sv\/wp-json\/wp\/v2\/product_tag?post=68200"}],"curies":[{"name":"wp","href":"https:\/\/api.w.org\/{rel}","templated":true}]}}