{"id":67038,"date":"2025-08-13T21:53:38","date_gmt":"2025-08-13T21:53:38","guid":{"rendered":"https:\/\/veloop.se\/?post_type=product&#038;p=67038"},"modified":"2025-11-22T08:51:25","modified_gmt":"2025-11-22T08:51:25","slug":"frunk-bar-cube-strawberry-watermelon-bubblegum-12-ml","status":"publish","type":"product","link":"https:\/\/veloop.se\/sv\/produkt\/frunk-bar-cube-strawberry-watermelon-bubblegum-12-ml\/","title":{"rendered":"Frunk Bar Cube Strawberry Watermelon Bubblegum 12 ml"},"content":{"rendered":"<h1 data-start=\"392\" data-end=\"512\"><strong data-start=\"397\" data-end=\"512\">Frunk Bar Cube Strawberry Watermelon Bubblegum 12 ml \u2013 Nikotinfri Eng\u00e5ngsvape med Fruktig Godissmak | Veloop.se<\/strong><\/h1>\n<p data-start=\"514\" data-end=\"774\">Letar du efter en s\u00f6t och fruktig vape med en twist? <strong data-start=\"567\" data-end=\"623\">Frunk Bar Cube Strawberry Watermelon Bubblegum 12 ml<\/strong> bjuder p\u00e5 en lekfull smakresa d\u00e4r <strong data-start=\"658\" data-end=\"697\">jordgubb, vattenmelon och bubbelgum<\/strong> sm\u00e4lter samman till en nostalgisk, godisinspirerad vape \u2013 helt utan nikotin.<\/p>\n<p data-start=\"776\" data-end=\"927\">Med <strong data-start=\"780\" data-end=\"804\">upp till 4000 puffar<\/strong> och <strong data-start=\"809\" data-end=\"826\">12 ml e-juice<\/strong>, f\u00e5r du en l\u00e5ngvarig, f\u00e4rdig att anv\u00e4nda eng\u00e5ngsvape som passar lika bra till vardags som till fest.<\/p>\n<hr data-start=\"929\" data-end=\"932\" \/>\n<h2 data-start=\"934\" data-end=\"994\">\ud83d\udd39 <strong data-start=\"941\" data-end=\"994\">Nikotinfri Vape \u2013 Strawberry Watermelon Bubblegum<\/strong><\/h2>\n<p data-start=\"996\" data-end=\"1213\">Med <strong data-start=\"1000\" data-end=\"1015\">0 % nikotin<\/strong> f\u00e5r du en vape som fokuserar helt p\u00e5 smaken. <strong data-start=\"1061\" data-end=\"1096\">Strawberry Watermelon Bubblegum<\/strong> ger dig en kombination av s\u00f6tma och fruktighet, med en mjuk tuggummiton i bakgrunden \u2013 som att puffa p\u00e5 sommargodis!<\/p>\n<hr data-start=\"1215\" data-end=\"1218\" \/>\n<h2 data-start=\"1220\" data-end=\"1288\">\ud83d\udc64 <strong data-start=\"1227\" data-end=\"1288\">Vem passar Frunk Bar Strawberry Watermelon Bubblegum f\u00f6r?<\/strong><\/h2>\n<ul data-start=\"1290\" data-end=\"1545\">\n<li data-start=\"1290\" data-end=\"1350\">\n<p data-start=\"1292\" data-end=\"1350\">Du som <strong data-start=\"1299\" data-end=\"1348\">vill sluta med nikotin eller undvika det helt<\/strong><\/p>\n<\/li>\n<li data-start=\"1351\" data-end=\"1415\">\n<p data-start=\"1353\" data-end=\"1415\">Du som \u00e4lskar <strong data-start=\"1367\" data-end=\"1413\">s\u00f6ta, fruktiga och godisinspirerade smaker<\/strong><\/p>\n<\/li>\n<li data-start=\"1416\" data-end=\"1476\">\n<p data-start=\"1418\" data-end=\"1476\">Du som s\u00f6ker en <strong data-start=\"1434\" data-end=\"1474\">rolig, f\u00e4rgstark vape utan underh\u00e5ll<\/strong><\/p>\n<\/li>\n<li data-start=\"1477\" data-end=\"1545\">\n<p data-start=\"1479\" data-end=\"1545\">Du som vill ha en <strong data-start=\"1497\" data-end=\"1545\">eng\u00e5ngsvape med l\u00e5ng livsl\u00e4ngd och klar smak<\/strong><\/p>\n<\/li>\n<\/ul>\n<hr data-start=\"1547\" data-end=\"1550\" \/>\n<h2 data-start=\"1552\" data-end=\"1623\">\u2753 <strong data-start=\"1558\" data-end=\"1623\">Varf\u00f6r v\u00e4lja Frunk Bar Strawberry Watermelon Bubblegum 12 ml?<\/strong><\/h2>\n<ul data-start=\"1625\" data-end=\"1911\">\n<li data-start=\"1625\" data-end=\"1677\">\n<p data-start=\"1627\" data-end=\"1677\">\u2705 <strong data-start=\"1629\" data-end=\"1643\">Nikotinfri<\/strong> \u2013 Ingen p\u00e5verkan, bara ren smak<\/p>\n<\/li>\n<li data-start=\"1678\" data-end=\"1724\">\n<p data-start=\"1680\" data-end=\"1724\">\u2705 <strong data-start=\"1682\" data-end=\"1722\">12 ml e-juice \u2013 upp till 4000 puffar<\/strong><\/p>\n<\/li>\n<li data-start=\"1725\" data-end=\"1787\">\n<p data-start=\"1727\" data-end=\"1787\">\u2705 <strong data-start=\"1729\" data-end=\"1747\">Unik smakkombo<\/strong> \u2013 Jordgubb, vattenmelon och bubbelgum<\/p>\n<\/li>\n<li data-start=\"1788\" data-end=\"1858\">\n<p data-start=\"1790\" data-end=\"1858\">\u2705 <strong data-start=\"1792\" data-end=\"1821\">F\u00e4rdig att anv\u00e4nda direkt<\/strong> \u2013 Ingen laddning, ingen p\u00e5fyllning<\/p>\n<\/li>\n<li data-start=\"1859\" data-end=\"1911\">\n<p data-start=\"1861\" data-end=\"1911\">\u2705 <strong data-start=\"1863\" data-end=\"1880\">Modern design<\/strong> \u2013 Smidig att ta med \u00f6verallt<\/p>\n<\/li>\n<\/ul>\n<p data-start=\"1913\" data-end=\"2093\">Det h\u00e4r \u00e4r en <strong data-start=\"1927\" data-end=\"1950\">smak som sticker ut<\/strong> \u2013 en perfekt mix av fruktig fr\u00e4sch\u00f6r och nostalgisk s\u00f6tma. En vape som ger k\u00e4nslan av sommar, tivoli och barndom \u2013 utan nikotin, utan kr\u00e5ngel.<\/p>\n<hr data-start=\"2095\" data-end=\"2098\" \/>\n<h2 data-start=\"2100\" data-end=\"2152\">\ud83d\udd39 <strong data-start=\"2107\" data-end=\"2152\">Frunk Bar \u2013 Prova fler smaker fr\u00e5n serien<\/strong><\/h2>\n<p data-start=\"2154\" data-end=\"2219\">Vill du testa fler? Utforska andra popul\u00e4ra smaker i samma serie:<\/p>\n<ul data-start=\"2221\" data-end=\"2450\">\n<li data-start=\"2221\" data-end=\"2273\">\n<p data-start=\"2223\" data-end=\"2273\"><strong data-start=\"2223\" data-end=\"2244\">Frozen Strawberry<\/strong> \u2013 Jordgubb med kylig twist<\/p>\n<\/li>\n<li data-start=\"2274\" data-end=\"2316\">\n<p data-start=\"2276\" data-end=\"2316\"><strong data-start=\"2276\" data-end=\"2292\">Cotton Candy<\/strong> \u2013 Klassisk sockervadd<\/p>\n<\/li>\n<li data-start=\"2317\" data-end=\"2356\">\n<p data-start=\"2319\" data-end=\"2356\"><strong data-start=\"2319\" data-end=\"2333\">Fizzy Cola<\/strong> \u2013 Bubblig l\u00e4skk\u00e4nsla<\/p>\n<\/li>\n<li data-start=\"2357\" data-end=\"2399\">\n<p data-start=\"2359\" data-end=\"2399\"><strong data-start=\"2359\" data-end=\"2375\">Peach on Ice<\/strong> \u2013 Persika med menthol<\/p>\n<\/li>\n<li data-start=\"2400\" data-end=\"2450\">\n<p data-start=\"2402\" data-end=\"2450\"><strong data-start=\"2402\" data-end=\"2422\">Blueberry Fusion<\/strong> \u2013 Bl\u00e5b\u00e4r med fruktig finish<\/p>\n<\/li>\n<\/ul>\n<hr data-start=\"2452\" data-end=\"2455\" \/>\n<p data-start=\"2457\" data-end=\"2559\">\ud83d\uded2 <strong data-start=\"2460\" data-end=\"2506\">K\u00f6p nikotinfria eng\u00e5ngsvapes hos Veloop.se<\/strong> \u2013 stort urval, h\u00f6g kvalitet och frihet fr\u00e5n nikotin.<\/p>\n<p data-start=\"2561\" data-end=\"2685\">\ud83d\udc49 <strong data-start=\"2564\" data-end=\"2602\">Se hela Frunk Bar-sortimentet h\u00e4r:<\/strong><br data-start=\"2602\" data-end=\"2605\" \/>\ud83d\udd17 <a class=\"\" href=\"https:\/\/veloop.se\/sv\/produkt-kategori\/frunk-bar\/\" target=\"_new\" rel=\"noopener\" data-start=\"2608\" data-end=\"2685\">Veloop.se \u2013 Frunk Bar-serien<\/a><\/p>","protected":false},"excerpt":{"rendered":"<h1 data-start=\"392\" data-end=\"512\"><strong data-start=\"397\" data-end=\"512\">Frunk Bar Cube Strawberry Watermelon Bubblegum 12 ml \u2013 Nikotinfri Eng\u00e5ngsvape med Fruktig Godissmak<\/strong><\/h1>\n<h1 data-start=\"3423\" data-end=\"3492\"><img decoding=\"async\" class=\"wp-image-63611 alignleft\" src=\"https:\/\/veloop.se\/wp-content\/uploads\/2025\/07\/Frunk-Logo-Horizontal-400x142.webp\" alt=\"\" width=\"152\" height=\"54\" srcset=\"https:\/\/veloop.se\/wp-content\/uploads\/2025\/07\/Frunk-Logo-Horizontal-400x142.webp 400w, https:\/\/veloop.se\/wp-content\/uploads\/2025\/07\/Frunk-Logo-Horizontal-768x272.webp 768w, https:\/\/veloop.se\/wp-content\/uploads\/2025\/07\/Frunk-Logo-Horizontal-1300x461.webp 1300w, https:\/\/veloop.se\/wp-content\/uploads\/2025\/07\/Frunk-Logo-Horizontal-1536x545.webp 1536w, https:\/\/veloop.se\/wp-content\/uploads\/2025\/07\/Frunk-Logo-Horizontal-2048x726.webp 2048w, https:\/\/veloop.se\/wp-content\/uploads\/2025\/07\/Frunk-Logo-Horizontal-18x6.webp 18w, https:\/\/veloop.se\/wp-content\/uploads\/2025\/07\/Frunk-Logo-Horizontal-700x248.webp 700w\" sizes=\"(max-width: 152px) 100vw, 152px\" \/><\/h1>\n<p data-start=\"2768\" data-end=\"2955\"><strong data-start=\"2768\" data-end=\"2955\">Frunk Bar Cube Strawberry Watermelon Bubblegum 12 ml \u2013 Nikotinfri eng\u00e5ngsvape med smak av jordgubb, vattenmelon och bubbelgum. Upp till 4000 puffar. S\u00f6t, fruktig och klar att anv\u00e4nda.<\/strong><\/p>\n<p data-start=\"2957\" data-end=\"3042\">\ud83d\uded2 <strong data-start=\"2960\" data-end=\"3042\">K\u00f6p hos <a class=\"\" href=\"https:\/\/veloop.se\/sv\/produkt-kategori\/frunk-bar\/\" target=\"_new\" rel=\"noopener\" data-start=\"2970\" data-end=\"3040\">Veloop.se \u2013 Frunk Bar<\/a><\/strong><\/p>","protected":false},"featured_media":66942,"comment_status":"open","ping_status":"closed","template":"","meta":[],"product_brand":[333],"product_cat":[42,156,157,432],"product_tag":[],"class_list":{"0":"post-67038","1":"product","2":"type-product","3":"status-publish","4":"has-post-thumbnail","6":"product_brand-frunk-bar","7":"product_cat-e-cigg","8":"product_cat-engangs-vape","9":"product_cat-frunk-bar","10":"product_cat-nikotinfria-vape","12":"first","13":"instock","14":"taxable","15":"shipping-taxable","16":"purchasable","17":"product-type-variable"},"_links":{"self":[{"href":"https:\/\/veloop.se\/sv\/wp-json\/wp\/v2\/product\/67038","targetHints":{"allow":["GET"]}}],"collection":[{"href":"https:\/\/veloop.se\/sv\/wp-json\/wp\/v2\/product"}],"about":[{"href":"https:\/\/veloop.se\/sv\/wp-json\/wp\/v2\/types\/product"}],"replies":[{"embeddable":true,"href":"https:\/\/veloop.se\/sv\/wp-json\/wp\/v2\/comments?post=67038"}],"version-history":[{"count":0,"href":"https:\/\/veloop.se\/sv\/wp-json\/wp\/v2\/product\/67038\/revisions"}],"wp:featuredmedia":[{"embeddable":true,"href":"https:\/\/veloop.se\/sv\/wp-json\/wp\/v2\/media\/66942"}],"wp:attachment":[{"href":"https:\/\/veloop.se\/sv\/wp-json\/wp\/v2\/media?parent=67038"}],"wp:term":[{"taxonomy":"product_brand","embeddable":true,"href":"https:\/\/veloop.se\/sv\/wp-json\/wp\/v2\/product_brand?post=67038"},{"taxonomy":"product_cat","embeddable":true,"href":"https:\/\/veloop.se\/sv\/wp-json\/wp\/v2\/product_cat?post=67038"},{"taxonomy":"product_tag","embeddable":true,"href":"https:\/\/veloop.se\/sv\/wp-json\/wp\/v2\/product_tag?post=67038"}],"curies":[{"name":"wp","href":"https:\/\/api.w.org\/{rel}","templated":true}]}}