{"id":66931,"date":"2025-08-03T20:34:08","date_gmt":"2025-08-03T20:34:08","guid":{"rendered":"https:\/\/veloop.se\/?post_type=product&#038;p=66931"},"modified":"2025-11-22T08:52:26","modified_gmt":"2025-11-22T08:52:26","slug":"frunk-bar-blackcurrant-menthol-12-ml","status":"publish","type":"product","link":"https:\/\/veloop.se\/sv\/produkt\/frunk-bar-blackcurrant-menthol-12-ml\/","title":{"rendered":"Frunk Bar Blackcurrant Menthol 12 ml"},"content":{"rendered":"<h1 data-start=\"326\" data-end=\"413\"><strong data-start=\"330\" data-end=\"413\">Frunk Bar Blackcurrant Menthol 12 ml<\/strong><\/h1>\n<h2 data-start=\"326\" data-end=\"413\"><strong data-start=\"330\" data-end=\"413\">Frunk Bar Blackcurrant 12 ml \u2013 Nikotinfri Eng\u00e5ngsvape med Djup Svartvinb\u00e4rssmak<\/strong><\/h2>\n<p data-start=\"415\" data-end=\"781\">Upplev kraftfull smak utan nikotin med <strong data-start=\"454\" data-end=\"486\">Frunk Bar Blackcurrant Menthol 12 ml<\/strong> \u2013 en premium <strong data-start=\"500\" data-end=\"526\">nikotinfri eng\u00e5ngsvape<\/strong> f\u00f6r dig som s\u00f6ker en ren och fyllig vapingupplevelse utan beroendeframkallande \u00e4mnen. Denna <strong data-start=\"619\" data-end=\"640\">long-lasting vape<\/strong> \u00e4r laddad med hela 12 ml e-juice med smak av saftiga svartvinb\u00e4r, vilket ger tusentals intensiva puffar och en autentisk fruktig smakprofil.<\/p>\n<h3 data-start=\"783\" data-end=\"827\"><strong data-start=\"787\" data-end=\"827\">Varf\u00f6r v\u00e4lja Frunk Bar Blackcurrant Menthol?<\/strong><\/h3>\n<ul data-start=\"829\" data-end=\"1946\">\n<li data-start=\"829\" data-end=\"1112\">\n<p data-start=\"831\" data-end=\"1112\"><strong data-start=\"831\" data-end=\"881\">Nikotinfri vape \u2013 B\u00e4ttre f\u00f6r dig, renare smak:<\/strong><br data-start=\"881\" data-end=\"884\" \/>Helt fri fr\u00e5n nikotin \u2013 idealisk f\u00f6r dig som vill minska eller sluta med nikotin, eller bara njuta av smak utan p\u00e5verkan p\u00e5 kroppen. Nikotinfria e-juicer oxiderar inte lika snabbt vilket ger en tydligare, mer of\u00f6rfalskad smak.<\/p>\n<\/li>\n<li data-start=\"1114\" data-end=\"1333\">\n<p data-start=\"1116\" data-end=\"1333\"><strong data-start=\"1116\" data-end=\"1157\">12 ml e-juice \u2013 Upp till 4000 puffar:<\/strong><br data-start=\"1157\" data-end=\"1160\" \/>Med <strong data-start=\"1166\" data-end=\"1184\">12 ml e-v\u00e4tska<\/strong> erbjuder Frunk Bar Blackcurrant upp till fyra g\u00e5nger fler puffar \u00e4n standard eng\u00e5ngsvapes. Perfekt f\u00f6r l\u00e4ngre anv\u00e4ndning utan att beh\u00f6va byta enhet.<\/p>\n<\/li>\n<li data-start=\"1335\" data-end=\"1522\">\n<p data-start=\"1337\" data-end=\"1522\"><strong data-start=\"1337\" data-end=\"1384\">Fyllig svartvinb\u00e4rssmak \u2013 Djup och fruktig:<\/strong><br data-start=\"1384\" data-end=\"1387\" \/>Smaken av <strong data-start=\"1399\" data-end=\"1415\">Blackcurrant<\/strong> \u00e4r rik, s\u00f6t och l\u00e4tt syrlig \u2013 en perfekt balans som ger varje drag en kraftfull och uppfriskande karakt\u00e4r.<\/p>\n<\/li>\n<li data-start=\"1524\" data-end=\"1742\">\n<p data-start=\"1526\" data-end=\"1742\"><strong data-start=\"1526\" data-end=\"1575\">Diskret och smidig design \u2013 Vaping on the go:<\/strong><br data-start=\"1575\" data-end=\"1578\" \/>Den kompakta, eleganta designen g\u00f6r Frunk Bar l\u00e4tt att ta med i fickan, v\u00e4skan eller handen. Enkelt att anv\u00e4nda \u2013 ingen laddning, ingen p\u00e5fyllning, bara njutning.<\/p>\n<\/li>\n<li data-start=\"1744\" data-end=\"1946\">\n<p data-start=\"1746\" data-end=\"1946\"><strong data-start=\"1746\" data-end=\"1795\">F\u00f6r alla anv\u00e4ndare \u2013 Enkel och underh\u00e5llsfri:<\/strong><br data-start=\"1795\" data-end=\"1798\" \/>Inga knappar, inga inst\u00e4llningar \u2013 bara puffa! Perfekt f\u00f6r b\u00e5de nyb\u00f6rjare och erfarna vapeanv\u00e4ndare som vill ha en problemfri, nikotinfri l\u00f6sning.<\/p>\n<\/li>\n<\/ul>\n<hr data-start=\"1948\" data-end=\"1951\" \/>\n<h3 data-start=\"1953\" data-end=\"2003\"><strong data-start=\"1957\" data-end=\"2003\">F\u00f6rdelar med Frunk Bar Blackcurrant Menthol 12 ml:<\/strong><\/h3>\n<ul data-start=\"2004\" data-end=\"2256\">\n<li data-start=\"2004\" data-end=\"2052\">\n<p data-start=\"2006\" data-end=\"2052\">\u2705 <strong data-start=\"2008\" data-end=\"2022\">Nikotinfri<\/strong> \u2013 Inget beroende, bara smak<\/p>\n<\/li>\n<li data-start=\"2053\" data-end=\"2099\">\n<p data-start=\"2055\" data-end=\"2099\">\u2705 <strong data-start=\"2057\" data-end=\"2074\">12 ml e-juice<\/strong> \u2013 Upp till 4000 puffar<\/p>\n<\/li>\n<li data-start=\"2100\" data-end=\"2147\">\n<p data-start=\"2102\" data-end=\"2147\">\u2705 <strong data-start=\"2104\" data-end=\"2124\">Svartvinb\u00e4rssmak<\/strong> \u2013 Fruktig och fyllig<\/p>\n<\/li>\n<li data-start=\"2148\" data-end=\"2189\">\n<p data-start=\"2150\" data-end=\"2189\">\u2705 <strong data-start=\"2152\" data-end=\"2170\">Diskret format<\/strong> \u2013 Enkel att b\u00e4ra<\/p>\n<\/li>\n<li data-start=\"2190\" data-end=\"2256\">\n<p data-start=\"2192\" data-end=\"2256\">\u2705 <strong data-start=\"2194\" data-end=\"2222\">Klar att anv\u00e4ndas direkt<\/strong> \u2013 Eng\u00e5ngsvape, inga inst\u00e4llningar<\/p>\n<\/li>\n<\/ul>\n<hr data-start=\"2258\" data-end=\"2261\" \/>\n<h3 data-start=\"2263\" data-end=\"2304\"><strong data-start=\"2267\" data-end=\"2304\">Passar perfekt f\u00f6r dig som s\u00f6ker:<\/strong><\/h3>\n<ul data-start=\"2305\" data-end=\"2516\">\n<li data-start=\"2305\" data-end=\"2344\">\n<p data-start=\"2307\" data-end=\"2344\">Nikotinfri vape med l\u00e5ng h\u00e5llbarhet<\/p>\n<\/li>\n<li data-start=\"2345\" data-end=\"2394\">\n<p data-start=\"2347\" data-end=\"2394\">En eng\u00e5ngsvape med autentisk svartvinb\u00e4rssmak<\/p>\n<\/li>\n<li data-start=\"2395\" data-end=\"2466\">\n<p data-start=\"2397\" data-end=\"2466\">Ett alternativ till traditionella cigaretter eller nikotinprodukter<\/p>\n<\/li>\n<li data-start=\"2467\" data-end=\"2516\">\n<p data-start=\"2469\" data-end=\"2516\">En smidig l\u00f6sning utan laddning eller underh\u00e5ll<\/p>\n<\/li>\n<\/ul>\n<hr data-start=\"2518\" data-end=\"2521\" \/>\n<h3 data-start=\"2523\" data-end=\"2576\"><strong data-start=\"2527\" data-end=\"2576\">K\u00f6p Frunk Bar Blackcurrant Menthol 12 ml p\u00e5 Veloop.se<\/strong><\/h3>\n<p data-start=\"2577\" data-end=\"2807\">Hos <strong data-start=\"2581\" data-end=\"2594\">Veloop.se<\/strong> hittar du de senaste nikotinfria eng\u00e5ngsvapes med stort fokus p\u00e5 smak, kvalitet och h\u00e5llbarhet. Best\u00e4ll din <strong data-start=\"2703\" data-end=\"2729\">Frunk Bar Blackcurrant<\/strong> idag och njut av en nikotinfri vape med fyllig smak och l\u00e5ngvarig anv\u00e4ndning!<\/p>\n<hr data-start=\"1577\" data-end=\"1580\" \/>\n<h2 data-start=\"270\" data-end=\"327\">\ud83c\udf08 <strong data-start=\"277\" data-end=\"325\">Tillg\u00e4ngliga smaker i Frunk Bar Nikotinfria-serien:<\/strong><\/h2>\n<ul data-start=\"328\" data-end=\"3180\">\n<li data-start=\"328\" data-end=\"384\">\n<p data-start=\"330\" data-end=\"384\"><strong data-start=\"330\" data-end=\"354\">Frunk Bar Apple Pear<\/strong> \u2013 Fruktigt med s\u00f6t \u00e4ppelton<\/p>\n<\/li>\n<li data-start=\"385\" data-end=\"436\">\n<p data-start=\"387\" data-end=\"436\"><strong data-start=\"387\" data-end=\"410\">Frunk Bar Banan Ice<\/strong> \u2013 Kr\u00e4mig banan med kyla<\/p>\n<\/li>\n<li data-start=\"437\" data-end=\"504\">\n<p data-start=\"439\" data-end=\"504\"><strong data-start=\"439\" data-end=\"471\">Frunk Bar Berry Cotton Candy<\/strong> \u2013 B\u00e4rmix med sockervadds-touch<\/p>\n<\/li>\n<li data-start=\"505\" data-end=\"559\">\n<p data-start=\"507\" data-end=\"559\"><strong data-start=\"507\" data-end=\"535\">Frunk Bar Berry Lemonade<\/strong> \u2013 Sura b\u00e4r och citron<\/p>\n<\/li>\n<li data-start=\"560\" data-end=\"615\">\n<p data-start=\"562\" data-end=\"615\"><strong data-start=\"562\" data-end=\"587\">Frunk Bar Berry Mixer<\/strong> \u2013 Blandade b\u00e4r med balans<\/p>\n<\/li>\n<li data-start=\"616\" data-end=\"679\">\n<p data-start=\"618\" data-end=\"679\"><strong data-start=\"618\" data-end=\"652\">Frunk Bar Blackcurrant Menthol<\/strong> \u2013 Svarta vinb\u00e4r &amp; mentol<\/p>\n<\/li>\n<li data-start=\"680\" data-end=\"727\">\n<p data-start=\"682\" data-end=\"727\"><strong data-start=\"682\" data-end=\"705\">Frunk Bar Blue Razz<\/strong> \u2013 Syrlig bl\u00e5 hallon<\/p>\n<\/li>\n<li data-start=\"728\" data-end=\"785\">\n<p data-start=\"730\" data-end=\"785\"><strong data-start=\"730\" data-end=\"760\">Frunk Bar Blue Razz Cherry<\/strong> \u2013 Hallon m\u00f6ter k\u00f6rsb\u00e4r<\/p>\n<\/li>\n<li data-start=\"786\" data-end=\"850\">\n<p data-start=\"788\" data-end=\"850\"><strong data-start=\"788\" data-end=\"820\">Frunk Bar Blue Razz Lemonade<\/strong> \u2013 Frisk citrus &amp; bl\u00e5 hallon<\/p>\n<\/li>\n<li data-start=\"851\" data-end=\"910\">\n<p data-start=\"853\" data-end=\"910\"><strong data-start=\"853\" data-end=\"886\">Frunk Bar Blueberry Bubblegum<\/strong> \u2013 Bl\u00e5b\u00e4r och tuggummi<\/p>\n<\/li>\n<li data-start=\"911\" data-end=\"975\">\n<p data-start=\"913\" data-end=\"975\"><strong data-start=\"913\" data-end=\"953\">Frunk Bar Blueberry Cherry Cranberry<\/strong> \u2013 B\u00e4rtrio i harmoni<\/p>\n<\/li>\n<li data-start=\"976\" data-end=\"1038\">\n<p data-start=\"978\" data-end=\"1038\"><strong data-start=\"978\" data-end=\"1009\">Frunk Bar Blueberry Fussion<\/strong> \u2013 Bl\u00e5b\u00e4r med fruktig twist<\/p>\n<\/li>\n<li data-start=\"1039\" data-end=\"1103\">\n<p data-start=\"1041\" data-end=\"1103\"><strong data-start=\"1041\" data-end=\"1074\">Frunk Bar Blueberry Peach Ice<\/strong> \u2013 Bl\u00e5b\u00e4r, persika och kyla<\/p>\n<\/li>\n<li data-start=\"1104\" data-end=\"1169\">\n<p data-start=\"1106\" data-end=\"1169\"><strong data-start=\"1106\" data-end=\"1141\">Frunk Bar Blueberry Pomegranate<\/strong> \u2013 S\u00f6t-syrlig b\u00e4rblandning<\/p>\n<\/li>\n<li data-start=\"1170\" data-end=\"1216\">\n<p data-start=\"1172\" data-end=\"1216\"><strong data-start=\"1172\" data-end=\"1197\">Frunk Bar Candy Banan<\/strong> \u2013 S\u00f6t banangodis<\/p>\n<\/li>\n<li data-start=\"1217\" data-end=\"1264\">\n<p data-start=\"1219\" data-end=\"1264\"><strong data-start=\"1219\" data-end=\"1247\">Frunk Bar Cherry on Cola<\/strong> \u2013 K\u00f6rsb\u00e4rskola<\/p>\n<\/li>\n<li data-start=\"1265\" data-end=\"1330\">\n<p data-start=\"1267\" data-end=\"1330\"><strong data-start=\"1267\" data-end=\"1302\">Frunk Bar Cherry Sour Raspberry<\/strong> \u2013 Syrlig k\u00f6rsb\u00e4r &amp; hallon<\/p>\n<\/li>\n<li data-start=\"1331\" data-end=\"1383\">\n<p data-start=\"1333\" data-end=\"1383\"><strong data-start=\"1333\" data-end=\"1359\">Frunk Bar Cotton Candy<\/strong> \u2013 Klassisk sockervadd<\/p>\n<\/li>\n<li data-start=\"1384\" data-end=\"1435\">\n<p data-start=\"1386\" data-end=\"1435\"><strong data-start=\"1386\" data-end=\"1413\">Frunk Bar Crushed Candy<\/strong> \u2013 Fruktig godissmak<\/p>\n<\/li>\n<li data-start=\"1436\" data-end=\"1488\">\n<p data-start=\"1438\" data-end=\"1488\"><strong data-start=\"1438\" data-end=\"1465\">Frunk Bar Double Bubble<\/strong> \u2013 Klassisk bubbelgum<\/p>\n<\/li>\n<li data-start=\"1489\" data-end=\"1533\">\n<p data-start=\"1491\" data-end=\"1533\"><strong data-start=\"1491\" data-end=\"1515\">Frunk Bar Fizzy Cola<\/strong> \u2013 Kolsyrad cola<\/p>\n<\/li>\n<li data-start=\"1534\" data-end=\"1582\">\n<p data-start=\"1536\" data-end=\"1582\"><strong data-start=\"1536\" data-end=\"1562\">Frunk Bar Frozen Grape<\/strong> \u2013 Iskall vindruva<\/p>\n<\/li>\n<li data-start=\"1583\" data-end=\"1636\">\n<p data-start=\"1585\" data-end=\"1636\"><strong data-start=\"1585\" data-end=\"1616\">Frunk Bar Frozen Strawberry<\/strong> \u2013 Frusen jordgubb<\/p>\n<\/li>\n<li data-start=\"1637\" data-end=\"1692\">\n<p data-start=\"1639\" data-end=\"1692\"><strong data-start=\"1639\" data-end=\"1664\">Frunk Bar Grape Berry<\/strong> \u2013 Druvor och blandade b\u00e4r<\/p>\n<\/li>\n<li data-start=\"1693\" data-end=\"1739\">\n<p data-start=\"1695\" data-end=\"1739\"><strong data-start=\"1695\" data-end=\"1719\">Frunk Bar Iced Mango<\/strong> \u2013 Kyld, s\u00f6t mango<\/p>\n<\/li>\n<li data-start=\"1740\" data-end=\"1801\">\n<p data-start=\"1742\" data-end=\"1801\"><strong data-start=\"1742\" data-end=\"1774\">Frunk Bar Kiwi Passion Guava<\/strong> \u2013 Exotisk och syrlig mix<\/p>\n<\/li>\n<li data-start=\"1802\" data-end=\"1848\">\n<p data-start=\"1804\" data-end=\"1848\"><strong data-start=\"1804\" data-end=\"1828\">Frunk Bar Lemon Lime<\/strong> \u2013 Frisk citrusduo<\/p>\n<\/li>\n<li data-start=\"1849\" data-end=\"1898\">\n<p data-start=\"1851\" data-end=\"1898\"><strong data-start=\"1851\" data-end=\"1873\">Frunk Bar Liqurice<\/strong> \u2013 Klassisk lakritssmak<\/p>\n<\/li>\n<li data-start=\"1899\" data-end=\"1953\">\n<p data-start=\"1901\" data-end=\"1953\"><strong data-start=\"1901\" data-end=\"1929\">Frunk Bar Menthol Mojito<\/strong> \u2013 Mintig limecocktail<\/p>\n<\/li>\n<li data-start=\"1954\" data-end=\"1996\">\n<p data-start=\"1956\" data-end=\"1996\"><strong data-start=\"1956\" data-end=\"1980\">Frunk Bar Mint Mania<\/strong> \u2013 Iskall mint<\/p>\n<\/li>\n<li data-start=\"1997\" data-end=\"2050\">\n<p data-start=\"1999\" data-end=\"2050\"><strong data-start=\"1999\" data-end=\"2025\">Frunk Bar Peach on Ice<\/strong> \u2013 S\u00f6t persika med kyla<\/p>\n<\/li>\n<li data-start=\"2051\" data-end=\"2114\">\n<p data-start=\"2053\" data-end=\"2114\"><strong data-start=\"2053\" data-end=\"2085\">Frunk Bar Pineapple Lemonade<\/strong> \u2013 Ananas och syrlig citron<\/p>\n<\/li>\n<li data-start=\"2115\" data-end=\"2173\">\n<p data-start=\"2117\" data-end=\"2173\"><strong data-start=\"2117\" data-end=\"2152\">Frunk Bar Pineapple Peach Mango<\/strong> \u2013 Tropisk fruktmix<\/p>\n<\/li>\n<li data-start=\"2174\" data-end=\"2231\">\n<p data-start=\"2176\" data-end=\"2231\"><strong data-start=\"2176\" data-end=\"2203\">Frunk Bar Pink Lemonade<\/strong> \u2013 S\u00f6t-syrlig rosa lemonad<\/p>\n<\/li>\n<li data-start=\"2232\" data-end=\"2290\">\n<p data-start=\"2234\" data-end=\"2290\"><strong data-start=\"2234\" data-end=\"2263\">Frunk Bar Raging Bull NRG<\/strong> \u2013 Energidrycksinspirerad<\/p>\n<\/li>\n<li data-start=\"2291\" data-end=\"2343\">\n<p data-start=\"2293\" data-end=\"2343\"><strong data-start=\"2293\" data-end=\"2321\">Frunk Bar Sour Blue Razz<\/strong> \u2013 Syrligt bl\u00e5hallon<\/p>\n<\/li>\n<li data-start=\"2344\" data-end=\"2395\">\n<p data-start=\"2346\" data-end=\"2395\"><strong data-start=\"2346\" data-end=\"2376\">Frunk Bar Sour Blueberries<\/strong> \u2013 Syrliga bl\u00e5b\u00e4r<\/p>\n<\/li>\n<li data-start=\"2396\" data-end=\"2464\">\n<p data-start=\"2398\" data-end=\"2464\"><strong data-start=\"2398\" data-end=\"2432\">Frunk Bar Sour Watermelon Kiwi<\/strong> \u2013 Vattenmelon &amp; kiwi med syra<\/p>\n<\/li>\n<li data-start=\"2465\" data-end=\"2531\">\n<p data-start=\"2467\" data-end=\"2531\"><strong data-start=\"2467\" data-end=\"2501\">Frunk Bar Strawberry Bubblegum<\/strong> \u2013 Jordgubb och s\u00f6t tuggummi<\/p>\n<\/li>\n<li data-start=\"2532\" data-end=\"2594\">\n<p data-start=\"2534\" data-end=\"2594\"><strong data-start=\"2534\" data-end=\"2568\">Frunk Bar Strawberry Ice Cream<\/strong> \u2013 Kr\u00e4mig jordgubbsglass<\/p>\n<\/li>\n<li data-start=\"2595\" data-end=\"2650\">\n<p data-start=\"2597\" data-end=\"2650\"><strong data-start=\"2597\" data-end=\"2626\">Frunk Bar Strawberry Kiwi<\/strong> \u2013 Jordgubb m\u00f6ter kiwi<\/p>\n<\/li>\n<li data-start=\"2651\" data-end=\"2705\">\n<p data-start=\"2653\" data-end=\"2705\"><strong data-start=\"2653\" data-end=\"2682\">Frunk Bar Strawberry Nana<\/strong> \u2013 Jordgubb och banan<\/p>\n<\/li>\n<li data-start=\"2706\" data-end=\"2762\">\n<p data-start=\"2708\" data-end=\"2762\"><strong data-start=\"2708\" data-end=\"2742\">Frunk Bar Strawberry Raspberry<\/strong> \u2013 Klassisk b\u00e4rduo<\/p>\n<\/li>\n<li data-start=\"2763\" data-end=\"2826\">\n<p data-start=\"2765\" data-end=\"2826\"><strong data-start=\"2765\" data-end=\"2806\">Frunk Bar Strawberry Raspberry Cherry<\/strong> \u2013 Trippel b\u00e4rsmak<\/p>\n<\/li>\n<li data-start=\"2827\" data-end=\"2905\">\n<p data-start=\"2829\" data-end=\"2905\"><strong data-start=\"2829\" data-end=\"2874\">Frunk Bar Strawberry Watermelon Bubblegum<\/strong> \u2013 Jordgubb, melon &amp; tuggummi<\/p>\n<\/li>\n<li data-start=\"2906\" data-end=\"2957\">\n<p data-start=\"2908\" data-end=\"2957\"><strong data-start=\"2908\" data-end=\"2934\">Frunk Bar Triple Mango<\/strong> \u2013 Extra mycket mango<\/p>\n<\/li>\n<li data-start=\"2958\" data-end=\"3014\">\n<p data-start=\"2960\" data-end=\"3014\"><strong data-start=\"2960\" data-end=\"2988\">Frunk Bar Tropical Fruit<\/strong> \u2013 Tropisk fruktcocktail<\/p>\n<\/li>\n<li data-start=\"3015\" data-end=\"3072\">\n<p data-start=\"3017\" data-end=\"3072\"><strong data-start=\"3017\" data-end=\"3044\">Frunk Bar Twisted Apple<\/strong> \u2013 Syrligt \u00e4pple med twist<\/p>\n<\/li>\n<li data-start=\"3073\" data-end=\"3129\">\n<p data-start=\"3075\" data-end=\"3129\"><strong data-start=\"3075\" data-end=\"3106\">Frunk Bar Watermelon Splash<\/strong> \u2013 Saftig vattenmelon<\/p>\n<\/li>\n<li data-start=\"3130\" data-end=\"3180\">\n<p data-start=\"3132\" data-end=\"3180\"><strong data-start=\"3132\" data-end=\"3157\">Frunk Bar Yummi Gummi<\/strong> \u2013 Fruktigt godisskum<\/p>\n<\/li>\n<\/ul>\n<p>\ud83d\udd17 <a class=\"\" href=\"https:\/\/veloop.se\/sv\/?s=frunk+bar&amp;post_type=product\" target=\"_new\" rel=\"noopener\" data-start=\"2446\" data-end=\"2541\">Se fler Frunk Bar-smaker hos Snus-Malm\u00f6<\/a><br data-start=\"2541\" data-end=\"2544\" \/>\ud83d\uded2 <strong data-start=\"2547\" data-end=\"2636\">K\u00f6p Frunk Bar\u00a0<\/strong><strong data-start=\"2527\" data-end=\"2576\">Blackcurrant <\/strong><strong data-start=\"2547\" data-end=\"2636\">10-pack hos Veloop.se \u2013 fruktig smak i smidig eng\u00e5ngsformat!<\/strong><\/p>","protected":false},"excerpt":{"rendered":"<h1 data-start=\"203\" data-end=\"268\"><strong data-start=\"207\" data-end=\"268\">Frunk Bar Blackcurrant Menthol 12 ml<\/strong><\/h1>\n<h1 data-start=\"3423\" data-end=\"3492\"><img decoding=\"async\" class=\"wp-image-63611 alignleft\" src=\"https:\/\/veloop.se\/wp-content\/uploads\/2025\/07\/Frunk-Logo-Horizontal-400x142.webp\" alt=\"\" width=\"152\" height=\"54\" srcset=\"https:\/\/veloop.se\/wp-content\/uploads\/2025\/07\/Frunk-Logo-Horizontal-400x142.webp 400w, https:\/\/veloop.se\/wp-content\/uploads\/2025\/07\/Frunk-Logo-Horizontal-768x272.webp 768w, https:\/\/veloop.se\/wp-content\/uploads\/2025\/07\/Frunk-Logo-Horizontal-1300x461.webp 1300w, https:\/\/veloop.se\/wp-content\/uploads\/2025\/07\/Frunk-Logo-Horizontal-1536x545.webp 1536w, https:\/\/veloop.se\/wp-content\/uploads\/2025\/07\/Frunk-Logo-Horizontal-2048x726.webp 2048w, https:\/\/veloop.se\/wp-content\/uploads\/2025\/07\/Frunk-Logo-Horizontal-18x6.webp 18w, https:\/\/veloop.se\/wp-content\/uploads\/2025\/07\/Frunk-Logo-Horizontal-700x248.webp 700w\" sizes=\"(max-width: 152px) 100vw, 152px\" \/><\/h1>\n<h2 data-start=\"203\" data-end=\"268\"><strong data-start=\"207\" data-end=\"268\">Frunk Bar Blackcurrant Menthol 12 ml | Eng\u00e5ngs Vape 0mg | 10-pack<\/strong><\/h2>\n<h3 data-start=\"203\" data-end=\"268\"><strong data-start=\"207\" data-end=\"268\">Frunk Bar Blackcurrant<\/strong><strong data-start=\"270\" data-end=\"322\"> Menthol \u2013 10-pack Eng\u00e5ngs Vape<\/strong><\/h3>\n<p data-start=\"324\" data-end=\"628\"><strong data-start=\"2863\" data-end=\"2895\">Frunk Bar Blackcurrant 12 ml<\/strong> \u00e4r en kraftfull <strong data-start=\"2912\" data-end=\"2938\">nikotinfri eng\u00e5ngsvape<\/strong> med upp till 4000 puffar och en intensiv smak av svartvinb\u00e4r. Med 12 ml e-juice erbjuder den l\u00e5ngvarig njutning och en fruktig, s\u00f6t-syrlig upplevelse \u2013 helt utan nikotin. Perfekt f\u00f6r dig som vill ha en diskret, smidig och beroendefri vapingl\u00f6sning. Finns nu p\u00e5 <strong data-start=\"3200\" data-end=\"3213\">Veloop.se<\/strong>.<\/p>","protected":false},"featured_media":66969,"comment_status":"open","ping_status":"closed","template":"","meta":[],"product_brand":[333],"product_cat":[42,156,157,432],"product_tag":[],"class_list":{"0":"post-66931","1":"product","2":"type-product","3":"status-publish","4":"has-post-thumbnail","6":"product_brand-frunk-bar","7":"product_cat-e-cigg","8":"product_cat-engangs-vape","9":"product_cat-frunk-bar","10":"product_cat-nikotinfria-vape","12":"first","13":"instock","14":"taxable","15":"shipping-taxable","16":"purchasable","17":"product-type-variable"},"_links":{"self":[{"href":"https:\/\/veloop.se\/sv\/wp-json\/wp\/v2\/product\/66931","targetHints":{"allow":["GET"]}}],"collection":[{"href":"https:\/\/veloop.se\/sv\/wp-json\/wp\/v2\/product"}],"about":[{"href":"https:\/\/veloop.se\/sv\/wp-json\/wp\/v2\/types\/product"}],"replies":[{"embeddable":true,"href":"https:\/\/veloop.se\/sv\/wp-json\/wp\/v2\/comments?post=66931"}],"version-history":[{"count":0,"href":"https:\/\/veloop.se\/sv\/wp-json\/wp\/v2\/product\/66931\/revisions"}],"wp:featuredmedia":[{"embeddable":true,"href":"https:\/\/veloop.se\/sv\/wp-json\/wp\/v2\/media\/66969"}],"wp:attachment":[{"href":"https:\/\/veloop.se\/sv\/wp-json\/wp\/v2\/media?parent=66931"}],"wp:term":[{"taxonomy":"product_brand","embeddable":true,"href":"https:\/\/veloop.se\/sv\/wp-json\/wp\/v2\/product_brand?post=66931"},{"taxonomy":"product_cat","embeddable":true,"href":"https:\/\/veloop.se\/sv\/wp-json\/wp\/v2\/product_cat?post=66931"},{"taxonomy":"product_tag","embeddable":true,"href":"https:\/\/veloop.se\/sv\/wp-json\/wp\/v2\/product_tag?post=66931"}],"curies":[{"name":"wp","href":"https:\/\/api.w.org\/{rel}","templated":true}]}}