{"id":63791,"date":"2025-07-17T19:15:08","date_gmt":"2025-07-17T19:15:08","guid":{"rendered":"https:\/\/veloop.se\/?post_type=product&#038;p=63791"},"modified":"2025-11-29T10:31:19","modified_gmt":"2025-11-29T10:31:19","slug":"frunk-bar-berry-cotton-candy","status":"publish","type":"product","link":"https:\/\/veloop.se\/sv\/produkt\/frunk-bar-berry-cotton-candy\/","title":{"rendered":"Frunk Bar Berry Cotton Candy"},"content":{"rendered":"<h1 data-start=\"3423\" data-end=\"3492\">Frunk Bar Berry Cotton Candy<\/h1>\n<h2 data-start=\"896\" data-end=\"969\"><strong data-start=\"900\" data-end=\"969\">Frunk Bar Mesh | Berry Cotton Candy | Eng\u00e5ngs Vape 20mg | 10-pack<\/strong><\/h2>\n<p data-start=\"971\" data-end=\"1305\"><strong data-start=\"971\" data-end=\"1003\">Frunk Bar Berry Cotton Candy<\/strong> \u00e4r en dr\u00f6m f\u00f6r dig som gillar s\u00f6tsaker! H\u00e4r blandas b\u00e4riga toner med nostalgisk smak av sockervadd \u2013 en perfekt kombination f\u00f6r dig som s\u00f6ker n\u00e5got fruktigt men ocks\u00e5 riktigt s\u00f6tt. Den rundade smaken g\u00f6r den till ett popul\u00e4rt val bland anv\u00e4ndare som vill ha en vape som k\u00e4nns b\u00e5de lekfull och smakrik.<\/p>\n<p data-start=\"1307\" data-end=\"1568\">Med en <strong data-start=\"1314\" data-end=\"1327\">mesh-coil<\/strong> f\u00e5r du j\u00e4mn uppv\u00e4rmning, f\u00f6rb\u00e4ttrad \u00e5ngproduktion och en mer intensiv smak. Varje enhet inneh\u00e5ller <strong data-start=\"1427\" data-end=\"1444\">2 ml e-v\u00e4tska<\/strong> med <strong data-start=\"1449\" data-end=\"1470\">20 mg nikotinsalt<\/strong>, och levererar upp till <strong data-start=\"1495\" data-end=\"1509\">800 puffar<\/strong> \u2013 helt utan kr\u00e5ngel. \u00d6ppna f\u00f6rpackningen och vejpa direkt!<\/p>\n<hr data-start=\"1570\" data-end=\"1573\" \/>\n<h2 data-start=\"1575\" data-end=\"1605\">\u2b50 <strong data-start=\"1577\" data-end=\"1605\">Egenskaper och f\u00f6rdelar:<\/strong><\/h2>\n<ul data-start=\"1607\" data-end=\"1962\">\n<li data-start=\"1607\" data-end=\"1660\">\n<p data-start=\"1609\" data-end=\"1660\"><strong data-start=\"1609\" data-end=\"1618\">Smak:<\/strong> Berry Cotton Candy \u2013 B\u00e4r och sockervadd<\/p>\n<\/li>\n<li data-start=\"1661\" data-end=\"1720\">\n<p data-start=\"1663\" data-end=\"1720\"><strong data-start=\"1663\" data-end=\"1677\">Teknologi:<\/strong> Mesh-coil f\u00f6r j\u00e4mn v\u00e4rme och fyllig \u00e5nga<\/p>\n<\/li>\n<li data-start=\"1721\" data-end=\"1761\">\n<p data-start=\"1723\" data-end=\"1761\"><strong data-start=\"1723\" data-end=\"1736\">Inneh\u00e5ll:<\/strong> 2 ml e-v\u00e4tska per vape<\/p>\n<\/li>\n<li data-start=\"1762\" data-end=\"1802\">\n<p data-start=\"1764\" data-end=\"1802\"><strong data-start=\"1764\" data-end=\"1782\">Nikotinstyrka:<\/strong> 20 mg nikotinsalt<\/p>\n<\/li>\n<li data-start=\"1803\" data-end=\"1849\">\n<p data-start=\"1805\" data-end=\"1849\"><strong data-start=\"1805\" data-end=\"1816\">Puffar:<\/strong> Upp till ca 800 drag per enhet<\/p>\n<\/li>\n<li data-start=\"1850\" data-end=\"1913\">\n<p data-start=\"1852\" data-end=\"1913\"><strong data-start=\"1852\" data-end=\"1863\">Design:<\/strong> Eng\u00e5ngs \u2013 ingen laddning eller p\u00e5fyllning kr\u00e4vs<\/p>\n<\/li>\n<li data-start=\"1914\" data-end=\"1962\">\n<p data-start=\"1916\" data-end=\"1962\"><strong data-start=\"1916\" data-end=\"1932\">F\u00f6rpackning:<\/strong> 10 st vapes i varje 10-pack<\/p>\n<\/li>\n<\/ul>\n<hr data-start=\"1964\" data-end=\"1967\" \/>\n<p data-start=\"1969\" data-end=\"2004\">\ud83d\udd04 <strong data-start=\"1972\" data-end=\"2004\">Varf\u00f6r v\u00e4lja Frunk Bar Mesh?<\/strong><\/p>\n<p data-start=\"2006\" data-end=\"2233\">Frunk Bar Mesh-serien \u00e4r framtagen f\u00f6r att leverera konsekvent smak och smidighet i varje puff. Den praktiska storleken g\u00f6r den l\u00e4tt att b\u00e4ra med sig, medan mesh-coilen ser till att smaken h\u00e5ller sig klar och fyllig hela v\u00e4gen.<\/p>\n<hr data-start=\"1577\" data-end=\"1580\" \/>\n<h2 data-start=\"270\" data-end=\"327\">\ud83c\udf08 <strong data-start=\"277\" data-end=\"325\">Tillg\u00e4ngliga smaker i Frunk Bar Mesh-serien:<\/strong><\/h2>\n<ul data-start=\"328\" data-end=\"3180\">\n<li data-start=\"328\" data-end=\"384\">\n<p data-start=\"330\" data-end=\"384\"><strong data-start=\"330\" data-end=\"354\">Frunk Bar Apple Pear<\/strong> \u2013 Fruktigt med s\u00f6t \u00e4ppelton<\/p>\n<\/li>\n<li data-start=\"385\" data-end=\"436\">\n<p data-start=\"387\" data-end=\"436\"><strong data-start=\"387\" data-end=\"410\">Frunk Bar Banan Ice<\/strong> \u2013 Kr\u00e4mig banan med kyla<\/p>\n<\/li>\n<li data-start=\"437\" data-end=\"504\">\n<p data-start=\"439\" data-end=\"504\"><strong data-start=\"439\" data-end=\"471\">Frunk Bar Berry Cotton Candy<\/strong> \u2013 B\u00e4rmix med sockervadds-touch<\/p>\n<\/li>\n<li data-start=\"505\" data-end=\"559\">\n<p data-start=\"507\" data-end=\"559\"><strong data-start=\"507\" data-end=\"535\">Frunk Bar Berry Lemonade<\/strong> \u2013 Sura b\u00e4r och citron<\/p>\n<\/li>\n<li data-start=\"560\" data-end=\"615\">\n<p data-start=\"562\" data-end=\"615\"><strong data-start=\"562\" data-end=\"587\">Frunk Bar Berry Mixer<\/strong> \u2013 Blandade b\u00e4r med balans<\/p>\n<\/li>\n<li data-start=\"616\" data-end=\"679\">\n<p data-start=\"618\" data-end=\"679\"><strong data-start=\"618\" data-end=\"652\">Frunk Bar Blackcurrant Menthol<\/strong> \u2013 Svarta vinb\u00e4r &amp; mentol<\/p>\n<\/li>\n<li data-start=\"680\" data-end=\"727\">\n<p data-start=\"682\" data-end=\"727\"><strong data-start=\"682\" data-end=\"705\">Frunk Bar Blue Razz<\/strong> \u2013 Syrlig bl\u00e5 hallon<\/p>\n<\/li>\n<li data-start=\"728\" data-end=\"785\">\n<p data-start=\"730\" data-end=\"785\"><strong data-start=\"730\" data-end=\"760\">Frunk Bar Blue Razz Cherry<\/strong> \u2013 Hallon m\u00f6ter k\u00f6rsb\u00e4r<\/p>\n<\/li>\n<li data-start=\"786\" data-end=\"850\">\n<p data-start=\"788\" data-end=\"850\"><strong data-start=\"788\" data-end=\"820\">Frunk Bar Blue Razz Lemonade<\/strong> \u2013 Frisk citrus &amp; bl\u00e5 hallon<\/p>\n<\/li>\n<li data-start=\"851\" data-end=\"910\">\n<p data-start=\"853\" data-end=\"910\"><strong data-start=\"853\" data-end=\"886\">Frunk Bar Blueberry Bubblegum<\/strong> \u2013 Bl\u00e5b\u00e4r och tuggummi<\/p>\n<\/li>\n<li data-start=\"911\" data-end=\"975\">\n<p data-start=\"913\" data-end=\"975\"><strong data-start=\"913\" data-end=\"953\">Frunk Bar Blueberry Cherry Cranberry<\/strong> \u2013 B\u00e4rtrio i harmoni<\/p>\n<\/li>\n<li data-start=\"976\" data-end=\"1038\">\n<p data-start=\"978\" data-end=\"1038\"><strong data-start=\"978\" data-end=\"1009\">Frunk Bar Blueberry Fussion<\/strong> \u2013 Bl\u00e5b\u00e4r med fruktig twist<\/p>\n<\/li>\n<li data-start=\"1039\" data-end=\"1103\">\n<p data-start=\"1041\" data-end=\"1103\"><strong data-start=\"1041\" data-end=\"1074\">Frunk Bar Blueberry Peach Ice<\/strong> \u2013 Bl\u00e5b\u00e4r, persika och kyla<\/p>\n<\/li>\n<li data-start=\"1104\" data-end=\"1169\">\n<p data-start=\"1106\" data-end=\"1169\"><strong data-start=\"1106\" data-end=\"1141\">Frunk Bar Blueberry Pomegranate<\/strong> \u2013 S\u00f6t-syrlig b\u00e4rblandning<\/p>\n<\/li>\n<li data-start=\"1170\" data-end=\"1216\">\n<p data-start=\"1172\" data-end=\"1216\"><strong data-start=\"1172\" data-end=\"1197\">Frunk Bar Candy Banan<\/strong> \u2013 S\u00f6t banangodis<\/p>\n<\/li>\n<li data-start=\"1217\" data-end=\"1264\">\n<p data-start=\"1219\" data-end=\"1264\"><strong data-start=\"1219\" data-end=\"1247\">Frunk Bar Cherry on Cola<\/strong> \u2013 K\u00f6rsb\u00e4rskola<\/p>\n<\/li>\n<li data-start=\"1265\" data-end=\"1330\">\n<p data-start=\"1267\" data-end=\"1330\"><strong data-start=\"1267\" data-end=\"1302\">Frunk Bar Cherry Sour Raspberry<\/strong> \u2013 Syrlig k\u00f6rsb\u00e4r &amp; hallon<\/p>\n<\/li>\n<li data-start=\"1331\" data-end=\"1383\">\n<p data-start=\"1333\" data-end=\"1383\"><strong data-start=\"1333\" data-end=\"1359\">Frunk Bar Cotton Candy<\/strong> \u2013 Klassisk sockervadd<\/p>\n<\/li>\n<li data-start=\"1384\" data-end=\"1435\">\n<p data-start=\"1386\" data-end=\"1435\"><strong data-start=\"1386\" data-end=\"1413\">Frunk Bar Crushed Candy<\/strong> \u2013 Fruktig godissmak<\/p>\n<\/li>\n<li data-start=\"1436\" data-end=\"1488\">\n<p data-start=\"1438\" data-end=\"1488\"><strong data-start=\"1438\" data-end=\"1465\">Frunk Bar Double Bubble<\/strong> \u2013 Klassisk bubbelgum<\/p>\n<\/li>\n<li data-start=\"1489\" data-end=\"1533\">\n<p data-start=\"1491\" data-end=\"1533\"><strong data-start=\"1491\" data-end=\"1515\">Frunk Bar Fizzy Cola<\/strong> \u2013 Kolsyrad cola<\/p>\n<\/li>\n<li data-start=\"1534\" data-end=\"1582\">\n<p data-start=\"1536\" data-end=\"1582\"><strong data-start=\"1536\" data-end=\"1562\">Frunk Bar Frozen Grape<\/strong> \u2013 Iskall vindruva<\/p>\n<\/li>\n<li data-start=\"1583\" data-end=\"1636\">\n<p data-start=\"1585\" data-end=\"1636\"><strong data-start=\"1585\" data-end=\"1616\">Frunk Bar Frozen Strawberry<\/strong> \u2013 Frusen jordgubb<\/p>\n<\/li>\n<li data-start=\"1637\" data-end=\"1692\">\n<p data-start=\"1639\" data-end=\"1692\"><strong data-start=\"1639\" data-end=\"1664\">Frunk Bar Grape Berry<\/strong> \u2013 Druvor och blandade b\u00e4r<\/p>\n<\/li>\n<li data-start=\"1693\" data-end=\"1739\">\n<p data-start=\"1695\" data-end=\"1739\"><strong data-start=\"1695\" data-end=\"1719\">Frunk Bar Iced Mango<\/strong> \u2013 Kyld, s\u00f6t mango<\/p>\n<\/li>\n<li data-start=\"1740\" data-end=\"1801\">\n<p data-start=\"1742\" data-end=\"1801\"><strong data-start=\"1742\" data-end=\"1774\">Frunk Bar Kiwi Passion Guava<\/strong> \u2013 Exotisk och syrlig mix<\/p>\n<\/li>\n<li data-start=\"1802\" data-end=\"1848\">\n<p data-start=\"1804\" data-end=\"1848\"><strong data-start=\"1804\" data-end=\"1828\">Frunk Bar Lemon Lime<\/strong> \u2013 Frisk citrusduo<\/p>\n<\/li>\n<li data-start=\"1849\" data-end=\"1898\">\n<p data-start=\"1851\" data-end=\"1898\"><strong data-start=\"1851\" data-end=\"1873\">Frunk Bar Liqurice<\/strong> \u2013 Klassisk lakritssmak<\/p>\n<\/li>\n<li data-start=\"1899\" data-end=\"1953\">\n<p data-start=\"1901\" data-end=\"1953\"><strong data-start=\"1901\" data-end=\"1929\">Frunk Bar Menthol Mojito<\/strong> \u2013 Mintig limecocktail<\/p>\n<\/li>\n<li data-start=\"1954\" data-end=\"1996\">\n<p data-start=\"1956\" data-end=\"1996\"><strong data-start=\"1956\" data-end=\"1980\">Frunk Bar Mint Mania<\/strong> \u2013 Iskall mint<\/p>\n<\/li>\n<li data-start=\"1997\" data-end=\"2050\">\n<p data-start=\"1999\" data-end=\"2050\"><strong data-start=\"1999\" data-end=\"2025\">Frunk Bar Peach on Ice<\/strong> \u2013 S\u00f6t persika med kyla<\/p>\n<\/li>\n<li data-start=\"2051\" data-end=\"2114\">\n<p data-start=\"2053\" data-end=\"2114\"><strong data-start=\"2053\" data-end=\"2085\">Frunk Bar Pineapple Lemonade<\/strong> \u2013 Ananas och syrlig citron<\/p>\n<\/li>\n<li data-start=\"2115\" data-end=\"2173\">\n<p data-start=\"2117\" data-end=\"2173\"><strong data-start=\"2117\" data-end=\"2152\">Frunk Bar Pineapple Peach Mango<\/strong> \u2013 Tropisk fruktmix<\/p>\n<\/li>\n<li data-start=\"2174\" data-end=\"2231\">\n<p data-start=\"2176\" data-end=\"2231\"><strong data-start=\"2176\" data-end=\"2203\">Frunk Bar Pink Lemonade<\/strong> \u2013 S\u00f6t-syrlig rosa lemonad<\/p>\n<\/li>\n<li data-start=\"2232\" data-end=\"2290\">\n<p data-start=\"2234\" data-end=\"2290\"><strong data-start=\"2234\" data-end=\"2263\">Frunk Bar Raging Bull NRG<\/strong> \u2013 Energidrycksinspirerad<\/p>\n<\/li>\n<li data-start=\"2291\" data-end=\"2343\">\n<p data-start=\"2293\" data-end=\"2343\"><strong data-start=\"2293\" data-end=\"2321\">Frunk Bar Sour Blue Razz<\/strong> \u2013 Syrligt bl\u00e5hallon<\/p>\n<\/li>\n<li data-start=\"2344\" data-end=\"2395\">\n<p data-start=\"2346\" data-end=\"2395\"><strong data-start=\"2346\" data-end=\"2376\">Frunk Bar Sour Blueberries<\/strong> \u2013 Syrliga bl\u00e5b\u00e4r<\/p>\n<\/li>\n<li data-start=\"2396\" data-end=\"2464\">\n<p data-start=\"2398\" data-end=\"2464\"><strong data-start=\"2398\" data-end=\"2432\">Frunk Bar Sour Watermelon Kiwi<\/strong> \u2013 Vattenmelon &amp; kiwi med syra<\/p>\n<\/li>\n<li data-start=\"2465\" data-end=\"2531\">\n<p data-start=\"2467\" data-end=\"2531\"><strong data-start=\"2467\" data-end=\"2501\">Frunk Bar Strawberry Bubblegum<\/strong> \u2013 Jordgubb och s\u00f6t tuggummi<\/p>\n<\/li>\n<li data-start=\"2532\" data-end=\"2594\">\n<p data-start=\"2534\" data-end=\"2594\"><strong data-start=\"2534\" data-end=\"2568\">Frunk Bar Strawberry Ice Cream<\/strong> \u2013 Kr\u00e4mig jordgubbsglass<\/p>\n<\/li>\n<li data-start=\"2595\" data-end=\"2650\">\n<p data-start=\"2597\" data-end=\"2650\"><strong data-start=\"2597\" data-end=\"2626\">Frunk Bar Strawberry Kiwi<\/strong> \u2013 Jordgubb m\u00f6ter kiwi<\/p>\n<\/li>\n<li data-start=\"2651\" data-end=\"2705\">\n<p data-start=\"2653\" data-end=\"2705\"><strong data-start=\"2653\" data-end=\"2682\">Frunk Bar Strawberry Nana<\/strong> \u2013 Jordgubb och banan<\/p>\n<\/li>\n<li data-start=\"2706\" data-end=\"2762\">\n<p data-start=\"2708\" data-end=\"2762\"><strong data-start=\"2708\" data-end=\"2742\">Frunk Bar Strawberry Raspberry<\/strong> \u2013 Klassisk b\u00e4rduo<\/p>\n<\/li>\n<li data-start=\"2763\" data-end=\"2826\">\n<p data-start=\"2765\" data-end=\"2826\"><strong data-start=\"2765\" data-end=\"2806\">Frunk Bar Strawberry Raspberry Cherry<\/strong> \u2013 Trippel b\u00e4rsmak<\/p>\n<\/li>\n<li data-start=\"2827\" data-end=\"2905\">\n<p data-start=\"2829\" data-end=\"2905\"><strong data-start=\"2829\" data-end=\"2874\">Frunk Bar Strawberry Watermelon Bubblegum<\/strong> \u2013 Jordgubb, melon &amp; tuggummi<\/p>\n<\/li>\n<li data-start=\"2906\" data-end=\"2957\">\n<p data-start=\"2908\" data-end=\"2957\"><strong data-start=\"2908\" data-end=\"2934\">Frunk Bar Triple Mango<\/strong> \u2013 Extra mycket mango<\/p>\n<\/li>\n<li data-start=\"2958\" data-end=\"3014\">\n<p data-start=\"2960\" data-end=\"3014\"><strong data-start=\"2960\" data-end=\"2988\">Frunk Bar Tropical Fruit<\/strong> \u2013 Tropisk fruktcocktail<\/p>\n<\/li>\n<li data-start=\"3015\" data-end=\"3072\">\n<p data-start=\"3017\" data-end=\"3072\"><strong data-start=\"3017\" data-end=\"3044\">Frunk Bar Twisted Apple<\/strong> \u2013 Syrligt \u00e4pple med twist<\/p>\n<\/li>\n<li data-start=\"3073\" data-end=\"3129\">\n<p data-start=\"3075\" data-end=\"3129\"><strong data-start=\"3075\" data-end=\"3106\">Frunk Bar Watermelon Splash<\/strong> \u2013 Saftig vattenmelon<\/p>\n<\/li>\n<li data-start=\"3130\" data-end=\"3180\">\n<p data-start=\"3132\" data-end=\"3180\"><strong data-start=\"3132\" data-end=\"3157\">Frunk Bar Yummi Gummi<\/strong> \u2013 Fruktigt godisskum<\/p>\n<\/li>\n<\/ul>\n<p>\ud83d\udd17 <a class=\"\" href=\"https:\/\/veloop.se\/sv\/?s=frunk+bar&amp;post_type=product\" target=\"_new\" rel=\"noopener\" data-start=\"2585\" data-end=\"2685\">Uppt\u00e4ck hela Frunk Bar-serien hos Snus-Malm\u00f6<\/a><br data-start=\"2685\" data-end=\"2688\" \/>\ud83d\uded2 <strong data-start=\"2691\" data-end=\"2782\">K\u00f6p Frunk Bar Berry Cotton Candy 10-pack hos Veloop.se \u2013 en s\u00f6t och b\u00e4rig vape-favorit!<\/strong><\/p>","protected":false},"excerpt":{"rendered":"<h1 data-start=\"3423\" data-end=\"3492\">Frunk Bar Berry Cotton Candy<\/h1>\n<h1 data-start=\"3423\" data-end=\"3492\"><img decoding=\"async\" class=\"wp-image-63611 alignleft\" src=\"https:\/\/veloop.se\/wp-content\/uploads\/2025\/07\/Frunk-Logo-Horizontal-400x142.webp\" alt=\"\" width=\"152\" height=\"54\" srcset=\"https:\/\/veloop.se\/wp-content\/uploads\/2025\/07\/Frunk-Logo-Horizontal-400x142.webp 400w, https:\/\/veloop.se\/wp-content\/uploads\/2025\/07\/Frunk-Logo-Horizontal-768x272.webp 768w, https:\/\/veloop.se\/wp-content\/uploads\/2025\/07\/Frunk-Logo-Horizontal-1300x461.webp 1300w, https:\/\/veloop.se\/wp-content\/uploads\/2025\/07\/Frunk-Logo-Horizontal-1536x545.webp 1536w, https:\/\/veloop.se\/wp-content\/uploads\/2025\/07\/Frunk-Logo-Horizontal-2048x726.webp 2048w, https:\/\/veloop.se\/wp-content\/uploads\/2025\/07\/Frunk-Logo-Horizontal-18x6.webp 18w, https:\/\/veloop.se\/wp-content\/uploads\/2025\/07\/Frunk-Logo-Horizontal-700x248.webp 700w\" sizes=\"(max-width: 152px) 100vw, 152px\" \/><\/h1>\n<h2 data-start=\"215\" data-end=\"288\"><strong data-start=\"219\" data-end=\"288\">Frunk Bar Mesh | Berry Cotton Candy | Eng\u00e5ngs Vape 20mg | 10-pack<\/strong><\/h2>\n<h3 data-start=\"290\" data-end=\"350\"><strong data-start=\"290\" data-end=\"350\">Frunk Bar Berry Cotton Candy 20mg \u2013 10-pack Eng\u00e5ngs Vape<\/strong><\/h3>\n<p data-start=\"352\" data-end=\"706\">Frunk Bar Berry Cotton Candy levererar en s\u00f6t och fruktig smakupplevelse med inslag av blandade b\u00e4r och ett sockervaddsinspirerat avslut. Varje eng\u00e5ngs vape \u00e4r utrustad med mesh-coil f\u00f6r j\u00e4mnare uppv\u00e4rmning och rikare smak. Med upp till 800 puffar och 20 mg nikotinsalt per enhet f\u00e5r du en smidig och smakfull vapingupplevelse \u2013 redo att anv\u00e4ndas direkt!<\/p>\n<p data-start=\"708\" data-end=\"860\">\ud83d\udd17 Uppt\u00e4ck fler Frunk Bar eng\u00e5ngs vapes h\u00e4r<br data-start=\"751\" data-end=\"754\" \/>\ud83d\uded2 K\u00f6p Frunk Bar Berry Cotton Candy 10-pack hos Veloop.se \u2013 f\u00f6r dig som gillar s\u00f6tma med en fruktig twist!<\/p>","protected":false},"featured_media":63571,"comment_status":"open","ping_status":"closed","template":"","meta":[],"product_brand":[333],"product_cat":[42,156,157],"product_tag":[],"class_list":{"0":"post-63791","1":"product","2":"type-product","3":"status-publish","4":"has-post-thumbnail","6":"product_brand-frunk-bar","7":"product_cat-e-cigg","8":"product_cat-engangs-vape","9":"product_cat-frunk-bar","11":"first","12":"instock","13":"taxable","14":"shipping-taxable","15":"purchasable","16":"product-type-variable"},"_links":{"self":[{"href":"https:\/\/veloop.se\/sv\/wp-json\/wp\/v2\/product\/63791","targetHints":{"allow":["GET"]}}],"collection":[{"href":"https:\/\/veloop.se\/sv\/wp-json\/wp\/v2\/product"}],"about":[{"href":"https:\/\/veloop.se\/sv\/wp-json\/wp\/v2\/types\/product"}],"replies":[{"embeddable":true,"href":"https:\/\/veloop.se\/sv\/wp-json\/wp\/v2\/comments?post=63791"}],"version-history":[{"count":0,"href":"https:\/\/veloop.se\/sv\/wp-json\/wp\/v2\/product\/63791\/revisions"}],"wp:featuredmedia":[{"embeddable":true,"href":"https:\/\/veloop.se\/sv\/wp-json\/wp\/v2\/media\/63571"}],"wp:attachment":[{"href":"https:\/\/veloop.se\/sv\/wp-json\/wp\/v2\/media?parent=63791"}],"wp:term":[{"taxonomy":"product_brand","embeddable":true,"href":"https:\/\/veloop.se\/sv\/wp-json\/wp\/v2\/product_brand?post=63791"},{"taxonomy":"product_cat","embeddable":true,"href":"https:\/\/veloop.se\/sv\/wp-json\/wp\/v2\/product_cat?post=63791"},{"taxonomy":"product_tag","embeddable":true,"href":"https:\/\/veloop.se\/sv\/wp-json\/wp\/v2\/product_tag?post=63791"}],"curies":[{"name":"wp","href":"https:\/\/api.w.org\/{rel}","templated":true}]}}