{"id":63596,"date":"2025-07-16T21:24:38","date_gmt":"2025-07-16T21:24:38","guid":{"rendered":"https:\/\/veloop.se\/?post_type=product&#038;p=63596"},"modified":"2025-11-29T10:32:20","modified_gmt":"2025-11-29T10:32:20","slug":"frunk-bar-strawberry-kiwi","status":"publish","type":"product","link":"https:\/\/veloop.se\/sv\/produkt\/frunk-bar-strawberry-kiwi\/","title":{"rendered":"Frunk Bar Strawberry Kiwi"},"content":{"rendered":"<h1 data-start=\"3423\" data-end=\"3492\">Frunk Bar Strawberry Kiwi<\/h1>\n<h2 data-start=\"263\" data-end=\"329\">Frunk Bar Mesh | Strawberry Kiwi | Eng\u00e5ngs Vape 20mg | 10-pack<\/h2>\n<p data-start=\"331\" data-end=\"594\"><strong data-start=\"331\" data-end=\"360\">Frunk Bar Strawberry Kiwi<\/strong> \u00e4r en fruktig eng\u00e5ngs vape med en perfekt balans mellan s\u00f6t jordgubb och syrligt kiwi \u2013 en fr\u00e4sch och tropisk smakupplevelse som passar \u00e5ret runt. Den \u00e4r ett utm\u00e4rkt val f\u00f6r dig som uppskattar klara, naturliga b\u00e4rsmaker med en twist.<\/p>\n<p data-start=\"596\" data-end=\"966\">Utrustad med <strong data-start=\"609\" data-end=\"642\">avancerad mesh-coil-teknologi<\/strong>, erbjuder Frunk Bar Mesh en j\u00e4mnare uppv\u00e4rmning av e-v\u00e4tskan, vilket ger en mer intensiv smak och b\u00e4ttre \u00e5ngproduktion. Varje enhet \u00e4r <strong data-start=\"778\" data-end=\"830\">f\u00f6rfylld med 2 ml e-v\u00e4tska med 20 mg nikotinsalt<\/strong>, och ger upp till <strong data-start=\"849\" data-end=\"863\">800 puffar<\/strong>. Du beh\u00f6ver varken fylla p\u00e5 v\u00e4tska eller ladda \u2013 den \u00e4r <strong data-start=\"920\" data-end=\"965\">redo att anv\u00e4ndas direkt ur f\u00f6rpackningen<\/strong>.<\/p>\n<hr data-start=\"968\" data-end=\"971\" \/>\n<h2 data-start=\"973\" data-end=\"1007\">\u2b50 <strong data-start=\"979\" data-end=\"1007\">Egenskaper och f\u00f6rdelar:<\/strong><\/h2>\n<ul data-start=\"1008\" data-end=\"1327\">\n<li data-start=\"1008\" data-end=\"1047\">\n<p data-start=\"1010\" data-end=\"1047\"><strong data-start=\"1010\" data-end=\"1019\">Smak:<\/strong> Frunk Bar Strawberry Kiwi<\/p>\n<\/li>\n<li data-start=\"1048\" data-end=\"1109\">\n<p data-start=\"1050\" data-end=\"1109\"><strong data-start=\"1050\" data-end=\"1064\">Teknologi:<\/strong> Mesh-coil f\u00f6r f\u00f6rb\u00e4ttrad smak och \u00e5ngvolym<\/p>\n<\/li>\n<li data-start=\"1110\" data-end=\"1139\">\n<p data-start=\"1112\" data-end=\"1139\"><strong data-start=\"1112\" data-end=\"1132\">V\u00e4tskekapacitet:<\/strong> 2 ml<\/p>\n<\/li>\n<li data-start=\"1140\" data-end=\"1178\">\n<p data-start=\"1142\" data-end=\"1178\"><strong data-start=\"1142\" data-end=\"1158\">Nikotinhalt:<\/strong> 20 mg nikotinsalt<\/p>\n<\/li>\n<li data-start=\"1179\" data-end=\"1220\">\n<p data-start=\"1181\" data-end=\"1220\"><strong data-start=\"1181\" data-end=\"1192\">Puffar:<\/strong> Upp till ca 800 per enhet<\/p>\n<\/li>\n<li data-start=\"1221\" data-end=\"1278\">\n<p data-start=\"1223\" data-end=\"1278\"><strong data-start=\"1223\" data-end=\"1234\">Design:<\/strong> Eng\u00e5ngs \u2013 ingen laddning, inget underh\u00e5ll<\/p>\n<\/li>\n<li data-start=\"1279\" data-end=\"1327\">\n<p data-start=\"1281\" data-end=\"1327\"><strong data-start=\"1281\" data-end=\"1297\">F\u00f6rpackning:<\/strong> 10 st vapes per f\u00f6rpackning<\/p>\n<\/li>\n<\/ul>\n<hr data-start=\"1329\" data-end=\"1332\" \/>\n<h2 data-start=\"1334\" data-end=\"1373\">\ud83d\udd04 <strong data-start=\"1341\" data-end=\"1373\">Varf\u00f6r v\u00e4lja Frunk Bar Mesh?<\/strong><\/h2>\n<p data-start=\"1374\" data-end=\"1575\">Frunk Bar Mesh-serien \u00e4r framtagen f\u00f6r att ge maximal smak i ett smidigt format. Den passar b\u00e5de nyb\u00f6rjare och vana anv\u00e4ndare som vill ha en <strong data-start=\"1515\" data-end=\"1563\">p\u00e5litlig, enkel och v\u00e4lsmakande eng\u00e5ngs vape<\/strong> utan strul.<\/p>\n<hr data-start=\"1577\" data-end=\"1580\" \/>\n<h2 data-start=\"1582\" data-end=\"1637\">\ud83c\udf08 <strong data-start=\"1589\" data-end=\"1637\">Tillg\u00e4ngliga smaker i Frunk Bar Mesh-serien:<\/strong><\/h2>\n<ul data-start=\"1638\" data-end=\"3166\">\n<li data-start=\"1638\" data-end=\"1662\">\n<p data-start=\"1640\" data-end=\"1662\">Frunk Bar Apple Pear<\/p>\n<\/li>\n<li data-start=\"1663\" data-end=\"1686\">\n<p data-start=\"1665\" data-end=\"1686\">Frunk Bar Banan Ice<\/p>\n<\/li>\n<li data-start=\"1687\" data-end=\"1719\">\n<p data-start=\"1689\" data-end=\"1719\">Frunk Bar Berry Cotton Candy<\/p>\n<\/li>\n<li data-start=\"1720\" data-end=\"1748\">\n<p data-start=\"1722\" data-end=\"1748\">Frunk Bar Berry Lemonade<\/p>\n<\/li>\n<li data-start=\"1749\" data-end=\"1774\">\n<p data-start=\"1751\" data-end=\"1774\">Frunk Bar Berry Mixer<\/p>\n<\/li>\n<li data-start=\"1775\" data-end=\"1809\">\n<p data-start=\"1777\" data-end=\"1809\">Frunk Bar Blackcurrant Menthol<\/p>\n<\/li>\n<li data-start=\"1810\" data-end=\"1833\">\n<p data-start=\"1812\" data-end=\"1833\">Frunk Bar Blue Razz<\/p>\n<\/li>\n<li data-start=\"1834\" data-end=\"1864\">\n<p data-start=\"1836\" data-end=\"1864\">Frunk Bar Blue Razz Cherry<\/p>\n<\/li>\n<li data-start=\"1865\" data-end=\"1897\">\n<p data-start=\"1867\" data-end=\"1897\">Frunk Bar Blue Razz Lemonade<\/p>\n<\/li>\n<li data-start=\"1898\" data-end=\"1931\">\n<p data-start=\"1900\" data-end=\"1931\">Frunk Bar Blueberry Bubblegum<\/p>\n<\/li>\n<li data-start=\"1932\" data-end=\"1972\">\n<p data-start=\"1934\" data-end=\"1972\">Frunk Bar Blueberry Cherry Cranberry<\/p>\n<\/li>\n<li data-start=\"1973\" data-end=\"2004\">\n<p data-start=\"1975\" data-end=\"2004\">Frunk Bar Blueberry Fussion<\/p>\n<\/li>\n<li data-start=\"2005\" data-end=\"2038\">\n<p data-start=\"2007\" data-end=\"2038\">Frunk Bar Blueberry Peach Ice<\/p>\n<\/li>\n<li data-start=\"2039\" data-end=\"2074\">\n<p data-start=\"2041\" data-end=\"2074\">Frunk Bar Blueberry Pomegranate<\/p>\n<\/li>\n<li data-start=\"2075\" data-end=\"2100\">\n<p data-start=\"2077\" data-end=\"2100\">Frunk Bar Candy Banan<\/p>\n<\/li>\n<li data-start=\"2101\" data-end=\"2129\">\n<p data-start=\"2103\" data-end=\"2129\">Frunk Bar Cherry on Cola<\/p>\n<\/li>\n<li data-start=\"2130\" data-end=\"2165\">\n<p data-start=\"2132\" data-end=\"2165\">Frunk Bar Cherry Sour Raspberry<\/p>\n<\/li>\n<li data-start=\"2166\" data-end=\"2192\">\n<p data-start=\"2168\" data-end=\"2192\">Frunk Bar Cotton Candy<\/p>\n<\/li>\n<li data-start=\"2193\" data-end=\"2220\">\n<p data-start=\"2195\" data-end=\"2220\">Frunk Bar Crushed Candy<\/p>\n<\/li>\n<li data-start=\"2221\" data-end=\"2248\">\n<p data-start=\"2223\" data-end=\"2248\">Frunk Bar Double Bubble<\/p>\n<\/li>\n<li data-start=\"2249\" data-end=\"2273\">\n<p data-start=\"2251\" data-end=\"2273\">Frunk Bar Fizzy Cola<\/p>\n<\/li>\n<li data-start=\"2274\" data-end=\"2300\">\n<p data-start=\"2276\" data-end=\"2300\">Frunk Bar Frozen Grape<\/p>\n<\/li>\n<li data-start=\"2301\" data-end=\"2332\">\n<p data-start=\"2303\" data-end=\"2332\">Frunk Bar Frozen Strawberry<\/p>\n<\/li>\n<li data-start=\"2333\" data-end=\"2358\">\n<p data-start=\"2335\" data-end=\"2358\">Frunk Bar Grape Berry<\/p>\n<\/li>\n<li data-start=\"2359\" data-end=\"2383\">\n<p data-start=\"2361\" data-end=\"2383\">Frunk Bar Iced Mango<\/p>\n<\/li>\n<li data-start=\"2384\" data-end=\"2416\">\n<p data-start=\"2386\" data-end=\"2416\">Frunk Bar Kiwi Passion Guava<\/p>\n<\/li>\n<li data-start=\"2417\" data-end=\"2441\">\n<p data-start=\"2419\" data-end=\"2441\">Frunk Bar Lemon Lime<\/p>\n<\/li>\n<li data-start=\"2442\" data-end=\"2464\">\n<p data-start=\"2444\" data-end=\"2464\">Frunk Bar Liqurice<\/p>\n<\/li>\n<li data-start=\"2465\" data-end=\"2493\">\n<p data-start=\"2467\" data-end=\"2493\">Frunk Bar Menthol Mojito<\/p>\n<\/li>\n<li data-start=\"2494\" data-end=\"2518\">\n<p data-start=\"2496\" data-end=\"2518\">Frunk Bar Mint Mania<\/p>\n<\/li>\n<li data-start=\"2519\" data-end=\"2545\">\n<p data-start=\"2521\" data-end=\"2545\">Frunk Bar Peach on Ice<\/p>\n<\/li>\n<li data-start=\"2546\" data-end=\"2578\">\n<p data-start=\"2548\" data-end=\"2578\">Frunk Bar Pineapple Lemonade<\/p>\n<\/li>\n<li data-start=\"2579\" data-end=\"2614\">\n<p data-start=\"2581\" data-end=\"2614\">Frunk Bar Pineapple Peach Mango<\/p>\n<\/li>\n<li data-start=\"2615\" data-end=\"2642\">\n<p data-start=\"2617\" data-end=\"2642\">Frunk Bar Pink Lemonade<\/p>\n<\/li>\n<li data-start=\"2643\" data-end=\"2672\">\n<p data-start=\"2645\" data-end=\"2672\">Frunk Bar Raging Bull NRG<\/p>\n<\/li>\n<li data-start=\"2673\" data-end=\"2701\">\n<p data-start=\"2675\" data-end=\"2701\">Frunk Bar Sour Blue Razz<\/p>\n<\/li>\n<li data-start=\"2702\" data-end=\"2732\">\n<p data-start=\"2704\" data-end=\"2732\">Frunk Bar Sour Blueberries<\/p>\n<\/li>\n<li data-start=\"2733\" data-end=\"2767\">\n<p data-start=\"2735\" data-end=\"2767\">Frunk Bar Sour Watermelon Kiwi<\/p>\n<\/li>\n<li data-start=\"2768\" data-end=\"2802\">\n<p data-start=\"2770\" data-end=\"2802\">Frunk Bar Strawberry Bubblegum<\/p>\n<\/li>\n<li data-start=\"2803\" data-end=\"2837\">\n<p data-start=\"2805\" data-end=\"2837\">Frunk Bar Strawberry Ice Cream<\/p>\n<\/li>\n<li data-start=\"2838\" data-end=\"2871\">\n<p data-start=\"2840\" data-end=\"2871\"><strong data-start=\"2840\" data-end=\"2869\">Frunk Bar Strawberry Kiwi<\/strong><\/p>\n<\/li>\n<li data-start=\"2872\" data-end=\"2901\">\n<p data-start=\"2874\" data-end=\"2901\">Frunk Bar Strawberry Nana<\/p>\n<\/li>\n<li data-start=\"2902\" data-end=\"2936\">\n<p data-start=\"2904\" data-end=\"2936\">Frunk Bar Strawberry Raspberry<\/p>\n<\/li>\n<li data-start=\"2937\" data-end=\"2978\">\n<p data-start=\"2939\" data-end=\"2978\">Frunk Bar Strawberry Raspberry Cherry<\/p>\n<\/li>\n<li data-start=\"2979\" data-end=\"3024\">\n<p data-start=\"2981\" data-end=\"3024\">Frunk Bar Strawberry Watermelon Bubblegum<\/p>\n<\/li>\n<li data-start=\"3025\" data-end=\"3051\">\n<p data-start=\"3027\" data-end=\"3051\">Frunk Bar Triple Mango<\/p>\n<\/li>\n<li data-start=\"3052\" data-end=\"3080\">\n<p data-start=\"3054\" data-end=\"3080\">Frunk Bar Tropical Fruit<\/p>\n<\/li>\n<li data-start=\"3081\" data-end=\"3108\">\n<p data-start=\"3083\" data-end=\"3108\">Frunk Bar Twisted Apple<\/p>\n<\/li>\n<li data-start=\"3109\" data-end=\"3140\">\n<p data-start=\"3111\" data-end=\"3140\">Frunk Bar Watermelon Splash<\/p>\n<\/li>\n<li data-start=\"3141\" data-end=\"3166\">\n<p data-start=\"3143\" data-end=\"3166\">Frunk Bar Yummi Gummi<\/p>\n<\/li>\n<\/ul>\n<hr data-start=\"3168\" data-end=\"3171\" \/>\n<p data-start=\"3173\" data-end=\"3269\">\ud83d\udd17 <a class=\"\" href=\"https:\/\/veloop.se\/sv\/produkt-kategori\/frunk-bar\/\" target=\"_new\" rel=\"noopener\" data-start=\"3176\" data-end=\"3269\">Uppt\u00e4ck fler Frunk Bar eng\u00e5ngs vapes h\u00e4r<\/a><\/p>\n<p data-start=\"3271\" data-end=\"3372\">\ud83d\udce6 <strong data-start=\"3274\" data-end=\"3372\">K\u00f6p Frunk Bar Strawberry Kiwi 10-pack hos Veloop.se \u2013 smidigt, smakfullt och snabbt levererat!<\/strong><\/p>","protected":false},"excerpt":{"rendered":"<h1 data-start=\"3423\" data-end=\"3492\">Frunk Bar Strawberry Kiwi<\/h1>\n<h1 data-start=\"3423\" data-end=\"3492\"><img decoding=\"async\" class=\"wp-image-63611 alignleft\" src=\"https:\/\/veloop.se\/wp-content\/uploads\/2025\/07\/Frunk-Logo-Horizontal-400x142.webp\" alt=\"\" width=\"152\" height=\"54\" srcset=\"https:\/\/veloop.se\/wp-content\/uploads\/2025\/07\/Frunk-Logo-Horizontal-400x142.webp 400w, https:\/\/veloop.se\/wp-content\/uploads\/2025\/07\/Frunk-Logo-Horizontal-768x272.webp 768w, https:\/\/veloop.se\/wp-content\/uploads\/2025\/07\/Frunk-Logo-Horizontal-1300x461.webp 1300w, https:\/\/veloop.se\/wp-content\/uploads\/2025\/07\/Frunk-Logo-Horizontal-1536x545.webp 1536w, https:\/\/veloop.se\/wp-content\/uploads\/2025\/07\/Frunk-Logo-Horizontal-2048x726.webp 2048w, https:\/\/veloop.se\/wp-content\/uploads\/2025\/07\/Frunk-Logo-Horizontal-18x6.webp 18w, https:\/\/veloop.se\/wp-content\/uploads\/2025\/07\/Frunk-Logo-Horizontal-700x248.webp 700w\" sizes=\"(max-width: 152px) 100vw, 152px\" \/><\/h1>\n<h2 data-start=\"263\" data-end=\"329\">Frunk Bar Mesh | Strawberry Kiwi | Eng\u00e5ngs Vape 20mg | 10-pack<\/h2>\n<h3 data-start=\"3414\" data-end=\"3471\">Frunk Bar Strawberry Kiwi 20mg \u2013 10-pack Eng\u00e5ngs Vape<\/h3>\n<p data-start=\"3473\" data-end=\"3776\"><strong data-start=\"3473\" data-end=\"3502\">Frunk Bar Strawberry Kiwi<\/strong> kombinerar s\u00f6tman fr\u00e5n solmogna jordgubbar med den friska syran fr\u00e5n kiwi \u2013 en smakrik eng\u00e5ngs vape f\u00f6r dig som \u00e4lskar fruktiga toner. Med upp till <strong data-start=\"3651\" data-end=\"3665\">800 puffar<\/strong>, <strong data-start=\"3667\" data-end=\"3688\">20 mg nikotinsalt<\/strong>, och smidig mesh-coil-teknologi \u00e4r det ett perfekt val f\u00f6r diskret och smakfull vaping.<\/p>\n<p data-start=\"5428\" data-end=\"5524\">\ud83d\udd17 <a class=\"\" href=\"https:\/\/veloop.se\/sv\/produkt-kategori\/frunk-bar\/\" target=\"_new\" rel=\"noopener\" data-start=\"5431\" data-end=\"5524\">Uppt\u00e4ck fler Frunk Bar eng\u00e5ngs vapes h\u00e4r<\/a><\/p>\n<p data-start=\"5526\" data-end=\"5630\">\ud83d\uded2 <strong data-start=\"5529\" data-end=\"5630\">K\u00f6p Frunk Bar Strawberry Kiwi 10-pack hos Veloop.se \u2013 prisv\u00e4rda eng\u00e5ngs vapes med snabb leverans!<\/strong><\/p>","protected":false},"featured_media":63584,"comment_status":"open","ping_status":"closed","template":"","meta":[],"product_brand":[333],"product_cat":[42,156,157],"product_tag":[],"class_list":{"0":"post-63596","1":"product","2":"type-product","3":"status-publish","4":"has-post-thumbnail","6":"product_brand-frunk-bar","7":"product_cat-e-cigg","8":"product_cat-engangs-vape","9":"product_cat-frunk-bar","11":"first","12":"instock","13":"taxable","14":"shipping-taxable","15":"purchasable","16":"product-type-variable"},"_links":{"self":[{"href":"https:\/\/veloop.se\/sv\/wp-json\/wp\/v2\/product\/63596","targetHints":{"allow":["GET"]}}],"collection":[{"href":"https:\/\/veloop.se\/sv\/wp-json\/wp\/v2\/product"}],"about":[{"href":"https:\/\/veloop.se\/sv\/wp-json\/wp\/v2\/types\/product"}],"replies":[{"embeddable":true,"href":"https:\/\/veloop.se\/sv\/wp-json\/wp\/v2\/comments?post=63596"}],"version-history":[{"count":0,"href":"https:\/\/veloop.se\/sv\/wp-json\/wp\/v2\/product\/63596\/revisions"}],"wp:featuredmedia":[{"embeddable":true,"href":"https:\/\/veloop.se\/sv\/wp-json\/wp\/v2\/media\/63584"}],"wp:attachment":[{"href":"https:\/\/veloop.se\/sv\/wp-json\/wp\/v2\/media?parent=63596"}],"wp:term":[{"taxonomy":"product_brand","embeddable":true,"href":"https:\/\/veloop.se\/sv\/wp-json\/wp\/v2\/product_brand?post=63596"},{"taxonomy":"product_cat","embeddable":true,"href":"https:\/\/veloop.se\/sv\/wp-json\/wp\/v2\/product_cat?post=63596"},{"taxonomy":"product_tag","embeddable":true,"href":"https:\/\/veloop.se\/sv\/wp-json\/wp\/v2\/product_tag?post=63596"}],"curies":[{"name":"wp","href":"https:\/\/api.w.org\/{rel}","templated":true}]}}