{"id":62879,"date":"2025-07-08T15:31:06","date_gmt":"2025-07-08T15:31:06","guid":{"rendered":"https:\/\/veloop.se\/?post_type=product&#038;p=62879"},"modified":"2025-11-29T10:44:10","modified_gmt":"2025-11-29T10:44:10","slug":"n-one-crystal-strawberry-kiwi","status":"publish","type":"product","link":"https:\/\/veloop.se\/sv\/produkt\/n-one-crystal-strawberry-kiwi\/","title":{"rendered":"N One Crystal Strawberry Kiwi"},"content":{"rendered":"<h1>N One Crystal Strawberry Kiwi<\/h1>\n<div class=\"single-product-description\">\n<h2 data-start=\"243\" data-end=\"330\"><strong data-start=\"247\" data-end=\"330\">N One Crystal Strawberry Kiwi \u2013 Eng\u00e5ngsvape med frisk smak av jordgubb och kiwi<\/strong><\/h2>\n<p data-start=\"332\" data-end=\"617\">Letar du efter en fruktig vape med perfekt balans mellan s\u00f6tma och syrlighet? <strong data-start=\"410\" data-end=\"443\">N One Crystal Strawberry Kiwi<\/strong>kombinerar <strong data-start=\"455\" data-end=\"491\">mogna jordgubbar med syrlig kiwi<\/strong> i en smakprofil som \u00e4r b\u00e5de fr\u00e4sch och uppfriskande. En perfekt allround-smak som passar lika bra till vardags som p\u00e5 spr\u00e5ng.<\/p>\n<p data-start=\"619\" data-end=\"880\">Med <strong data-start=\"623\" data-end=\"644\">20 mg nikotinsalt<\/strong>, <strong data-start=\"646\" data-end=\"666\">mesh-coil-teknik<\/strong> och ett <strong data-start=\"675\" data-end=\"705\">VG\/PG-f\u00f6rh\u00e5llande p\u00e5 50\/50<\/strong> f\u00e5r du <strong data-start=\"713\" data-end=\"732\">mjuk halsk\u00e4nsla<\/strong>, <strong data-start=\"734\" data-end=\"746\">rik smak<\/strong> och <strong data-start=\"751\" data-end=\"773\">j\u00e4mn \u00e5ngproduktion<\/strong>. Du beh\u00f6ver inte t\u00e4nka p\u00e5 laddning eller p\u00e5fyllning \u2013 det \u00e4r bara att \u00f6ppna f\u00f6rpackningen och b\u00f6rja vejpa.<\/p>\n<p data-start=\"882\" data-end=\"1101\"><strong data-start=\"882\" data-end=\"901\">Strawberry Kiwi<\/strong> erbjuder en fr\u00e4sch och naturlig smakupplevelse i ett <strong data-start=\"955\" data-end=\"988\">kompakt och l\u00e4ttanv\u00e4nt format<\/strong>. Den passar perfekt f\u00f6r b\u00e5de nya och erfarna vejpare som uppskattar fruktiga, rena smaker utan \u00f6verdriven s\u00f6tma.<\/p>\n<hr data-start=\"1103\" data-end=\"1106\" \/>\n<h2 data-start=\"1108\" data-end=\"1137\">\ud83d\udd0d <strong data-start=\"1115\" data-end=\"1137\">Produktinformation<\/strong><\/h2>\n<ul data-start=\"1139\" data-end=\"1392\">\n<li data-start=\"1139\" data-end=\"1168\">\n<p data-start=\"1141\" data-end=\"1168\"><strong data-start=\"1141\" data-end=\"1150\">Smak:<\/strong> Jordgubb &amp; kiwi<\/p>\n<\/li>\n<li data-start=\"1169\" data-end=\"1195\">\n<p data-start=\"1171\" data-end=\"1195\"><strong data-start=\"1171\" data-end=\"1187\">Nikotinsalt:<\/strong> 20 mg<\/p>\n<\/li>\n<li data-start=\"1196\" data-end=\"1222\">\n<p data-start=\"1198\" data-end=\"1222\"><strong data-start=\"1198\" data-end=\"1215\">E-juicevolym:<\/strong> 2 ml<\/p>\n<\/li>\n<li data-start=\"1223\" data-end=\"1255\">\n<p data-start=\"1225\" data-end=\"1255\"><strong data-start=\"1225\" data-end=\"1247\">VG\/PG-f\u00f6rh\u00e5llande:<\/strong> 50\/50<\/p>\n<\/li>\n<li data-start=\"1256\" data-end=\"1289\">\n<p data-start=\"1258\" data-end=\"1289\"><strong data-start=\"1258\" data-end=\"1279\">Batterikapacitet:<\/strong> 400 mAh<\/p>\n<\/li>\n<li data-start=\"1290\" data-end=\"1315\">\n<p data-start=\"1292\" data-end=\"1315\"><strong data-start=\"1292\" data-end=\"1309\">Laddningsbar:<\/strong> Nej<\/p>\n<\/li>\n<li data-start=\"1316\" data-end=\"1342\">\n<p data-start=\"1318\" data-end=\"1342\"><strong data-start=\"1318\" data-end=\"1330\">Coiltyp:<\/strong> Mesh-coil<\/p>\n<\/li>\n<li data-start=\"1343\" data-end=\"1392\">\n<p data-start=\"1345\" data-end=\"1392\"><strong data-start=\"1345\" data-end=\"1353\">Typ:<\/strong> Eng\u00e5ngsvape \u2013 klar att anv\u00e4ndas direkt<\/p>\n<\/li>\n<\/ul>\n<hr data-start=\"1394\" data-end=\"1397\" \/>\n<h2 data-start=\"1399\" data-end=\"1451\">\u2705 <strong data-start=\"1405\" data-end=\"1451\">F\u00f6rdelar med N One Crystal Strawberry Kiwi<\/strong><\/h2>\n<ul data-start=\"1453\" data-end=\"1736\">\n<li data-start=\"1453\" data-end=\"1507\">\n<p data-start=\"1455\" data-end=\"1507\">Fr\u00e4sch kombination av s\u00f6t jordgubb och syrlig kiwi<\/p>\n<\/li>\n<li data-start=\"1508\" data-end=\"1563\">\n<p data-start=\"1510\" data-end=\"1563\">Mesh-coil f\u00f6r djupare smak och st\u00f6rre \u00e5ngproduktion<\/p>\n<\/li>\n<li data-start=\"1564\" data-end=\"1623\">\n<p data-start=\"1566\" data-end=\"1623\">Inget underh\u00e5ll \u2013 ingen p\u00e5fyllning eller laddning kr\u00e4vs<\/p>\n<\/li>\n<li data-start=\"1624\" data-end=\"1687\">\n<p data-start=\"1626\" data-end=\"1687\">Nikotinsalt f\u00f6r en j\u00e4mn, snabb och behaglig nikotinleverans<\/p>\n<\/li>\n<li data-start=\"1688\" data-end=\"1736\">\n<p data-start=\"1690\" data-end=\"1736\">Kompakt format \u2013 l\u00e4tt att ta med, var du \u00e4n \u00e4r<\/p>\n<\/li>\n<\/ul>\n<hr data-start=\"1738\" data-end=\"1741\" \/>\n<h2 data-start=\"1743\" data-end=\"1781\">\ud83c\udf1f <strong data-start=\"1750\" data-end=\"1781\">Vad g\u00f6r N One Crystal unik?<\/strong><\/h2>\n<ul data-start=\"1783\" data-end=\"2016\">\n<li data-start=\"1783\" data-end=\"1846\">\n<p data-start=\"1785\" data-end=\"1846\"><strong data-start=\"1785\" data-end=\"1809\">Mesh-coil teknologi:<\/strong> Ger j\u00e4mn v\u00e4rme och f\u00f6rb\u00e4ttrad smak<\/p>\n<\/li>\n<li data-start=\"1847\" data-end=\"1905\">\n<p data-start=\"1849\" data-end=\"1905\"><strong data-start=\"1849\" data-end=\"1873\">F\u00f6rfylld och f\u00e4rdig:<\/strong> Anv\u00e4nds direkt ur f\u00f6rpackning<\/p>\n<\/li>\n<li data-start=\"1906\" data-end=\"1954\">\n<p data-start=\"1908\" data-end=\"1954\"><strong data-start=\"1908\" data-end=\"1928\">Stort smakutbud:<\/strong> Finns i 40 olika smaker<\/p>\n<\/li>\n<li data-start=\"1955\" data-end=\"2016\">\n<p data-start=\"1957\" data-end=\"2016\"><strong data-start=\"1957\" data-end=\"1980\">Diskret &amp; portabel:<\/strong> Idealisk f\u00f6r dagligt bruk och resor<\/p>\n<\/li>\n<\/ul>\n<hr data-start=\"2018\" data-end=\"2021\" \/>\n<h2 data-start=\"2023\" data-end=\"2053\">\ud83d\ude80 <strong data-start=\"2030\" data-end=\"2053\">Vem passar den f\u00f6r?<\/strong><\/h2>\n<p data-start=\"2055\" data-end=\"2112\"><strong data-start=\"2055\" data-end=\"2088\">N One Crystal Strawberry Kiwi<\/strong> \u00e4r perfekt f\u00f6r dig som:<\/p>\n<ul data-start=\"2114\" data-end=\"2356\">\n<li data-start=\"2114\" data-end=\"2168\">\n<p data-start=\"2116\" data-end=\"2168\">Gillar <strong data-start=\"2123\" data-end=\"2166\">fruktiga smaker med fr\u00e4sch\u00f6r och balans<\/strong><\/p>\n<\/li>\n<li data-start=\"2169\" data-end=\"2241\">\n<p data-start=\"2171\" data-end=\"2241\">Vill ha en <strong data-start=\"2182\" data-end=\"2239\">enkel, smidig och f\u00e4rdig vape direkt ur f\u00f6rpackningen<\/strong><\/p>\n<\/li>\n<li data-start=\"2242\" data-end=\"2293\">\n<p data-start=\"2244\" data-end=\"2293\">S\u00f6ker en <strong data-start=\"2253\" data-end=\"2291\">diskret och portabel vapingl\u00f6sning<\/strong><\/p>\n<\/li>\n<li data-start=\"2294\" data-end=\"2356\">\n<p data-start=\"2296\" data-end=\"2356\">\u00c4r nyb\u00f6rjare eller erfaren vejpare som \u00e4lskar b\u00e4r och tropik<\/p>\n<\/li>\n<\/ul>\n<h2>\ud83c\udf08 <strong data-start=\"125\" data-end=\"177\">Tillg\u00e4ngliga smaker \u2013 N One Crystal (40 smaker):<\/strong><\/h2>\n<ul data-start=\"179\" data-end=\"1760\">\n<li data-start=\"179\" data-end=\"224\">\n<p data-start=\"181\" data-end=\"224\">Blue Raspberry \u2013 S\u00f6t och syrlig bl\u00e5hallon<\/p>\n<\/li>\n<li data-start=\"225\" data-end=\"261\">\n<p data-start=\"227\" data-end=\"261\">Blueberry \u2013 Klassisk bl\u00e5b\u00e4rssmak<\/p>\n<\/li>\n<li data-start=\"262\" data-end=\"301\">\n<p data-start=\"264\" data-end=\"301\">Watermelon Ice \u2013 Vattenmelon med is<\/p>\n<\/li>\n<li data-start=\"302\" data-end=\"340\">\n<p data-start=\"304\" data-end=\"340\">Grape Ice \u2013 Kall och fruktig druva<\/p>\n<\/li>\n<li data-start=\"341\" data-end=\"382\">\n<p data-start=\"343\" data-end=\"382\">Fizzy Cherry \u2013 Kolsyrad k\u00f6rsb\u00e4rsgodis<\/p>\n<\/li>\n<li data-start=\"383\" data-end=\"420\">\n<p data-start=\"385\" data-end=\"420\">Peach Ice \u2013 Persika med kylig ton<\/p>\n<\/li>\n<li data-start=\"421\" data-end=\"456\">\n<p data-start=\"423\" data-end=\"456\">Mint Ice \u2013 Fr\u00e4sch och kall mint<\/p>\n<\/li>\n<li data-start=\"457\" data-end=\"512\">\n<p data-start=\"459\" data-end=\"512\">Strawberry Watermelon Bubblegum \u2013 Fruktigt tuggummi<\/p>\n<\/li>\n<li data-start=\"513\" data-end=\"561\">\n<p data-start=\"515\" data-end=\"561\">Double Apple \u2013 Syrliga r\u00f6da och gr\u00f6na \u00e4pplen<\/p>\n<\/li>\n<li data-start=\"562\" data-end=\"600\">\n<p data-start=\"564\" data-end=\"600\">Rainbow Fruits \u2013 F\u00e4rgglad fruktmix<\/p>\n<\/li>\n<li data-start=\"601\" data-end=\"645\">\n<p data-start=\"603\" data-end=\"645\">Blue Razz Cherry \u2013 Bl\u00e5hallon och k\u00f6rsb\u00e4r<\/p>\n<\/li>\n<li data-start=\"646\" data-end=\"685\">\n<p data-start=\"648\" data-end=\"685\">Mango Ice \u2013 Svalkande tropisk mango<\/p>\n<\/li>\n<li data-start=\"686\" data-end=\"731\">\n<p data-start=\"688\" data-end=\"731\">Blackberry Blueberry \u2013 M\u00f6rka b\u00e4r i balans<\/p>\n<\/li>\n<li data-start=\"732\" data-end=\"765\">\n<p data-start=\"734\" data-end=\"765\">Tobacco \u2013 Klassisk tobakssmak<\/p>\n<\/li>\n<li data-start=\"766\" data-end=\"796\">\n<p data-start=\"768\" data-end=\"796\">Licorice \u2013 Djup lakritston<\/p>\n<\/li>\n<li data-start=\"797\" data-end=\"830\">\n<p data-start=\"799\" data-end=\"830\">Lemon Lime \u2013 Fr\u00e4sch citrusmix<\/p>\n<\/li>\n<li data-start=\"831\" data-end=\"868\">\n<p data-start=\"833\" data-end=\"868\">Berry Blast \u2013 Kraftfulla b\u00e4rtoner<\/p>\n<\/li>\n<li data-start=\"869\" data-end=\"900\">\n<p data-start=\"871\" data-end=\"900\">Grape Berry \u2013 Druva och b\u00e4r<\/p>\n<\/li>\n<li data-start=\"901\" data-end=\"929\">\n<p data-start=\"903\" data-end=\"929\">Bubblegum \u2013 S\u00f6t nostalgi<\/p>\n<\/li>\n<li data-start=\"930\" data-end=\"956\">\n<p data-start=\"932\" data-end=\"956\">Cola Ice \u2013 Iskall cola<\/p>\n<\/li>\n<li data-start=\"957\" data-end=\"989\">\n<p data-start=\"959\" data-end=\"989\">Menthol \u2013 Stark, kall mentol<\/p>\n<\/li>\n<li data-start=\"990\" data-end=\"1029\">\n<p data-start=\"992\" data-end=\"1029\">Apple Pear \u2013 Friskt \u00e4pple och p\u00e4ron<\/p>\n<\/li>\n<li data-start=\"1030\" data-end=\"1064\">\n<p data-start=\"1032\" data-end=\"1064\">Strawberry Ice \u2013 Kall jordgubb<\/p>\n<\/li>\n<li data-start=\"1065\" data-end=\"1109\">\n<p data-start=\"1067\" data-end=\"1109\">Pineapple Peach Mango \u2013 Tropisk fruktmix<\/p>\n<\/li>\n<li data-start=\"1110\" data-end=\"1155\">\n<p data-start=\"1112\" data-end=\"1155\">Sour Watermelon Kiwi \u2013 Sur melon och kiwi<\/p>\n<\/li>\n<li data-start=\"1156\" data-end=\"1195\">\n<p data-start=\"1158\" data-end=\"1195\">VMT ICE \u2013 Svarta vinb\u00e4r och cooling<\/p>\n<\/li>\n<li data-start=\"1196\" data-end=\"1230\">\n<p data-start=\"1198\" data-end=\"1230\">Sour Raspberry \u2013 Syrlig hallon<\/p>\n<\/li>\n<li data-start=\"1231\" data-end=\"1277\">\n<p data-start=\"1233\" data-end=\"1277\">Strawberry Raspberry \u2013 Jordgubb och hallon<\/p>\n<\/li>\n<li data-start=\"1278\" data-end=\"1312\">\n<p data-start=\"1280\" data-end=\"1312\">Cherry Lime \u2013 K\u00f6rsb\u00e4r och lime<\/p>\n<\/li>\n<li data-start=\"1313\" data-end=\"1351\">\n<p data-start=\"1315\" data-end=\"1351\">Bull Grape \u2013 Energidryck och druva<\/p>\n<\/li>\n<li data-start=\"1352\" data-end=\"1391\">\n<p data-start=\"1354\" data-end=\"1391\">Apple Peach \u2013 S\u00f6t \u00e4pple och persika<\/p>\n<\/li>\n<li data-start=\"1392\" data-end=\"1448\">\n<p data-start=\"1394\" data-end=\"1448\">Watermelon Pomegranate \u2013 Vattenmelon och granat\u00e4pple<\/p>\n<\/li>\n<li data-start=\"1449\" data-end=\"1478\">\n<p data-start=\"1451\" data-end=\"1478\">Cola Lime \u2013 Cola med lime<\/p>\n<\/li>\n<li data-start=\"1479\" data-end=\"1531\">\n<p data-start=\"1481\" data-end=\"1531\">Watermelon Strawberry \u2013 Vattenmelon och jordgubb<\/p>\n<\/li>\n<li data-start=\"1532\" data-end=\"1566\">\n<p data-start=\"1534\" data-end=\"1566\">Honey Melon \u2013 S\u00f6t honungsmelon<\/p>\n<\/li>\n<li data-start=\"1567\" data-end=\"1605\">\n<p data-start=\"1569\" data-end=\"1605\">Pink Grapefruit \u2013 Frisk grapefrukt<\/p>\n<\/li>\n<li data-start=\"1606\" data-end=\"1645\">\n<p data-start=\"1608\" data-end=\"1645\">Strawberry Kiwi \u2013 Jordgubb och kiwi<\/p>\n<\/li>\n<li data-start=\"1646\" data-end=\"1672\">\n<p data-start=\"1648\" data-end=\"1672\">Banan Ice \u2013 Kall banan<\/p>\n<\/li>\n<li data-start=\"1673\" data-end=\"1720\">\n<p data-start=\"1675\" data-end=\"1720\">Kiwi Passion Guava \u2013 Tropisk kiwi-blandning<\/p>\n<\/li>\n<\/ul>\n<h3 data-start=\"3080\" data-end=\"3105\">\ud83d\uded2 <strong data-start=\"3087\" data-end=\"3105\">Sammanfattning<\/strong><\/h3>\n<p data-start=\"3107\" data-end=\"3421\"><strong data-start=\"3107\" data-end=\"3140\">N One Crystal Strawberry Kiwi<\/strong> \u00e4r en fruktig och uppfriskande eng\u00e5ngsvape med en h\u00e4rlig kombination av s\u00f6t jordgubb och syrlig kiwi. Med 20 mg nikotinsalt, mesh-coil och 2 ml e-juice f\u00e5r du en intensiv och len vapingupplevelse \u2013 helt utan kr\u00e5ngel. Perfekt f\u00f6r dig som gillar fruktiga smaker med naturlig balans.<\/p>\n<\/div>\n<p>&nbsp;<\/p>","protected":false},"excerpt":{"rendered":"<h1>N One Crystal Strawberry Kiwi<\/h1>\n<h2 data-start=\"243\" data-end=\"330\"><strong data-start=\"247\" data-end=\"330\">N One Crystal Strawberry Kiwi \u2013 Eng\u00e5ngsvape med frisk smak av jordgubb och kiwi<\/strong><\/h2>\n<p><strong>Eng\u00e5ngsvape<\/strong><strong>|<\/strong><strong>Nikotinsalt 20mg<\/strong><strong>|<\/strong><strong>Vg50\/Pg50<\/strong><strong>|<\/strong><strong>2ml e-juice<\/strong><strong>|<\/strong><strong>Batterikapacitet 400 mAh<\/strong><\/p>\n<p data-start=\"3131\" data-end=\"3397\"><strong data-start=\"3504\" data-end=\"3537\">N One Crystal Strawberry Kiwi<\/strong> \u00e4r en eng\u00e5ngsvape med frisk smak av jordgubb och kiwi. Inneh\u00e5ller 20 mg nikotinsalt, 2 ml e-juice och 400 mAh batteri. Utrustad med mesh-coil f\u00f6r fyllig smak och \u00e5nga. Klar att anv\u00e4ndas direkt \u2013 ingen laddning eller p\u00e5fyllning kr\u00e4vs.<\/p>","protected":false},"featured_media":62810,"comment_status":"open","ping_status":"closed","template":"","meta":[],"product_brand":[339],"product_cat":[42,156,169,168],"product_tag":[],"class_list":{"0":"post-62879","1":"product","2":"type-product","3":"status-publish","4":"has-post-thumbnail","6":"product_brand-n-one-crystal","7":"product_cat-e-cigg","8":"product_cat-engangs-vape","9":"product_cat-n-one","10":"product_cat-n-one-crystal","12":"first","13":"instock","14":"taxable","15":"shipping-taxable","16":"purchasable","17":"product-type-variable"},"_links":{"self":[{"href":"https:\/\/veloop.se\/sv\/wp-json\/wp\/v2\/product\/62879","targetHints":{"allow":["GET"]}}],"collection":[{"href":"https:\/\/veloop.se\/sv\/wp-json\/wp\/v2\/product"}],"about":[{"href":"https:\/\/veloop.se\/sv\/wp-json\/wp\/v2\/types\/product"}],"replies":[{"embeddable":true,"href":"https:\/\/veloop.se\/sv\/wp-json\/wp\/v2\/comments?post=62879"}],"version-history":[{"count":0,"href":"https:\/\/veloop.se\/sv\/wp-json\/wp\/v2\/product\/62879\/revisions"}],"wp:featuredmedia":[{"embeddable":true,"href":"https:\/\/veloop.se\/sv\/wp-json\/wp\/v2\/media\/62810"}],"wp:attachment":[{"href":"https:\/\/veloop.se\/sv\/wp-json\/wp\/v2\/media?parent=62879"}],"wp:term":[{"taxonomy":"product_brand","embeddable":true,"href":"https:\/\/veloop.se\/sv\/wp-json\/wp\/v2\/product_brand?post=62879"},{"taxonomy":"product_cat","embeddable":true,"href":"https:\/\/veloop.se\/sv\/wp-json\/wp\/v2\/product_cat?post=62879"},{"taxonomy":"product_tag","embeddable":true,"href":"https:\/\/veloop.se\/sv\/wp-json\/wp\/v2\/product_tag?post=62879"}],"curies":[{"name":"wp","href":"https:\/\/api.w.org\/{rel}","templated":true}]}}