{"id":62861,"date":"2025-07-08T15:13:34","date_gmt":"2025-07-08T15:13:34","guid":{"rendered":"https:\/\/veloop.se\/?post_type=product&#038;p=62861"},"modified":"2025-11-29T10:44:23","modified_gmt":"2025-11-29T10:44:23","slug":"n-one-crystal-pink-grapefruit","status":"publish","type":"product","link":"https:\/\/veloop.se\/sv\/produkt\/n-one-crystal-pink-grapefruit\/","title":{"rendered":"N One Crystal Pink Grapefruit"},"content":{"rendered":"<h1>N One Crystal Pink Grapefruit<\/h1>\n<div class=\"single-product-description\">\n<div class=\"elementor-widget-container\">\n<h2 data-start=\"271\" data-end=\"354\"><strong data-start=\"275\" data-end=\"354\">N One Crystal Pink Grapefruit \u2013 Eng\u00e5ngsvape med frisk och bittercitrus smak<\/strong><\/h2>\n<p data-start=\"356\" data-end=\"641\">Sugen p\u00e5 n\u00e5got syrligt, fr\u00e4scht och uppiggande? <strong data-start=\"404\" data-end=\"437\">N One Crystal Pink Grapefruit<\/strong> levererar en <strong data-start=\"451\" data-end=\"489\">ren, frisk smak av rosa grapefrukt<\/strong> \u2013 en balanserad mix av bitterhet, syra och naturlig s\u00f6tma. En perfekt vape f\u00f6r dig som \u00e4lskar <strong data-start=\"584\" data-end=\"613\">citrusprofil med karakt\u00e4r<\/strong>, men utan \u00f6verdriven s\u00f6tma.<\/p>\n<p data-start=\"643\" data-end=\"936\">Med <strong data-start=\"647\" data-end=\"668\">20 mg nikotinsalt<\/strong>, <strong data-start=\"670\" data-end=\"693\">mesh-coil-teknologi<\/strong> och ett balanserat <strong data-start=\"713\" data-end=\"742\">VG\/PG-f\u00f6rh\u00e5llande (50\/50)<\/strong> f\u00e5r du <strong data-start=\"750\" data-end=\"769\">mjuk halsk\u00e4nsla<\/strong>, <strong data-start=\"771\" data-end=\"799\">intensiv smak\u00e5tergivning<\/strong> och <strong data-start=\"804\" data-end=\"825\">rik \u00e5ngproduktion<\/strong>. Det \u00e4r en <strong data-start=\"837\" data-end=\"852\">eng\u00e5ngsvape<\/strong>, vilket betyder att du slipper b\u00e5de laddning och p\u00e5fyllning \u2013 bara \u00f6ppna och vejpa.<\/p>\n<p data-start=\"938\" data-end=\"1178\">Tack vare sin <strong data-start=\"952\" data-end=\"980\">smidiga, diskreta design<\/strong> \u00e4r N One Crystal Pink Grapefruit enkel att ta med sig \u2013 i fickan, v\u00e4skan eller handen. Smaken \u00e4r <strong data-start=\"1078\" data-end=\"1112\">fr\u00e4sch, vuxen och uppfriskande<\/strong>, perfekt som en daglig vape eller som omv\u00e4xling till s\u00f6ta smaker.<\/p>\n<hr data-start=\"1180\" data-end=\"1183\" \/>\n<h2 data-start=\"1185\" data-end=\"1214\">\ud83d\udd0d <strong data-start=\"1192\" data-end=\"1214\">Produktinformation<\/strong><\/h2>\n<ul data-start=\"1216\" data-end=\"1469\">\n<li data-start=\"1216\" data-end=\"1245\">\n<p data-start=\"1218\" data-end=\"1245\"><strong data-start=\"1218\" data-end=\"1227\">Smak:<\/strong> Rosa grapefrukt<\/p>\n<\/li>\n<li data-start=\"1246\" data-end=\"1272\">\n<p data-start=\"1248\" data-end=\"1272\"><strong data-start=\"1248\" data-end=\"1264\">Nikotinsalt:<\/strong> 20 mg<\/p>\n<\/li>\n<li data-start=\"1273\" data-end=\"1299\">\n<p data-start=\"1275\" data-end=\"1299\"><strong data-start=\"1275\" data-end=\"1292\">E-juicevolym:<\/strong> 2 ml<\/p>\n<\/li>\n<li data-start=\"1300\" data-end=\"1332\">\n<p data-start=\"1302\" data-end=\"1332\"><strong data-start=\"1302\" data-end=\"1324\">VG\/PG-f\u00f6rh\u00e5llande:<\/strong> 50\/50<\/p>\n<\/li>\n<li data-start=\"1333\" data-end=\"1366\">\n<p data-start=\"1335\" data-end=\"1366\"><strong data-start=\"1335\" data-end=\"1356\">Batterikapacitet:<\/strong> 400 mAh<\/p>\n<\/li>\n<li data-start=\"1367\" data-end=\"1392\">\n<p data-start=\"1369\" data-end=\"1392\"><strong data-start=\"1369\" data-end=\"1386\">Laddningsbar:<\/strong> Nej<\/p>\n<\/li>\n<li data-start=\"1393\" data-end=\"1419\">\n<p data-start=\"1395\" data-end=\"1419\"><strong data-start=\"1395\" data-end=\"1407\">Coiltyp:<\/strong> Mesh-coil<\/p>\n<\/li>\n<li data-start=\"1420\" data-end=\"1469\">\n<p data-start=\"1422\" data-end=\"1469\"><strong data-start=\"1422\" data-end=\"1430\">Typ:<\/strong> Eng\u00e5ngsvape \u2013 klar att anv\u00e4ndas direkt<\/p>\n<\/li>\n<\/ul>\n<hr data-start=\"1471\" data-end=\"1474\" \/>\n<h2 data-start=\"1476\" data-end=\"1528\">\u2705 <strong data-start=\"1482\" data-end=\"1528\">F\u00f6rdelar med N One Crystal Pink Grapefruit<\/strong><\/h2>\n<ul data-start=\"1530\" data-end=\"1769\">\n<li data-start=\"1530\" data-end=\"1569\">\n<p data-start=\"1532\" data-end=\"1569\">Frisk och syrlig smak av grapefrukt<\/p>\n<\/li>\n<li data-start=\"1570\" data-end=\"1618\">\n<p data-start=\"1572\" data-end=\"1618\">Mesh-coil f\u00f6r j\u00e4mn v\u00e4rme och f\u00f6rb\u00e4ttrad smak<\/p>\n<\/li>\n<li data-start=\"1619\" data-end=\"1671\">\n<p data-start=\"1621\" data-end=\"1671\">Eng\u00e5ngsdesign \u2013 ingen p\u00e5fyllning, ingen laddning<\/p>\n<\/li>\n<li data-start=\"1672\" data-end=\"1721\">\n<p data-start=\"1674\" data-end=\"1721\">Nikotinsalt f\u00f6r snabb och len nikotinleverans<\/p>\n<\/li>\n<li data-start=\"1722\" data-end=\"1769\">\n<p data-start=\"1724\" data-end=\"1769\">Liten, smidig och diskret \u2013 perfekt p\u00e5 spr\u00e5ng<\/p>\n<\/li>\n<\/ul>\n<hr data-start=\"1771\" data-end=\"1774\" \/>\n<h2 data-start=\"1776\" data-end=\"1814\">\ud83c\udf1f <strong data-start=\"1783\" data-end=\"1814\">Vad g\u00f6r N One Crystal unik?<\/strong><\/h2>\n<ul data-start=\"1816\" data-end=\"2067\">\n<li data-start=\"1816\" data-end=\"1876\">\n<p data-start=\"1818\" data-end=\"1876\"><strong data-start=\"1818\" data-end=\"1842\">Mesh-coil teknologi:<\/strong> Ger tydlig smak och fyllig \u00e5nga<\/p>\n<\/li>\n<li data-start=\"1877\" data-end=\"1943\">\n<p data-start=\"1879\" data-end=\"1943\"><strong data-start=\"1879\" data-end=\"1912\">Redo direkt ur f\u00f6rpackningen:<\/strong> Ingen v\u00e4ntetid eller kr\u00e5ngel<\/p>\n<\/li>\n<li data-start=\"1944\" data-end=\"1995\">\n<p data-start=\"1946\" data-end=\"1995\"><strong data-start=\"1946\" data-end=\"1966\">Brett sortiment:<\/strong> V\u00e4lj bland 40 olika smaker<\/p>\n<\/li>\n<li data-start=\"1996\" data-end=\"2067\">\n<p data-start=\"1998\" data-end=\"2067\"><strong data-start=\"1998\" data-end=\"2018\">Portabel design:<\/strong> Optimal f\u00f6r vardag, resor och diskret anv\u00e4ndning<\/p>\n<\/li>\n<\/ul>\n<hr data-start=\"2069\" data-end=\"2072\" \/>\n<h2 data-start=\"2074\" data-end=\"2104\">\ud83d\ude80 <strong data-start=\"2081\" data-end=\"2104\">Vem passar den f\u00f6r?<\/strong><\/h2>\n<p data-start=\"2106\" data-end=\"2163\"><strong data-start=\"2106\" data-end=\"2139\">N One Crystal Pink Grapefruit<\/strong> \u00e4r perfekt f\u00f6r dig som:<\/p>\n<ul data-start=\"2165\" data-end=\"2378\">\n<li data-start=\"2165\" data-end=\"2210\">\n<p data-start=\"2167\" data-end=\"2210\">Gillar <strong data-start=\"2174\" data-end=\"2208\">citrusvapes med vuxen karakt\u00e4r<\/strong><\/p>\n<\/li>\n<li data-start=\"2211\" data-end=\"2258\">\n<p data-start=\"2213\" data-end=\"2258\">Vill ha en <strong data-start=\"2224\" data-end=\"2256\">enkel och underh\u00e5llsfri vape<\/strong><\/p>\n<\/li>\n<li data-start=\"2259\" data-end=\"2326\">\n<p data-start=\"2261\" data-end=\"2326\">\u00c4r nyb\u00f6rjare eller erfaren anv\u00e4ndare som s\u00f6ker fr\u00e4sch variation<\/p>\n<\/li>\n<li data-start=\"2327\" data-end=\"2378\">\n<p data-start=\"2329\" data-end=\"2378\">Vill ha <strong data-start=\"2337\" data-end=\"2378\">en vape med ren och tydlig smakprofil<\/strong><\/p>\n<\/li>\n<\/ul>\n<h2>\ud83c\udf08 <strong data-start=\"125\" data-end=\"177\">Tillg\u00e4ngliga smaker \u2013 N One Crystal (40 smaker):<\/strong><\/h2>\n<ul data-start=\"179\" data-end=\"1760\">\n<li data-start=\"179\" data-end=\"224\">\n<p data-start=\"181\" data-end=\"224\">Blue Raspberry \u2013 S\u00f6t och syrlig bl\u00e5hallon<\/p>\n<\/li>\n<li data-start=\"225\" data-end=\"261\">\n<p data-start=\"227\" data-end=\"261\">Blueberry \u2013 Klassisk bl\u00e5b\u00e4rssmak<\/p>\n<\/li>\n<li data-start=\"262\" data-end=\"301\">\n<p data-start=\"264\" data-end=\"301\">Watermelon Ice \u2013 Vattenmelon med is<\/p>\n<\/li>\n<li data-start=\"302\" data-end=\"340\">\n<p data-start=\"304\" data-end=\"340\">Grape Ice \u2013 Kall och fruktig druva<\/p>\n<\/li>\n<li data-start=\"341\" data-end=\"382\">\n<p data-start=\"343\" data-end=\"382\">Fizzy Cherry \u2013 Kolsyrad k\u00f6rsb\u00e4rsgodis<\/p>\n<\/li>\n<li data-start=\"383\" data-end=\"420\">\n<p data-start=\"385\" data-end=\"420\">Peach Ice \u2013 Persika med kylig ton<\/p>\n<\/li>\n<li data-start=\"421\" data-end=\"456\">\n<p data-start=\"423\" data-end=\"456\">Mint Ice \u2013 Fr\u00e4sch och kall mint<\/p>\n<\/li>\n<li data-start=\"457\" data-end=\"512\">\n<p data-start=\"459\" data-end=\"512\">Strawberry Watermelon Bubblegum \u2013 Fruktigt tuggummi<\/p>\n<\/li>\n<li data-start=\"513\" data-end=\"561\">\n<p data-start=\"515\" data-end=\"561\">Double Apple \u2013 Syrliga r\u00f6da och gr\u00f6na \u00e4pplen<\/p>\n<\/li>\n<li data-start=\"562\" data-end=\"600\">\n<p data-start=\"564\" data-end=\"600\">Rainbow Fruits \u2013 F\u00e4rgglad fruktmix<\/p>\n<\/li>\n<li data-start=\"601\" data-end=\"645\">\n<p data-start=\"603\" data-end=\"645\">Blue Razz Cherry \u2013 Bl\u00e5hallon och k\u00f6rsb\u00e4r<\/p>\n<\/li>\n<li data-start=\"646\" data-end=\"685\">\n<p data-start=\"648\" data-end=\"685\">Mango Ice \u2013 Svalkande tropisk mango<\/p>\n<\/li>\n<li data-start=\"686\" data-end=\"731\">\n<p data-start=\"688\" data-end=\"731\">Blackberry Blueberry \u2013 M\u00f6rka b\u00e4r i balans<\/p>\n<\/li>\n<li data-start=\"732\" data-end=\"765\">\n<p data-start=\"734\" data-end=\"765\">Tobacco \u2013 Klassisk tobakssmak<\/p>\n<\/li>\n<li data-start=\"766\" data-end=\"796\">\n<p data-start=\"768\" data-end=\"796\">Licorice \u2013 Djup lakritston<\/p>\n<\/li>\n<li data-start=\"797\" data-end=\"830\">\n<p data-start=\"799\" data-end=\"830\">Lemon Lime \u2013 Fr\u00e4sch citrusmix<\/p>\n<\/li>\n<li data-start=\"831\" data-end=\"868\">\n<p data-start=\"833\" data-end=\"868\">Berry Blast \u2013 Kraftfulla b\u00e4rtoner<\/p>\n<\/li>\n<li data-start=\"869\" data-end=\"900\">\n<p data-start=\"871\" data-end=\"900\">Grape Berry \u2013 Druva och b\u00e4r<\/p>\n<\/li>\n<li data-start=\"901\" data-end=\"929\">\n<p data-start=\"903\" data-end=\"929\">Bubblegum \u2013 S\u00f6t nostalgi<\/p>\n<\/li>\n<li data-start=\"930\" data-end=\"956\">\n<p data-start=\"932\" data-end=\"956\">Cola Ice \u2013 Iskall cola<\/p>\n<\/li>\n<li data-start=\"957\" data-end=\"989\">\n<p data-start=\"959\" data-end=\"989\">Menthol \u2013 Stark, kall mentol<\/p>\n<\/li>\n<li data-start=\"990\" data-end=\"1029\">\n<p data-start=\"992\" data-end=\"1029\">Apple Pear \u2013 Friskt \u00e4pple och p\u00e4ron<\/p>\n<\/li>\n<li data-start=\"1030\" data-end=\"1064\">\n<p data-start=\"1032\" data-end=\"1064\">Strawberry Ice \u2013 Kall jordgubb<\/p>\n<\/li>\n<li data-start=\"1065\" data-end=\"1109\">\n<p data-start=\"1067\" data-end=\"1109\">Pineapple Peach Mango \u2013 Tropisk fruktmix<\/p>\n<\/li>\n<li data-start=\"1110\" data-end=\"1155\">\n<p data-start=\"1112\" data-end=\"1155\">Sour Watermelon Kiwi \u2013 Sur melon och kiwi<\/p>\n<\/li>\n<li data-start=\"1156\" data-end=\"1195\">\n<p data-start=\"1158\" data-end=\"1195\">VMT ICE \u2013 Svarta vinb\u00e4r och cooling<\/p>\n<\/li>\n<li data-start=\"1196\" data-end=\"1230\">\n<p data-start=\"1198\" data-end=\"1230\">Sour Raspberry \u2013 Syrlig hallon<\/p>\n<\/li>\n<li data-start=\"1231\" data-end=\"1277\">\n<p data-start=\"1233\" data-end=\"1277\">Strawberry Raspberry \u2013 Jordgubb och hallon<\/p>\n<\/li>\n<li data-start=\"1278\" data-end=\"1312\">\n<p data-start=\"1280\" data-end=\"1312\">Cherry Lime \u2013 K\u00f6rsb\u00e4r och lime<\/p>\n<\/li>\n<li data-start=\"1313\" data-end=\"1351\">\n<p data-start=\"1315\" data-end=\"1351\">Bull Grape \u2013 Energidryck och druva<\/p>\n<\/li>\n<li data-start=\"1352\" data-end=\"1391\">\n<p data-start=\"1354\" data-end=\"1391\">Apple Peach \u2013 S\u00f6t \u00e4pple och persika<\/p>\n<\/li>\n<li data-start=\"1392\" data-end=\"1448\">\n<p data-start=\"1394\" data-end=\"1448\">Watermelon Pomegranate \u2013 Vattenmelon och granat\u00e4pple<\/p>\n<\/li>\n<li data-start=\"1449\" data-end=\"1478\">\n<p data-start=\"1451\" data-end=\"1478\">Cola Lime \u2013 Cola med lime<\/p>\n<\/li>\n<li data-start=\"1479\" data-end=\"1531\">\n<p data-start=\"1481\" data-end=\"1531\">Watermelon Strawberry \u2013 Vattenmelon och jordgubb<\/p>\n<\/li>\n<li data-start=\"1532\" data-end=\"1566\">\n<p data-start=\"1534\" data-end=\"1566\">Honey Melon \u2013 S\u00f6t honungsmelon<\/p>\n<\/li>\n<li data-start=\"1567\" data-end=\"1605\">\n<p data-start=\"1569\" data-end=\"1605\">Pink Grapefruit \u2013 Frisk grapefrukt<\/p>\n<\/li>\n<li data-start=\"1606\" data-end=\"1645\">\n<p data-start=\"1608\" data-end=\"1645\">Strawberry Kiwi \u2013 Jordgubb och kiwi<\/p>\n<\/li>\n<li data-start=\"1646\" data-end=\"1672\">\n<p data-start=\"1648\" data-end=\"1672\">Banan Ice \u2013 Kall banan<\/p>\n<\/li>\n<li data-start=\"1673\" data-end=\"1720\">\n<p data-start=\"1675\" data-end=\"1720\">Kiwi Passion Guava \u2013 Tropisk kiwi-blandning<\/p>\n<\/li>\n<\/ul>\n<h3 data-start=\"3102\" data-end=\"3127\">\ud83d\uded2 <strong data-start=\"3109\" data-end=\"3127\">Sammanfattning<\/strong><\/h3>\n<p data-start=\"3129\" data-end=\"3445\"><strong data-start=\"3129\" data-end=\"3162\">N One Crystal Pink Grapefruit<\/strong> bjuder p\u00e5 en <strong data-start=\"3176\" data-end=\"3224\">uppfriskande och bittercitrus smakupplevelse<\/strong> i en kompakt eng\u00e5ngsvape. Med mesh-coil, 20 mg nikotinsalt och en f\u00e4rdigfylld enhet f\u00e5r du en intensiv och len vaping \u2013 utan laddning, utan p\u00e5fyllning. Perfekt f\u00f6r dig som f\u00f6redrar <strong data-start=\"3406\" data-end=\"3444\">syrliga smaker med tydlig karakt\u00e4r<\/strong>.<\/p>\n<\/div>\n<\/div>\n<p>&nbsp;<\/p>","protected":false},"excerpt":{"rendered":"<h1>N One Crystal Pink Grapefruit<\/h1>\n<h2 data-start=\"271\" data-end=\"354\"><strong data-start=\"275\" data-end=\"354\">N One Crystal Pink Grapefruit \u2013 Eng\u00e5ngsvape med frisk och bittercitrus smak<\/strong><\/h2>\n<p><strong>Eng\u00e5ngsvape<\/strong><strong>|<\/strong><strong>Nikotinsalt 20mg<\/strong><strong>|<\/strong><strong>Vg50\/Pg50<\/strong><strong>|<\/strong><strong>2ml e-juice<\/strong><strong>|<\/strong><strong>Batterikapacitet 400 mAh<\/strong><\/p>\n<p data-start=\"3131\" data-end=\"3397\"><strong data-start=\"3528\" data-end=\"3561\">N One Crystal Pink Grapefruit<\/strong> \u00e4r en eng\u00e5ngsvape med uppfriskande smak av rosa grapefrukt. Inneh\u00e5ller 20 mg nikotinsalt, 2 ml e-juice och 400 mAh batteri. Utrustad med mesh-coil f\u00f6r j\u00e4mn och kraftfull smak. Klar att anv\u00e4ndas direkt \u2013 ingen laddning eller p\u00e5fyllning kr\u00e4vs.<\/p>","protected":false},"featured_media":62807,"comment_status":"open","ping_status":"closed","template":"","meta":[],"product_brand":[339],"product_cat":[42,156,169,168],"product_tag":[],"class_list":{"0":"post-62861","1":"product","2":"type-product","3":"status-publish","4":"has-post-thumbnail","6":"product_brand-n-one-crystal","7":"product_cat-e-cigg","8":"product_cat-engangs-vape","9":"product_cat-n-one","10":"product_cat-n-one-crystal","12":"first","13":"instock","14":"taxable","15":"shipping-taxable","16":"purchasable","17":"product-type-variable"},"_links":{"self":[{"href":"https:\/\/veloop.se\/sv\/wp-json\/wp\/v2\/product\/62861","targetHints":{"allow":["GET"]}}],"collection":[{"href":"https:\/\/veloop.se\/sv\/wp-json\/wp\/v2\/product"}],"about":[{"href":"https:\/\/veloop.se\/sv\/wp-json\/wp\/v2\/types\/product"}],"replies":[{"embeddable":true,"href":"https:\/\/veloop.se\/sv\/wp-json\/wp\/v2\/comments?post=62861"}],"version-history":[{"count":0,"href":"https:\/\/veloop.se\/sv\/wp-json\/wp\/v2\/product\/62861\/revisions"}],"wp:featuredmedia":[{"embeddable":true,"href":"https:\/\/veloop.se\/sv\/wp-json\/wp\/v2\/media\/62807"}],"wp:attachment":[{"href":"https:\/\/veloop.se\/sv\/wp-json\/wp\/v2\/media?parent=62861"}],"wp:term":[{"taxonomy":"product_brand","embeddable":true,"href":"https:\/\/veloop.se\/sv\/wp-json\/wp\/v2\/product_brand?post=62861"},{"taxonomy":"product_cat","embeddable":true,"href":"https:\/\/veloop.se\/sv\/wp-json\/wp\/v2\/product_cat?post=62861"},{"taxonomy":"product_tag","embeddable":true,"href":"https:\/\/veloop.se\/sv\/wp-json\/wp\/v2\/product_tag?post=62861"}],"curies":[{"name":"wp","href":"https:\/\/api.w.org\/{rel}","templated":true}]}}