{"id":62849,"date":"2025-07-08T14:54:43","date_gmt":"2025-07-08T14:54:43","guid":{"rendered":"https:\/\/veloop.se\/?post_type=product&#038;p=62849"},"modified":"2025-11-29T10:44:37","modified_gmt":"2025-11-29T10:44:37","slug":"n-one-crystal-honey-melon","status":"publish","type":"product","link":"https:\/\/veloop.se\/sv\/produkt\/n-one-crystal-honey-melon\/","title":{"rendered":"N One Crystal Honey Melon"},"content":{"rendered":"<h1>N One Crystal Honey Melon<\/h1>\n<div class=\"single-product-description\">\n<div class=\"elementor-widget-container\">\n<h2 data-start=\"253\" data-end=\"337\"><strong data-start=\"257\" data-end=\"337\">N One Crystal Honey Melon \u2013 Eng\u00e5ngsvape med s\u00f6t och len smak av honungsmelon<\/strong><\/h2>\n<p data-start=\"339\" data-end=\"636\">Letar du efter en vape med rund, fruktig och mjuk smak? <strong data-start=\"395\" data-end=\"424\">N One Crystal Honey Melon<\/strong> levererar en <strong data-start=\"438\" data-end=\"477\">s\u00f6t och saftig smak av honungsmelon<\/strong>, perfekt f\u00f6r dig som f\u00f6redrar milda men smakrika vapeprofiler. Upplevelsen \u00e4r len, naturlig och perfekt balanserad \u2013 idealisk f\u00f6r b\u00e5de nya och vana anv\u00e4ndare.<\/p>\n<p data-start=\"638\" data-end=\"946\">Med <strong data-start=\"642\" data-end=\"663\">20 mg nikotinsalt<\/strong>, <strong data-start=\"665\" data-end=\"688\">mesh-coil-teknologi<\/strong> och ett <strong data-start=\"697\" data-end=\"727\">VG\/PG-f\u00f6rh\u00e5llande p\u00e5 50\/50<\/strong>, f\u00e5r du inte bara en rik smakupplevelse utan \u00e4ven <strong data-start=\"778\" data-end=\"820\">mjuka halsbloss och j\u00e4mn \u00e5ngproduktion<\/strong>. Den kommer <strong data-start=\"833\" data-end=\"892\">f\u00f6rfylld och f\u00e4rdig att anv\u00e4nda direkt ur f\u00f6rpackningen<\/strong> \u2013 du beh\u00f6ver inte t\u00e4nka p\u00e5 laddning eller p\u00e5fyllning.<\/p>\n<p data-start=\"948\" data-end=\"1122\">Den <strong data-start=\"952\" data-end=\"986\">kompakta och diskreta designen<\/strong> g\u00f6r N One Crystal Honey Melon till ett smart val f\u00f6r vardagsanv\u00e4ndning, resor eller n\u00e4r du bara vill ha n\u00e5got gott \u2013 snabbt och enkelt.<\/p>\n<hr data-start=\"1124\" data-end=\"1127\" \/>\n<h2 data-start=\"1129\" data-end=\"1158\">\ud83d\udd0d <strong data-start=\"1136\" data-end=\"1158\">Produktinformation<\/strong><\/h2>\n<ul data-start=\"1160\" data-end=\"1409\">\n<li data-start=\"1160\" data-end=\"1186\">\n<p data-start=\"1162\" data-end=\"1186\"><strong data-start=\"1162\" data-end=\"1171\">Smak:<\/strong> Honungsmelon<\/p>\n<\/li>\n<li data-start=\"1187\" data-end=\"1213\">\n<p data-start=\"1189\" data-end=\"1213\"><strong data-start=\"1189\" data-end=\"1205\">Nikotinsalt:<\/strong> 20 mg<\/p>\n<\/li>\n<li data-start=\"1214\" data-end=\"1240\">\n<p data-start=\"1216\" data-end=\"1240\"><strong data-start=\"1216\" data-end=\"1233\">E-juicevolym:<\/strong> 2 ml<\/p>\n<\/li>\n<li data-start=\"1241\" data-end=\"1273\">\n<p data-start=\"1243\" data-end=\"1273\"><strong data-start=\"1243\" data-end=\"1265\">VG\/PG-f\u00f6rh\u00e5llande:<\/strong> 50\/50<\/p>\n<\/li>\n<li data-start=\"1274\" data-end=\"1307\">\n<p data-start=\"1276\" data-end=\"1307\"><strong data-start=\"1276\" data-end=\"1297\">Batterikapacitet:<\/strong> 400 mAh<\/p>\n<\/li>\n<li data-start=\"1308\" data-end=\"1333\">\n<p data-start=\"1310\" data-end=\"1333\"><strong data-start=\"1310\" data-end=\"1327\">Laddningsbar:<\/strong> Nej<\/p>\n<\/li>\n<li data-start=\"1334\" data-end=\"1360\">\n<p data-start=\"1336\" data-end=\"1360\"><strong data-start=\"1336\" data-end=\"1348\">Coiltyp:<\/strong> Mesh-coil<\/p>\n<\/li>\n<li data-start=\"1361\" data-end=\"1409\">\n<p data-start=\"1363\" data-end=\"1409\"><strong data-start=\"1363\" data-end=\"1371\">Typ:<\/strong> Eng\u00e5ngsvape \u2013 klar att anv\u00e4nda direkt<\/p>\n<\/li>\n<\/ul>\n<hr data-start=\"1411\" data-end=\"1414\" \/>\n<h2 data-start=\"1416\" data-end=\"1464\">\u2705 <strong data-start=\"1422\" data-end=\"1464\">F\u00f6rdelar med N One Crystal Honey Melon<\/strong><\/h2>\n<ul data-start=\"1466\" data-end=\"1717\">\n<li data-start=\"1466\" data-end=\"1504\">\n<p data-start=\"1468\" data-end=\"1504\">Naturligt s\u00f6t smak av honungsmelon<\/p>\n<\/li>\n<li data-start=\"1505\" data-end=\"1562\">\n<p data-start=\"1507\" data-end=\"1562\">Mesh-coil ger fylligare smak och b\u00e4ttre \u00e5ngproduktion<\/p>\n<\/li>\n<li data-start=\"1563\" data-end=\"1602\">\n<p data-start=\"1565\" data-end=\"1602\">Enkel och underh\u00e5llsfri eng\u00e5ngsvape<\/p>\n<\/li>\n<li data-start=\"1603\" data-end=\"1663\">\n<p data-start=\"1605\" data-end=\"1663\">Nikotinsalt f\u00f6r snabb nikotinleverans och len halsk\u00e4nsla<\/p>\n<\/li>\n<li data-start=\"1664\" data-end=\"1717\">\n<p data-start=\"1666\" data-end=\"1717\">Smidig och portabel \u2013 perfekt i fickan eller v\u00e4skan<\/p>\n<\/li>\n<\/ul>\n<hr data-start=\"1719\" data-end=\"1722\" \/>\n<h3 data-start=\"1724\" data-end=\"1762\">\ud83c\udf1f <strong data-start=\"1731\" data-end=\"1762\">Vad g\u00f6r N One Crystal unik?<\/strong><\/h3>\n<ul data-start=\"1764\" data-end=\"2025\">\n<li data-start=\"1764\" data-end=\"1833\">\n<p data-start=\"1766\" data-end=\"1833\"><strong data-start=\"1766\" data-end=\"1790\">Mesh-coil teknologi:<\/strong> F\u00f6rst\u00e4rker smak och effektiv \u00e5ngbildning<\/p>\n<\/li>\n<li data-start=\"1834\" data-end=\"1905\">\n<p data-start=\"1836\" data-end=\"1905\"><strong data-start=\"1836\" data-end=\"1865\">Redo att anv\u00e4ndas direkt:<\/strong> Ingen laddning eller p\u00e5fyllning kr\u00e4vs<\/p>\n<\/li>\n<li data-start=\"1906\" data-end=\"1966\">\n<p data-start=\"1908\" data-end=\"1966\"><strong data-start=\"1908\" data-end=\"1928\">Stort smakutbud:<\/strong> V\u00e4lj bland 40 v\u00e4lkomponerade smaker<\/p>\n<\/li>\n<li data-start=\"1967\" data-end=\"2025\">\n<p data-start=\"1969\" data-end=\"2025\"><strong data-start=\"1969\" data-end=\"1988\">Kompakt design:<\/strong> Stilren och l\u00e4tt att ta med \u00f6verallt<\/p>\n<\/li>\n<\/ul>\n<hr data-start=\"2027\" data-end=\"2030\" \/>\n<p>\ud83d\ude80 <strong data-start=\"2039\" data-end=\"2062\">Vem passar den f\u00f6r?<\/strong><strong data-start=\"2064\" data-end=\"2093\">N One Crystal Honey Melon<\/strong> \u00e4r ett utm\u00e4rkt val f\u00f6r dig som:<\/p>\n<ul data-start=\"2127\" data-end=\"2370\">\n<li data-start=\"2127\" data-end=\"2177\">\n<pre>Gillar s\u00f6ta och fruktiga vapes med mild profil<\/pre>\n<\/li>\n<li data-start=\"2178\" data-end=\"2238\">\n<pre>Vill ha en enkel, smidig och underh\u00e5llsfri vapingl\u00f6sning<\/pre>\n<\/li>\n<li data-start=\"2239\" data-end=\"2299\">\n<pre>Beh\u00f6ver ett diskret alternativ f\u00f6r jobb, fest eller resa<\/pre>\n<\/li>\n<li data-start=\"2300\" data-end=\"2370\">\n<pre>\u00c4r nyb\u00f6rjare eller erfaren anv\u00e4ndare som s\u00f6ker en s\u00f6t vardagsfavorit<\/pre>\n<\/li>\n<\/ul>\n<p>\ud83c\udf08 <strong data-start=\"125\" data-end=\"177\">Tillg\u00e4ngliga smaker \u2013 N One Crystal (40 smaker):<\/strong><\/p>\n<ul data-start=\"179\" data-end=\"1760\">\n<li data-start=\"179\" data-end=\"224\">\n<p data-start=\"181\" data-end=\"224\">Blue Raspberry \u2013 S\u00f6t och syrlig bl\u00e5hallon<\/p>\n<\/li>\n<li data-start=\"225\" data-end=\"261\">\n<p data-start=\"227\" data-end=\"261\">Blueberry \u2013 Klassisk bl\u00e5b\u00e4rssmak<\/p>\n<\/li>\n<li data-start=\"262\" data-end=\"301\">\n<p data-start=\"264\" data-end=\"301\">Watermelon Ice \u2013 Vattenmelon med is<\/p>\n<\/li>\n<li data-start=\"302\" data-end=\"340\">\n<p data-start=\"304\" data-end=\"340\">Grape Ice \u2013 Kall och fruktig druva<\/p>\n<\/li>\n<li data-start=\"341\" data-end=\"382\">\n<p data-start=\"343\" data-end=\"382\">Fizzy Cherry \u2013 Kolsyrad k\u00f6rsb\u00e4rsgodis<\/p>\n<\/li>\n<li data-start=\"383\" data-end=\"420\">\n<p data-start=\"385\" data-end=\"420\">Peach Ice \u2013 Persika med kylig ton<\/p>\n<\/li>\n<li data-start=\"421\" data-end=\"456\">\n<p data-start=\"423\" data-end=\"456\">Mint Ice \u2013 Fr\u00e4sch och kall mint<\/p>\n<\/li>\n<li data-start=\"457\" data-end=\"512\">\n<p data-start=\"459\" data-end=\"512\">Strawberry Watermelon Bubblegum \u2013 Fruktigt tuggummi<\/p>\n<\/li>\n<li data-start=\"513\" data-end=\"561\">\n<p data-start=\"515\" data-end=\"561\">Double Apple \u2013 Syrliga r\u00f6da och gr\u00f6na \u00e4pplen<\/p>\n<\/li>\n<li data-start=\"562\" data-end=\"600\">\n<p data-start=\"564\" data-end=\"600\">Rainbow Fruits \u2013 F\u00e4rgglad fruktmix<\/p>\n<\/li>\n<li data-start=\"601\" data-end=\"645\">\n<p data-start=\"603\" data-end=\"645\">Blue Razz Cherry \u2013 Bl\u00e5hallon och k\u00f6rsb\u00e4r<\/p>\n<\/li>\n<li data-start=\"646\" data-end=\"685\">\n<p data-start=\"648\" data-end=\"685\">Mango Ice \u2013 Svalkande tropisk mango<\/p>\n<\/li>\n<li data-start=\"686\" data-end=\"731\">\n<p data-start=\"688\" data-end=\"731\">Blackberry Blueberry \u2013 M\u00f6rka b\u00e4r i balans<\/p>\n<\/li>\n<li data-start=\"732\" data-end=\"765\">\n<p data-start=\"734\" data-end=\"765\">Tobacco \u2013 Klassisk tobakssmak<\/p>\n<\/li>\n<li data-start=\"766\" data-end=\"796\">\n<p data-start=\"768\" data-end=\"796\">Licorice \u2013 Djup lakritston<\/p>\n<\/li>\n<li data-start=\"797\" data-end=\"830\">\n<p data-start=\"799\" data-end=\"830\">Lemon Lime \u2013 Fr\u00e4sch citrusmix<\/p>\n<\/li>\n<li data-start=\"831\" data-end=\"868\">\n<p data-start=\"833\" data-end=\"868\">Berry Blast \u2013 Kraftfulla b\u00e4rtoner<\/p>\n<\/li>\n<li data-start=\"869\" data-end=\"900\">\n<p data-start=\"871\" data-end=\"900\">Grape Berry \u2013 Druva och b\u00e4r<\/p>\n<\/li>\n<li data-start=\"901\" data-end=\"929\">\n<p data-start=\"903\" data-end=\"929\">Bubblegum \u2013 S\u00f6t nostalgi<\/p>\n<\/li>\n<li data-start=\"930\" data-end=\"956\">\n<p data-start=\"932\" data-end=\"956\">Cola Ice \u2013 Iskall cola<\/p>\n<\/li>\n<li data-start=\"957\" data-end=\"989\">\n<p data-start=\"959\" data-end=\"989\">Menthol \u2013 Stark, kall mentol<\/p>\n<\/li>\n<li data-start=\"990\" data-end=\"1029\">\n<p data-start=\"992\" data-end=\"1029\">Apple Pear \u2013 Friskt \u00e4pple och p\u00e4ron<\/p>\n<\/li>\n<li data-start=\"1030\" data-end=\"1064\">\n<p data-start=\"1032\" data-end=\"1064\">Strawberry Ice \u2013 Kall jordgubb<\/p>\n<\/li>\n<li data-start=\"1065\" data-end=\"1109\">\n<p data-start=\"1067\" data-end=\"1109\">Pineapple Peach Mango \u2013 Tropisk fruktmix<\/p>\n<\/li>\n<li data-start=\"1110\" data-end=\"1155\">\n<p data-start=\"1112\" data-end=\"1155\">Sour Watermelon Kiwi \u2013 Sur melon och kiwi<\/p>\n<\/li>\n<li data-start=\"1156\" data-end=\"1195\">\n<p data-start=\"1158\" data-end=\"1195\">VMT ICE \u2013 Svarta vinb\u00e4r och cooling<\/p>\n<\/li>\n<li data-start=\"1196\" data-end=\"1230\">\n<p data-start=\"1198\" data-end=\"1230\">Sour Raspberry \u2013 Syrlig hallon<\/p>\n<\/li>\n<li data-start=\"1231\" data-end=\"1277\">\n<p data-start=\"1233\" data-end=\"1277\">Strawberry Raspberry \u2013 Jordgubb och hallon<\/p>\n<\/li>\n<li data-start=\"1278\" data-end=\"1312\">\n<p data-start=\"1280\" data-end=\"1312\">Cherry Lime \u2013 K\u00f6rsb\u00e4r och lime<\/p>\n<\/li>\n<li data-start=\"1313\" data-end=\"1351\">\n<p data-start=\"1315\" data-end=\"1351\">Bull Grape \u2013 Energidryck och druva<\/p>\n<\/li>\n<li data-start=\"1352\" data-end=\"1391\">\n<p data-start=\"1354\" data-end=\"1391\">Apple Peach \u2013 S\u00f6t \u00e4pple och persika<\/p>\n<\/li>\n<li data-start=\"1392\" data-end=\"1448\">\n<p data-start=\"1394\" data-end=\"1448\">Watermelon Pomegranate \u2013 Vattenmelon och granat\u00e4pple<\/p>\n<\/li>\n<li data-start=\"1449\" data-end=\"1478\">\n<p data-start=\"1451\" data-end=\"1478\">Cola Lime \u2013 Cola med lime<\/p>\n<\/li>\n<li data-start=\"1479\" data-end=\"1531\">\n<p data-start=\"1481\" data-end=\"1531\">Watermelon Strawberry \u2013 Vattenmelon och jordgubb<\/p>\n<\/li>\n<li data-start=\"1532\" data-end=\"1566\">\n<p data-start=\"1534\" data-end=\"1566\">Honey Melon \u2013 S\u00f6t honungsmelon<\/p>\n<\/li>\n<li data-start=\"1567\" data-end=\"1605\">\n<p data-start=\"1569\" data-end=\"1605\">Pink Grapefruit \u2013 Frisk grapefrukt<\/p>\n<\/li>\n<li data-start=\"1606\" data-end=\"1645\">\n<p data-start=\"1608\" data-end=\"1645\">Strawberry Kiwi \u2013 Jordgubb och kiwi<\/p>\n<\/li>\n<li data-start=\"1646\" data-end=\"1672\">\n<p data-start=\"1648\" data-end=\"1672\">Banan Ice \u2013 Kall banan<\/p>\n<\/li>\n<li data-start=\"1673\" data-end=\"1720\">\n<p data-start=\"1675\" data-end=\"1720\">Kiwi Passion Guava \u2013 Tropisk kiwi-blandning<\/p>\n<\/li>\n<\/ul>\n<h3 data-start=\"3094\" data-end=\"3119\">\ud83d\uded2 <strong data-start=\"3101\" data-end=\"3119\">Sammanfattning<\/strong><\/h3>\n<p data-start=\"3121\" data-end=\"3407\"><strong data-start=\"3121\" data-end=\"3150\">N One Crystal Honey Melon<\/strong> bjuder p\u00e5 en <strong data-start=\"3164\" data-end=\"3227\">rund och s\u00f6t smak av honungsmelon i en praktisk eng\u00e5ngsvape<\/strong>. Med 20 mg nikotinsalt, mesh-coil och 400 mAh batteri \u00e4r den enkel att anv\u00e4nda \u2013 utan laddning eller p\u00e5fyllning. En perfekt vape f\u00f6r dig som \u00e4lskar fruktiga, lena och s\u00f6ta smaker.<\/p>\n<\/div>\n<\/div>\n<p>&nbsp;<\/p>","protected":false},"excerpt":{"rendered":"<h1>N One Crystal Honey Melon<\/h1>\n<h2 data-start=\"253\" data-end=\"337\"><strong data-start=\"257\" data-end=\"337\">N One Crystal Honey Melon \u2013 Eng\u00e5ngsvape med s\u00f6t och len smak av honungsmelon<\/strong><\/h2>\n<p><strong>Eng\u00e5ngsvape<\/strong><strong>|<\/strong><strong>Nikotinsalt 20mg<\/strong><strong>|<\/strong><strong>Vg50\/Pg50<\/strong><strong>|<\/strong><strong>2ml e-juice<\/strong><strong>|<\/strong><strong>Batterikapacitet 400 mAh<\/strong><\/p>\n<p data-start=\"3131\" data-end=\"3397\"><strong data-start=\"3490\" data-end=\"3519\">N One Crystal Honey Melon<\/strong> \u00e4r en eng\u00e5ngsvape med s\u00f6t och naturlig smak av honungsmelon. Inneh\u00e5ller 20 mg nikotinsalt, 2 ml e-juice och 400 mAh batteri. Utrustad med mesh-coil f\u00f6r kraftigare smak och j\u00e4mn \u00e5nga. F\u00e4rdig att anv\u00e4nda direkt \u2013 ingen laddning eller p\u00e5fyllning kr\u00e4vs.<\/p>","protected":false},"featured_media":62805,"comment_status":"open","ping_status":"closed","template":"","meta":[],"product_brand":[339],"product_cat":[42,156,169,168],"product_tag":[],"class_list":{"0":"post-62849","1":"product","2":"type-product","3":"status-publish","4":"has-post-thumbnail","6":"product_brand-n-one-crystal","7":"product_cat-e-cigg","8":"product_cat-engangs-vape","9":"product_cat-n-one","10":"product_cat-n-one-crystal","12":"first","13":"instock","14":"taxable","15":"shipping-taxable","16":"purchasable","17":"product-type-variable"},"_links":{"self":[{"href":"https:\/\/veloop.se\/sv\/wp-json\/wp\/v2\/product\/62849","targetHints":{"allow":["GET"]}}],"collection":[{"href":"https:\/\/veloop.se\/sv\/wp-json\/wp\/v2\/product"}],"about":[{"href":"https:\/\/veloop.se\/sv\/wp-json\/wp\/v2\/types\/product"}],"replies":[{"embeddable":true,"href":"https:\/\/veloop.se\/sv\/wp-json\/wp\/v2\/comments?post=62849"}],"version-history":[{"count":0,"href":"https:\/\/veloop.se\/sv\/wp-json\/wp\/v2\/product\/62849\/revisions"}],"wp:featuredmedia":[{"embeddable":true,"href":"https:\/\/veloop.se\/sv\/wp-json\/wp\/v2\/media\/62805"}],"wp:attachment":[{"href":"https:\/\/veloop.se\/sv\/wp-json\/wp\/v2\/media?parent=62849"}],"wp:term":[{"taxonomy":"product_brand","embeddable":true,"href":"https:\/\/veloop.se\/sv\/wp-json\/wp\/v2\/product_brand?post=62849"},{"taxonomy":"product_cat","embeddable":true,"href":"https:\/\/veloop.se\/sv\/wp-json\/wp\/v2\/product_cat?post=62849"},{"taxonomy":"product_tag","embeddable":true,"href":"https:\/\/veloop.se\/sv\/wp-json\/wp\/v2\/product_tag?post=62849"}],"curies":[{"name":"wp","href":"https:\/\/api.w.org\/{rel}","templated":true}]}}