{"id":62819,"date":"2025-07-08T13:57:33","date_gmt":"2025-07-08T13:57:33","guid":{"rendered":"https:\/\/veloop.se\/?post_type=product&#038;p=62819"},"modified":"2025-11-29T10:44:59","modified_gmt":"2025-11-29T10:44:59","slug":"n-one-crystal-apple-peach","status":"publish","type":"product","link":"https:\/\/veloop.se\/sv\/produkt\/n-one-crystal-apple-peach\/","title":{"rendered":"N One Crystal Apple Peach"},"content":{"rendered":"<h1>N One Crystal Apple Peach<\/h1>\n<div class=\"single-product-description\">\n<div class=\"elementor-widget-container\">\n<div class=\"description category-description\">\n<h2 data-start=\"261\" data-end=\"333\"><strong data-start=\"265\" data-end=\"333\">N One Crystal Apple Peach \u2013 Eng\u00e5ngsvape med frisk fruktblandning<\/strong><\/h2>\n<p data-start=\"335\" data-end=\"610\">Upplev en frisk och fruktig smakupplevelse med <strong data-start=\"382\" data-end=\"411\">N One Crystal Apple Peach<\/strong> \u2013 en <strong data-start=\"417\" data-end=\"432\">eng\u00e5ngsvape<\/strong> som kombinerar <strong data-start=\"448\" data-end=\"472\">krispigt gr\u00f6nt \u00e4pple<\/strong> med <strong data-start=\"477\" data-end=\"500\">s\u00f6t, saftig persika<\/strong>. En balanserad och naturlig smakprofil som passar perfekt f\u00f6r dig som uppskattar friska toner med mjuk s\u00f6tma.<\/p>\n<p data-start=\"612\" data-end=\"906\">Med <strong data-start=\"616\" data-end=\"637\">20 mg nikotinsalt<\/strong>, <strong data-start=\"639\" data-end=\"662\">mesh-coil-teknologi<\/strong> och en <strong data-start=\"670\" data-end=\"698\">VG\/PG-blandning p\u00e5 50\/50<\/strong>, levererar N One Crystal Apple Peach en kraftfull smak med len halsk\u00e4nsla och rik \u00e5ngproduktion. Vapeen \u00e4r helt <strong data-start=\"811\" data-end=\"828\">underh\u00e5llsfri<\/strong> \u2013 ingen laddning, ingen p\u00e5fyllning, bara \u00f6ppna f\u00f6rpackningen och b\u00f6rja puffa.<\/p>\n<p data-start=\"908\" data-end=\"1119\">Den smidiga och kompakta designen g\u00f6r Apple Peach till en utm\u00e4rkt vape att ta med sig \u00f6verallt \u2013 till vardags, p\u00e5 resor eller som backup f\u00f6r vana vejpare. En perfekt kombination av funktion och fr\u00e4sch fruktsmak.<\/p>\n<hr data-start=\"1121\" data-end=\"1124\" \/>\n<h2 data-start=\"1126\" data-end=\"1155\">\ud83d\udd0d <strong data-start=\"1133\" data-end=\"1155\">Produktinformation<\/strong><\/h2>\n<ul data-start=\"1157\" data-end=\"1403\">\n<li data-start=\"1157\" data-end=\"1186\">\n<p data-start=\"1159\" data-end=\"1186\"><strong data-start=\"1159\" data-end=\"1168\">Smak:<\/strong> \u00c4pple &amp; persika<\/p>\n<\/li>\n<li data-start=\"1187\" data-end=\"1213\">\n<p data-start=\"1189\" data-end=\"1213\"><strong data-start=\"1189\" data-end=\"1205\">Nikotinsalt:<\/strong> 20 mg<\/p>\n<\/li>\n<li data-start=\"1214\" data-end=\"1240\">\n<p data-start=\"1216\" data-end=\"1240\"><strong data-start=\"1216\" data-end=\"1233\">E-juicevolym:<\/strong> 2 ml<\/p>\n<\/li>\n<li data-start=\"1241\" data-end=\"1273\">\n<p data-start=\"1243\" data-end=\"1273\"><strong data-start=\"1243\" data-end=\"1265\">VG\/PG-f\u00f6rh\u00e5llande:<\/strong> 50\/50<\/p>\n<\/li>\n<li data-start=\"1274\" data-end=\"1298\">\n<p data-start=\"1276\" data-end=\"1298\"><strong data-start=\"1276\" data-end=\"1288\">Batteri:<\/strong> 400 mAh<\/p>\n<\/li>\n<li data-start=\"1299\" data-end=\"1324\">\n<p data-start=\"1301\" data-end=\"1324\"><strong data-start=\"1301\" data-end=\"1318\">Laddningsbar:<\/strong> Nej<\/p>\n<\/li>\n<li data-start=\"1325\" data-end=\"1351\">\n<p data-start=\"1327\" data-end=\"1351\"><strong data-start=\"1327\" data-end=\"1339\">Coiltyp:<\/strong> Mesh-coil<\/p>\n<\/li>\n<li data-start=\"1352\" data-end=\"1403\">\n<p data-start=\"1354\" data-end=\"1403\"><strong data-start=\"1354\" data-end=\"1369\">Anv\u00e4ndning:<\/strong> Eng\u00e5ngs \u2013 klar att anv\u00e4nda direkt<\/p>\n<\/li>\n<\/ul>\n<hr data-start=\"1405\" data-end=\"1408\" \/>\n<h2 data-start=\"1410\" data-end=\"1458\">\u2705 <strong data-start=\"1416\" data-end=\"1458\">F\u00f6rdelar med N One Crystal Apple Peach<\/strong><\/h2>\n<ul data-start=\"1460\" data-end=\"1706\">\n<li data-start=\"1460\" data-end=\"1506\">\n<p data-start=\"1462\" data-end=\"1506\">Frisk smak av gr\u00f6nt \u00e4pple och mjuk persika<\/p>\n<\/li>\n<li data-start=\"1507\" data-end=\"1547\">\n<p data-start=\"1509\" data-end=\"1547\">Mesh-coil f\u00f6r j\u00e4mn och intensiv smak<\/p>\n<\/li>\n<li data-start=\"1548\" data-end=\"1602\">\n<p data-start=\"1550\" data-end=\"1602\">Klar att anv\u00e4nda \u2013 ingen laddning eller p\u00e5fyllning<\/p>\n<\/li>\n<li data-start=\"1603\" data-end=\"1655\">\n<p data-start=\"1605\" data-end=\"1655\">Nikotinsalt ger snabb och behaglig nikotineffekt<\/p>\n<\/li>\n<li data-start=\"1656\" data-end=\"1706\">\n<p data-start=\"1658\" data-end=\"1706\">L\u00e4tt och kompakt design \u2013 perfekt f\u00f6r att ta med<\/p>\n<\/li>\n<\/ul>\n<hr data-start=\"1708\" data-end=\"1711\" \/>\n<h3 data-start=\"1713\" data-end=\"1751\">\ud83c\udf1f <strong data-start=\"1720\" data-end=\"1751\">Vad g\u00f6r N One Crystal unik?<\/strong><\/h3>\n<ul data-start=\"1753\" data-end=\"2026\">\n<li data-start=\"1753\" data-end=\"1819\">\n<p data-start=\"1755\" data-end=\"1819\"><strong data-start=\"1755\" data-end=\"1776\">Mesh-Coil-teknik:<\/strong> F\u00f6r b\u00e4ttre smak, j\u00e4mn v\u00e4rme och mer \u00e5nga<\/p>\n<\/li>\n<li data-start=\"1820\" data-end=\"1894\">\n<p data-start=\"1822\" data-end=\"1894\"><strong data-start=\"1822\" data-end=\"1855\">Redo direkt ur f\u00f6rpackningen:<\/strong> Ingen installation, bara b\u00f6rja vejpa<\/p>\n<\/li>\n<li data-start=\"1895\" data-end=\"1952\">\n<p data-start=\"1897\" data-end=\"1952\"><strong data-start=\"1897\" data-end=\"1917\">40 unika smaker:<\/strong> Stort urval f\u00f6r alla preferenser<\/p>\n<\/li>\n<li data-start=\"1953\" data-end=\"2026\">\n<p data-start=\"1955\" data-end=\"2026\"><strong data-start=\"1955\" data-end=\"1974\">Diskret format:<\/strong> Passar perfekt i fickan, handv\u00e4skan eller resv\u00e4skan<\/p>\n<\/li>\n<\/ul>\n<hr data-start=\"2028\" data-end=\"2031\" \/>\n<h3 data-start=\"2033\" data-end=\"2063\">\ud83d\ude80 <strong data-start=\"2040\" data-end=\"2063\">Vem passar den f\u00f6r?<\/strong><\/h3>\n<p data-start=\"2065\" data-end=\"2110\"><strong data-start=\"2065\" data-end=\"2094\">N One Crystal Apple Peach<\/strong> \u00e4r perfekt f\u00f6r:<\/p>\n<ul data-start=\"2112\" data-end=\"2330\">\n<li data-start=\"2112\" data-end=\"2158\">\n<p data-start=\"2114\" data-end=\"2158\">Dig som uppskattar friska, fruktiga smaker<\/p>\n<\/li>\n<li data-start=\"2159\" data-end=\"2220\">\n<p data-start=\"2161\" data-end=\"2220\">Nyb\u00f6rjare som vill ha ett enkelt och p\u00e5litligt alternativ<\/p>\n<\/li>\n<li data-start=\"2221\" data-end=\"2295\">\n<p data-start=\"2223\" data-end=\"2295\">Erfarna anv\u00e4ndare som s\u00f6ker ett smidigt vape-alternativ utan underh\u00e5ll<\/p>\n<\/li>\n<li data-start=\"2296\" data-end=\"2330\">\n<p data-start=\"2298\" data-end=\"2330\">Vardagsbruk eller som resereserv<\/p>\n<\/li>\n<\/ul>\n<h2>\ud83c\udf08 <strong data-start=\"125\" data-end=\"177\">Tillg\u00e4ngliga smaker \u2013 N One Crystal (40 smaker):<\/strong><\/h2>\n<\/div>\n<ul data-start=\"179\" data-end=\"1760\">\n<li data-start=\"179\" data-end=\"224\">\n<p data-start=\"181\" data-end=\"224\">Blue Raspberry \u2013 S\u00f6t och syrlig bl\u00e5hallon<\/p>\n<\/li>\n<li data-start=\"225\" data-end=\"261\">\n<p data-start=\"227\" data-end=\"261\">Blueberry \u2013 Klassisk bl\u00e5b\u00e4rssmak<\/p>\n<\/li>\n<li data-start=\"262\" data-end=\"301\">\n<p data-start=\"264\" data-end=\"301\">Watermelon Ice \u2013 Vattenmelon med is<\/p>\n<\/li>\n<li data-start=\"302\" data-end=\"340\">\n<p data-start=\"304\" data-end=\"340\">Grape Ice \u2013 Kall och fruktig druva<\/p>\n<\/li>\n<li data-start=\"341\" data-end=\"382\">\n<p data-start=\"343\" data-end=\"382\">Fizzy Cherry \u2013 Kolsyrad k\u00f6rsb\u00e4rsgodis<\/p>\n<\/li>\n<li data-start=\"383\" data-end=\"420\">\n<p data-start=\"385\" data-end=\"420\">Peach Ice \u2013 Persika med kylig ton<\/p>\n<\/li>\n<li data-start=\"421\" data-end=\"456\">\n<p data-start=\"423\" data-end=\"456\">Mint Ice \u2013 Fr\u00e4sch och kall mint<\/p>\n<\/li>\n<li data-start=\"457\" data-end=\"512\">\n<p data-start=\"459\" data-end=\"512\">Strawberry Watermelon Bubblegum \u2013 Fruktigt tuggummi<\/p>\n<\/li>\n<li data-start=\"513\" data-end=\"561\">\n<p data-start=\"515\" data-end=\"561\">Double Apple \u2013 Syrliga r\u00f6da och gr\u00f6na \u00e4pplen<\/p>\n<\/li>\n<li data-start=\"562\" data-end=\"600\">\n<p data-start=\"564\" data-end=\"600\">Rainbow Fruits \u2013 F\u00e4rgglad fruktmix<\/p>\n<\/li>\n<li data-start=\"601\" data-end=\"645\">\n<p data-start=\"603\" data-end=\"645\">Blue Razz Cherry \u2013 Bl\u00e5hallon och k\u00f6rsb\u00e4r<\/p>\n<\/li>\n<li data-start=\"646\" data-end=\"685\">\n<p data-start=\"648\" data-end=\"685\">Mango Ice \u2013 Svalkande tropisk mango<\/p>\n<\/li>\n<li data-start=\"686\" data-end=\"731\">\n<p data-start=\"688\" data-end=\"731\">Blackberry Blueberry \u2013 M\u00f6rka b\u00e4r i balans<\/p>\n<\/li>\n<li data-start=\"732\" data-end=\"765\">\n<p data-start=\"734\" data-end=\"765\">Tobacco \u2013 Klassisk tobakssmak<\/p>\n<\/li>\n<li data-start=\"766\" data-end=\"796\">\n<p data-start=\"768\" data-end=\"796\">Licorice \u2013 Djup lakritston<\/p>\n<\/li>\n<li data-start=\"797\" data-end=\"830\">\n<p data-start=\"799\" data-end=\"830\">Lemon Lime \u2013 Fr\u00e4sch citrusmix<\/p>\n<\/li>\n<li data-start=\"831\" data-end=\"868\">\n<p data-start=\"833\" data-end=\"868\">Berry Blast \u2013 Kraftfulla b\u00e4rtoner<\/p>\n<\/li>\n<li data-start=\"869\" data-end=\"900\">\n<p data-start=\"871\" data-end=\"900\">Grape Berry \u2013 Druva och b\u00e4r<\/p>\n<\/li>\n<li data-start=\"901\" data-end=\"929\">\n<p data-start=\"903\" data-end=\"929\">Bubblegum \u2013 S\u00f6t nostalgi<\/p>\n<\/li>\n<li data-start=\"930\" data-end=\"956\">\n<p data-start=\"932\" data-end=\"956\">Cola Ice \u2013 Iskall cola<\/p>\n<\/li>\n<li data-start=\"957\" data-end=\"989\">\n<p data-start=\"959\" data-end=\"989\">Menthol \u2013 Stark, kall mentol<\/p>\n<\/li>\n<li data-start=\"990\" data-end=\"1029\">\n<p data-start=\"992\" data-end=\"1029\">Apple Pear \u2013 Friskt \u00e4pple och p\u00e4ron<\/p>\n<\/li>\n<li data-start=\"1030\" data-end=\"1064\">\n<p data-start=\"1032\" data-end=\"1064\">Strawberry Ice \u2013 Kall jordgubb<\/p>\n<\/li>\n<li data-start=\"1065\" data-end=\"1109\">\n<p data-start=\"1067\" data-end=\"1109\">Pineapple Peach Mango \u2013 Tropisk fruktmix<\/p>\n<\/li>\n<li data-start=\"1110\" data-end=\"1155\">\n<p data-start=\"1112\" data-end=\"1155\">Sour Watermelon Kiwi \u2013 Sur melon och kiwi<\/p>\n<\/li>\n<li data-start=\"1156\" data-end=\"1195\">\n<p data-start=\"1158\" data-end=\"1195\">VMT ICE \u2013 Svarta vinb\u00e4r och cooling<\/p>\n<\/li>\n<li data-start=\"1196\" data-end=\"1230\">\n<p data-start=\"1198\" data-end=\"1230\">Sour Raspberry \u2013 Syrlig hallon<\/p>\n<\/li>\n<li data-start=\"1231\" data-end=\"1277\">\n<p data-start=\"1233\" data-end=\"1277\">Strawberry Raspberry \u2013 Jordgubb och hallon<\/p>\n<\/li>\n<li data-start=\"1278\" data-end=\"1312\">\n<p data-start=\"1280\" data-end=\"1312\">Cherry Lime \u2013 K\u00f6rsb\u00e4r och lime<\/p>\n<\/li>\n<li data-start=\"1313\" data-end=\"1351\">\n<p data-start=\"1315\" data-end=\"1351\">Bull Grape \u2013 Energidryck och druva<\/p>\n<\/li>\n<li data-start=\"1352\" data-end=\"1391\">\n<p data-start=\"1354\" data-end=\"1391\">Apple Peach \u2013 S\u00f6t \u00e4pple och persika<\/p>\n<\/li>\n<li data-start=\"1392\" data-end=\"1448\">\n<p data-start=\"1394\" data-end=\"1448\">Watermelon Pomegranate \u2013 Vattenmelon och granat\u00e4pple<\/p>\n<\/li>\n<li data-start=\"1449\" data-end=\"1478\">\n<p data-start=\"1451\" data-end=\"1478\">Cola Lime \u2013 Cola med lime<\/p>\n<\/li>\n<li data-start=\"1479\" data-end=\"1531\">\n<p data-start=\"1481\" data-end=\"1531\">Watermelon Strawberry \u2013 Vattenmelon och jordgubb<\/p>\n<\/li>\n<li data-start=\"1532\" data-end=\"1566\">\n<p data-start=\"1534\" data-end=\"1566\">Honey Melon \u2013 S\u00f6t honungsmelon<\/p>\n<\/li>\n<li data-start=\"1567\" data-end=\"1605\">\n<p data-start=\"1569\" data-end=\"1605\">Pink Grapefruit \u2013 Frisk grapefrukt<\/p>\n<\/li>\n<li data-start=\"1606\" data-end=\"1645\">\n<p data-start=\"1608\" data-end=\"1645\">Strawberry Kiwi \u2013 Jordgubb och kiwi<\/p>\n<\/li>\n<li data-start=\"1646\" data-end=\"1672\">\n<p data-start=\"1648\" data-end=\"1672\">Banan Ice \u2013 Kall banan<\/p>\n<\/li>\n<li data-start=\"1673\" data-end=\"1720\">\n<p data-start=\"1675\" data-end=\"1720\">Kiwi Passion Guava \u2013 Tropisk kiwi-blandning<\/p>\n<\/li>\n<\/ul>\n<h3 data-start=\"3054\" data-end=\"3079\">\ud83d\uded2 <strong data-start=\"3061\" data-end=\"3079\">Sammanfattning<\/strong><\/h3>\n<p data-start=\"3081\" data-end=\"3370\"><strong data-start=\"3081\" data-end=\"3110\">N One Crystal Apple Peach<\/strong> \u00e4r en smakrik, <strong data-start=\"3126\" data-end=\"3191\">eng\u00e5ngsvape med kombinationen av friskt \u00e4pple och s\u00f6t persika<\/strong> \u2013 perfekt balanserad f\u00f6r en naturligt fruktig vapingupplevelse. Med 20 mg nikotinsalt, mesh-coil och en f\u00e4rdigladdad design f\u00e5r du allt du beh\u00f6ver i en kompakt och smidig enhet.<\/p>\n<p data-start=\"3372\" data-end=\"3438\"><strong data-start=\"3372\" data-end=\"3438\">Ingen laddning, ingen p\u00e5fyllning \u2013 bara ren smak och enkelhet.<\/strong><\/p>\n<\/div>\n<\/div>\n<p>&nbsp;<\/p>","protected":false},"excerpt":{"rendered":"<h1>N One Crystal Apple Peach<\/h1>\n<h2 data-start=\"261\" data-end=\"333\"><strong data-start=\"265\" data-end=\"333\">N One Crystal Apple Peach \u2013 Eng\u00e5ngsvape med frisk fruktblandning<\/strong><\/h2>\n<p><strong>Eng\u00e5ngsvape<\/strong><strong>|<\/strong><strong>Nikotinsalt 20mg<\/strong><strong>|<\/strong><strong>Vg50\/Pg50<\/strong><strong>|<\/strong><strong>2ml e-juice<\/strong><strong>|<\/strong><strong>Batterikapacitet 400 mAh<\/strong><\/p>\n<p><strong data-start=\"3517\" data-end=\"3546\">N One Crystal Apple Peach<\/strong> \u00e4r en eng\u00e5ngsvape med 20 mg nikotinsalt och smak av friskt \u00e4pple och s\u00f6t persika. Utrustad med mesh-coil f\u00f6r intensiv smak och j\u00e4mn \u00e5nga. 2 ml e-juice, 400 mAh batteri \u2013 f\u00e4rdig att anv\u00e4ndas direkt, utan laddning eller p\u00e5fyllning.<\/p>","protected":false},"featured_media":62799,"comment_status":"open","ping_status":"closed","template":"","meta":[],"product_brand":[339],"product_cat":[42,156,169,168],"product_tag":[],"class_list":{"0":"post-62819","1":"product","2":"type-product","3":"status-publish","4":"has-post-thumbnail","6":"product_brand-n-one-crystal","7":"product_cat-e-cigg","8":"product_cat-engangs-vape","9":"product_cat-n-one","10":"product_cat-n-one-crystal","12":"first","13":"instock","14":"taxable","15":"shipping-taxable","16":"purchasable","17":"product-type-variable"},"_links":{"self":[{"href":"https:\/\/veloop.se\/sv\/wp-json\/wp\/v2\/product\/62819","targetHints":{"allow":["GET"]}}],"collection":[{"href":"https:\/\/veloop.se\/sv\/wp-json\/wp\/v2\/product"}],"about":[{"href":"https:\/\/veloop.se\/sv\/wp-json\/wp\/v2\/types\/product"}],"replies":[{"embeddable":true,"href":"https:\/\/veloop.se\/sv\/wp-json\/wp\/v2\/comments?post=62819"}],"version-history":[{"count":0,"href":"https:\/\/veloop.se\/sv\/wp-json\/wp\/v2\/product\/62819\/revisions"}],"wp:featuredmedia":[{"embeddable":true,"href":"https:\/\/veloop.se\/sv\/wp-json\/wp\/v2\/media\/62799"}],"wp:attachment":[{"href":"https:\/\/veloop.se\/sv\/wp-json\/wp\/v2\/media?parent=62819"}],"wp:term":[{"taxonomy":"product_brand","embeddable":true,"href":"https:\/\/veloop.se\/sv\/wp-json\/wp\/v2\/product_brand?post=62819"},{"taxonomy":"product_cat","embeddable":true,"href":"https:\/\/veloop.se\/sv\/wp-json\/wp\/v2\/product_cat?post=62819"},{"taxonomy":"product_tag","embeddable":true,"href":"https:\/\/veloop.se\/sv\/wp-json\/wp\/v2\/product_tag?post=62819"}],"curies":[{"name":"wp","href":"https:\/\/api.w.org\/{rel}","templated":true}]}}