{"id":62252,"date":"2025-06-24T22:37:52","date_gmt":"2025-06-24T22:37:52","guid":{"rendered":"https:\/\/veloop.se\/?post_type=product&#038;p=62252"},"modified":"2026-01-26T08:15:54","modified_gmt":"2026-01-26T08:15:54","slug":"helwit-wintermint","status":"publish","type":"product","link":"https:\/\/veloop.se\/sv\/produkt\/helwit-wintermint\/","title":{"rendered":"Helwit Wintermint"},"content":{"rendered":"<h1><img decoding=\"async\" src=\"https:\/\/v3-media-se.snusbolaget.se\/sesnusbo\/files\/warninglabels\/NicotineWarningLabel_ProductListPage_Desktop.svg\" alt=\"18 \u00e5rsgr\u00e4ns\" \/><\/h1>\n<h1>Helwit Wintermint<\/h1>\n<h1 data-start=\"329\" data-end=\"407\">\u2744\ufe0f <strong data-start=\"335\" data-end=\"407\">Helwit Wintermint \u2013 Frisk och Kylig Mintupplevelse i Slim-format<\/strong><\/h1>\n<hr data-start=\"409\" data-end=\"412\" \/>\n<h2 data-start=\"414\" data-end=\"470\">\ud83c\udf3f <strong data-start=\"421\" data-end=\"470\">Uppfriskande vintermint f\u00f6r en ren k\u00e4nsla<\/strong><\/h2>\n<p data-start=\"472\" data-end=\"691\"><strong data-start=\"472\" data-end=\"493\">Helwit Wintermint<\/strong> ger dig en klar och kylande mintsmak som piggar upp hela dagen. Med en frisk och l\u00e4tt s\u00f6t ton \u00e4r denna nikotinp\u00e5se perfekt f\u00f6r dig som \u00e4lskar mint men vill ha en mildare och renare smak utan tobak.<\/p>\n<hr data-start=\"693\" data-end=\"696\" \/>\n<h2 data-start=\"698\" data-end=\"754\">\ud83d\udfe2 <strong data-start=\"705\" data-end=\"754\">Slimmade portioner med mild nikotinstyrka<\/strong><\/h2>\n<p data-start=\"756\" data-end=\"992\">Portionerna \u00e4r i det popul\u00e4ra <strong data-start=\"786\" data-end=\"803\">Slim-formatet<\/strong>, vilket g\u00f6r dem extra diskreta och bekv\u00e4ma under l\u00e4ppen. Med en l\u00e5g nikotinhalt p\u00e5 <strong data-start=\"887\" data-end=\"897\">7 mg\/g<\/strong> \u00e4r Helwit Wintermint ett utm\u00e4rkt val f\u00f6r dig som s\u00f6ker en l\u00e4tt men effektiv nikotinupplevelse.<\/p>\n<hr data-start=\"994\" data-end=\"997\" \/>\n<h2 data-start=\"999\" data-end=\"1057\">\ud83c\udf31 <strong data-start=\"1006\" data-end=\"1057\">Svensktillverkat och milj\u00f6v\u00e4nligt fr\u00e5n YOIK<\/strong><\/h2>\n<p data-start=\"1059\" data-end=\"1315\">Helwit produceras av svenska <strong data-start=\"1088\" data-end=\"1096\">YOIK<\/strong> i en klimatsmart fabrik vid Gransholms Bruk utanf\u00f6r V\u00e4xj\u00f6. Fabriken drivs p\u00e5 vattenkraft och dosorna \u00e4r tillverkade av h\u00e5llbar tallolja \u2013 ett milj\u00f6medvetet val som g\u00f6r Helwit Wintermint till ett klimatsmart alternativ.<\/p>\n<hr data-start=\"1317\" data-end=\"1320\" \/>\n<h2 data-start=\"1322\" data-end=\"1375\">\ud83d\udce6 <strong data-start=\"1329\" data-end=\"1375\">Produktinformation \u2013 Helwit Wintermint<\/strong><\/h2>\n<div class=\"_tableContainer_16hzy_1\">\n<div class=\"_tableWrapper_16hzy_14 group flex w-fit flex-col-reverse\" tabindex=\"-1\">\n<table class=\"w-fit min-w-(--thread-content-width)\" data-start=\"1377\" data-end=\"2025\">\n<thead data-start=\"1377\" data-end=\"1434\">\n<tr data-start=\"1377\" data-end=\"1434\">\n<th data-start=\"1377\" data-end=\"1400\" data-col-size=\"sm\"><strong data-start=\"1379\" data-end=\"1391\">Egenskap<\/strong><\/th>\n<th data-start=\"1400\" data-end=\"1434\" data-col-size=\"sm\"><strong data-start=\"1402\" data-end=\"1412\">Detalj<\/strong><\/th>\n<\/tr>\n<\/thead>\n<tbody data-start=\"1494\" data-end=\"2025\">\n<tr data-start=\"1494\" data-end=\"1552\">\n<td data-start=\"1494\" data-end=\"1517\" data-col-size=\"sm\"><strong data-start=\"1496\" data-end=\"1509\">Varum\u00e4rke<\/strong><\/td>\n<td data-start=\"1517\" data-end=\"1552\" data-col-size=\"sm\">Helwit<\/td>\n<\/tr>\n<tr data-start=\"1553\" data-end=\"1611\">\n<td data-start=\"1553\" data-end=\"1576\" data-col-size=\"sm\"><strong data-start=\"1555\" data-end=\"1570\">Tillverkare<\/strong><\/td>\n<td data-start=\"1576\" data-end=\"1611\" data-col-size=\"sm\">YOIK<\/td>\n<\/tr>\n<tr data-start=\"1612\" data-end=\"1670\">\n<td data-start=\"1612\" data-end=\"1635\" data-col-size=\"sm\"><strong data-start=\"1614\" data-end=\"1628\">Produkttyp<\/strong><\/td>\n<td data-start=\"1635\" data-end=\"1670\" data-col-size=\"sm\">All White Portion<\/td>\n<\/tr>\n<tr data-start=\"1671\" data-end=\"1730\">\n<td data-start=\"1671\" data-end=\"1694\" data-col-size=\"sm\"><strong data-start=\"1673\" data-end=\"1687\">Smakprofil<\/strong><\/td>\n<td data-start=\"1694\" data-end=\"1730\" data-col-size=\"sm\">Mint (kyld och frisk)<\/td>\n<\/tr>\n<tr data-start=\"1731\" data-end=\"1789\">\n<td data-start=\"1731\" data-end=\"1754\" data-col-size=\"sm\"><strong data-start=\"1733\" data-end=\"1750\">Nikotinstyrka<\/strong><\/td>\n<td data-start=\"1754\" data-end=\"1789\" data-col-size=\"sm\">Light<\/td>\n<\/tr>\n<tr data-start=\"1790\" data-end=\"1848\">\n<td data-start=\"1790\" data-end=\"1813\" data-col-size=\"sm\"><strong data-start=\"1792\" data-end=\"1807\">Nikotinhalt<\/strong><\/td>\n<td data-start=\"1813\" data-end=\"1848\" data-col-size=\"sm\">7 mg\/g<\/td>\n<\/tr>\n<tr data-start=\"1849\" data-end=\"1907\">\n<td data-start=\"1849\" data-end=\"1872\" data-col-size=\"sm\"><strong data-start=\"1851\" data-end=\"1861\">Format<\/strong><\/td>\n<td data-start=\"1872\" data-end=\"1907\" data-col-size=\"sm\">Slim<\/td>\n<\/tr>\n<tr data-start=\"1908\" data-end=\"1966\">\n<td data-start=\"1908\" data-end=\"1931\" data-col-size=\"sm\"><strong data-start=\"1910\" data-end=\"1931\">Inneh\u00e5ll per dosa<\/strong><\/td>\n<td data-start=\"1931\" data-end=\"1966\" data-col-size=\"sm\">10 g<\/td>\n<\/tr>\n<tr data-start=\"1967\" data-end=\"2025\">\n<td data-start=\"1967\" data-end=\"1990\" data-col-size=\"sm\"><strong data-start=\"1969\" data-end=\"1980\">Snustyp<\/strong><\/td>\n<td data-start=\"1990\" data-end=\"2025\" data-col-size=\"sm\">Slim All White Light<\/td>\n<\/tr>\n<\/tbody>\n<\/table>\n<div class=\"sticky end-(--thread-content-margin) h-0 self-end select-none\">\n<div class=\"absolute end-0 flex items-end\"><\/div>\n<\/div>\n<\/div>\n<\/div>\n<hr data-start=\"2027\" data-end=\"2030\" \/>\n<h2 data-start=\"2032\" data-end=\"2082\">\ud83d\udd17 <strong data-start=\"2039\" data-end=\"2082\">K\u00f6p Helwit Wintermint hos Veloop.se<\/strong><\/h2>\n<p data-start=\"2084\" data-end=\"2303\">Vill du ha en fr\u00e4sch och svalkande mintsmak i ett bekv\u00e4mt format? <strong data-start=\"2150\" data-end=\"2171\">Helwit Wintermint<\/strong> \u00e4r ett perfekt val f\u00f6r dig som vill ha en ren och mild nikotinupplevelse. Best\u00e4ll enkelt p\u00e5 <a class=\"\" href=\"https:\/\/veloop.se\/sv\/helwit\/\" target=\"_new\" rel=\"noopener\" data-start=\"2264\" data-end=\"2302\">Veloop.se<\/a>.<\/p>\n<p data-start=\"2305\" data-end=\"2382\">\ud83d\udc49 <strong data-start=\"2308\" data-end=\"2382\"><a class=\"\" href=\"https:\/\/veloop.se\/sv\/helwit\/\" target=\"_new\" rel=\"noopener\" data-start=\"2310\" data-end=\"2380\">Klicka h\u00e4r f\u00f6r att k\u00f6pa Helwit Wintermint<\/a><\/strong><\/p>\n<p data-start=\"2606\" data-end=\"2682\">","protected":false},"excerpt":{"rendered":"<h1>Helwit Wintermint<\/h1>\n<h1 data-start=\"329\" data-end=\"407\">\u2744\ufe0f <strong data-start=\"335\" data-end=\"407\">Helwit Wintermint \u2013 Frisk och Kylig Mintupplevelse i Slim-format<\/strong><\/h1>\n<h2 data-start=\"414\" data-end=\"470\">\ud83c\udf3f <strong data-start=\"421\" data-end=\"470\">Uppfriskande vintermint f\u00f6r en ren k\u00e4nsla<\/strong><\/h2>\n<p data-start=\"472\" data-end=\"691\"><strong data-start=\"472\" data-end=\"493\">Helwit Wintermint<\/strong> ger dig en klar och kylande mintsmak som piggar upp hela dagen. Med en frisk och l\u00e4tt s\u00f6t ton \u00e4r denna nikotinp\u00e5se perfekt f\u00f6r dig som \u00e4lskar mint men vill ha en mildare och renare smak utan tobak.<\/p>\n<p data-start=\"522\" data-end=\"807\">\ud83d\udc49 <strong data-start=\"2448\" data-end=\"2519\"><a class=\"\" href=\"https:\/\/veloop.se\/sv\/helwit\/\" target=\"_new\" rel=\"noopener\" data-start=\"2450\" data-end=\"2517\">Best\u00e4ll Helwit Violet Extra Strong h\u00e4r<\/a><\/strong><\/p>","protected":false},"featured_media":62257,"comment_status":"open","ping_status":"closed","template":"","meta":[],"product_brand":[352],"product_cat":[136,92,137],"product_tag":[],"class_list":{"0":"post-62252","1":"product","2":"type-product","3":"status-publish","4":"has-post-thumbnail","6":"product_brand-helwit","7":"product_cat-all-whites","8":"product_cat-helwit","9":"product_cat-slim","11":"first","12":"outofstock","13":"taxable","14":"shipping-taxable","15":"purchasable","16":"product-type-variable"},"_links":{"self":[{"href":"https:\/\/veloop.se\/sv\/wp-json\/wp\/v2\/product\/62252","targetHints":{"allow":["GET"]}}],"collection":[{"href":"https:\/\/veloop.se\/sv\/wp-json\/wp\/v2\/product"}],"about":[{"href":"https:\/\/veloop.se\/sv\/wp-json\/wp\/v2\/types\/product"}],"replies":[{"embeddable":true,"href":"https:\/\/veloop.se\/sv\/wp-json\/wp\/v2\/comments?post=62252"}],"version-history":[{"count":0,"href":"https:\/\/veloop.se\/sv\/wp-json\/wp\/v2\/product\/62252\/revisions"}],"wp:featuredmedia":[{"embeddable":true,"href":"https:\/\/veloop.se\/sv\/wp-json\/wp\/v2\/media\/62257"}],"wp:attachment":[{"href":"https:\/\/veloop.se\/sv\/wp-json\/wp\/v2\/media?parent=62252"}],"wp:term":[{"taxonomy":"product_brand","embeddable":true,"href":"https:\/\/veloop.se\/sv\/wp-json\/wp\/v2\/product_brand?post=62252"},{"taxonomy":"product_cat","embeddable":true,"href":"https:\/\/veloop.se\/sv\/wp-json\/wp\/v2\/product_cat?post=62252"},{"taxonomy":"product_tag","embeddable":true,"href":"https:\/\/veloop.se\/sv\/wp-json\/wp\/v2\/product_tag?post=62252"}],"curies":[{"name":"wp","href":"https:\/\/api.w.org\/{rel}","templated":true}]}}