{"id":59690,"date":"2025-05-24T14:23:14","date_gmt":"2025-05-24T14:23:14","guid":{"rendered":"https:\/\/veloop.se\/?post_type=product&#038;p=59690"},"modified":"2026-01-30T17:26:27","modified_gmt":"2026-01-30T17:26:27","slug":"velo-mclaren-sweet-papaya","status":"publish","type":"product","link":"https:\/\/veloop.se\/sv\/produkt\/velo-mclaren-sweet-papaya\/","title":{"rendered":"VELO McLaren Sweet Papaya"},"content":{"rendered":"<h1><img decoding=\"async\" src=\"https:\/\/v3-media-se.snusbolaget.se\/sesnusbo\/files\/warninglabels\/NicotineWarningLabel_ProductListPage_Desktop.svg\" alt=\"18 \u00e5rsgr\u00e4ns\" \/><\/h1>\n<h1>VELO McLaren Sweet Papaya<\/h1>\n<h2 data-start=\"220\" data-end=\"277\">VELO McLaren Sweet Papaya \u2013 Exotisk och s\u00f6t papayasmak<\/h2>\n<p data-start=\"279\" data-end=\"522\"><strong data-start=\"279\" data-end=\"308\">VELO McLaren Sweet Papaya<\/strong> \u00e4r ett tobaksfritt vitt snus med en <strong data-start=\"345\" data-end=\"388\">ljuvligt s\u00f6t och exotisk smak av papaya<\/strong>. Den tropiska fruktsmaken ger en frisk och uppfriskande k\u00e4nsla, perfekt f\u00f6r dig som vill ha n\u00e5got annorlunda och smakrikt utan tobak.<\/p>\n<p data-start=\"524\" data-end=\"661\">Snuset finns i slim-format som ligger bekv\u00e4mt och diskret under l\u00e4ppen, idealiskt f\u00f6r dig som s\u00f6ker en smakrik och modern snusupplevelse.<\/p>\n<hr data-start=\"663\" data-end=\"666\" \/>\n<h3 data-start=\"668\" data-end=\"713\">\u2714\ufe0f F\u00f6rdelar med VELO McLaren Sweet Papaya<\/h3>\n<ul data-start=\"715\" data-end=\"928\">\n<li data-start=\"715\" data-end=\"749\">\n<p data-start=\"717\" data-end=\"749\"><strong data-start=\"717\" data-end=\"747\">S\u00f6t och exotisk papayasmak<\/strong><\/p>\n<\/li>\n<li data-start=\"750\" data-end=\"791\">\n<p data-start=\"752\" data-end=\"791\"><strong data-start=\"752\" data-end=\"789\">Slim-format \u2013 bekv\u00e4mt och diskret<\/strong><\/p>\n<\/li>\n<li data-start=\"792\" data-end=\"833\">\n<p data-start=\"794\" data-end=\"833\"><strong data-start=\"794\" data-end=\"831\">Tobaksfritt vitt snus med nikotin<\/strong><\/p>\n<\/li>\n<li data-start=\"834\" data-end=\"886\">\n<p data-start=\"836\" data-end=\"886\"><strong data-start=\"836\" data-end=\"884\">Tillverkat av British American Tobacco (BAT)<\/strong><\/p>\n<\/li>\n<li data-start=\"887\" data-end=\"928\">\n<p data-start=\"889\" data-end=\"928\"><strong data-start=\"889\" data-end=\"928\">Frisk och uppfriskande tropisk smak<\/strong><\/p>\n<\/li>\n<\/ul>\n<hr data-start=\"930\" data-end=\"933\" \/>\n<h3 data-start=\"935\" data-end=\"965\">\ud83c\udf4d Produktspecifikationer:<\/h3>\n<ul data-start=\"967\" data-end=\"1202\">\n<li data-start=\"967\" data-end=\"1009\">\n<p data-start=\"969\" data-end=\"1009\"><strong data-start=\"969\" data-end=\"981\">Produkt:<\/strong> VELO McLaren Sweet Papaya<\/p>\n<\/li>\n<li data-start=\"1010\" data-end=\"1034\">\n<p data-start=\"1012\" data-end=\"1034\"><strong data-start=\"1012\" data-end=\"1021\">Smak:<\/strong> S\u00f6t papaya<\/p>\n<\/li>\n<li data-start=\"1035\" data-end=\"1071\">\n<p data-start=\"1037\" data-end=\"1071\"><strong data-start=\"1037\" data-end=\"1045\">Typ:<\/strong> Vitt snus (tobaksfritt)<\/p>\n<\/li>\n<li data-start=\"1072\" data-end=\"1092\">\n<p data-start=\"1074\" data-end=\"1092\"><strong data-start=\"1074\" data-end=\"1085\">Format:<\/strong> Slim<\/p>\n<\/li>\n<li data-start=\"1093\" data-end=\"1115\">\n<p data-start=\"1095\" data-end=\"1115\"><strong data-start=\"1095\" data-end=\"1106\">Styrka:<\/strong> Normal<\/p>\n<\/li>\n<li data-start=\"1116\" data-end=\"1152\">\n<p data-start=\"1118\" data-end=\"1152\"><strong data-start=\"1118\" data-end=\"1147\">Antal portioner per dosa:<\/strong> 20<\/p>\n<\/li>\n<li data-start=\"1153\" data-end=\"1202\">\n<p data-start=\"1155\" data-end=\"1202\"><strong data-start=\"1155\" data-end=\"1171\">Tillverkare:<\/strong> British American Tobacco (BAT)<\/p>\n<\/li>\n<\/ul>\n<hr data-start=\"1204\" data-end=\"1207\" \/>\n<h2 data-start=\"1209\" data-end=\"1258\">\ud83c\udf08 Uppt\u00e4ck hela VELO-sortimentet hos Veloop.se<\/h2>\n<p data-start=\"1260\" data-end=\"1332\">VELO har ett brett sortiment med smaker f\u00f6r alla smaker och preferenser:<\/p>\n<ul data-start=\"1334\" data-end=\"3143\">\n<li data-start=\"1334\" data-end=\"1393\">\n<p data-start=\"1336\" data-end=\"1393\">VELO Arctic Grapefruit \u2013 Frisk grapefrukt med kylig ton<\/p>\n<\/li>\n<li data-start=\"1394\" data-end=\"1445\">\n<p data-start=\"1396\" data-end=\"1445\">VELO Blue Raspberry \u2013 S\u00f6t och syrlig bl\u00e5 hallon<\/p>\n<\/li>\n<li data-start=\"1446\" data-end=\"1492\">\n<p data-start=\"1448\" data-end=\"1492\">VELO Blushy Berry \u2013 Mjuk smak av ljusa b\u00e4r<\/p>\n<\/li>\n<li data-start=\"1493\" data-end=\"1542\">\n<p data-start=\"1495\" data-end=\"1542\">VELO Breezy Mango \u2013 L\u00e4tt och tropisk mangoton<\/p>\n<\/li>\n<li data-start=\"1543\" data-end=\"1598\">\n<p data-start=\"1545\" data-end=\"1598\">VELO Bright Spearmint Mini \u2013 Mild och s\u00f6t spearmint<\/p>\n<\/li>\n<li data-start=\"1599\" data-end=\"1663\">\n<p data-start=\"1601\" data-end=\"1663\">VELO Crispy Peppermint Mini \u2013 Stark pepparmint i mini-format<\/p>\n<\/li>\n<li data-start=\"1664\" data-end=\"1736\">\n<p data-start=\"1666\" data-end=\"1736\">VELO Crispy Peppermint Slim \u2013 Klassisk pepparmint med kylande effekt<\/p>\n<\/li>\n<li data-start=\"1737\" data-end=\"1806\">\n<p data-start=\"1739\" data-end=\"1806\">VELO Crispy Peppermint Zero \u2013 Tobaksfri och nikotinfri pepparmint<\/p>\n<\/li>\n<li data-start=\"1807\" data-end=\"1886\">\n<p data-start=\"1809\" data-end=\"1886\">VELO Freezing Peppermint 10,9 MG \u2013 Isig och frisk pepparmint, medium styrka<\/p>\n<\/li>\n<li data-start=\"1887\" data-end=\"1955\">\n<p data-start=\"1889\" data-end=\"1955\">VELO Freezing Peppermint 14 MG \u2013 Iskall pepparmint, stark styrka<\/p>\n<\/li>\n<li data-start=\"1956\" data-end=\"2021\">\n<p data-start=\"1958\" data-end=\"2021\">VELO Freezing Peppermint 17 MG \u2013 Maxad kyla och nikotinstyrka<\/p>\n<\/li>\n<li data-start=\"2022\" data-end=\"2083\">\n<p data-start=\"2024\" data-end=\"2083\">VELO Green Spearmint \u2013 Fr\u00e4sch spearmint med mjuk karakt\u00e4r<\/p>\n<\/li>\n<li data-start=\"2084\" data-end=\"2148\">\n<p data-start=\"2086\" data-end=\"2148\">VELO Groovy Grape Mini \u2013 L\u00e4tt och s\u00f6t druvsmak i mini-format<\/p>\n<\/li>\n<li data-start=\"2149\" data-end=\"2197\">\n<p data-start=\"2151\" data-end=\"2197\">VELO Icy Berries \u2013 B\u00e4rmix med kylande k\u00e4nsla<\/p>\n<\/li>\n<li data-start=\"2198\" data-end=\"2250\">\n<p data-start=\"2200\" data-end=\"2250\">VELO Icy Cherry \u2013 S\u00f6t k\u00f6rsb\u00e4rssmak med sval mint<\/p>\n<\/li>\n<li data-start=\"2251\" data-end=\"2300\">\n<p data-start=\"2253\" data-end=\"2300\">VELO Lime Flame \u2013 Syrlig lime med citrussting<\/p>\n<\/li>\n<li data-start=\"2301\" data-end=\"2355\">\n<p data-start=\"2303\" data-end=\"2355\">VELO Mango Flame \u2013 Fruktig mango med kryddig hetta<\/p>\n<\/li>\n<li data-start=\"2356\" data-end=\"2410\">\n<p data-start=\"2358\" data-end=\"2410\">VELO McLaren Sweet Papaya \u2013 S\u00f6t och exotisk papaya<\/p>\n<\/li>\n<li data-start=\"2411\" data-end=\"2463\">\n<p data-start=\"2413\" data-end=\"2463\">VELO Orange Spark \u2013 Frisk apelsin med citruskick<\/p>\n<\/li>\n<li data-start=\"2464\" data-end=\"2532\">\n<p data-start=\"2466\" data-end=\"2532\">VELO Peppermint Storm \u2013 Intensiv pepparmint med kraftfull effekt<\/p>\n<\/li>\n<li data-start=\"2533\" data-end=\"2588\">\n<p data-start=\"2535\" data-end=\"2588\">VELO Punchy Lime Mini \u2013 Skarp lime i kompakt format<\/p>\n<\/li>\n<li data-start=\"2589\" data-end=\"2652\">\n<p data-start=\"2591\" data-end=\"2652\">VELO Purple Grape Mini \u2013 S\u00f6t och saftig druva i mini-format<\/p>\n<\/li>\n<li data-start=\"2653\" data-end=\"2719\">\n<p data-start=\"2655\" data-end=\"2719\">VELO Purple Grape Strong \u2013 Djup druvsmak med stark nikotinkick<\/p>\n<\/li>\n<li data-start=\"2720\" data-end=\"2779\">\n<p data-start=\"2722\" data-end=\"2779\">VELO Salty Liquorice \u2013 Saltlakrits med kraftig karakt\u00e4r<\/p>\n<\/li>\n<li data-start=\"2780\" data-end=\"2839\">\n<p data-start=\"2782\" data-end=\"2839\">VELO Simply Spearmint Mini \u2013 Enkel och fr\u00e4sch spearmint<\/p>\n<\/li>\n<li data-start=\"2840\" data-end=\"2901\">\n<p data-start=\"2842\" data-end=\"2901\">VELO Sour Lime Mini \u2013 Syrlig lime med tydlig citrusprofil<\/p>\n<\/li>\n<li data-start=\"2902\" data-end=\"2965\">\n<p data-start=\"2904\" data-end=\"2965\">VELO Tropical Mango 14 MG \u2013 S\u00f6t mango med tropisk fyllighet<\/p>\n<\/li>\n<li data-start=\"2966\" data-end=\"3015\">\n<p data-start=\"2968\" data-end=\"3015\">VELO Tropical Mango Zero \u2013 Mango utan nikotin<\/p>\n<\/li>\n<li data-start=\"3016\" data-end=\"3077\">\n<p data-start=\"3018\" data-end=\"3077\">VELO Wintry Watermelon Mini \u2013 Vattenmelon med mintig kyla<\/p>\n<\/li>\n<li data-start=\"3078\" data-end=\"3143\">\n<p data-start=\"3080\" data-end=\"3143\">VELO Zesty Elderflower \u2013 Blommig fl\u00e4der med frisk citrusnyans<\/p>\n<\/li>\n<\/ul>\n<hr data-start=\"3145\" data-end=\"3148\" \/>\n<h2 data-start=\"3150\" data-end=\"3206\">\ud83d\ude80 K\u00f6p VELO McLaren Sweet Papaya online hos Veloop.se<\/h2>\n<p data-start=\"3208\" data-end=\"3368\">Vill du uppleva en exotisk smakresa med s\u00f6t papaya i tobaksfritt snus? VELO McLaren Sweet Papaya ger en fr\u00e4sch och smakrik upplevelse i ett diskret slim-format.<\/p>\n<p data-start=\"3370\" data-end=\"3480\">\ud83d\uded2 <strong data-start=\"3373\" data-end=\"3480\"><a class=\"\" href=\"https:\/\/veloop.se\/sv\/produkt-kategori\/velo\/\" target=\"_new\" rel=\"noopener\" data-start=\"3375\" data-end=\"3478\">Klicka hem din favorit fr\u00e5n VELO idag \u2013 bara hos Veloop.se!<\/a><\/strong><\/p>\n<p>&nbsp;<\/p>","protected":false},"excerpt":{"rendered":"<h1>VELO McLaren Sweet Papaya<\/h1>\n<h2>VELO McLaren Sweet Papaya \u2013 Tropisk papaya i slim-format | Veloop.se<\/h2>\n<p>VELO McLaren Sweet Papaya \u2013 tobaksfritt snus med s\u00f6t, exotisk papayasmak. Slim-format och fr\u00e4sch. Best\u00e4ll enkelt hos Veloop.se!<\/p>\n<p>\ud83d\uded2 <strong data-start=\"3373\" data-end=\"3480\"><a class=\"\" href=\"https:\/\/veloop.se\/sv\/produkt-kategori\/velo\/\" target=\"_new\" rel=\"noopener\" data-start=\"3375\" data-end=\"3478\">Klicka hem din favorit fr\u00e5n VELO idag \u2013 bara hos Veloop.se!<\/a><\/strong><\/p>\n<p>&nbsp;<\/p>","protected":false},"featured_media":29184,"comment_status":"open","ping_status":"closed","template":"","meta":[],"product_brand":[326],"product_cat":[136,143,137,255],"product_tag":[],"class_list":{"0":"post-59690","1":"product","2":"type-product","3":"status-publish","4":"has-post-thumbnail","6":"product_brand-velo","7":"product_cat-all-whites","8":"product_cat-nyheter","9":"product_cat-slim","10":"product_cat-velo","12":"first","13":"instock","14":"taxable","15":"shipping-taxable","16":"purchasable","17":"product-type-variable"},"_links":{"self":[{"href":"https:\/\/veloop.se\/sv\/wp-json\/wp\/v2\/product\/59690","targetHints":{"allow":["GET"]}}],"collection":[{"href":"https:\/\/veloop.se\/sv\/wp-json\/wp\/v2\/product"}],"about":[{"href":"https:\/\/veloop.se\/sv\/wp-json\/wp\/v2\/types\/product"}],"replies":[{"embeddable":true,"href":"https:\/\/veloop.se\/sv\/wp-json\/wp\/v2\/comments?post=59690"}],"version-history":[{"count":0,"href":"https:\/\/veloop.se\/sv\/wp-json\/wp\/v2\/product\/59690\/revisions"}],"wp:featuredmedia":[{"embeddable":true,"href":"https:\/\/veloop.se\/sv\/wp-json\/wp\/v2\/media\/29184"}],"wp:attachment":[{"href":"https:\/\/veloop.se\/sv\/wp-json\/wp\/v2\/media?parent=59690"}],"wp:term":[{"taxonomy":"product_brand","embeddable":true,"href":"https:\/\/veloop.se\/sv\/wp-json\/wp\/v2\/product_brand?post=59690"},{"taxonomy":"product_cat","embeddable":true,"href":"https:\/\/veloop.se\/sv\/wp-json\/wp\/v2\/product_cat?post=59690"},{"taxonomy":"product_tag","embeddable":true,"href":"https:\/\/veloop.se\/sv\/wp-json\/wp\/v2\/product_tag?post=59690"}],"curies":[{"name":"wp","href":"https:\/\/api.w.org\/{rel}","templated":true}]}}