{"id":59635,"date":"2025-05-23T17:06:34","date_gmt":"2025-05-23T17:06:34","guid":{"rendered":"https:\/\/veloop.se\/?post_type=product&#038;p=59635"},"modified":"2025-12-02T09:55:54","modified_gmt":"2025-12-02T09:55:54","slug":"vont-cube-cherry-berry","status":"publish","type":"product","link":"https:\/\/veloop.se\/sv\/produkt\/vont-cube-cherry-berry\/","title":{"rendered":"Vont Cube Cherry Berry"},"content":{"rendered":"<h3>PRODUKTBESKRIVNING<\/h3>\n<div class=\"single-product-description\">\n<div class=\"elementor-widget-container\">\n<h1 class=\"description category-description\"><span style=\"color: #1b1919; font-size: 28px;\"><strong data-start=\"747\" data-end=\"772\">Vont Cube Cherry Berry 800<\/strong>\u00a0<\/span><\/h1>\n<div class=\"read-more-btn open\">\n<div class=\"pp-desc-mini\">\n<p>En smakrik blandning av s\u00f6ta k\u00f6rsb\u00e4r och b\u00e4r. En fruktig explosion som balanserar b\u00e5de djup och s\u00f6tma.<\/p>\n<\/div>\n<article class=\"region has-category-block has-category-list-block has-product-list-block has-text-block\" data-region=\"0\">\n<div class=\"block category-block block-14\" data-category-id=\"2048\">\n<div class=\"read-more-btn open\">\n<ul>\n<li>\n<h2><span style=\"color: #1b1919; font-size: 28px;\"><strong data-start=\"747\" data-end=\"772\">Vont Cube Cherry Berry <\/strong><\/span>800<\/h2>\n<p>\u00e4r en eng\u00e5ngsvape fr\u00e5n Vont Vape, tillverkad av Vont AB. Produkten \u00e4r avsedd f\u00f6r eng\u00e5ngsbruk och kr\u00e4ver varken p\u00e5fyllning eller laddning.<\/p>\n<h2><strong data-start=\"1817\" data-end=\"1843\">Vont Cube Cherry Berry<\/strong> 800:<\/h2>\n<ul>\n<li><strong>Kategori:<\/strong>\u00a0<a href=\"https:\/\/veloop.se\/sv\/produkt-kategori\/e-cigg\/\"><em>Eng\u00e5ngsvape<\/em><\/a><\/li>\n<li><strong>Smak:<\/strong> K\u00f6rsb\u00e4r<\/li>\n<li><strong>Tillverkare:<\/strong>\u00a0<em>Vont AB<\/em><\/li>\n<li><strong>Nikotinstyrka:<\/strong><em>0 mg, 20 mg<\/em><\/li>\n<li><strong>Antal puffar:<\/strong>\u00a0Cirka\u00a0<em>800<\/em><\/li>\n<\/ul>\n<h2>Smak och puffar<\/h2>\n<p>Denna eng\u00e5ngsvape levererar upp till 800 puffar och kombinerar smaken K\u00f6rsb\u00e4r.<\/p>\n<h3>Funktion<\/h3>\n<p>Vont Cube har ett integrerat batteri och aktiveras genom inhalering. N\u00e4r enheten har slut p\u00e5 e-v\u00e4tska ska den kasseras.<\/p>\n<h3>Om Vont vape<\/h3>\n<div class=\"a-underline blog\">\n<p>Vont Cube \u00e4r den snabba och enkla l\u00f6sningen f\u00f6r dig som vapear.<\/p>\n<p>Vont Cube \u00e4r en f\u00e4rdigf\u00f6rpackad eng\u00e5ngs vape med Mesh Coil som varken beh\u00f6ver laddas eller fyllas p\u00e5, vilket g\u00f6r den direkt redo f\u00f6r anv\u00e4ndning.<\/p>\n<\/div>\n<div class=\"overflow-hidden pt-2 a-underline\">\n<p>F\u00f6r att anv\u00e4nda din Vont Cube beh\u00f6ver du bara inhalera fr\u00e5n munstycket p\u00e5 enheten.<\/p>\n<p>Vont tillhandah\u00e5ller en m\u00e5ngsidig samling av produkter, b\u00e5de med och utan nikotin. Utforska v\u00e5rt sortiment av 20 olika smaker. Ett alternativ f\u00f6r dig som vill trappa ner p\u00e5 ditt r\u00f6kande, eller vill g\u00e5 \u00f6ver till nikotinfritt.<\/p>\n<\/div>\n<\/li>\n<\/ul>\n<h1><img decoding=\"async\" class=\"wp-image-28939 alignleft\" src=\"https:\/\/veloop.se\/wp-content\/uploads\/2025\/05\/recycling-symbol-veloop.se_-1-400x267.png\" alt=\"\" width=\"117\" height=\"78\" \/><\/h1>\n<h2><strong>T\u00e4nk p\u00e5 Milj\u00f6n<\/strong><\/h2>\n<div class=\"py-4 space-y-2 px-4 md:px-6\">\n<h5 class=\"text-2xl sm:text-4xl font-serif font-regular mb-4\">I ett h\u00e5llbart samarbete med Bower. Panta dina Vont produkter och bli bel\u00f6nad.<\/h5>\n<p>&nbsp;<\/p>\n<p>I samarbete med Bower \u00e4r det nu m\u00f6jligt att f\u00e5 pant p\u00e5 alla f\u00f6rpackningar fr\u00e5n Vont. Genom att l\u00e4mna f\u00f6rpackningarna till n\u00e4rmsta \u00e5tervinningsstation och registrera inl\u00e4mningen i Bower-appen f\u00e5r du pant tillbaka.<\/p>\n<p>En liten andel av alla f\u00f6rpackningar i Sverige samlas idag in f\u00f6r \u00e5tervinning. D\u00e4rf\u00f6r \u00e4r vi stolta \u00f6ver att du nu kan \u00e5tervinna och samla pant p\u00e5 dina Vont produkter och d\u00e4r mer bidra till en mer h\u00e5llbar v\u00e4rld.<\/p>\n<p class=\"font-semibold\">Ett bra val f\u00f6r pl\u00e5nboken och milj\u00f6n!<\/p>\n<\/div>\n<div class=\"grid md:grid-cols-2 p-4 px-6\">\n<h5 class=\"text-xl sm:text-3xl font-serif font-regular mb-4\">Hur du g\u00e5r tillv\u00e4ga f\u00f6r att panta v\u00e5ra produkter med Bower<\/h5>\n<ol>\n<li style=\"text-align: left;\">B\u00f6rja med att ladda ner Bower appen antingen via <strong>App Store<\/strong>\u00a0eller\u00a0<strong>Google Play<\/strong>. L\u00e4nkar till apparna hittar du enkelt p\u00e5\u00a0<strong>GetBower.com.<\/strong><\/li>\n<li>Skanna och sortera dina Vont f\u00f6rpackningar hemma. Streckkoderna skannar du direkt i Bower-appen.<\/li>\n<li>Hitta till din n\u00e4rmaste \u00e5tervinningsstation. Detta kan du enkelt g\u00f6ra direkt i Bower-appen.<\/li>\n<li>Bekr\u00e4fta att du \u00e4r vid en \u00e5tervinningsstation och att du har tagit med dina f\u00f6rpackningar. N\u00e4r du har gjort det och kastat dina f\u00f6rpackningar i r\u00e4tt beh\u00e5llare f\u00e5r du pantv\u00e4rdet f\u00f6r allt du har skannat hemma.<\/li>\n<\/ol>\n<\/div>\n<h2><strong>Smaker<\/strong><\/h2>\n<\/div>\n<\/div>\n<\/article>\n<\/div>\n<div class=\"pb-4\">\n<div class=\"flex gap-2 items-center\">\n<ul>\n<li data-start=\"215\" data-end=\"426\"><strong data-start=\"215\" data-end=\"256\">Vont Cube Black Edition &#8211; Citrus Rose<\/strong><br data-start=\"256\" data-end=\"259\" \/>Upplev en unik kombination av blommiga rosenblad och frisk citrus. En elegant smakblandning med b\u00e5de s\u00f6tma och fr\u00e4sch\u00f6r \u2013 perfekt f\u00f6r dig som s\u00f6ker n\u00e5got sofistikerat.<\/li>\n<li data-start=\"428\" data-end=\"592\"><strong data-start=\"428\" data-end=\"469\">Vont Cube Black Edition &#8211; Sweet Mango<\/strong><br data-start=\"469\" data-end=\"472\" \/>En intensiv och s\u00f6t smak av solmogna mangofrukter med en uppfriskande is-effekt. En tropisk favorit f\u00f6r varje tillf\u00e4lle.<\/li>\n<li data-start=\"594\" data-end=\"745\"><strong data-start=\"594\" data-end=\"644\">Vont Cube Black Edition &#8211; Absolut Passionfruit<\/strong><br data-start=\"644\" data-end=\"647\" \/>Syrlig passionsfrukt m\u00f6ter isande fr\u00e4sch\u00f6r. En dj\u00e4rv och uppiggande smakupplevelse som sticker ut.<\/li>\n<li data-start=\"747\" data-end=\"900\"><strong data-start=\"747\" data-end=\"772\">Vont Cube Fizzy Boost<\/strong><br data-start=\"772\" data-end=\"775\" \/>En energirik smak med toner av kanel och karamell, balanserad med en l\u00e4tt syrlighet. En smak som v\u00e4cker b\u00e5de kropp och sinne.<\/li>\n<li data-start=\"902\" data-end=\"1057\"><strong data-start=\"902\" data-end=\"933\">Vont Cube Breezy Watermelon<\/strong><br data-start=\"933\" data-end=\"936\" \/>Frisk och saftig vattenmelon i en somrig och l\u00e4tt smakprofil. Perfekt f\u00f6r dig som \u00e4lskar fruktiga och uppfriskande toner.<\/li>\n<li data-start=\"1059\" data-end=\"1190\"><strong data-start=\"1059\" data-end=\"1082\">Vont Cube Bubblegum<\/strong><br data-start=\"1082\" data-end=\"1085\" \/>Den klassiska smaken av bubbelgum \u2013 s\u00f6t, fruktig och nostalgisk. En lekfull smakupplevelse f\u00f6r varje dag.<\/li>\n<li data-start=\"1192\" data-end=\"1334\"><strong data-start=\"1192\" data-end=\"1216\">Vont Cube Apple Pear<\/strong><br data-start=\"1216\" data-end=\"1219\" \/>En fr\u00e4sch blandning av s\u00f6ta \u00e4pplen och mogna p\u00e4ron med en krispig underton. En fruktig favorit med naturlig balans.<\/li>\n<li data-start=\"1336\" data-end=\"1448\"><strong data-start=\"1336\" data-end=\"1360\">Vont Cube Fresh Mint<\/strong><br data-start=\"1360\" data-end=\"1363\" \/>Ljus och uppfriskande mentolsmak. Perfekt f\u00f6r dig som s\u00f6ker en ren och fr\u00e4sch k\u00e4nsla.<\/li>\n<li data-start=\"1450\" data-end=\"1571\"><strong data-start=\"1450\" data-end=\"1478\">Vont Cube Bon Bon Banana<\/strong><br data-start=\"1478\" data-end=\"1481\" \/>S\u00f6t och kr\u00e4mig banansmak som p\u00e5minner om klassiska godisbitar. En mjuk och len upplevelse.<\/li>\n<li data-start=\"1573\" data-end=\"1706\"><strong data-start=\"1573\" data-end=\"1599\">Vont Cube Cotton Candy<\/strong><br data-start=\"1599\" data-end=\"1602\" \/>S\u00f6t som sockervadd med inslag av b\u00e4r \u2013 en luftig och lekfull smak som tar dig tillbaka till n\u00f6jesf\u00e4ltet.<\/li>\n<li data-start=\"1708\" data-end=\"1815\"><strong data-start=\"1708\" data-end=\"1739\">Vont Cube Creamy Strawberry<\/strong><br data-start=\"1739\" data-end=\"1742\" \/>En len kombination av jordgubbar och vanilj. Mjuk, s\u00f6t och oemotst\u00e5ndlig.<\/li>\n<li data-start=\"1817\" data-end=\"1948\"><strong data-start=\"1817\" data-end=\"1843\">Vont Cube Cherry Berry<\/strong><br data-start=\"1843\" data-end=\"1846\" \/>En smakrik blandning av s\u00f6ta k\u00f6rsb\u00e4r och b\u00e4r. En fruktig explosion som balanserar b\u00e5de djup och s\u00f6tma.<\/li>\n<li data-start=\"1950\" data-end=\"2082\"><strong data-start=\"1950\" data-end=\"1978\">Vont Cube Creamy Tobacco<\/strong><br data-start=\"1978\" data-end=\"1981\" \/>Kr\u00e4mig choklad och kaffe m\u00f6ter en subtil tobaksprofil. En vuxen och sofistikerad smak f\u00f6r finsmakare.<\/li>\n<li data-start=\"2084\" data-end=\"2222\"><strong data-start=\"2084\" data-end=\"2106\">Vont Cube G\u00f6teborg<\/strong><br data-start=\"2106\" data-end=\"2109\" \/>Inspirerad av G\u00f6teborgs charm \u2013 en floral smak av aloe vera kombinerad med bubblande l\u00e4sktoner. Fr\u00e4sch och urban.<\/li>\n<li data-start=\"2224\" data-end=\"2354\"><strong data-start=\"2224\" data-end=\"2249\">Vont Cube Havana Cola<\/strong><br data-start=\"2249\" data-end=\"2252\" \/>Klassisk cola-smak med en s\u00f6t och nostalgisk twist. Perfekt f\u00f6r dig som \u00e4lskar klassiker med karakt\u00e4r.<\/li>\n<li data-start=\"2356\" data-end=\"2466\"><strong data-start=\"2356\" data-end=\"2381\">Vont Cube Juicy Berry<\/strong><br data-start=\"2381\" data-end=\"2384\" \/>En balanserad och nyanserad mix av vilda b\u00e4r. Smaken av skog i ett kompakt format.<\/li>\n<li data-start=\"2468\" data-end=\"2596\"><strong data-start=\"2468\" data-end=\"2492\">Vont Cube Lemon Lime<\/strong><br data-start=\"2492\" data-end=\"2495\" \/>Frisk lime m\u00f6ter s\u00f6t citron \u2013 en perfekt balans mellan syrligt och uppfriskande. Energi i varje puff.<\/li>\n<li data-start=\"2598\" data-end=\"2740\"><strong data-start=\"2598\" data-end=\"2623\">Vont Cube Peach Mango<\/strong><br data-start=\"2623\" data-end=\"2626\" \/>S\u00f6t persika kombineras med syrlig mango i en tropisk och fruktig smakprofil. En smakresa till varmare breddgrader.<\/li>\n<li data-start=\"2742\" data-end=\"2858\"><strong data-start=\"2742\" data-end=\"2765\">Vont Cube Stockholm<\/strong><br data-start=\"2765\" data-end=\"2768\" \/>Inspirerad av huvudstaden \u2013 exotisk litchi m\u00f6ter bubblig l\u00e4sk. En modern och elegant smak.<\/li>\n<li data-start=\"2860\" data-end=\"2964\"><strong data-start=\"2860\" data-end=\"2885\">Vont Cube Sweet Melon<\/strong><br data-start=\"2885\" data-end=\"2888\" \/>Mild och s\u00f6t honungsmelon ger en l\u00e4tt och fruktig smak som passar \u00e5ret runt.<\/li>\n<li data-start=\"2966\" data-end=\"3080\"><strong data-start=\"2966\" data-end=\"2990\">Vont Cube Soda Crush<\/strong><br data-start=\"2990\" data-end=\"2993\" \/>Smaken av l\u00e4skedryck med inslag av b\u00e5de s\u00f6tt och surt. En kolsyrad k\u00e4nsla i varje drag.<\/li>\n<li data-start=\"3082\" data-end=\"3219\"><strong data-start=\"3082\" data-end=\"3110\">Vont Cube Blue Raspberry<\/strong><br data-start=\"3110\" data-end=\"3113\" \/>En fruktig mix av bl\u00e5b\u00e4r, bj\u00f6rnb\u00e4r och hallon. Nyanserad och fyllig b\u00e4rsmak som ger ett djup i varje puff.<\/li>\n<\/ul>\n<\/div>\n<\/div>\n<p>&nbsp;<\/p>\n<\/div>\n<\/div>\n<p>&nbsp;<\/p>","protected":false},"excerpt":{"rendered":"<h1>\u00a0 <img decoding=\"async\" class=\"wp-image-28937 alignnone\" src=\"https:\/\/veloop.se\/wp-content\/uploads\/2025\/05\/logo-dark-400x122.png\" alt=\"\" width=\"75\" height=\"23\" \/>\u00a0 \u00a0 \u00a0 <strong data-start=\"1817\" data-end=\"1843\">Vont Cube Cherry Berry<\/strong><\/h1>\n<h1><img decoding=\"async\" class=\"wp-image-28939 alignleft\" src=\"https:\/\/veloop.se\/wp-content\/uploads\/2025\/05\/recycling-symbol-veloop.se_-1-400x267.png\" alt=\"\" width=\"117\" height=\"78\" \/><\/h1>\n<p>En smakrik blandning av s\u00f6ta k\u00f6rsb\u00e4r och b\u00e4r. En fruktig explosion som balanserar b\u00e5de djup och s\u00f6tma.<\/p>","protected":false},"featured_media":28982,"comment_status":"open","ping_status":"closed","template":"","meta":[],"product_brand":[328],"product_cat":[42,156,164,323],"product_tag":[],"class_list":{"0":"post-59635","1":"product","2":"type-product","3":"status-publish","4":"has-post-thumbnail","6":"product_brand-vont-cube","7":"product_cat-e-cigg","8":"product_cat-engangs-vape","9":"product_cat-pod-system","10":"product_cat-vont","12":"first","13":"instock","14":"taxable","15":"shipping-taxable","16":"purchasable","17":"product-type-variable"},"_links":{"self":[{"href":"https:\/\/veloop.se\/sv\/wp-json\/wp\/v2\/product\/59635","targetHints":{"allow":["GET"]}}],"collection":[{"href":"https:\/\/veloop.se\/sv\/wp-json\/wp\/v2\/product"}],"about":[{"href":"https:\/\/veloop.se\/sv\/wp-json\/wp\/v2\/types\/product"}],"replies":[{"embeddable":true,"href":"https:\/\/veloop.se\/sv\/wp-json\/wp\/v2\/comments?post=59635"}],"version-history":[{"count":0,"href":"https:\/\/veloop.se\/sv\/wp-json\/wp\/v2\/product\/59635\/revisions"}],"wp:featuredmedia":[{"embeddable":true,"href":"https:\/\/veloop.se\/sv\/wp-json\/wp\/v2\/media\/28982"}],"wp:attachment":[{"href":"https:\/\/veloop.se\/sv\/wp-json\/wp\/v2\/media?parent=59635"}],"wp:term":[{"taxonomy":"product_brand","embeddable":true,"href":"https:\/\/veloop.se\/sv\/wp-json\/wp\/v2\/product_brand?post=59635"},{"taxonomy":"product_cat","embeddable":true,"href":"https:\/\/veloop.se\/sv\/wp-json\/wp\/v2\/product_cat?post=59635"},{"taxonomy":"product_tag","embeddable":true,"href":"https:\/\/veloop.se\/sv\/wp-json\/wp\/v2\/product_tag?post=59635"}],"curies":[{"name":"wp","href":"https:\/\/api.w.org\/{rel}","templated":true}]}}