{"id":59336,"date":"2025-05-23T17:06:00","date_gmt":"2025-05-23T17:06:00","guid":{"rendered":"https:\/\/veloop.se\/?post_type=product&#038;p=59336"},"modified":"2025-08-05T00:05:29","modified_gmt":"2025-08-05T00:05:29","slug":"frunk-salt-e-juice-yummi-gummy","status":"publish","type":"product","link":"https:\/\/veloop.se\/sv\/produkt\/frunk-salt-e-juice-yummi-gummy\/","title":{"rendered":"Frunk Salt E-Juice Yummi Gummy"},"content":{"rendered":"<h3>PRODUKTBESKRIVNING<\/h3>\n<div class=\"single-product-description\">\n<div class=\"elementor-widget-container\">\n<div class=\"description category-description\"><span style=\"color: #1b1919; font-size: 24px;\">Frunk Salt Nic Salt E-juice<\/span><\/div>\n<div class=\"read-more-btn open\">\n<div class=\"description category-description\">\n<p>Frunk Bar har gjort sig k\u00e4nda f\u00f6r sina fantastiska smaker p\u00e5 eng\u00e5ngsvape, och nu kan man \u00e4ntligen avnjuta deras fantastiska smaker i sina egna podsystem. Med deras signatur nikotinsalt s\u00e5 vet man att upplevelsen blir mint lika bra som i eng\u00e5ngsvapen. E-juicen kommer i 10ml-flaskor med 14mg i nikotinstyrka och finns i 20 popul\u00e4ra smaker.<\/p>\n<\/div>\n<div class=\"read-more-btn open\">Saltnikotin \u00e4r vanlig nikotin i basv\u00e4tska som har en tillsatt syra som g\u00f6r att nikotinet kan tas upp av kroppen vid redan l\u00e5ga temperaturer.\u00a0\u00a0Saltnikotin bidrar till en mjukare upplevelse och mindre ben\u00e4gen att reta halsen (s\u00e5 kallad \u201dthroat hit\u201d) pga sitt l\u00e4gre PH v\u00e4rde j\u00e4mf\u00f6rt med traditionell nikotinl\u00f6sning. Saltnikotin f\u00f6redras av m\u00e5nga r\u00f6kare eftersom det stillar beg\u00e4ret snabbare och effektivare.<\/div>\n<article class=\"region has-category-block has-category-list-block has-product-list-block has-text-block\" data-region=\"0\">\n<div class=\"block category-block block-14\" data-category-id=\"2048\">\n<div class=\"read-more-btn open\">\n<h2>Frunk Salt\u00a0Vape &amp; E-juice<\/h2>\n<p><strong>Frunk Bar\u00a0Salt \u00e4r ett av v\u00e5ra popul\u00e4raste m\u00e4rken av eng\u00e5ngsvape och e-juice,<\/strong>\u00a0mest k\u00e4nda f\u00f6r sin popul\u00e4ra eng\u00e5ngsvape Frunk Bar Mesh. Men nu har de \u00e4ven kommit med 14mg nikotinsalt e-juicer, s\u00e5 du kan f\u00e5 uppleva samma smaker som i deras\u00a0eng\u00e5ngs vape, fast i en p\u00e5fyllningsbar e-cigarett!<\/p>\n<h2><strong>T\u00e4nk p\u00e5 Milj\u00f6n<\/strong><\/h2>\n<p>Medan eng\u00e5ngsvapes erbjuder bekv\u00e4mlighet, \u00e4r det viktigt att ocks\u00e5 t\u00e4nka p\u00e5 milj\u00f6p\u00e5verkan. Vi uppmuntrar v\u00e5ra kunder att kassera sina anv\u00e4nda Frunk 5000 p\u00e5 ett ansvarsfullt s\u00e4tt genom att f\u00f6lja lokala \u00e5tervinningsriktlinjer. Att ta hand om v\u00e5r planet \u00e4r en del av att njuta av en h\u00e5llbar vapingupplevelse.<\/p>\n<p>Utforska v\u00e5rt sortiment av Frunk 5000 Mesh och hitta din nya favorit idag. Upplev kvalitet och prestanda som omdefinierar eng\u00e5ngsvaping. V\u00e4lj Frunk 5000 f\u00f6r en \u00f6verl\u00e4gsen, bekymmersfri vape varje g\u00e5ng.<\/p>\n<p><strong style=\"color: #1b1919; font-size: 24px;\">Frunk Salt finns i 20 olika smaker:<\/strong><\/p>\n<\/div>\n<\/div>\n<\/article>\n<\/div>\n<p>Berry Mixer &#8211; Blandade b\u00e4r<br \/>\nBlue Razz &#8211; Bl\u00e5 hallon<br \/>\nBlueberry Cherry Cranberry &#8211; Bl\u00e5b\u00e4r, k\u00f6rsb\u00e4r och tranb\u00e4r<br \/>\nCandy Banana &#8211; Skumbanan<br \/>\nCrushed Candy &#8211; Blandat godis<br \/>\nCherry on Cola &#8211; K\u00f6rb\u00e4r och cola<br \/>\nDouble Bubble &#8211; Tuggummi<br \/>\nFizzy Cola &#8211; Cola<br \/>\nFrozen Grape &#8211; Vidruva och cooling<br \/>\nFrozen Strawberry &#8211; Jordgubbe och cooling<br \/>\nIced Mango &#8211; Mango och cooling<br \/>\nLemon Lime &#8211; Citron och lime<br \/>\nMint Mania &#8211; Mint<br \/>\nSour Blue Razz &#8211; Sura bl\u00e5 hallon<br \/>\nStrawberry Bubblegum &#8211; Jordgubbe och tuggummi<br \/>\nStrawberry Watermelon Bubblegum &#8211; Jordgubbe, Vattenmelon och tuggummi<br \/>\nTwizted Apple &#8211; \u00c4pple och shisha<br \/>\nTropical Fruits &#8211; Tropiska frukter<br \/>\nWatermelon Splash &#8211; Vattenmelon och cooling<br \/>\nYummy Gummy &#8211; Gel\u00e9godis<\/p>\n<p><strong>Specifikationer<\/strong><\/p>\n<ul>\n<li><strong>Nikotinsalt 20mg Vg50\/Pg50<\/strong><\/li>\n<li><strong>10ml e-v\u00e4tska<\/strong><\/li>\n<li><strong>20 olika smakprofiler<\/strong><\/li>\n<li><strong>14mg Nikotinsalt\u00a0\u00a0<\/strong><\/li>\n<\/ul>\n<\/div>\n<\/div>\n<p>&nbsp;<\/p>","protected":false},"excerpt":{"rendered":"<h3><img decoding=\"async\" class=\"alignleft\" src=\"https:\/\/th.bing.com\/th\/id\/OIP.gFtHbJ_R5uvhc7yf6tenawAAAA?rs=1&amp;pid=ImgDetMain\" alt=\"Frunk Bar Logo PNG Vector (AI) Free Download\" width=\"144\" height=\"51\" \/><\/h3>\n<h5 class=\"product-name\">Frunk Salt Nic Salt E-Juice | Yummi Gummy| E-Juice | 14mg | 10 ml.|10pack<\/h5>","protected":false},"featured_media":28051,"comment_status":"open","ping_status":"closed","template":"","meta":[],"product_brand":[333],"product_cat":[42,165,157],"product_tag":[],"class_list":{"0":"post-59336","1":"product","2":"type-product","3":"status-publish","4":"has-post-thumbnail","6":"product_brand-frunk-bar","7":"product_cat-e-cigg","8":"product_cat-e-juice","9":"product_cat-frunk-bar","11":"first","12":"instock","13":"taxable","14":"shipping-taxable","15":"purchasable","16":"product-type-variable"},"_links":{"self":[{"href":"https:\/\/veloop.se\/sv\/wp-json\/wp\/v2\/product\/59336","targetHints":{"allow":["GET"]}}],"collection":[{"href":"https:\/\/veloop.se\/sv\/wp-json\/wp\/v2\/product"}],"about":[{"href":"https:\/\/veloop.se\/sv\/wp-json\/wp\/v2\/types\/product"}],"replies":[{"embeddable":true,"href":"https:\/\/veloop.se\/sv\/wp-json\/wp\/v2\/comments?post=59336"}],"version-history":[{"count":0,"href":"https:\/\/veloop.se\/sv\/wp-json\/wp\/v2\/product\/59336\/revisions"}],"wp:featuredmedia":[{"embeddable":true,"href":"https:\/\/veloop.se\/sv\/wp-json\/wp\/v2\/media\/28051"}],"wp:attachment":[{"href":"https:\/\/veloop.se\/sv\/wp-json\/wp\/v2\/media?parent=59336"}],"wp:term":[{"taxonomy":"product_brand","embeddable":true,"href":"https:\/\/veloop.se\/sv\/wp-json\/wp\/v2\/product_brand?post=59336"},{"taxonomy":"product_cat","embeddable":true,"href":"https:\/\/veloop.se\/sv\/wp-json\/wp\/v2\/product_cat?post=59336"},{"taxonomy":"product_tag","embeddable":true,"href":"https:\/\/veloop.se\/sv\/wp-json\/wp\/v2\/product_tag?post=59336"}],"curies":[{"name":"wp","href":"https:\/\/api.w.org\/{rel}","templated":true}]}}