{"id":59212,"date":"2025-05-23T17:05:46","date_gmt":"2025-05-23T17:05:46","guid":{"rendered":"https:\/\/veloop.se\/?post_type=product&#038;p=59212"},"modified":"2026-04-18T12:26:17","modified_gmt":"2026-04-18T12:26:17","slug":"bmor-ringo-ice-mixed-berries","status":"publish","type":"product","link":"https:\/\/veloop.se\/sv\/produkt\/bmor-ringo-ice-mixed-berries\/","title":{"rendered":"BMOR Ringo &#8211; Ice Mixed Berries"},"content":{"rendered":"<h3>PRODUKTBESKRIVNING<\/h3>\n<div class=\"single-product-description\">\n<div class=\"elementor-widget-container\">\n<div class=\"description category-description\">\n<div class=\"readmore__content\">\n<article class=\"product-description\">\n<div class=\"content\">\n<p>BMOR RINGO, en helt ny eng\u00e5ngsvape med mesh coil. Den \u00e4r formad som en liten flaska vilket g\u00f6r den otroligt bekv\u00e4m att h\u00e5lla och anv\u00e4nda. Som ett resultat ger den en mer ergonomisk k\u00e4nsla \u00e4n traditionella vapes.<\/p>\n<p>RINGO kommer f\u00f6rfylld med 2ml 14mg premium nikotinsalt e-juice och anv\u00e4nder mesh-teknik f\u00f6r att producera smakrik \u00e5nga. Niktoinstyrkan p\u00e5 14mg \u00e4r n\u00e5got svagare i j\u00e4mf\u00f6relse med\u00a0merparten av vapes p\u00e5 marknaden (20mg) och upplevs mildare f\u00f6r halsen vilket m\u00e5nga uppskattar.<\/p>\n<p><strong style=\"color: #1b1919; font-size: 24px;\">Smaker och Design<\/strong><\/p>\n<\/div>\n<\/article>\n<\/div>\n<\/div>\n<div class=\"read-more-btn open\">\n<article class=\"region has-category-block has-category-list-block has-product-list-block has-text-block\" data-region=\"0\">\n<div class=\"block category-block block-14\" data-category-id=\"2048\">\n<div class=\"read-more-btn open\">\n<p>Ringo fr\u00e5n BMOR \u00e4r en eng\u00e5ngs vape som kommer med mesh coil som framh\u00e4ver smaken mer. Vejpen kr\u00e4ver ingen laddning eller p\u00e5fyllning och klarar upp till ca 800 puffar, den har ingen knapp och g\u00e5r ig\u00e5ng genom att man inhalerar. Ringo \u00e4r tillg\u00e4nglig i 20 smaker och kommer i 14 mg\/ml nikotin salt som \u00e4r mildare f\u00f6r halsen och som g\u00f6r att nikotinet kan tas upp snabbare av kroppen. Det \u00e4r en perfekt MTL kit f\u00f6r den som vill sluta r\u00f6ka eller f\u00f6r den som str\u00e4var efter n\u00e5got enkelt f\u00f6r smakens skull.<\/p>\n<h2><strong>Varf\u00f6r V\u00e4lja BMOR RINGO?<\/strong><\/h2>\n<ul>\n<li>L\u00e5ng Livsl\u00e4ngd: Upp till sex g\u00e5nger fler puffar per enhet j\u00e4mf\u00f6rt med standard eng\u00e5ngsvape.<\/li>\n<li>Avancerad Teknik: Mesh-coil teknologin s\u00e4kerst\u00e4ller en konsekvent och tillfredsst\u00e4llande smak med varje puff.<\/li>\n<li>Anv\u00e4ndarv\u00e4nlighet: F\u00f6rfylld och klar att anv\u00e4ndas direkt, ingen p\u00e5fyllning eller laddning kr\u00e4vs.<\/li>\n<li>B\u00e4rbarhet: Dess kompakta design g\u00f6r den l\u00e4tt att ta med \u00f6verallt, perfekt f\u00f6r vardagligt bruk.<\/li>\n<\/ul>\n<h2><strong>T\u00e4nk p\u00e5 Milj\u00f6n<\/strong><\/h2>\n<p>Medan eng\u00e5ngsvapen erbjuder bekv\u00e4mlighet, \u00e4r det viktigt att ocks\u00e5 t\u00e4nka p\u00e5 milj\u00f6p\u00e5verkan. Vi uppmuntrar v\u00e5ra kunder att kassera sina anv\u00e4nda <strong data-start=\"107\" data-end=\"118\">BMOR Ringo Eng\u00e5ngs Vape<\/strong> p\u00e5 ett ansvarsfullt s\u00e4tt genom att f\u00f6lja lokala \u00e5tervinnings riktlinjer. Att ta hand om v\u00e5r planet \u00e4r en del av att njuta av en h\u00e5llbar vinupplevelse.<\/p>\n<p>&nbsp;<\/p>\n<\/div>\n<\/div>\n<\/article>\n<\/div>\n<p><strong>Smaker<\/strong><\/p>\n<ul>\n<li>Banana Ice<\/li>\n<li>Blueberry Ice<\/li>\n<li>Blueberry Raspberry<\/li>\n<li>Blueberry Sour Raspberry<\/li>\n<li>Blue Razz Lemonade<\/li>\n<li>Cola Ice<\/li>\n<li>Fizzy Cherry<\/li>\n<li>Grape Ice<\/li>\n<li>Gummy Bear<\/li>\n<li>Iced Mixed Berries<\/li>\n<li>Menthol<\/li>\n<li>Mr Blue (Blueberry, Raspberry &amp; Blackcurrant)<\/li>\n<li>Pineapple Ice<\/li>\n<li>Red Apple Ice<\/li>\n<li>Red Juice (Energy Drink)<\/li>\n<li>Spearmint<\/li>\n<li>Strawberry Ice Cream<\/li>\n<li>Strawberry Raspberry Cherry<\/li>\n<li>Sweet Mango Ice<\/li>\n<li>Watermelon Ice<\/li>\n<\/ul>\n<p><strong>Specifikationer<\/strong><\/p>\n<table class=\"table product-properties__table\">\n<tbody>\n<tr>\n<td>M\u00e4rke<\/td>\n<td>BMOR<\/td>\n<\/tr>\n<tr>\n<td>Modell<\/td>\n<td>RINGO<\/td>\n<\/tr>\n<tr>\n<td>Typ<\/td>\n<td>Eng\u00e5ngsvape (disposable)<\/td>\n<\/tr>\n<tr>\n<td>Nikotinstyrka<\/td>\n<td>14mg<\/td>\n<\/tr>\n<tr>\n<td>Typ av nikotin<\/td>\n<td>Nikotinsalt<\/td>\n<\/tr>\n<tr>\n<td>Batteri<\/td>\n<td>500 mAh<\/td>\n<\/tr>\n<\/tbody>\n<\/table>\n<\/div>\n<\/div>\n<p>&nbsp;<\/p>\n<p>&nbsp;<\/p>","protected":false},"excerpt":{"rendered":"<p><img decoding=\"async\" class=\"alignleft\" src=\"https:\/\/www.bmorvape.com\/wp-content\/uploads\/2023\/10\/logo.png\" alt=\"Bmor vape | disposable vape | vape pod kit-Bmor official\" width=\"66\" height=\"82\" \/><\/p>\n<p>BMOR Ringo |Ice Mixed Berries| 20mg |2ml|10 pack<\/p>\n<h6 class=\"product-name\"><\/h6>","protected":false},"featured_media":27907,"comment_status":"open","ping_status":"closed","template":"","meta":[],"product_brand":[334],"product_cat":[166,42,156],"product_tag":[],"class_list":{"0":"post-59212","1":"product","2":"type-product","3":"status-publish","4":"has-post-thumbnail","6":"product_brand-bmor-ringo","7":"product_cat-bmor-ringo","8":"product_cat-e-cigg","9":"product_cat-engangs-vape","11":"first","12":"instock","13":"taxable","14":"shipping-taxable","15":"purchasable","16":"product-type-variable"},"_links":{"self":[{"href":"https:\/\/veloop.se\/sv\/wp-json\/wp\/v2\/product\/59212","targetHints":{"allow":["GET"]}}],"collection":[{"href":"https:\/\/veloop.se\/sv\/wp-json\/wp\/v2\/product"}],"about":[{"href":"https:\/\/veloop.se\/sv\/wp-json\/wp\/v2\/types\/product"}],"replies":[{"embeddable":true,"href":"https:\/\/veloop.se\/sv\/wp-json\/wp\/v2\/comments?post=59212"}],"version-history":[{"count":0,"href":"https:\/\/veloop.se\/sv\/wp-json\/wp\/v2\/product\/59212\/revisions"}],"wp:featuredmedia":[{"embeddable":true,"href":"https:\/\/veloop.se\/sv\/wp-json\/wp\/v2\/media\/27907"}],"wp:attachment":[{"href":"https:\/\/veloop.se\/sv\/wp-json\/wp\/v2\/media?parent=59212"}],"wp:term":[{"taxonomy":"product_brand","embeddable":true,"href":"https:\/\/veloop.se\/sv\/wp-json\/wp\/v2\/product_brand?post=59212"},{"taxonomy":"product_cat","embeddable":true,"href":"https:\/\/veloop.se\/sv\/wp-json\/wp\/v2\/product_cat?post=59212"},{"taxonomy":"product_tag","embeddable":true,"href":"https:\/\/veloop.se\/sv\/wp-json\/wp\/v2\/product_tag?post=59212"}],"curies":[{"name":"wp","href":"https:\/\/api.w.org\/{rel}","templated":true}]}}