{"id":59068,"date":"2025-05-23T17:05:30","date_gmt":"2025-05-23T17:05:30","guid":{"rendered":"https:\/\/veloop.se\/?post_type=product&#038;p=59068"},"modified":"2025-07-23T14:24:45","modified_gmt":"2025-07-23T14:24:45","slug":"dripped-panther-bar-2-0-honey-melon","status":"publish","type":"product","link":"https:\/\/veloop.se\/sv\/produkt\/dripped-panther-bar-2-0-honey-melon\/","title":{"rendered":"Dripped Panther Bar 2.0 &#8211; Honey Melon"},"content":{"rendered":"<h3>PRODUKTBESKRIVNING<\/h3>\n<div class=\"single-product-description\">\n<div class=\"elementor-widget-container\">\n<div class=\"description category-description\">\n<div class=\"readmore__content\">\n<article class=\"product-description\">\n<div class=\"content\">\n<p><strong>Panther Bar Eng\u00e5ngs Vape<\/strong>\u00a0kommer i 30 st olika smaker och har 2ML v\u00e4tskeinneh\u00e5ll. Detta \u00e4r en uppgradering av den tidigare versionen Panther Bar 1.0 med flera nya egenskaper, smakprofiler och f\u00f6rb\u00e4ttrade aspekter. Helt ny vape med den innovativa nya tekniken Hyper Mesh-coil. Klar f\u00f6r anv\u00e4ndning direkt utan f\u00f6rkunskaper om vaping.<\/p>\n<p><strong data-start=\"107\" data-end=\"118\">Dripped<\/strong>\u00a0\u00e4r en produktserie som inneh\u00e5ller\u00a0<a href=\"https:\/\/veloop.se\/sv\/ecig\/\">podsystem\u00a0<\/a>och\u00a0<a href=\"https:\/\/veloop.se\/sv\/ecig\/\">eng\u00e5ngs e-cigaretter<\/a>. Serien anv\u00e4nder s\u00e5 kallade Hyper mesh-coils, vilket \u00e4r en coil-teknik som kan p\u00e5verka smakupplevelsen och m\u00e4ngden \u00e5nga. Alla\u00a0<a href=\"https:\/\/veloop.se\/sv\/ecig\/\">Vape<\/a>\u00a0\u00e4r f\u00e4rdigmonterade, vilket inneb\u00e4r att de inte kr\u00e4ver laddning eller byte av coils. Eng\u00e5ngsprodukterna \u00e4r f\u00f6rfyllda och kan anv\u00e4ndas direkt ur f\u00f6rpackningen.<\/p>\n<p><strong style=\"color: #1b1919; font-size: 24px;\">Smaker och Design<\/strong><\/p>\n<\/div>\n<\/article>\n<\/div>\n<\/div>\n<div class=\"read-more-btn open\">\n<article class=\"region has-category-block has-category-list-block has-product-list-block has-text-block\" data-region=\"0\">\n<div class=\"block category-block block-14\" data-category-id=\"2048\">\n<div class=\"read-more-btn open\">\n<p><strong data-start=\"107\" data-end=\"118\">Dripped Panther Bar Eng\u00e5ngs Vape<\/strong> kommer i en rad olika smakalternativ f\u00f6r att tillgodose alla smaker. Oavsett om du f\u00f6redrar fruktiga, s\u00f6ta eller mer traditionella tobakssmaker, finns det en <strong data-start=\"107\" data-end=\"118\">Dripped Panther Bar Eng\u00e5ngs Vape<\/strong> f\u00f6r dig. Dessutom \u00e4r den slanka och minimalistiska designen inte bara stilren utan ocks\u00e5 mycket portabel, vilket g\u00f6r den till en utm\u00e4rkt f\u00f6ljeslagare f\u00f6r vapers p\u00e5 spr\u00e5ng.<\/p>\n<p>Eftersom\u00a0<strong>Dripped Vape<\/strong> \u00e4r en eng\u00e5ngsprodukt beh\u00f6ver du inte t\u00e4nka p\u00e5 nikotinshots, p\u00e5fyllning ave-liquid eller underh\u00e5ll av Coils. N\u00e4r vapens 800 bloss \u00e4r f\u00f6rbrukade \u00e4r det bara \u00e5tervinna den.<\/p>\n<h2><strong>Varf\u00f6r V\u00e4lja Dripped Panther Bar Eng\u00e5ngs Vape?<\/strong><\/h2>\n<ul>\n<li>L\u00e5ng\u00a0Livsl\u00e4ngd: Upp till sex g\u00e5nger fler puffar per enhet j\u00e4mf\u00f6rt med standard eng\u00e5ngsvapes.<\/li>\n<li>Avancerad Teknik: Mesh-coil teknologin s\u00e4kerst\u00e4ller en konsekvent och tillfredsst\u00e4llande smak med varje puff.<\/li>\n<li>Anv\u00e4ndarv\u00e4nlighet: F\u00f6rfylld och klar att anv\u00e4ndas direkt, ingen p\u00e5fyllning eller laddning kr\u00e4vs.<\/li>\n<li>B\u00e4rbarhet: Dess kompakta design g\u00f6r den l\u00e4tt att ta med \u00f6verallt, perfekt f\u00f6r vardagligt bruk.<\/li>\n<\/ul>\n<h2><strong>T\u00e4nk p\u00e5 Milj\u00f6n<\/strong><\/h2>\n<p>Medan eng\u00e5ngsvapes erbjuder bekv\u00e4mlighet, \u00e4r det viktigt att ocks\u00e5 t\u00e4nka p\u00e5 milj\u00f6p\u00e5verkan. Vi uppmuntrar v\u00e5ra kunder att kassera sina anv\u00e4nda <strong data-start=\"107\" data-end=\"118\">Dripped Panther Bar Eng\u00e5ngs Vape<\/strong> p\u00e5 ett ansvarsfullt s\u00e4tt genom att f\u00f6lja lokala \u00e5tervinningsriktlinjer. Att ta hand om v\u00e5r planet \u00e4r en del av att njuta av en h\u00e5llbar vapingupplevelse.<\/p>\n<p>&nbsp;<\/p>\n<\/div>\n<\/div>\n<\/article>\n<\/div>\n<p><strong>Smaker<\/strong><\/p>\n<ul>\n<li>Apple Peach<\/li>\n<li>Berry Heaven<\/li>\n<li>Blackcurrant Ice<\/li>\n<li>Blue Raspberry Ice<\/li>\n<li>Blue Raspberry Lemonade<\/li>\n<li>Blueberry Peach Ice<\/li>\n<li>Blueberry Sour Raspberry<\/li>\n<li>Cherry Ice<\/li>\n<li>Cola Ice<\/li>\n<li>Double Apple<\/li>\n<li>Energy Ice<\/li>\n<li>Grape Ice<\/li>\n<li>Honey Melon<\/li>\n<li>Lemon &amp; Lime<\/li>\n<li>Lemon Peach Passionfruit<\/li>\n<li>Mango Ice<\/li>\n<li>Menthol<\/li>\n<li>Passionfruit Ice<\/li>\n<li>Peach Ice<\/li>\n<li>Pineapple Ice<\/li>\n<li>Pineapple Peach Mango<\/li>\n<li>Pink Lemonade<\/li>\n<li>Strawberry Ice<\/li>\n<li>Strawberry Kiwi<\/li>\n<li>Strawberry Watermelon Bubblegum<\/li>\n<li>Tobacco<\/li>\n<li>Watermelon Ice<\/li>\n<\/ul>\n<p><strong>Specifikationer<\/strong><\/p>\n<p><strong>\u2022 Nikotinsalt 20mg \u2013 50\/50 VG\/PG (2ML v\u00e4tska)<br \/>\n\u2022 Hyper Mesh-coil<br \/>\n\u2022 2ML v\u00e4tskeinneh\u00e5ll<br \/>\n\u2022 L\u00e5ng batteritid<\/strong><\/p>\n<\/div>\n<\/div>\n<p>&nbsp;<\/p>\n<p>&nbsp;<\/p>","protected":false},"excerpt":{"rendered":"<p><img decoding=\"async\" class=\"alignright\" src=\"https:\/\/d3dnwnveix5428.cloudfront.net\/store_c6fae549-1cbe-4dee-aafb-fbcbcb54eaec\/images\/Zm3MELYcHDItMyVnV013qE4pyArXxFfge5RtLCOZ.png\" alt=\"Vapegiganten\" width=\"109\" height=\"52\" \/><\/p>\n<p>Dripped Panther Bar 2.0\u00a0 |Honey Melon|\u00a0 20mg | 2ml|10 pack<\/p>\n<h6 class=\"product-name\"><\/h6>","protected":false},"featured_media":27714,"comment_status":"open","ping_status":"closed","template":"","meta":[],"product_brand":[335],"product_cat":[42,156,158],"product_tag":[],"class_list":{"0":"post-59068","1":"product","2":"type-product","3":"status-publish","4":"has-post-thumbnail","6":"product_brand-dripped-panther-bar-2-0","7":"product_cat-e-cigg","8":"product_cat-engangs-vape","9":"product_cat-panther-bar","11":"first","12":"instock","13":"taxable","14":"shipping-taxable","15":"purchasable","16":"product-type-variable"},"_links":{"self":[{"href":"https:\/\/veloop.se\/sv\/wp-json\/wp\/v2\/product\/59068","targetHints":{"allow":["GET"]}}],"collection":[{"href":"https:\/\/veloop.se\/sv\/wp-json\/wp\/v2\/product"}],"about":[{"href":"https:\/\/veloop.se\/sv\/wp-json\/wp\/v2\/types\/product"}],"replies":[{"embeddable":true,"href":"https:\/\/veloop.se\/sv\/wp-json\/wp\/v2\/comments?post=59068"}],"version-history":[{"count":0,"href":"https:\/\/veloop.se\/sv\/wp-json\/wp\/v2\/product\/59068\/revisions"}],"wp:featuredmedia":[{"embeddable":true,"href":"https:\/\/veloop.se\/sv\/wp-json\/wp\/v2\/media\/27714"}],"wp:attachment":[{"href":"https:\/\/veloop.se\/sv\/wp-json\/wp\/v2\/media?parent=59068"}],"wp:term":[{"taxonomy":"product_brand","embeddable":true,"href":"https:\/\/veloop.se\/sv\/wp-json\/wp\/v2\/product_brand?post=59068"},{"taxonomy":"product_cat","embeddable":true,"href":"https:\/\/veloop.se\/sv\/wp-json\/wp\/v2\/product_cat?post=59068"},{"taxonomy":"product_tag","embeddable":true,"href":"https:\/\/veloop.se\/sv\/wp-json\/wp\/v2\/product_tag?post=59068"}],"curies":[{"name":"wp","href":"https:\/\/api.w.org\/{rel}","templated":true}]}}