{"id":58945,"date":"2025-05-23T17:05:18","date_gmt":"2025-05-23T17:05:18","guid":{"rendered":"https:\/\/veloop.se\/?post_type=product&#038;p=58945"},"modified":"2025-08-05T00:05:31","modified_gmt":"2025-08-05T00:05:31","slug":"lost-mary-qm600-lemon-lime","status":"publish","type":"product","link":"https:\/\/veloop.se\/sv\/produkt\/lost-mary-qm600-lemon-lime\/","title":{"rendered":"Lost Mary QM600 &#8211; Lemon Lime"},"content":{"rendered":"<h3>PRODUKTBESKRIVNING<\/h3>\n<div class=\"single-product-description\">\n<div class=\"elementor-widget-container\">\n<div class=\"description category-description\">\n<div class=\"readmore__content\">\n<article class=\"product-description\">\n<div class=\"content\">\n<p><strong><u>NYA LOST MA<\/u><\/strong><strong><u>RY!<\/u><\/strong><\/p>\n<p>Nu \u00e4r den \u00e4ntligen h\u00e4r, Lost Marys uppf\u00f6ljare till den tidigare succ\u00e9n. Denna nya modell kommer med en uppgraderad QUAQ-Mesh Coil f\u00f6r en \u00e4nnu b\u00e4ttre smakupplevelse.<\/p>\n<p>Lost Mary QM600 kommer f\u00f6rfylld med 2ml 20mg premium nikotinsalt e-juice och finns tillg\u00e4nglig i 16st olika smaker.<\/p>\n<p>QM600 \u00e4r otroligt l\u00e4tt att anv\u00e4nda, kr\u00e4ver inga coilbyten eller juicep\u00e5fyllning. Anv\u00e4nd den direkt ur kartongen, kassera den sedan p\u00e5 r\u00e4tt s\u00e4tt och k\u00f6p en ny n\u00e4r den tar slut.<\/p>\n<\/div>\n<\/article>\n<\/div>\n<\/div>\n<div class=\"read-more-btn open\">\n<div class=\"accordion-item\">\n<div class=\"accordion-content\">\n<div class=\"product-properties\"><strong style=\"color: #1b1919; font-size: 24px;\">Smaker och Design<\/strong><\/div>\n<\/div>\n<\/div>\n<article class=\"region has-category-block has-category-list-block has-product-list-block has-text-block\" data-region=\"0\">\n<div class=\"block category-block block-14\" data-category-id=\"2048\">\n<div class=\"read-more-btn open\">\n<p>Lost Mary QM kommer i en rad olika smakalternativ f\u00f6r att tillgodose alla smaker. Oavsett om du f\u00f6redrar fruktiga, s\u00f6ta eller mer traditionella tobakssmaker, finns det en Lost Mary QM f\u00f6r dig. Dessutom \u00e4r den slanka och minimalistiska designen inte bara stilren utan ocks\u00e5 mycket portabel, vilket g\u00f6r den till en utm\u00e4rkt f\u00f6ljeslagare f\u00f6r vapers p\u00e5 spr\u00e5ng.<\/p>\n<h2><strong>Varf\u00f6r V\u00e4lja Lost Mary QM600?<\/strong><\/h2>\n<ul>\n<li>L\u00e5ng\u00a0Livsl\u00e4ngd: Upp till sex g\u00e5nger fler puffar per enhet j\u00e4mf\u00f6rt med standard eng\u00e5ngsvapes.<\/li>\n<li>Avancerad Teknik: Mesh-coil teknologin s\u00e4kerst\u00e4ller en konsekvent och tillfredsst\u00e4llande smak med varje puff.<\/li>\n<li>Anv\u00e4ndarv\u00e4nlighet: F\u00f6rfylld och klar att anv\u00e4ndas direkt, ingen p\u00e5fyllning eller laddning kr\u00e4vs.<\/li>\n<li>B\u00e4rbarhet: Dess kompakta design g\u00f6r den l\u00e4tt att ta med \u00f6verallt, perfekt f\u00f6r vardagligt bruk.<\/li>\n<\/ul>\n<h2><strong>T\u00e4nk p\u00e5 Milj\u00f6n<\/strong><\/h2>\n<p>Medan eng\u00e5ngsvapes erbjuder bekv\u00e4mlighet, \u00e4r det viktigt att ocks\u00e5 t\u00e4nka p\u00e5 milj\u00f6p\u00e5verkan. Vi uppmuntrar v\u00e5ra kunder att kassera sina anv\u00e4nda Lost Mary QM600 p\u00e5 ett ansvarsfullt s\u00e4tt genom att f\u00f6lja lokala \u00e5tervinningsriktlinjer. Att ta hand om v\u00e5r planet \u00e4r en del av att njuta av en h\u00e5llbar vapingupplevelse.<\/p>\n<p>&nbsp;<\/p>\n<\/div>\n<\/div>\n<\/article>\n<\/div>\n<p><strong>Smaker<\/strong><\/p>\n<ul>\n<li>Banan Ice<\/li>\n<li>Blueberry Ice<\/li>\n<li>Blueberry Peach Ice<\/li>\n<li>Blueberry Sour Raspberry<\/li>\n<li>Cherry Ice<\/li>\n<li>Cola<\/li>\n<li>Grape<\/li>\n<li>Lemon Lime<\/li>\n<li>Mad Blue<\/li>\n<li>Peach Strawberry Watermelon<\/li>\n<li>Pineapple Ice<\/li>\n<li>Pink Lemonade<\/li>\n<li>Red Apple Ice<\/li>\n<li>Sour Apple<\/li>\n<li>Strawberry Kiwi<\/li>\n<li>Watermelon Ice<\/li>\n<\/ul>\n<p><strong>Specifikationer<\/strong><\/p>\n<div class=\"accordion-item\">\n<div class=\"accordion-content\"><\/div>\n<\/div>\n<\/div>\n<\/div>\n<table class=\"table product-properties__table\">\n<tbody>\n<tr>\n<td>M\u00e4rke<\/td>\n<td>Lost Mary<\/td>\n<\/tr>\n<tr>\n<td>Modell<\/td>\n<td>QM600<\/td>\n<\/tr>\n<tr>\n<td>Typ<\/td>\n<td>Eng\u00e5ngsvape (disposable)<\/td>\n<\/tr>\n<tr>\n<td>Nikotinstyrka<\/td>\n<td>20mg<\/td>\n<\/tr>\n<tr>\n<td>Typ av nikotin<\/td>\n<td>Nikotinsalt<\/td>\n<\/tr>\n<tr>\n<td>Batteri<\/td>\n<td>550 mAh<\/td>\n<\/tr>\n<\/tbody>\n<\/table>","protected":false},"excerpt":{"rendered":"<p><img decoding=\"async\" class=\"\" src=\"https:\/\/th.bing.com\/th\/id\/R.232ab74e408513d25a0a6ee13c07845a?rik=szUeuzJ2aXo06Q&amp;riu=http%3a%2f%2fwww.vapezilla.com%2fcdn%2fshop%2fcollections%2fLost-Mary.png%3fv%3d1704609810&amp;ehk=hDIWb%2bJKHaA%2f1ZpZSxAPfwyWOT4PG7cP%2bdvQo9kDOug%3d&amp;risl=&amp;pid=ImgRaw&amp;r=0\" alt=\"Lost Mary Vapes | Buy New Lostmary Online at the Best Price\" width=\"113\" height=\"113\" \/><\/p>\n<h5 class=\"product-name\">Lost Mary QM600\u00a0 |Lemon Lime |\u00a0 20mg | 2ml|10 pack<\/h5>\n<h6 class=\"product-name\"><\/h6>","protected":false},"featured_media":27564,"comment_status":"open","ping_status":"closed","template":"","meta":[],"product_brand":[336],"product_cat":[42,156,162],"product_tag":[],"class_list":{"0":"post-58945","1":"product","2":"type-product","3":"status-publish","4":"has-post-thumbnail","6":"product_brand-lost-mary","7":"product_cat-e-cigg","8":"product_cat-engangs-vape","9":"product_cat-lost-mary","11":"first","12":"instock","13":"taxable","14":"shipping-taxable","15":"purchasable","16":"product-type-variable"},"_links":{"self":[{"href":"https:\/\/veloop.se\/sv\/wp-json\/wp\/v2\/product\/58945","targetHints":{"allow":["GET"]}}],"collection":[{"href":"https:\/\/veloop.se\/sv\/wp-json\/wp\/v2\/product"}],"about":[{"href":"https:\/\/veloop.se\/sv\/wp-json\/wp\/v2\/types\/product"}],"replies":[{"embeddable":true,"href":"https:\/\/veloop.se\/sv\/wp-json\/wp\/v2\/comments?post=58945"}],"version-history":[{"count":0,"href":"https:\/\/veloop.se\/sv\/wp-json\/wp\/v2\/product\/58945\/revisions"}],"wp:featuredmedia":[{"embeddable":true,"href":"https:\/\/veloop.se\/sv\/wp-json\/wp\/v2\/media\/27564"}],"wp:attachment":[{"href":"https:\/\/veloop.se\/sv\/wp-json\/wp\/v2\/media?parent=58945"}],"wp:term":[{"taxonomy":"product_brand","embeddable":true,"href":"https:\/\/veloop.se\/sv\/wp-json\/wp\/v2\/product_brand?post=58945"},{"taxonomy":"product_cat","embeddable":true,"href":"https:\/\/veloop.se\/sv\/wp-json\/wp\/v2\/product_cat?post=58945"},{"taxonomy":"product_tag","embeddable":true,"href":"https:\/\/veloop.se\/sv\/wp-json\/wp\/v2\/product_tag?post=58945"}],"curies":[{"name":"wp","href":"https:\/\/api.w.org\/{rel}","templated":true}]}}