{"id":58775,"date":"2025-05-23T17:04:58","date_gmt":"2025-05-23T17:04:58","guid":{"rendered":"https:\/\/veloop.se\/?post_type=product&#038;p=58775"},"modified":"2025-07-27T17:11:36","modified_gmt":"2025-07-27T17:11:36","slug":"aroma-king-gem-gummy-bear","status":"publish","type":"product","link":"https:\/\/veloop.se\/sv\/produkt\/aroma-king-gem-gummy-bear\/","title":{"rendered":"Aroma King GEM Gummy Bear"},"content":{"rendered":"<h3>PRODUKTBESKRIVNING<\/h3>\n<div class=\"single-product-description\">\n<div class=\"elementor-widget-container\">\n<div class=\"description category-description\">Aroma King Gem \u00e4r en eng\u00e5ngsvape med mesh coil.\u00a0 Dessa ger upp till 700 bloss och kommer i en snygg design som finns tillg\u00e4nglig i 33 stycken olika smaker.<\/div>\n<div class=\"read-more-btn open\">\n<div class=\"accordion-item\">\n<div class=\"accordion-content\">\n<div class=\"accordion-content__read-more\">\n<div class=\"readmore\">\n<div class=\"readmore__content\">\n<article class=\"product-description\">\n<div class=\"content\">\n<p>Denna eng\u00e5ngsvape kr\u00e4ver ingen laddning eller p\u00e5fyllning och aktiveras genom inandning. Kommer i 20 mg\/ml nikotinsalt som \u00e4r mildare f\u00f6r halsen och som g\u00f6r att nikotinet kan tas upp snabbare av kroppen.<\/p>\n<\/div>\n<\/article>\n<\/div>\n<\/div>\n<\/div>\n<\/div>\n<\/div>\n<div class=\"accordion-item\">\n<div class=\"accordion-content\">\n<div class=\"product-properties\"><strong style=\"color: #1b1919; font-size: 24px;\">Smaker och Design<\/strong><\/div>\n<\/div>\n<\/div>\n<article class=\"region has-category-block has-category-list-block has-product-list-block has-text-block\" data-region=\"0\">\n<div class=\"block category-block block-14\" data-category-id=\"2048\">\n<div class=\"read-more-btn open\">\n<p>Aroma King GEM kommer i en rad olika smakalternativ f\u00f6r att tillgodose alla smaker. Oavsett om du f\u00f6redrar fruktiga, s\u00f6ta eller mer traditionella tobakssmaker, finns det en Aroma King GEM f\u00f6r dig. Dessutom \u00e4r den slanka och minimalistiska designen inte bara stilren utan ocks\u00e5 mycket portabel, vilket g\u00f6r den till en utm\u00e4rkt f\u00f6ljeslagare f\u00f6r vapers p\u00e5 spr\u00e5ng.<\/p>\n<h2><strong>Varf\u00f6r V\u00e4lja Aroma King Gem Mesh?<\/strong><\/h2>\n<ul>\n<li>L\u00e5ng\u00a0Livsl\u00e4ngd: Upp till sex g\u00e5nger fler puffar per enhet j\u00e4mf\u00f6rt med standard eng\u00e5ngsvapes.<\/li>\n<li>Avancerad Teknik: Mesh-coil teknologin s\u00e4kerst\u00e4ller en konsekvent och tillfredsst\u00e4llande smak med varje puff.<\/li>\n<li>Anv\u00e4ndarv\u00e4nlighet: F\u00f6rfylld och klar att anv\u00e4ndas direkt, ingen p\u00e5fyllning eller laddning kr\u00e4vs.<\/li>\n<li>B\u00e4rbarhet: Dess kompakta design g\u00f6r den l\u00e4tt att ta med \u00f6verallt, perfekt f\u00f6r vardagligt bruk.<\/li>\n<\/ul>\n<h2><strong>T\u00e4nk p\u00e5 Milj\u00f6n<\/strong><\/h2>\n<p>Medan eng\u00e5ngsvapes erbjuder bekv\u00e4mlighet, \u00e4r det viktigt att ocks\u00e5 t\u00e4nka p\u00e5 milj\u00f6p\u00e5verkan. Vi uppmuntrar v\u00e5ra kunder att kassera sina anv\u00e4nda Aroma King p\u00e5 ett ansvarsfullt s\u00e4tt genom att f\u00f6lja lokala \u00e5tervinningsriktlinjer. Att ta hand om v\u00e5r planet \u00e4r en del av att njuta av en h\u00e5llbar vapingupplevelse.<\/p>\n<p>&nbsp;<\/p>\n<\/div>\n<\/div>\n<\/article>\n<\/div>\n<p><strong>Smaker<\/strong><\/p>\n<ul>\n<li>Banan Ice<\/li>\n<li>Berry Peach<\/li>\n<li>Blackberry Strawberry Bluberry<\/li>\n<li>Blue Razz<\/li>\n<li>Blueberry Cherry Cranberry<\/li>\n<li>Blueberry Ice<\/li>\n<li>Carribean Crush<\/li>\n<li>Cola<\/li>\n<li>Cool Mango<\/li>\n<li>Grape Ice<\/li>\n<li>Cotton Candy<\/li>\n<li>Gummy Bear<\/li>\n<li>Hawaii Pog<\/li>\n<li>Kiwwi Watermelon Ice<\/li>\n<li>Lush Ice<\/li>\n<li>Mixed Berry<\/li>\n<li>Mr Blue<\/li>\n<li>Passion Fruits<\/li>\n<li>Passion Kiwi Guava<\/li>\n<li>Peach Ice<\/li>\n<li>Pink Lady<\/li>\n<li>Pink Orange Razz<\/li>\n<li>Raspberry Blueberry Lemon<\/li>\n<li>Raspberry Peach<\/li>\n<li>Sour Apple<\/li>\n<li>Strawberry Bull<\/li>\n<li>Strawberry Ice Cream<\/li>\n<li>Tiger Blood<\/li>\n<li>Vimto<\/li>\n<li>Watermelon Ice<\/li>\n<\/ul>\n<p><strong>Specifikationer<\/strong><\/p>\n<div class=\"accordion-item\">\n<div class=\"accordion-content\">\n<div class=\"product-properties\">\n<table class=\"table product-properties__table\">\n<tbody>\n<tr>\n<td>M\u00e4rke<\/td>\n<td>Aroma King<\/td>\n<\/tr>\n<tr>\n<td>Modell<\/td>\n<td>Gem<\/td>\n<\/tr>\n<tr>\n<td>Typ<\/td>\n<td>Eng\u00e5ngsvape (disposable)<\/td>\n<\/tr>\n<tr>\n<td>Nikotinstyrka<\/td>\n<td>20mg<\/td>\n<\/tr>\n<tr>\n<td>Typ av nikotin<\/td>\n<td>Nikotinsalt<\/td>\n<\/tr>\n<tr>\n<td>Batteri<\/td>\n<td>500 mAh<\/td>\n<\/tr>\n<\/tbody>\n<\/table>\n<\/div>\n<\/div>\n<\/div>\n<\/div>\n<\/div>\n<p>&nbsp;<\/p>","protected":false},"excerpt":{"rendered":"<h5 class=\"product-name\"><img decoding=\"async\" src=\"https:\/\/nycdn.nyehandel.se\/store_c6fae549-1cbe-4dee-aafb-fbcbcb54eaec\/images\/KFtRS3lpjPu1DqIUSpPHWQfzbHX0AGiWkKmZZA6r.png?width=100&amp;height=100\" \/>Aroma King GEM |Gummy Bear| Eng\u00e5ngs Vape | 20mg | 2ml|10 pack<\/h5>\n<h6 class=\"product-name\"><\/h6>","protected":false},"featured_media":27362,"comment_status":"open","ping_status":"closed","template":"","meta":[],"product_brand":[337],"product_cat":[160,42,156],"product_tag":[],"class_list":{"0":"post-58775","1":"product","2":"type-product","3":"status-publish","4":"has-post-thumbnail","6":"product_brand-aroma-king-gem","7":"product_cat-aroma-king","8":"product_cat-e-cigg","9":"product_cat-engangs-vape","11":"first","12":"instock","13":"taxable","14":"shipping-taxable","15":"purchasable","16":"product-type-variable"},"_links":{"self":[{"href":"https:\/\/veloop.se\/sv\/wp-json\/wp\/v2\/product\/58775","targetHints":{"allow":["GET"]}}],"collection":[{"href":"https:\/\/veloop.se\/sv\/wp-json\/wp\/v2\/product"}],"about":[{"href":"https:\/\/veloop.se\/sv\/wp-json\/wp\/v2\/types\/product"}],"replies":[{"embeddable":true,"href":"https:\/\/veloop.se\/sv\/wp-json\/wp\/v2\/comments?post=58775"}],"version-history":[{"count":0,"href":"https:\/\/veloop.se\/sv\/wp-json\/wp\/v2\/product\/58775\/revisions"}],"wp:featuredmedia":[{"embeddable":true,"href":"https:\/\/veloop.se\/sv\/wp-json\/wp\/v2\/media\/27362"}],"wp:attachment":[{"href":"https:\/\/veloop.se\/sv\/wp-json\/wp\/v2\/media?parent=58775"}],"wp:term":[{"taxonomy":"product_brand","embeddable":true,"href":"https:\/\/veloop.se\/sv\/wp-json\/wp\/v2\/product_brand?post=58775"},{"taxonomy":"product_cat","embeddable":true,"href":"https:\/\/veloop.se\/sv\/wp-json\/wp\/v2\/product_cat?post=58775"},{"taxonomy":"product_tag","embeddable":true,"href":"https:\/\/veloop.se\/sv\/wp-json\/wp\/v2\/product_tag?post=58775"}],"curies":[{"name":"wp","href":"https:\/\/api.w.org\/{rel}","templated":true}]}}