{"id":58503,"date":"2025-05-23T17:04:29","date_gmt":"2025-05-23T17:04:29","guid":{"rendered":"https:\/\/veloop.se\/?post_type=product&#038;p=58503"},"modified":"2025-11-29T10:46:55","modified_gmt":"2025-11-29T10:46:55","slug":"n-one-crystal-berry-blast","status":"publish","type":"product","link":"https:\/\/veloop.se\/sv\/produkt\/n-one-crystal-berry-blast\/","title":{"rendered":"N One Crystal Berry Blast"},"content":{"rendered":"<h3>PRODUKTBESKRIVNING<\/h3>\n<div class=\"single-product-description\">\n<div class=\"elementor-widget-container\">\n<div class=\"description category-description\">\n<h2><strong>N One Crystal Mesh Eng\u00e5ngs Vape<\/strong><\/h2>\n<p>N One \u00e4r tillbaka med ytterligare en ny enhet &#8211;\u00a0<strong>N One Crystal Mesh<\/strong>!\u00a0Nya Crystal har mesh coil, vilket ger mer smak och b\u00e4ttre \u00e5ngproduktion. Laddade med 2ml 20mg saltnic\u00a0e-juice.<\/p>\n<\/div>\n<div class=\"read-more-btn open\">\n<h2><strong>Funktioner hos N One Crystal<\/strong><\/h2>\n<p>N One Crystal anv\u00e4nder sig av mesh-coil-teknologi som ger en j\u00e4mn v\u00e4rmef\u00f6rdelning f\u00f6r en f\u00f6rb\u00e4ttrad smak\u00e5tergivning och \u00e5ngproduktion. H\u00e4r \u00e4r n\u00e5gra nyckelfunktioner som definierar N One Crystal:<\/p>\n<p><strong>Mesh-Coil Teknologi:<\/strong>\u00a0Garanterar j\u00e4mn v\u00e4rmef\u00f6rdelning f\u00f6r optimal \u00e5ngproduktion och smak.<\/p>\n<p><strong>F\u00f6rfylld och Laddad:<\/strong>\u00a0Levereras redo att anv\u00e4ndas direkt ur f\u00f6rpackningen, vilket eliminerar behovet av p\u00e5fyllningar och laddning.<\/p>\n<p><strong>Varierat Smakutbud:<\/strong>\u00a0Tillg\u00e4nglig i flera olika smaker f\u00f6r att tillgodose olika preferenser.<\/p>\n<p><strong>Kompakt Design:<\/strong>\u00a0Enkel att b\u00e4ra med sig, g\u00f6r den idealisk f\u00f6r anv\u00e4ndning under resor eller p\u00e5 spr\u00e5ng.<\/p>\n<h3><strong>Anv\u00e4ndningsomr\u00e5den<\/strong><\/h3>\n<p>N One Crystal \u00e4r l\u00e4mplig f\u00f6r personer som s\u00f6ker en okomplicerad vapingl\u00f6sning. Den \u00e4r optimal f\u00f6r anv\u00e4ndare som f\u00f6redrar att inte hantera p\u00e5fyllningar av e-juice eller underh\u00e5ll av enheten. Med sin eng\u00e5ngsnatur \u00e4r N One Crystal ocks\u00e5 ett utm\u00e4rkt alternativ f\u00f6r tillf\u00e4lliga anv\u00e4ndare eller som ett reservalternativ f\u00f6r mer erfarna vapers.<\/p>\n<\/div>\n<p><strong>Smaker<\/strong><\/p>\n<ul>\n<li>Blue Raspberry<\/li>\n<li>Blueberry<\/li>\n<li>Watermelon Ice<\/li>\n<li>Grape Ice<\/li>\n<li>Fizzy Cherry<\/li>\n<li>Peach Ice<\/li>\n<li>Mint Ice<\/li>\n<li>Strawberry watermelon Bubblegum<\/li>\n<li>Double Apple<\/li>\n<li>Rainbow Fruits<\/li>\n<li>Blue Razz Cherry<\/li>\n<li>Mango Ice<\/li>\n<li>Blackberry Blueberry<\/li>\n<li>Tobacco<\/li>\n<li>Licorice<\/li>\n<li>Lemon Lime<\/li>\n<li>Berry Blast<\/li>\n<li>Grape Berry<\/li>\n<li>Bubblegum<\/li>\n<li>Cola Ice<\/li>\n<li>Menthol<\/li>\n<li>Strawberry Raspberry<\/li>\n<li>Apple Pear<\/li>\n<li>Strawberry Ice<\/li>\n<li>Pineapple Peach Mango<\/li>\n<li>Sour Watermelon Kiwi<\/li>\n<\/ul>\n<p><strong>Specifikationer<\/strong><\/p>\n<ul>\n<li><strong>Nikotinsalt 20mg Vg50\/Pg50<\/strong><\/li>\n<li><strong>2ml e-v\u00e4tska<\/strong><\/li>\n<li><strong>26 olika smakprofiler<\/strong><\/li>\n<li><strong>Mesh-coil som ger starkare smak och \u00e5ngproduktion<\/strong><\/li>\n<\/ul>\n<\/div>\n<\/div>\n<p>&nbsp;<\/p>","protected":false},"excerpt":{"rendered":"<h2><strong>N One Crystal Mesh | Berry Blast<\/strong><\/h2>\n<h3>Smak av blandade b\u00e4r. 26 olika smaker.<\/h3>\n<p><strong>\u2013 Eng\u00e5ngsvape<br \/>\n<\/strong><strong>\u2013 Nikotinsalt 20mg Vg50\/Pg50<br \/>\n<\/strong><strong>\u2013 2ml e-juice<br \/>\n<\/strong><strong>\u2013 Batterikapacitet 400 mAh<br \/>\n<\/strong><strong>\u2013 Laddningsbar: Nej<\/strong><strong><br \/>\n<\/strong><strong>\u2013 Mesh-coil som ger b\u00e4ttre smak och upplevelse<\/strong><\/p>\n<p>N One Crystal Mesh anv\u00e4nder sig av mesh-coils vilket ger starkare och l\u00e5ngvarig smak med st\u00f6rre \u00e5ngproduktion som p\u00e5minner mer om st\u00f6rre vapes.<\/p>","protected":false},"featured_media":27035,"comment_status":"open","ping_status":"closed","template":"","meta":[],"product_brand":[339],"product_cat":[42,156,169,168],"product_tag":[],"class_list":{"0":"post-58503","1":"product","2":"type-product","3":"status-publish","4":"has-post-thumbnail","6":"product_brand-n-one-crystal","7":"product_cat-e-cigg","8":"product_cat-engangs-vape","9":"product_cat-n-one","10":"product_cat-n-one-crystal","12":"first","13":"instock","14":"taxable","15":"shipping-taxable","16":"purchasable","17":"product-type-variable"},"_links":{"self":[{"href":"https:\/\/veloop.se\/sv\/wp-json\/wp\/v2\/product\/58503","targetHints":{"allow":["GET"]}}],"collection":[{"href":"https:\/\/veloop.se\/sv\/wp-json\/wp\/v2\/product"}],"about":[{"href":"https:\/\/veloop.se\/sv\/wp-json\/wp\/v2\/types\/product"}],"replies":[{"embeddable":true,"href":"https:\/\/veloop.se\/sv\/wp-json\/wp\/v2\/comments?post=58503"}],"version-history":[{"count":0,"href":"https:\/\/veloop.se\/sv\/wp-json\/wp\/v2\/product\/58503\/revisions"}],"wp:featuredmedia":[{"embeddable":true,"href":"https:\/\/veloop.se\/sv\/wp-json\/wp\/v2\/media\/27035"}],"wp:attachment":[{"href":"https:\/\/veloop.se\/sv\/wp-json\/wp\/v2\/media?parent=58503"}],"wp:term":[{"taxonomy":"product_brand","embeddable":true,"href":"https:\/\/veloop.se\/sv\/wp-json\/wp\/v2\/product_brand?post=58503"},{"taxonomy":"product_cat","embeddable":true,"href":"https:\/\/veloop.se\/sv\/wp-json\/wp\/v2\/product_cat?post=58503"},{"taxonomy":"product_tag","embeddable":true,"href":"https:\/\/veloop.se\/sv\/wp-json\/wp\/v2\/product_tag?post=58503"}],"curies":[{"name":"wp","href":"https:\/\/api.w.org\/{rel}","templated":true}]}}