{"id":58487,"date":"2025-05-23T17:04:27","date_gmt":"2025-05-23T17:04:27","guid":{"rendered":"https:\/\/veloop.se\/?post_type=product&#038;p=58487"},"modified":"2025-11-29T10:33:04","modified_gmt":"2025-11-29T10:33:04","slug":"frunk-bar-mesh-blueberry-pomegranate","status":"publish","type":"product","link":"https:\/\/veloop.se\/sv\/produkt\/frunk-bar-mesh-blueberry-pomegranate\/","title":{"rendered":"Frunk Bar Mesh Blueberry Pomegranate"},"content":{"rendered":"<h1>Frunk Bar Mesh Blueberry Pomegranate<\/h1>\n<div class=\"single-product-description\">\n<div class=\"elementor-widget-container\">\n<div class=\"description category-description\">\n<h2>Frunk Bar Mesh Eng\u00e5ngs Vape<\/h2>\n<p>Frunk Bar Mesh Eng\u00e5ngsvape \/ E-cigg finns i +30 st olika smaker. Dessa versioner av Frunkbar inneh\u00e5ller 2ml e-v\u00e4tska, som r\u00e4cker till m\u00e5nga puffar. Frunk-bar \u00e4r fyllda med e-juice i 20mg nikotinsalt, och \u00e4r laddade, s\u00e5 de \u00e4r redo att anv\u00e4ndas direkt ur l\u00e5dan och beh\u00f6ver ingen p\u00e5fyllning eller laddning.<\/p>\n<p>Frunk Bar Mesh \u00e4r\u00a0en helt ny version av de fantastiska Frunkbar-smakerna i en e-cigg med mesh-coil. Det ger mer smak, l\u00e4ngre batteritid och st\u00f6rre moln.<\/p>\n<\/div>\n<div class=\"read-more-btn open\">\n<h2><strong>Utforska Frunk Bar: Effektiv Eng\u00e5ngsvape med Mesh Coil<\/strong><\/h2>\n<p>V\u00e4lkommen till Eciggkedjans sortiment av Frunk Bar, en eng\u00e5ngsvape som erbjuder effektivitet genom sin avancerade mesh-coil-teknologi. Frunk Bar \u00e4r designad f\u00f6r att tillhandah\u00e5lla en konsistent och effektiv vapingupplevelse med minimalt underh\u00e5ll. Perfekt f\u00f6r b\u00e5de nya och erfarna anv\u00e4ndare som v\u00e4rderar enkelhet och funktionalitet i sin vape-anv\u00e4ndning.<\/p>\n<h2><strong>Funktioner hos Frunk Bar<\/strong><\/h2>\n<p>Frunk Bar anv\u00e4nder sig av mesh-coil-teknologi som ger en j\u00e4mn v\u00e4rmef\u00f6rdelning f\u00f6r en f\u00f6rb\u00e4ttrad smak\u00e5tergivning och \u00e5ngproduktion. H\u00e4r \u00e4r n\u00e5gra nyckelfunktioner som definierar Frunk Bar:<\/p>\n<p><strong>Mesh-Coil Teknologi:<\/strong>\u00a0Garanterar j\u00e4mn v\u00e4rmef\u00f6rdelning f\u00f6r optimal \u00e5ngproduktion och smak.<\/p>\n<p><strong>F\u00f6rfylld och Laddad:<\/strong>\u00a0Levereras redo att anv\u00e4ndas direkt ur f\u00f6rpackningen, vilket eliminerar behovet av p\u00e5fyllningar och laddning.<\/p>\n<p><strong>Varierat Smakutbud:<\/strong>\u00a0Tillg\u00e4nglig i flera olika smaker f\u00f6r att tillgodose olika preferenser.<\/p>\n<p><strong>Kompakt Design:<\/strong>\u00a0Enkel att b\u00e4ra med sig, g\u00f6r den idealisk f\u00f6r anv\u00e4ndning under resor eller p\u00e5 spr\u00e5ng.<\/p>\n<h3><strong>Anv\u00e4ndningsomr\u00e5den<\/strong><\/h3>\n<p>Frunk Bar \u00e4r l\u00e4mplig f\u00f6r personer som s\u00f6ker en okomplicerad vapingl\u00f6sning. Den \u00e4r optimal f\u00f6r anv\u00e4ndare som f\u00f6redrar att inte hantera p\u00e5fyllningar av e-juice eller underh\u00e5ll av enheten. Med sin eng\u00e5ngsnatur \u00e4r Frunk Bar ocks\u00e5 ett utm\u00e4rkt alternativ f\u00f6r tillf\u00e4lliga anv\u00e4ndare eller som ett reservalternativ f\u00f6r mer erfarna vapers.<\/p>\n<\/div>\n<p><strong>Smaker<\/strong><\/p>\n<ul>\n<li>Strawberry Bubblegum<\/li>\n<li>Blueberry Fussion<\/li>\n<li>Sour Blue Razz<\/li>\n<li>Strawberry Watermelon Bubblegum<\/li>\n<li>Pineapple Lemonade<\/li>\n<li>Yummi Gummi<\/li>\n<li>Tropical Fruit<\/li>\n<li>Triple Mango<\/li>\n<li>Crushed Candy<\/li>\n<li>Strawberry Nana<\/li>\n<li>Frozen Grape<\/li>\n<li>Frozen Strawberry<\/li>\n<li>Iced Mango<\/li>\n<li>Pink Lemonade<\/li>\n<li>Peach on Ice<\/li>\n<li>Blueberry Cherry Cranberry<\/li>\n<li>Cherry on Cola<\/li>\n<li>Blackcurrant Menthol<\/li>\n<li>Berry Mixer<\/li>\n<li>Twisted Apple<\/li>\n<li>Fizzy Cola<\/li>\n<li>Cotton Candy<\/li>\n<li>Mint Mania<\/li>\n<li>Menthol Mojito<\/li>\n<li>Double Bubble<\/li>\n<li>Blue Razz<\/li>\n<li>Blueberry Pomegranate<\/li>\n<li>Blueberry Bubblegum<\/li>\n<li>Candy Banan<\/li>\n<li>Blue Razz Lemonade<\/li>\n<li>Raging Bull NRG<\/li>\n<li>Berry Lemonade<\/li>\n<li>Watermelon Splash<\/li>\n<\/ul>\n<p><strong>Specifikationer<\/strong><\/p>\n<ul>\n<li><strong>Nikotinsalt 20mg Vg50\/Pg50<\/strong><\/li>\n<li><strong>2ml e-v\u00e4tska<\/strong><\/li>\n<li><strong>33 olika smakprofiler<\/strong><\/li>\n<li><strong>Mesh-coil som ger starkare smak och \u00e5ngproduktion<\/strong><\/li>\n<\/ul>\n<\/div>\n<\/div>\n<p>&nbsp;<\/p>","protected":false},"excerpt":{"rendered":"<h1>Frunk Bar Mesh Blueberry Pomegranate<\/h1>\n<h2 data-start=\"227\" data-end=\"295\">Frunk Bar Mesh Blueberry Pomegranate 20mg \u2013 10-pack Eng\u00e5ngs Vape<\/h2>\n<p data-start=\"297\" data-end=\"601\">Letar du efter en smakrik och smidig <strong data-start=\"334\" data-end=\"350\">eng\u00e5ngs vape<\/strong>? Frunk Bar Mesh Blueberry Pomegranate \u00e4r ett perfekt val f\u00f6r dig som vill ha en fr\u00e4sch och fruktig vape-upplevelse. Med en unik blandning av <strong data-start=\"492\" data-end=\"518\">bl\u00e5b\u00e4r och granat\u00e4pple<\/strong> levererar den en balanserad smakprofil som passar b\u00e5de nyb\u00f6rjare och vana vejpare.<\/p>\n<p data-start=\"603\" data-end=\"860\">Varje Frunk Bar inneh\u00e5ller <strong data-start=\"630\" data-end=\"651\">20 mg nikotinsalt<\/strong> och r\u00e4cker upp till ca <strong data-start=\"675\" data-end=\"689\">800 puffar<\/strong>. Den \u00e4r helt eng\u00e5ngs \u2013 ingen laddning eller p\u00e5fyllning kr\u00e4vs. Du f\u00e5r h\u00e4r ett <strong data-start=\"767\" data-end=\"778\">10-pack<\/strong> som \u00e4r idealiskt f\u00f6r b\u00e5de dagligt bruk och f\u00f6r att alltid ha en enhet till hands.<\/p>\n<h2 data-start=\"862\" data-end=\"878\">Egenskaper:<\/h2>\n<ul data-start=\"879\" data-end=\"1117\">\n<li data-start=\"879\" data-end=\"935\">\n<p data-start=\"881\" data-end=\"935\">Smak: <strong data-start=\"887\" data-end=\"935\">Bl\u00e5b\u00e4r &amp; Granat\u00e4pple (Blueberry Pomegranate)<\/strong><\/p>\n<\/li>\n<li data-start=\"936\" data-end=\"974\">\n<p data-start=\"938\" data-end=\"974\">Nikotinstyrka: <strong data-start=\"953\" data-end=\"974\">20 mg nikotinsalt<\/strong><\/p>\n<\/li>\n<li data-start=\"975\" data-end=\"1010\">\n<p data-start=\"977\" data-end=\"1010\">Upp till <strong data-start=\"986\" data-end=\"1010\">800 puffar per enhet<\/strong><\/p>\n<\/li>\n<li data-start=\"1011\" data-end=\"1052\">\n<p data-start=\"1013\" data-end=\"1052\">Typ: <strong data-start=\"1018\" data-end=\"1052\">Eng\u00e5ngs vape \/ disposable vape<\/strong><\/p>\n<\/li>\n<li data-start=\"1053\" data-end=\"1087\">\n<p data-start=\"1055\" data-end=\"1087\">Antal: <strong data-start=\"1062\" data-end=\"1087\">10 st per f\u00f6rpackning<\/strong><\/p>\n<\/li>\n<li data-start=\"1088\" data-end=\"1117\">\n<p data-start=\"1090\" data-end=\"1117\">Kompakt och l\u00e4tt att ta med<\/p>\n<\/li>\n<\/ul>\n<p data-start=\"1119\" data-end=\"1256\">Perfekt f\u00f6r dig som s\u00f6ker ett bekv\u00e4mt alternativ till traditionell r\u00f6kning eller vill ha en <strong data-start=\"1211\" data-end=\"1255\">diskret nikotinl\u00f6sning med smak av frukt<\/strong>.<\/p>\n<p data-start=\"1258\" data-end=\"1354\">\ud83d\udd17 <a class=\"\" href=\"https:\/\/veloop.se\/sv\/produkt-kategori\/frunk-bar\/\" target=\"_new\" rel=\"noopener\" data-start=\"1261\" data-end=\"1354\">Uppt\u00e4ck fler Frunk Bar eng\u00e5ngs vapes h\u00e4r<\/a><\/p>\n<p data-start=\"1356\" data-end=\"1479\"><strong data-start=\"1356\" data-end=\"1479\">K\u00f6p Frunk Bar Mesh Blueberry Pomegranate 10-pack hos Veloop.se \u2013 snabb leverans och bra priser p\u00e5 eng\u00e5ngs vapes online.<\/strong><\/p>\n<h3><\/h3>","protected":false},"featured_media":27021,"comment_status":"open","ping_status":"closed","template":"","meta":[],"product_brand":[333],"product_cat":[42,156,157],"product_tag":[],"class_list":{"0":"post-58487","1":"product","2":"type-product","3":"status-publish","4":"has-post-thumbnail","6":"product_brand-frunk-bar","7":"product_cat-e-cigg","8":"product_cat-engangs-vape","9":"product_cat-frunk-bar","11":"first","12":"instock","13":"taxable","14":"shipping-taxable","15":"purchasable","16":"product-type-variable"},"_links":{"self":[{"href":"https:\/\/veloop.se\/sv\/wp-json\/wp\/v2\/product\/58487","targetHints":{"allow":["GET"]}}],"collection":[{"href":"https:\/\/veloop.se\/sv\/wp-json\/wp\/v2\/product"}],"about":[{"href":"https:\/\/veloop.se\/sv\/wp-json\/wp\/v2\/types\/product"}],"replies":[{"embeddable":true,"href":"https:\/\/veloop.se\/sv\/wp-json\/wp\/v2\/comments?post=58487"}],"version-history":[{"count":0,"href":"https:\/\/veloop.se\/sv\/wp-json\/wp\/v2\/product\/58487\/revisions"}],"wp:featuredmedia":[{"embeddable":true,"href":"https:\/\/veloop.se\/sv\/wp-json\/wp\/v2\/media\/27021"}],"wp:attachment":[{"href":"https:\/\/veloop.se\/sv\/wp-json\/wp\/v2\/media?parent=58487"}],"wp:term":[{"taxonomy":"product_brand","embeddable":true,"href":"https:\/\/veloop.se\/sv\/wp-json\/wp\/v2\/product_brand?post=58487"},{"taxonomy":"product_cat","embeddable":true,"href":"https:\/\/veloop.se\/sv\/wp-json\/wp\/v2\/product_cat?post=58487"},{"taxonomy":"product_tag","embeddable":true,"href":"https:\/\/veloop.se\/sv\/wp-json\/wp\/v2\/product_tag?post=58487"}],"curies":[{"name":"wp","href":"https:\/\/api.w.org\/{rel}","templated":true}]}}