{"id":57864,"date":"2025-05-23T17:03:21","date_gmt":"2025-05-23T17:03:21","guid":{"rendered":"https:\/\/veloop.se\/?post_type=product&#038;p=57864"},"modified":"2025-12-22T10:07:00","modified_gmt":"2025-12-22T10:07:00","slug":"klint-mini-rose-all-white-portion","status":"publish","type":"product","link":"https:\/\/veloop.se\/sv\/produkt\/klint-mini-rose-all-white-portion\/","title":{"rendered":"Klint Mini Ros\u00e9 All White Portion"},"content":{"rendered":"<p><img decoding=\"async\" src=\"https:\/\/v3-media-se.snusbolaget.se\/sesnusbo\/files\/warninglabels\/NicotineWarningLabel_ProductListPage_Desktop.svg\" alt=\"18 \u00e5rsgr\u00e4ns\" \/><\/p>\n<h1>Klint Mini Ros\u00e9 All White Portion<\/h1>\n<p>KLINT Mini Ros\u00e9 \u00e4r den f\u00f6rsta nikotinportionen under Klint-varum\u00e4rket som kommer i ett mini format. Portionen ger ett diskret avtryck\u00a0n\u00e4r du har den under l\u00e4ppen.<\/p>\n<p>KLINT Mini Ros\u00e9 \u00e4r har en smak av rosor, solmogna jordgubbar,\u00a0litchi och sockervadd. Blandningen levererar en unik smak\u00a0med\u00a0en l\u00e5ngvarig god\u00a0eftersmak.<\/p>\n<p>Nikotinportionerna kommer i formatet Mini och har en Normal nikotinstyrka med en nikotinhalt p\u00e5 12 mg nikotin per gram.<\/p>\n<table class=\"product-specs\">\n<thead>\n<tr>\n<th>Fakta om produkten<\/th>\n<th class=\"text-right\"><\/th>\n<\/tr>\n<\/thead>\n<tbody>\n<tr>\n<td class=\"spec-key\">Varum\u00e4rke<\/td>\n<td class=\"spec-value text-right\">Klint<\/td>\n<\/tr>\n<tr>\n<td class=\"spec-key\">Produkttyp<\/td>\n<td class=\"spec -value text-right\">all white portion<\/td>\n<\/tr>\n<tr>\n<td class=\"spec-key\">Nikotinstyrka<\/td>\n<td class=\"spec -value text-right\">normal<\/td>\n<\/tr>\n<tr>\n<td class=\"spec-key\">Nikotinhalt<\/td>\n<td class=\"spec -value text-right\">12 mg\/g<\/td>\n<\/tr>\n<tr>\n<td class=\"spec-key\">Smak<\/td>\n<td class=\"spec -value text-right\">frukt<\/td>\n<\/tr>\n<tr>\n<td class=\"spec-key\">Inneh\u00e5ll\/f\u00f6rpackning<\/td>\n<td class=\"spec -value text-right\">15 g<\/td>\n<\/tr>\n<tr>\n<td class=\"spec-key\">Snustyp<\/td>\n<td class=\"spec -value text-right\">All White Portion Mini<\/td>\n<\/tr>\n<tr>\n<td class=\"spec-key\">Format<\/td>\n<td class=\"spec -value text-right\">Mini<\/td>\n<\/tr>\n<tr>\n<td class=\"spec-key\">Producent<\/td>\n<td class=\"spec-value text-right\">Habit Factory In Sweden AB<\/td>\n<\/tr>\n<\/tbody>\n<\/table>","protected":false},"excerpt":{"rendered":"<h1>Klint Mini Ros\u00e9 All White Portion<\/h1>\n<p>KLINT Mini Ros\u00e9 \u00e4r full av aromer och smaker som ger en fr\u00e4sch och s\u00f6t smakupplevelse blandat av rosor, solmogna jordgubbar,\u00a0litchi och sockervadd. Blandningen ger en unik smakblandning och l\u00e5ngvarig smak.<\/p>","protected":false},"featured_media":25932,"comment_status":"open","ping_status":"closed","template":"","meta":[],"product_brand":[347],"product_cat":[136,98,79],"product_tag":[],"class_list":{"0":"post-57864","1":"product","2":"type-product","3":"status-publish","4":"has-post-thumbnail","6":"product_brand-klint","7":"product_cat-all-whites","8":"product_cat-klint","9":"product_cat-mini-portion","11":"first","12":"outofstock","13":"taxable","14":"shipping-taxable","15":"purchasable","16":"product-type-variable"},"_links":{"self":[{"href":"https:\/\/veloop.se\/sv\/wp-json\/wp\/v2\/product\/57864","targetHints":{"allow":["GET"]}}],"collection":[{"href":"https:\/\/veloop.se\/sv\/wp-json\/wp\/v2\/product"}],"about":[{"href":"https:\/\/veloop.se\/sv\/wp-json\/wp\/v2\/types\/product"}],"replies":[{"embeddable":true,"href":"https:\/\/veloop.se\/sv\/wp-json\/wp\/v2\/comments?post=57864"}],"version-history":[{"count":0,"href":"https:\/\/veloop.se\/sv\/wp-json\/wp\/v2\/product\/57864\/revisions"}],"wp:featuredmedia":[{"embeddable":true,"href":"https:\/\/veloop.se\/sv\/wp-json\/wp\/v2\/media\/25932"}],"wp:attachment":[{"href":"https:\/\/veloop.se\/sv\/wp-json\/wp\/v2\/media?parent=57864"}],"wp:term":[{"taxonomy":"product_brand","embeddable":true,"href":"https:\/\/veloop.se\/sv\/wp-json\/wp\/v2\/product_brand?post=57864"},{"taxonomy":"product_cat","embeddable":true,"href":"https:\/\/veloop.se\/sv\/wp-json\/wp\/v2\/product_cat?post=57864"},{"taxonomy":"product_tag","embeddable":true,"href":"https:\/\/veloop.se\/sv\/wp-json\/wp\/v2\/product_tag?post=57864"}],"curies":[{"name":"wp","href":"https:\/\/api.w.org\/{rel}","templated":true}]}}