{"id":57367,"date":"2025-05-23T17:02:32","date_gmt":"2025-05-23T17:02:32","guid":{"rendered":"https:\/\/veloop.se\/?post_type=product&#038;p=57367"},"modified":"2025-07-27T17:48:43","modified_gmt":"2025-07-27T17:48:43","slug":"handelsgold-red-cherry","status":"publish","type":"product","link":"https:\/\/veloop.se\/sv\/produkt\/handelsgold-red-cherry\/","title":{"rendered":"Handelsgold Red Cherry"},"content":{"rendered":"<p><strong>Handelsgold Red Cherry<\/strong><\/p>\n<p>Handelsgold Red Cherry \u00e4r cigarr-cigariller med smak av k\u00f6rsb\u00e4r. Dessa tysktillverkade cigarr-cigariller har en storlek som \u00e4r mindre \u00e4n de flesta cigarrer men nog\u00e5t st\u00f6rre \u00e4n klassiska cigariller. Inneh\u00e5ller tobak som plockats f\u00f6r att uppn\u00e5 kvalitet till f\u00f6rm\u00e5nligt pris.<\/p>","protected":false},"excerpt":{"rendered":"<p><strong>Handelsgold Red Cherry<\/strong><\/p>\n<p>Handelsgold Red Cherry \u00e4r cigarr-cigariller med smak av k\u00f6rsb\u00e4r. Dessa tysktillverkade cigarr-cigariller har en storlek som \u00e4r mindre \u00e4n de flesta cigarrer men nog\u00e5t st\u00f6rre \u00e4n klassiska cigariller. Inneh\u00e5ller tobak som plockats f\u00f6r att uppn\u00e5 kvalitet till f\u00f6rm\u00e5nligt pris.<\/p>","protected":false},"featured_media":26241,"comment_status":"open","ping_status":"closed","template":"","meta":[],"product_brand":[349],"product_cat":[32,53,207],"product_tag":[],"class_list":{"0":"post-57367","1":"product","2":"type-product","3":"status-publish","4":"has-post-thumbnail","6":"product_brand-handelsgold","7":"product_cat-cigariller","8":"product_cat-cigarr","9":"product_cat-handelsgold","11":"first","12":"instock","13":"taxable","14":"shipping-taxable","15":"purchasable","16":"product-type-variable"},"_links":{"self":[{"href":"https:\/\/veloop.se\/sv\/wp-json\/wp\/v2\/product\/57367","targetHints":{"allow":["GET"]}}],"collection":[{"href":"https:\/\/veloop.se\/sv\/wp-json\/wp\/v2\/product"}],"about":[{"href":"https:\/\/veloop.se\/sv\/wp-json\/wp\/v2\/types\/product"}],"replies":[{"embeddable":true,"href":"https:\/\/veloop.se\/sv\/wp-json\/wp\/v2\/comments?post=57367"}],"version-history":[{"count":0,"href":"https:\/\/veloop.se\/sv\/wp-json\/wp\/v2\/product\/57367\/revisions"}],"wp:featuredmedia":[{"embeddable":true,"href":"https:\/\/veloop.se\/sv\/wp-json\/wp\/v2\/media\/26241"}],"wp:attachment":[{"href":"https:\/\/veloop.se\/sv\/wp-json\/wp\/v2\/media?parent=57367"}],"wp:term":[{"taxonomy":"product_brand","embeddable":true,"href":"https:\/\/veloop.se\/sv\/wp-json\/wp\/v2\/product_brand?post=57367"},{"taxonomy":"product_cat","embeddable":true,"href":"https:\/\/veloop.se\/sv\/wp-json\/wp\/v2\/product_cat?post=57367"},{"taxonomy":"product_tag","embeddable":true,"href":"https:\/\/veloop.se\/sv\/wp-json\/wp\/v2\/product_tag?post=57367"}],"curies":[{"name":"wp","href":"https:\/\/api.w.org\/{rel}","templated":true}]}}