{"id":57346,"date":"2025-05-23T17:02:29","date_gmt":"2025-05-23T17:02:29","guid":{"rendered":"https:\/\/veloop.se\/?post_type=product&#038;p=57346"},"modified":"2025-07-23T23:53:28","modified_gmt":"2025-07-23T23:53:28","slug":"handelsgold-blond-vanilla-cigariller-cigarr","status":"publish","type":"product","link":"https:\/\/veloop.se\/sv\/produkt\/handelsgold-blond-vanilla-cigariller-cigarr\/","title":{"rendered":"Handelsgold Blond Vanilla Cigariller Cigarr"},"content":{"rendered":"<p><strong>Handelsgold Blond Vanilla Cigariller Cigarr<\/strong><\/p>\n<p>Handelsgold Blond Vanilla \u00e4r cigarr-cigariller med smak av vanilj.\u00a0Dessa tysktillverkade cigarr-cigariller har en storlek som \u00e4r mindre \u00e4n de flesta cigarrer men nog\u00e5t st\u00f6rre \u00e4n klassiska cigariller. Inneh\u00e5ller tobak som plockats f\u00f6r att uppn\u00e5 kvalitet till f\u00f6rm\u00e5nligt pris.<\/p>\n<p>&nbsp;<\/p>","protected":false},"excerpt":{"rendered":"<p><strong>Handelsgold Blond Vanilla Cigariller Cigarr<\/strong><\/p>\n<p>Handelsgold Blond Vanilla \u00e4r cigarr-cigariller med smak av vanilj.\u00a0Dessa tysktillverkade cigarr-cigariller har en storlek som \u00e4r mindre \u00e4n de flesta cigarrer men nog\u00e5t st\u00f6rre \u00e4n klassiska cigariller. Inneh\u00e5ller tobak som plockats f\u00f6r att uppn\u00e5 kvalitet till f\u00f6rm\u00e5nligt pris.<\/p>\n<p>&nbsp;<\/p>","protected":false},"featured_media":26247,"comment_status":"open","ping_status":"closed","template":"","meta":[],"product_brand":[349],"product_cat":[32,53,207],"product_tag":[],"class_list":{"0":"post-57346","1":"product","2":"type-product","3":"status-publish","4":"has-post-thumbnail","6":"product_brand-handelsgold","7":"product_cat-cigariller","8":"product_cat-cigarr","9":"product_cat-handelsgold","11":"first","12":"instock","13":"taxable","14":"shipping-taxable","15":"purchasable","16":"product-type-variable"},"_links":{"self":[{"href":"https:\/\/veloop.se\/sv\/wp-json\/wp\/v2\/product\/57346","targetHints":{"allow":["GET"]}}],"collection":[{"href":"https:\/\/veloop.se\/sv\/wp-json\/wp\/v2\/product"}],"about":[{"href":"https:\/\/veloop.se\/sv\/wp-json\/wp\/v2\/types\/product"}],"replies":[{"embeddable":true,"href":"https:\/\/veloop.se\/sv\/wp-json\/wp\/v2\/comments?post=57346"}],"version-history":[{"count":0,"href":"https:\/\/veloop.se\/sv\/wp-json\/wp\/v2\/product\/57346\/revisions"}],"wp:featuredmedia":[{"embeddable":true,"href":"https:\/\/veloop.se\/sv\/wp-json\/wp\/v2\/media\/26247"}],"wp:attachment":[{"href":"https:\/\/veloop.se\/sv\/wp-json\/wp\/v2\/media?parent=57346"}],"wp:term":[{"taxonomy":"product_brand","embeddable":true,"href":"https:\/\/veloop.se\/sv\/wp-json\/wp\/v2\/product_brand?post=57346"},{"taxonomy":"product_cat","embeddable":true,"href":"https:\/\/veloop.se\/sv\/wp-json\/wp\/v2\/product_cat?post=57346"},{"taxonomy":"product_tag","embeddable":true,"href":"https:\/\/veloop.se\/sv\/wp-json\/wp\/v2\/product_tag?post=57346"}],"curies":[{"name":"wp","href":"https:\/\/api.w.org\/{rel}","templated":true}]}}