{"id":55960,"date":"2025-05-23T17:00:19","date_gmt":"2025-05-23T17:00:19","guid":{"rendered":"https:\/\/veloop.se\/?post_type=product&#038;p=55960"},"modified":"2026-03-11T14:11:37","modified_gmt":"2026-03-11T14:11:37","slug":"vid-violet-velvet","status":"publish","type":"product","link":"https:\/\/veloop.se\/sv\/produkt\/vid-violet-velvet\/","title":{"rendered":"VID Violet Velvet"},"content":{"rendered":"<article class=\"product-text\">VID Violet Velvet best\u00e5r av en smakkombination av s\u00f6tlakrits och viol. De vita portionerna \u00e4r i slim format och har en stark nikotinhalt.<\/p>\n<h2>Om produkten VID Violet Velvet<\/h2>\n<p>VID Violet Velvet \u00e4r\u00a0vita nikotinp\u00e5sar med smak av s\u00f6tlakrits och viol. Portionerna \u00e4r i slim format och har en\u00a0stark nikotinhalt p\u00e5 12mg nikotin per gram.<\/p>\n<\/article>\n<div class=\"buy-pane\">\n<div class=\"tab-content buy-tabs-content\">\n<div id=\"buy\" class=\"tab-pane active\">\n<div>\n<div class=\"variants list\">\n<p>VID \u00e4r en helt ny nikotinportion med olika sp\u00e4nnande smakkombinationer, helt fri fr\u00e5n\u00a0tobak. VIDs dosor \u00e4r Co2-utsl\u00e4ppsneutrala, b\u00e5de g\u00e4llande tillverkning\u00a0och material.<\/p>\n<table class=\"product-specs\">\n<thead>\n<tr>\n<th>Fakta om produkten<\/th>\n<th class=\"text-right\"><\/th>\n<\/tr>\n<\/thead>\n<tbody>\n<tr>\n<td class=\"spec-key\">Varum\u00e4rke<\/td>\n<td class=\"spec-value text-right\">VID<\/td>\n<\/tr>\n<tr>\n<td class=\"spec-key\">Produkttyp<\/td>\n<td class=\"spec -value text-right\">all white portion<\/td>\n<\/tr>\n<tr>\n<td class=\"spec-key\">Nikotinstyrka<\/td>\n<td class=\"spec -value text-right\">stark<\/td>\n<\/tr>\n<tr>\n<td class=\"spec-key\">Nikotinhalt<\/td>\n<td class=\"spec -value text-right\">12 mg\/g<\/td>\n<\/tr>\n<tr>\n<td class=\"spec-key\">Smak<\/td>\n<td class=\"spec -value text-right\">lakrits<\/td>\n<\/tr>\n<tr>\n<td class=\"spec-key\">Inneh\u00e5ll\/f\u00f6rpackning<\/td>\n<td class=\"spec -value text-right\">14 g<\/td>\n<\/tr>\n<tr>\n<td class=\"spec-key\">Snustyp<\/td>\n<td class=\"spec -value text-right\">All White Portion<\/td>\n<\/tr>\n<tr>\n<td class=\"spec-key\">Format<\/td>\n<td class=\"spec -value text-right\">Slim<\/td>\n<\/tr>\n<tr>\n<td class=\"spec-key\">Producent<\/td>\n<td class=\"spec-value text-right\">Kurbits Snus AB<\/td>\n<\/tr>\n<\/tbody>\n<\/table>\n<\/div>\n<\/div>\n<\/div>\n<\/div>\n<\/div>","protected":false},"excerpt":{"rendered":"<article class=\"product-text\">VID Violet Velvet best\u00e5r av en smakkombination av s\u00f6tlakrits och viol. De vita portionerna \u00e4r i slim format och har en stark nikotinhalt.<\/p>\n<h2>Om produkten VID Violet Velvet<\/h2>\n<p>VID Violet Velvet \u00e4r\u00a0vita nikotinp\u00e5sar med smak av s\u00f6tlakrits och viol. Portionerna \u00e4r i slim format och har en\u00a0stark nikotinhalt p\u00e5 12mg nikotin per gram.<\/p>\n<\/article>\n<div class=\"buy-pane\">\n<div class=\"tab-content buy-tabs-content\">\n<div id=\"buy\" class=\"tab-pane active\">\n<div>\n<div class=\"variants list\">\n<p>VID \u00e4r en helt ny nikotinportion med olika sp\u00e4nnande smakkombinationer, helt fri fr\u00e5n\u00a0tobak. VIDs dosor \u00e4r Co2-utsl\u00e4ppsneutrala, b\u00e5de g\u00e4llande tillverkning\u00a0och material.<\/p>\n<\/div>\n<\/div>\n<\/div>\n<\/div>\n<\/div>","protected":false},"featured_media":22994,"comment_status":"open","ping_status":"closed","template":"","meta":[],"product_brand":[],"product_cat":[137],"product_tag":[],"class_list":{"0":"post-55960","1":"product","2":"type-product","3":"status-publish","4":"has-post-thumbnail","6":"product_cat-slim","8":"first","9":"outofstock","10":"taxable","11":"shipping-taxable","12":"purchasable","13":"product-type-variable"},"_links":{"self":[{"href":"https:\/\/veloop.se\/sv\/wp-json\/wp\/v2\/product\/55960","targetHints":{"allow":["GET"]}}],"collection":[{"href":"https:\/\/veloop.se\/sv\/wp-json\/wp\/v2\/product"}],"about":[{"href":"https:\/\/veloop.se\/sv\/wp-json\/wp\/v2\/types\/product"}],"replies":[{"embeddable":true,"href":"https:\/\/veloop.se\/sv\/wp-json\/wp\/v2\/comments?post=55960"}],"version-history":[{"count":0,"href":"https:\/\/veloop.se\/sv\/wp-json\/wp\/v2\/product\/55960\/revisions"}],"wp:featuredmedia":[{"embeddable":true,"href":"https:\/\/veloop.se\/sv\/wp-json\/wp\/v2\/media\/22994"}],"wp:attachment":[{"href":"https:\/\/veloop.se\/sv\/wp-json\/wp\/v2\/media?parent=55960"}],"wp:term":[{"taxonomy":"product_brand","embeddable":true,"href":"https:\/\/veloop.se\/sv\/wp-json\/wp\/v2\/product_brand?post=55960"},{"taxonomy":"product_cat","embeddable":true,"href":"https:\/\/veloop.se\/sv\/wp-json\/wp\/v2\/product_cat?post=55960"},{"taxonomy":"product_tag","embeddable":true,"href":"https:\/\/veloop.se\/sv\/wp-json\/wp\/v2\/product_tag?post=55960"}],"curies":[{"name":"wp","href":"https:\/\/api.w.org\/{rel}","templated":true}]}}