{"id":55769,"date":"2025-05-23T17:00:02","date_gmt":"2025-05-23T17:00:02","guid":{"rendered":"https:\/\/veloop.se\/?post_type=product&#038;p=55769"},"modified":"2025-08-05T00:05:32","modified_gmt":"2025-08-05T00:05:32","slug":"nordic-spirit-tropical-mix","status":"publish","type":"product","link":"https:\/\/veloop.se\/sv\/produkt\/nordic-spirit-tropical-mix\/","title":{"rendered":"Nordic Spirit Tropical Mix"},"content":{"rendered":"<p>Nordic Spirit Tropical Mix \u00e4r en produkt fr\u00e5n Nordic Spirit smak av mango och syrlig ananas i normal styrka och portioner i slim-format. Detta \u00e4r ett vitt snus, fritt fr\u00e5n tobak, och varje dosa inneh\u00e5ller 20 portioner.<\/p>","protected":false},"excerpt":{"rendered":"<p>Nordic Spirit Tropical Mix \u00e4r en produkt fr\u00e5n Nordic Spirit smak av mango och syrlig ananas i normal styrka och portioner i slim-format. Detta \u00e4r ett vitt snus, fritt fr\u00e5n tobak, och varje dosa inneh\u00e5ller 20 portioner.<\/p>","protected":false},"featured_media":22605,"comment_status":"open","ping_status":"closed","template":"","meta":[],"product_brand":[],"product_cat":[137],"product_tag":[],"class_list":{"0":"post-55769","1":"product","2":"type-product","3":"status-publish","4":"has-post-thumbnail","6":"product_cat-slim","8":"first","9":"instock","10":"taxable","11":"shipping-taxable","12":"purchasable","13":"product-type-variable"},"_links":{"self":[{"href":"https:\/\/veloop.se\/sv\/wp-json\/wp\/v2\/product\/55769","targetHints":{"allow":["GET"]}}],"collection":[{"href":"https:\/\/veloop.se\/sv\/wp-json\/wp\/v2\/product"}],"about":[{"href":"https:\/\/veloop.se\/sv\/wp-json\/wp\/v2\/types\/product"}],"replies":[{"embeddable":true,"href":"https:\/\/veloop.se\/sv\/wp-json\/wp\/v2\/comments?post=55769"}],"version-history":[{"count":0,"href":"https:\/\/veloop.se\/sv\/wp-json\/wp\/v2\/product\/55769\/revisions"}],"wp:featuredmedia":[{"embeddable":true,"href":"https:\/\/veloop.se\/sv\/wp-json\/wp\/v2\/media\/22605"}],"wp:attachment":[{"href":"https:\/\/veloop.se\/sv\/wp-json\/wp\/v2\/media?parent=55769"}],"wp:term":[{"taxonomy":"product_brand","embeddable":true,"href":"https:\/\/veloop.se\/sv\/wp-json\/wp\/v2\/product_brand?post=55769"},{"taxonomy":"product_cat","embeddable":true,"href":"https:\/\/veloop.se\/sv\/wp-json\/wp\/v2\/product_cat?post=55769"},{"taxonomy":"product_tag","embeddable":true,"href":"https:\/\/veloop.se\/sv\/wp-json\/wp\/v2\/product_tag?post=55769"}],"curies":[{"name":"wp","href":"https:\/\/api.w.org\/{rel}","templated":true}]}}