{"id":55573,"date":"2025-05-23T16:59:47","date_gmt":"2025-05-23T16:59:47","guid":{"rendered":"https:\/\/veloop.se\/?post_type=product&#038;p=55573"},"modified":"2026-03-11T14:11:57","modified_gmt":"2026-03-11T14:11:57","slug":"vid-chili-chocolate-strong","status":"publish","type":"product","link":"https:\/\/veloop.se\/sv\/produkt\/vid-chili-chocolate-strong\/","title":{"rendered":"VID Chili Chocolate Strong"},"content":{"rendered":"<article class=\"product-text\">VID Chili Chocolate \u00e4r en\u00a0<strong>chili, choklad<\/strong>\u00a0smakande snus i avsmalnande design. Den inneh\u00e5ller 18 portioner per dosa och \u00e4r en All White Portion-produkt.<\/p>\n<\/article>\n<div class=\"buy-pane\">\n<div class=\"tab-content buy-tabs-content\">\n<div id=\"buy\" class=\"tab-pane active\">\n<div>\n<div class=\"variants list\">\n<h2>Om produkten VID Chili Chocolate<\/h2>\n<p>VID Chili Chocolate, tillverkad av Kurbits Snus AB, \u00e4r ett vit snus av typen All White Portion. Den smalare designen och det faktum att produkten inte har tobak men innefattar nikotin g\u00f6r den till ett ofta valt alternativ. Dess kraft fastst\u00e4lls som stark, vilket \u00e4r l\u00e4mpligt f\u00f6r individer som f\u00f6redrar en mer m\u00e4rkbar nikotinhalt.<\/p>\n<h2>VID Chili Chocolate<\/h2>\n<p>VID Chili Chocolate \u00e4r en All White Portion-produkt med noter av chili och choklad. Dess smakprofil och starka kraft, i kombination med dess tunna design, g\u00f6r den till ett ofta \u00f6verv\u00e4gt val. Nikotinhalt per portion \u00e4r 8,9 mg, medan den totala nikotinhalten per gram \u00e4r 16,0 mg.<\/p>\n<h3>Portionsformat: Avsmalnande<\/h3>\n<p>VID Chili Chocolate levereras i ett avsmalnande format vilket g\u00f6r anv\u00e4ndningen mindre synlig.<\/p>\n<h3>Mer om VID<\/h3>\n<p>VID \u00e4r ett varum\u00e4rke som producerar en serie snusprodukter, inklusive den ofta valda VID Chili Chocolate. De \u00e4r erk\u00e4nda f\u00f6r att skapa produkter som inte inkluderar tobak men som inneh\u00e5ller nikotin.<\/p>\n<\/div>\n<\/div>\n<\/div>\n<\/div>\n<\/div>","protected":false},"excerpt":{"rendered":"<article class=\"product-text\">VID Chili Chocolate \u00e4r en\u00a0<strong>chili, choklad<\/strong>\u00a0smakande snus i avsmalnande design. Den inneh\u00e5ller 18 portioner per dosa och \u00e4r en All White Portion-produkt.<\/p>\n<\/article>\n<div class=\"buy-pane\">\n<div class=\"tab-content buy-tabs-content\">\n<div id=\"buy\" class=\"tab-pane active\">\n<div>\n<div class=\"variants list\">\n<h2>Om produkten VID Chili Chocolate<\/h2>\n<p>VID Chili Chocolate, tillverkad av Kurbits Snus AB, \u00e4r ett vit snus av typen All White Portion. Den smalare designen och det faktum att produkten inte har tobak men innefattar nikotin g\u00f6r den till ett ofta valt alternativ. Dess kraft fastst\u00e4lls som stark, vilket \u00e4r l\u00e4mpligt f\u00f6r individer som f\u00f6redrar en mer m\u00e4rkbar nikotinhalt.<\/p>\n<h2>VID Chili Chocolate<\/h2>\n<p>VID Chili Chocolate \u00e4r en All White Portion-produkt med noter av chili och choklad. Dess smakprofil och starka kraft, i kombination med dess tunna design, g\u00f6r den till ett ofta \u00f6verv\u00e4gt val. Nikotinhalt per portion \u00e4r 8,9 mg, medan den totala nikotinhalten per gram \u00e4r 16,0 mg.<\/p>\n<\/div>\n<\/div>\n<\/div>\n<\/div>\n<\/div>","protected":false},"featured_media":22237,"comment_status":"open","ping_status":"closed","template":"","meta":[],"product_brand":[],"product_cat":[137],"product_tag":[],"class_list":{"0":"post-55573","1":"product","2":"type-product","3":"status-publish","4":"has-post-thumbnail","6":"product_cat-slim","8":"first","9":"outofstock","10":"taxable","11":"shipping-taxable","12":"purchasable","13":"product-type-variable"},"_links":{"self":[{"href":"https:\/\/veloop.se\/sv\/wp-json\/wp\/v2\/product\/55573","targetHints":{"allow":["GET"]}}],"collection":[{"href":"https:\/\/veloop.se\/sv\/wp-json\/wp\/v2\/product"}],"about":[{"href":"https:\/\/veloop.se\/sv\/wp-json\/wp\/v2\/types\/product"}],"replies":[{"embeddable":true,"href":"https:\/\/veloop.se\/sv\/wp-json\/wp\/v2\/comments?post=55573"}],"version-history":[{"count":0,"href":"https:\/\/veloop.se\/sv\/wp-json\/wp\/v2\/product\/55573\/revisions"}],"wp:featuredmedia":[{"embeddable":true,"href":"https:\/\/veloop.se\/sv\/wp-json\/wp\/v2\/media\/22237"}],"wp:attachment":[{"href":"https:\/\/veloop.se\/sv\/wp-json\/wp\/v2\/media?parent=55573"}],"wp:term":[{"taxonomy":"product_brand","embeddable":true,"href":"https:\/\/veloop.se\/sv\/wp-json\/wp\/v2\/product_brand?post=55573"},{"taxonomy":"product_cat","embeddable":true,"href":"https:\/\/veloop.se\/sv\/wp-json\/wp\/v2\/product_cat?post=55573"},{"taxonomy":"product_tag","embeddable":true,"href":"https:\/\/veloop.se\/sv\/wp-json\/wp\/v2\/product_tag?post=55573"}],"curies":[{"name":"wp","href":"https:\/\/api.w.org\/{rel}","templated":true}]}}