{"id":54187,"date":"2025-05-23T16:57:56","date_gmt":"2025-05-23T16:57:56","guid":{"rendered":"https:\/\/veloop.se\/?post_type=product&#038;p=54187"},"modified":"2025-12-03T18:36:10","modified_gmt":"2025-12-03T18:36:10","slug":"nordic-spirit-forest-berries","status":"publish","type":"product","link":"https:\/\/veloop.se\/sv\/produkt\/nordic-spirit-forest-berries\/","title":{"rendered":"Nordic Spirit Forest Berries"},"content":{"rendered":"<p><img decoding=\"async\" src=\"https:\/\/v3-media-se.snusbolaget.se\/sesnusbo\/files\/warninglabels\/NicotineWarningLabel_ProductListPage_Desktop.svg\" alt=\"18 \u00e5rsgr\u00e4ns\" \/><\/p>\n<p>Nordic Spirit Tropical Mix \u00e4r en produkt fr\u00e5n Nordic Spirit smak av mango och syrlig ananas i normal styrka och portioner i slim-format. Detta \u00e4r ett vitt snus, fritt fr\u00e5n tobak, och varje dosa inneh\u00e5ller 20 portioner.<\/p>","protected":false},"excerpt":{"rendered":"<p>Nordic Spirit Tropical Mix \u00e4r en produkt fr\u00e5n Nordic Spirit smak av mango och syrlig ananas i normal styrka och portioner i slim-format. Detta \u00e4r ett vitt snus, fritt fr\u00e5n tobak, och varje dosa inneh\u00e5ller 20 portioner.<\/p>","protected":false},"featured_media":26614,"comment_status":"open","ping_status":"closed","template":"","meta":[],"product_brand":[],"product_cat":[136],"product_tag":[],"class_list":{"0":"post-54187","1":"product","2":"type-product","3":"status-publish","4":"has-post-thumbnail","6":"product_cat-all-whites","8":"first","9":"instock","10":"taxable","11":"shipping-taxable","12":"purchasable","13":"product-type-variable"},"_links":{"self":[{"href":"https:\/\/veloop.se\/sv\/wp-json\/wp\/v2\/product\/54187","targetHints":{"allow":["GET"]}}],"collection":[{"href":"https:\/\/veloop.se\/sv\/wp-json\/wp\/v2\/product"}],"about":[{"href":"https:\/\/veloop.se\/sv\/wp-json\/wp\/v2\/types\/product"}],"replies":[{"embeddable":true,"href":"https:\/\/veloop.se\/sv\/wp-json\/wp\/v2\/comments?post=54187"}],"version-history":[{"count":0,"href":"https:\/\/veloop.se\/sv\/wp-json\/wp\/v2\/product\/54187\/revisions"}],"wp:featuredmedia":[{"embeddable":true,"href":"https:\/\/veloop.se\/sv\/wp-json\/wp\/v2\/media\/26614"}],"wp:attachment":[{"href":"https:\/\/veloop.se\/sv\/wp-json\/wp\/v2\/media?parent=54187"}],"wp:term":[{"taxonomy":"product_brand","embeddable":true,"href":"https:\/\/veloop.se\/sv\/wp-json\/wp\/v2\/product_brand?post=54187"},{"taxonomy":"product_cat","embeddable":true,"href":"https:\/\/veloop.se\/sv\/wp-json\/wp\/v2\/product_cat?post=54187"},{"taxonomy":"product_tag","embeddable":true,"href":"https:\/\/veloop.se\/sv\/wp-json\/wp\/v2\/product_tag?post=54187"}],"curies":[{"name":"wp","href":"https:\/\/api.w.org\/{rel}","templated":true}]}}